{"id":2626,"date":"2024-10-01T22:35:34","date_gmt":"2024-10-01T22:35:34","guid":{"rendered":"https:\/\/global-medica.com\/?post_type=product&#038;p=2626"},"modified":"2026-03-27T14:24:37","modified_gmt":"2026-03-27T14:24:37","slug":"b-elite-miniview","status":"publish","type":"product","link":"https:\/\/gevenmed.net\/en\/product\/b-elite-miniview\/","title":{"rendered":"Elite MiniView \u2013 Mini C-Arm"},"content":{"rendered":"<p class=\"font_8 wixui-rich-text__text\"><span class=\"wixui-rich-text__text\">The OEC Elite MiniView \u2013 Mini C-Arm is designed based on the daily experiences of extremity surgeons. It streamlines workflow, enhances comfort, and improves control with a simplified, compact C-arm solution. <\/span><\/p>\n<h2 class=\"font_8 wixui-rich-text__text\"><span class=\"wixui-rich-text__text\">The OEC Elite MiniView can improve your experience of mini C-arm allowing you to: <\/span><\/h2>\n<ul>\n<li class=\"font_8 wixui-rich-text__text\"><span class=\"wixui-rich-text__text\">Manage your mini C-arm with one hand with ease and speed <\/span><\/li>\n<li class=\"font_8 wixui-rich-text__text\"><span class=\"wixui-rich-text__text\">See dual images, detailed, and full-size without effort <\/span><\/li>\n<li class=\"font_8 wixui-rich-text__text\"><span class=\"wixui-rich-text__text\">To optimize the image quality and dose <\/span><\/li>\n<li class=\"font_8 wixui-rich-text__text\"><span class=\"wixui-rich-text__text\">Have your mini C.\u00a0<\/span><\/li>\n<li class=\"font_8 wixui-rich-text__text\"><span class=\"wixui-rich-text__text\">Reliability of the arm to support a greater productivity.<\/span><\/li>\n<\/ul>\n<p><span data-sheets-root=\"1\">The Elite Lcd \u2013 mini-C-arm is a team of high-precision designed to meet the needs of diagnosis in the medical field. <\/span><\/p>\n<p><span data-sheets-root=\"1\">Its ergonomic design, portable and easy to use in various configurations clinics, from clinics to hospitals.<\/span><\/p>\n<p>With advanced technology, the Elite Lcd ensures minimal exposure to the patient and to the staff, thanks to its system of control of dose-optimized.<\/p>\n<p><span data-sheets-root=\"1\">Its easy handling and quick setting make it an indispensable tool for radiologists and technicians of the image. <\/span><\/p>\n<p><span data-sheets-root=\"1\">In addition, its ability to integrate with systems of image management (PACS) allows an efficient management of data, improving the quality of patient care.<\/span><\/p>\n<h2>This mini C-arm<\/h2>\n<p>it is ideal for surgical procedures, orthopedic and trauma, providing real-time images that are crucial for clinical decision-making.<\/p>\n<p><span data-sheets-root=\"1\">The robustness and reliability of the Elite Lcd make it perfect for use in Venezuela, where the demand for medical technology quality is in constant growth.<\/span><\/p>\n<p>When you choose the Elite Lcd, the professional of the health of not only invest in a latest-generation equipment, but also contribute to raising the standards of medical care in the region.<\/p>\n<p><span data-sheets-root=\"1\">Find out how this mini C-arm can transform your practice and improve outcomes for your patients.<\/span><\/p>\n<p>&nbsp;<\/p>\n<p><a class=\"elboton\" href=\"https:\/\/latam.gehealthcare.com\/products\/surgical-imaging\/oec-miniview\" target=\"_blank\" rel=\"noopener\">Link to the brand<\/a><\/p>","protected":false},"excerpt":{"rendered":"<p>GE observ\u00f3 las experiencias diarias de los cirujanos de extremidades e identific\u00f3 formas de ayudarlo a mejorar su flujo de trabajo, comodidad y control con un dise\u00f1o de mini arco en C simplificado. El OEC Elite MiniView puede mejorar su experiencia de mini arco en C permiti\u00e9ndole: Manejar su mini arco en C con una [&hellip;]<\/p>\n","protected":false},"featured_media":2627,"comment_status":"open","ping_status":"closed","template":"","meta":[],"product_brand":[66],"product_cat":[29],"product_tag":[],"class_list":{"0":"post-2626","1":"product","2":"type-product","3":"status-publish","4":"has-post-thumbnail","6":"product_brand-general-electric","7":"product_cat-g-arco-en-c","9":"first","10":"instock","11":"shipping-taxable","12":"product-type-simple"},"_links":{"self":[{"href":"https:\/\/gevenmed.net\/en\/wp-json\/wp\/v2\/product\/2626","targetHints":{"allow":["GET"]}}],"collection":[{"href":"https:\/\/gevenmed.net\/en\/wp-json\/wp\/v2\/product"}],"about":[{"href":"https:\/\/gevenmed.net\/en\/wp-json\/wp\/v2\/types\/product"}],"replies":[{"embeddable":true,"href":"https:\/\/gevenmed.net\/en\/wp-json\/wp\/v2\/comments?post=2626"}],"wp:featuredmedia":[{"embeddable":true,"href":"https:\/\/gevenmed.net\/en\/wp-json\/wp\/v2\/media\/2627"}],"wp:attachment":[{"href":"https:\/\/gevenmed.net\/en\/wp-json\/wp\/v2\/media?parent=2626"}],"wp:term":[{"taxonomy":"product_brand","embeddable":true,"href":"https:\/\/gevenmed.net\/en\/wp-json\/wp\/v2\/product_brand?post=2626"},{"taxonomy":"product_cat","embeddable":true,"href":"https:\/\/gevenmed.net\/en\/wp-json\/wp\/v2\/product_cat?post=2626"},{"taxonomy":"product_tag","embeddable":true,"href":"https:\/\/gevenmed.net\/en\/wp-json\/wp\/v2\/product_tag?post=2626"}],"curies":[{"name":"wp","href":"https:\/\/api.w.org\/{rel}","templated":true}]}}