{"id":2158,"date":"2024-07-05T00:03:47","date_gmt":"2024-07-05T00:03:47","guid":{"rendered":"https:\/\/global-medica.com\/product\/accesorios-de-proteccion-radiologica\/"},"modified":"2025-02-03T09:19:03","modified_gmt":"2025-02-03T09:19:03","slug":"accesorios-de-proteccion-radiologica","status":"publish","type":"product","link":"https:\/\/gevenmed.net\/en\/product\/accesorios-de-proteccion-radiologica\/","title":{"rendered":"Accesorios de protecci\u00f3n radiol\u00f3gica"},"content":{"rendered":"<ul>\n<li>Ergonom\u00eda y comodidad<\/li>\n<li>Protecci\u00f3n certificada contra radiaci\u00f3n<\/li>\n<li>Estilo y personalizaci\u00f3n<\/li>\n<\/ul>\n<p>&nbsp;<\/p>\n<h3 class=\"elementor-heading-title elementor-size-default\">Productos y Accesorios de protecci\u00f3n contra la radiaci\u00f3n<\/h3>\n<p>Ofrecemos un amplio portafolio de prendas de vestir y accesorios para protecci\u00f3n contra los efectos adversos de la radiaci\u00f3n. Los productos marca\u00a0<b>KIRAN\u00ae<\/b> son el resultado de amplia investigaci\u00f3n y desarrollo en materiales de \u00faltima generaci\u00f3n que ofrecen una alta atenuaci\u00f3n de la radiaci\u00f3n con dise\u00f1os ergon\u00f3micos, c\u00f3modos y con estilo.<\/p>\n<h3>Delantales<\/h3>\n<p>Encuentra en nuestro portafolio prendas para mujeres, hombres, ni\u00f1os y adultos de diferentes estilos, con materiales patentados dise\u00f1ados para cada aplicaci\u00f3n espec\u00edfica.<\/p>\n<h3>Gafas<\/h3>\n<p>Protectores visuales hechos de vidrio europeo de alta calidad que absorbe el 99% de la radiaci\u00f3n dispersa, a la vez que los marcos ligeros permiten un uso c\u00f3modo por largos periodos de tiempo.<\/p>\n<h3>Guantes<\/h3>\n<p>Guantes desechables libres de plomo, amigables con el medio ambiente, que otorgan m\u00e1xima protecci\u00f3n contra la radiaci\u00f3n para sus manos.<\/p>\n<h3>Otros Protectores<\/h3>\n<p>Encuentra variedad de protectores de prop\u00f3sito espec\u00edfico para distintas zonas del cuerpo (cabeza, tiroides, gonadas y otros).<\/p>\n<h2 class=\"mkdf-st-title\">Materiales base patentados<\/h2>\n<h3 class=\"mkdf-st-text\">M\u00e1xima protecci\u00f3n contra radiaci\u00f3n dispersa con equivalencias de entre 0.25mm y 1.00mm de plomo.<\/h3>\n<p>Los excepcionales materiales base de nuestros productos\u00a0<strong>KIRAN\u00ae<\/strong>\u00a0de protecci\u00f3n radiol\u00f3gica existen gracias a investigaci\u00f3n de punta en ingenier\u00eda de materiales y de part\u00edculas, ofreciendo m\u00e1xima protecci\u00f3n contra radiaci\u00f3n dispersa con equivalencias de entre 0.25mm y 1.00mm de plomo.<\/p>\n<p>Incluye una gama de tejidos infundidos con nanopart\u00edculas de plata que imparten propiedades antimicrobianas al tejido, previniendo as\u00ed el crecimiento microbiano al tiempo que ofrece un tacto satinado s\u00faper suave que lo hace muy c\u00f3modo de llevar durante largos periodos de tiempo.<\/p>\n<h3 class=\"elementor-heading-title elementor-size-default\">Accesorios de protecci\u00f3n contra la radiaci\u00f3n<\/h3>\n<ul>\n<li class=\"mkdf-il-text\">Faldas y cortinas de protecci\u00f3n<\/li>\n<li class=\"mkdf-il-text\">Escudo de protecci\u00f3n intervencionismo<\/li>\n<li class=\"mkdf-il-text\">Percheros para delantales<\/li>\n<\/ul>","protected":false},"excerpt":{"rendered":"<p>Accesorios de protecci\u00f3n &#8211; Expertos en protecci\u00f3n radiol\u00f3gica personal<\/p>","protected":false},"featured_media":2238,"comment_status":"open","ping_status":"closed","template":"","meta":[],"product_brand":[],"product_cat":[25],"product_tag":[],"class_list":{"0":"post-2158","1":"product","2":"type-product","3":"status-publish","4":"has-post-thumbnail","6":"product_cat-diagnostico-por-imagenes","8":"first","9":"instock","10":"shipping-taxable","11":"purchasable","12":"product-type-simple"},"yoast_head":"<!-- This site is optimized with the Yoast SEO plugin v27.3 - https:\/\/yoast.com\/product\/yoast-seo-wordpress\/ -->\n<title>Accesorios de protecci\u00f3n radiol\u00f3gica - Gevenmed<\/title>\n<meta name=\"description\" content=\"Amplio portafolio de Accesorios de protecci\u00f3n contra los efectos adversos de la radiaci\u00f3n, resultado de amplia investigaci\u00f3n de punta en ingenier\u00eda\" \/>\n<meta name=\"robots\" content=\"index, follow, max-snippet:-1, max-image-preview:large, max-video-preview:-1\" \/>\n<link rel=\"canonical\" href=\"https:\/\/gevenmed.net\/en\/product\/accesorios-de-proteccion-radiologica\/\" \/>\n<meta property=\"og:locale\" content=\"en_US\" \/>\n<meta property=\"og:type\" content=\"article\" \/>\n<meta property=\"og:title\" content=\"Accesorios de protecci\u00f3n radiol\u00f3gica - Gevenmed\" \/>\n<meta property=\"og:description\" content=\"Ofrecemos un amplio portafolio de prendas de vestir y accesorios para protecci\u00f3n contra los efectos adversos de la radiaci\u00f3n. Los productos marca\u00a0KIRAN\u00ae son el resultado de amplia investigaci\u00f3n y desarrollo en materiales de \u00faltima generaci\u00f3n que ofrecen una alta atenuaci\u00f3n de la radiaci\u00f3n con dise\u00f1os ergon\u00f3micos, c\u00f3modos y con estilo.\" \/>\n<meta property=\"og:url\" content=\"https:\/\/gevenmed.net\/en\/product\/accesorios-de-proteccion-radiologica\/\" \/>\n<meta property=\"og:site_name\" content=\"Gevenmed\" \/>\n<meta property=\"article:publisher\" content=\"https:\/\/www.facebook.com\/gmglobalmedica\" \/>\n<meta property=\"article:modified_time\" content=\"2025-02-03T09:19:03+00:00\" \/>\n<meta property=\"og:image\" content=\"https:\/\/gevenmed.net\/wp-content\/uploads\/2024\/07\/PR-00089-min.webp\" \/>\n\t<meta property=\"og:image:width\" content=\"1024\" \/>\n\t<meta property=\"og:image:height\" content=\"494\" \/>\n\t<meta property=\"og:image:type\" content=\"image\/webp\" \/>\n<meta name=\"twitter:card\" content=\"summary_large_image\" \/>\n<meta name=\"twitter:label1\" content=\"Est. reading time\" \/>\n\t<meta name=\"twitter:data1\" content=\"2 minutes\" \/>\n<script type=\"application\/ld+json\" class=\"yoast-schema-graph\">{\"@context\":\"https:\\\/\\\/schema.org\",\"@graph\":[{\"@type\":[\"WebPage\",\"MedicalWebPage\"],\"@id\":\"https:\\\/\\\/gevenmed.net\\\/producto\\\/accesorios-de-proteccion-radiologica\\\/\",\"url\":\"https:\\\/\\\/gevenmed.net\\\/producto\\\/accesorios-de-proteccion-radiologica\\\/\",\"name\":\"Accesorios de protecci\u00f3n radiol\u00f3gica\",\"isPartOf\":{\"@id\":\"https:\\\/\\\/gevenmed.net\\\/en\\\/#website\"},\"primaryImageOfPage\":{\"@id\":\"https:\\\/\\\/gevenmed.net\\\/producto\\\/accesorios-de-proteccion-radiologica\\\/#primaryimage\"},\"image\":{\"@id\":\"https:\\\/\\\/gevenmed.net\\\/producto\\\/accesorios-de-proteccion-radiologica\\\/#primaryimage\"},\"thumbnailUrl\":\"https:\\\/\\\/gevenmed.net\\\/wp-content\\\/uploads\\\/2024\\\/07\\\/PR-00089-min.webp\",\"datePublished\":\"2024-07-05T00:03:47+00:00\",\"dateModified\":\"2025-02-03T09:19:03+00:00\",\"description\":\"Amplio portafolio de Accesorios de protecci\u00f3n contra los efectos adversos de la radiaci\u00f3n, resultado de amplia investigaci\u00f3n de punta en ingenier\u00eda\",\"breadcrumb\":{\"@id\":\"https:\\\/\\\/gevenmed.net\\\/producto\\\/accesorios-de-proteccion-radiologica\\\/#breadcrumb\"},\"inLanguage\":\"en-US\",\"potentialAction\":[{\"@type\":\"ReadAction\",\"target\":[\"https:\\\/\\\/gevenmed.net\\\/producto\\\/accesorios-de-proteccion-radiologica\\\/\"]}]},{\"@type\":\"ImageObject\",\"inLanguage\":\"en-US\",\"@id\":\"https:\\\/\\\/gevenmed.net\\\/producto\\\/accesorios-de-proteccion-radiologica\\\/#primaryimage\",\"url\":\"https:\\\/\\\/gevenmed.net\\\/wp-content\\\/uploads\\\/2024\\\/07\\\/PR-00089-min.webp\",\"contentUrl\":\"https:\\\/\\\/gevenmed.net\\\/wp-content\\\/uploads\\\/2024\\\/07\\\/PR-00089-min.webp\",\"width\":1024,\"height\":494,\"caption\":\"Accesorios de protecci\u00f3n\"},{\"@type\":\"BreadcrumbList\",\"@id\":\"https:\\\/\\\/gevenmed.net\\\/producto\\\/accesorios-de-proteccion-radiologica\\\/#breadcrumb\",\"itemListElement\":[{\"@type\":\"ListItem\",\"position\":1,\"name\":\"Home\",\"item\":\"https:\\\/\\\/gevenmed.net\\\/\"},{\"@type\":\"ListItem\",\"position\":2,\"name\":\"Productos\",\"item\":\"https:\\\/\\\/gevenmed.net\\\/shop\\\/\"},{\"@type\":\"ListItem\",\"position\":3,\"name\":\"Accesorios de protecci\u00f3n radiol\u00f3gica\"}]},{\"@type\":\"WebSite\",\"@id\":\"https:\\\/\\\/gevenmed.net\\\/en\\\/#website\",\"url\":\"https:\\\/\\\/gevenmed.net\\\/en\\\/\",\"name\":\"Gevenmed\",\"description\":\"Gevenmed\",\"publisher\":{\"@id\":\"https:\\\/\\\/gevenmed.net\\\/en\\\/#organization\"},\"inLanguage\":\"en-US\"},{\"@type\":\"Organization\",\"@id\":\"https:\\\/\\\/gevenmed.net\\\/en\\\/#organization\",\"name\":\"Gevenmed\",\"url\":\"https:\\\/\\\/gevenmed.net\\\/en\\\/\",\"logo\":{\"@type\":\"ImageObject\",\"inLanguage\":\"en-US\",\"@id\":\"https:\\\/\\\/gevenmed.net\\\/en\\\/#\\\/schema\\\/logo\\\/image\\\/\",\"url\":\"https:\\\/\\\/gevenmed.net\\\/wp-content\\\/uploads\\\/2025\\\/10\\\/logo-gevenmed.png\",\"contentUrl\":\"https:\\\/\\\/gevenmed.net\\\/wp-content\\\/uploads\\\/2025\\\/10\\\/logo-gevenmed.png\",\"width\":684,\"height\":231,\"caption\":\"Gevenmed\"},\"image\":{\"@id\":\"https:\\\/\\\/gevenmed.net\\\/en\\\/#\\\/schema\\\/logo\\\/image\\\/\"},\"sameAs\":[\"https:\\\/\\\/www.facebook.com\\\/gmglobalmedica\",\"https:\\\/\\\/www.instagram.com\\\/globalmedica\\\/\",\"https:\\\/\\\/www.linkedin.com\\\/company\\\/67924728\",\"https:\\\/\\\/www.youtube.com\\\/channel\\\/UCWT2KUVVms56vwB0N9r8qKQ\\\/\"]}]}<\/script>\n<!-- \/ Yoast SEO plugin. -->","yoast_head_json":{"title":"Accesorios de protecci\u00f3n radiol\u00f3gica - Gevenmed","description":"Amplio portafolio de Accesorios de protecci\u00f3n contra los efectos adversos de la radiaci\u00f3n, resultado de amplia investigaci\u00f3n de punta en ingenier\u00eda","robots":{"index":"index","follow":"follow","max-snippet":"max-snippet:-1","max-image-preview":"max-image-preview:large","max-video-preview":"max-video-preview:-1"},"canonical":"https:\/\/gevenmed.net\/en\/product\/accesorios-de-proteccion-radiologica\/","og_locale":"en_US","og_type":"article","og_title":"Accesorios de protecci\u00f3n radiol\u00f3gica - Gevenmed","og_description":"Ofrecemos un amplio portafolio de prendas de vestir y accesorios para protecci\u00f3n contra los efectos adversos de la radiaci\u00f3n. Los productos marca\u00a0KIRAN\u00ae son el resultado de amplia investigaci\u00f3n y desarrollo en materiales de \u00faltima generaci\u00f3n que ofrecen una alta atenuaci\u00f3n de la radiaci\u00f3n con dise\u00f1os ergon\u00f3micos, c\u00f3modos y con estilo.","og_url":"https:\/\/gevenmed.net\/en\/product\/accesorios-de-proteccion-radiologica\/","og_site_name":"Gevenmed","article_publisher":"https:\/\/www.facebook.com\/gmglobalmedica","article_modified_time":"2025-02-03T09:19:03+00:00","og_image":[{"width":1024,"height":494,"url":"https:\/\/gevenmed.net\/wp-content\/uploads\/2024\/07\/PR-00089-min.webp","type":"image\/webp"}],"twitter_card":"summary_large_image","twitter_misc":{"Est. reading time":"2 minutes"},"schema":{"@context":"https:\/\/schema.org","@graph":[{"@type":["WebPage","MedicalWebPage"],"@id":"https:\/\/gevenmed.net\/producto\/accesorios-de-proteccion-radiologica\/","url":"https:\/\/gevenmed.net\/producto\/accesorios-de-proteccion-radiologica\/","name":"Accesorios de protecci\u00f3n radiol\u00f3gica","isPartOf":{"@id":"https:\/\/gevenmed.net\/en\/#website"},"primaryImageOfPage":{"@id":"https:\/\/gevenmed.net\/producto\/accesorios-de-proteccion-radiologica\/#primaryimage"},"image":{"@id":"https:\/\/gevenmed.net\/producto\/accesorios-de-proteccion-radiologica\/#primaryimage"},"thumbnailUrl":"https:\/\/gevenmed.net\/wp-content\/uploads\/2024\/07\/PR-00089-min.webp","datePublished":"2024-07-05T00:03:47+00:00","dateModified":"2025-02-03T09:19:03+00:00","description":"Amplio portafolio de Accesorios de protecci\u00f3n contra los efectos adversos de la radiaci\u00f3n, resultado de amplia investigaci\u00f3n de punta en ingenier\u00eda","breadcrumb":{"@id":"https:\/\/gevenmed.net\/producto\/accesorios-de-proteccion-radiologica\/#breadcrumb"},"inLanguage":"en-US","potentialAction":[{"@type":"ReadAction","target":["https:\/\/gevenmed.net\/producto\/accesorios-de-proteccion-radiologica\/"]}]},{"@type":"ImageObject","inLanguage":"en-US","@id":"https:\/\/gevenmed.net\/producto\/accesorios-de-proteccion-radiologica\/#primaryimage","url":"https:\/\/gevenmed.net\/wp-content\/uploads\/2024\/07\/PR-00089-min.webp","contentUrl":"https:\/\/gevenmed.net\/wp-content\/uploads\/2024\/07\/PR-00089-min.webp","width":1024,"height":494,"caption":"Accesorios de protecci\u00f3n"},{"@type":"BreadcrumbList","@id":"https:\/\/gevenmed.net\/producto\/accesorios-de-proteccion-radiologica\/#breadcrumb","itemListElement":[{"@type":"ListItem","position":1,"name":"Home","item":"https:\/\/gevenmed.net\/"},{"@type":"ListItem","position":2,"name":"Productos","item":"https:\/\/gevenmed.net\/shop\/"},{"@type":"ListItem","position":3,"name":"Accesorios de protecci\u00f3n radiol\u00f3gica"}]},{"@type":"WebSite","@id":"https:\/\/gevenmed.net\/en\/#website","url":"https:\/\/gevenmed.net\/en\/","name":"Gevenmed","description":"Gevenmed","publisher":{"@id":"https:\/\/gevenmed.net\/en\/#organization"},"inLanguage":"en-US"},{"@type":"Organization","@id":"https:\/\/gevenmed.net\/en\/#organization","name":"Gevenmed","url":"https:\/\/gevenmed.net\/en\/","logo":{"@type":"ImageObject","inLanguage":"en-US","@id":"https:\/\/gevenmed.net\/en\/#\/schema\/logo\/image\/","url":"https:\/\/gevenmed.net\/wp-content\/uploads\/2025\/10\/logo-gevenmed.png","contentUrl":"https:\/\/gevenmed.net\/wp-content\/uploads\/2025\/10\/logo-gevenmed.png","width":684,"height":231,"caption":"Gevenmed"},"image":{"@id":"https:\/\/gevenmed.net\/en\/#\/schema\/logo\/image\/"},"sameAs":["https:\/\/www.facebook.com\/gmglobalmedica","https:\/\/www.instagram.com\/globalmedica\/","https:\/\/www.linkedin.com\/company\/67924728","https:\/\/www.youtube.com\/channel\/UCWT2KUVVms56vwB0N9r8qKQ\/"]}]}},"_links":{"self":[{"href":"https:\/\/gevenmed.net\/en\/wp-json\/wp\/v2\/product\/2158","targetHints":{"allow":["GET"]}}],"collection":[{"href":"https:\/\/gevenmed.net\/en\/wp-json\/wp\/v2\/product"}],"about":[{"href":"https:\/\/gevenmed.net\/en\/wp-json\/wp\/v2\/types\/product"}],"replies":[{"embeddable":true,"href":"https:\/\/gevenmed.net\/en\/wp-json\/wp\/v2\/comments?post=2158"}],"wp:featuredmedia":[{"embeddable":true,"href":"https:\/\/gevenmed.net\/en\/wp-json\/wp\/v2\/media\/2238"}],"wp:attachment":[{"href":"https:\/\/gevenmed.net\/en\/wp-json\/wp\/v2\/media?parent=2158"}],"wp:term":[{"taxonomy":"product_brand","embeddable":true,"href":"https:\/\/gevenmed.net\/en\/wp-json\/wp\/v2\/product_brand?post=2158"},{"taxonomy":"product_cat","embeddable":true,"href":"https:\/\/gevenmed.net\/en\/wp-json\/wp\/v2\/product_cat?post=2158"},{"taxonomy":"product_tag","embeddable":true,"href":"https:\/\/gevenmed.net\/en\/wp-json\/wp\/v2\/product_tag?post=2158"}],"curies":[{"name":"wp","href":"https:\/\/api.w.org\/{rel}","templated":true}]}}