{"id":2128,"date":"2024-07-05T00:03:37","date_gmt":"2024-07-05T00:03:37","guid":{"rendered":"https:\/\/global-medica.com\/product\/bk5000-general-surgery\/"},"modified":"2026-03-19T19:39:29","modified_gmt":"2026-03-19T19:39:29","slug":"bk5000-general-surgery","status":"publish","type":"product","link":"https:\/\/gevenmed.net\/en\/product\/bk5000-general-surgery\/","title":{"rendered":"bk5000 \u2013 General Surgery"},"content":{"rendered":"<div class=\"content-inner content-inner--no-padding\">\n<section id=\"main-content\">\n<div id=\"content_top\" class=\"region\">\n<div class=\"region region-content-top\">\n<div class=\"region-inner clearfix\">\n<div id=\"block-views-8e45e9558947a36a223cafde8ee9b6c3\" class=\"block block-views no-title\">\n<div class=\"block-inner clearfix\">\n<div class=\"block-content content\">\n<div class=\"view view-bk-overview view-id-bk_overview view-display-id-products_overview_block view-dom-id-f50094ef9fc2534ac35bccab39db5e94\">\n<div class=\"view-content\">\n<div class=\"product-container\">\n<div class=\"product-content\">\n<h2>bk5000 Designed to surgery<\/h2>\n<p>The bk5000 surgical system provides the highest quality images that allow you to clearly see the margins of a lesion and to determine the best course of action. Using advanced graphics processing technology, this powerful system provides immediate, auto-optimized images that allow you to see the information you need, faster.<\/p>\n<p>Ultrasound can advance intraoperative surgical procedures by helping you navigate and identify lesions and anatomical structures in real-time. This is particularly important as the data obtained from a preoperative CT or MRI scan can be outdated at the time of surgery.<\/p>\n<p>Sterilizable remote control for convenient control of the system in the sterile field.<\/p>\n<\/div>\n<p>When you choose the bk5000, health institutions in Venezuela not only invest in cutting-edge technology, but also enhance its competitiveness in the medical sector. This robotic system represents an opportunity to raise the standards of surgical and treatment of superior quality, positioning the health professionals as leaders in medical innovation in the region.<\/p>\n<\/div>\n<\/div>\n<\/div>\n<\/div>\n<\/div>\n<\/div>\n<\/div>\n<\/div>\n<\/div>\n<div id=\"content\" class=\"region\">\n<div id=\"block-system-main\" class=\"block block-system no-title\">\n<div class=\"field field-name-field-clinical-images field-type-image field-label-hidden view-mode-full field-wrapper swipe\">\n<div class=\"field-items\">\n<div class=\"field-slideshow-wrapper\">\n<div class=\"field-slideshow effect-fade timeout-0 with-pager with-controls field-slideshow-processed\" data-total-slides=\"9\">\n<div class=\"field-slideshow-slide\" data-slide-id=\"8\"><\/div>\n<\/div>\n<div class=\"item-list\">\n<div class=\"views-field views-field-title\"><span class=\"field-content\"><a href=\"https:\/\/www.bkmedical.com\/transducers\/i14c5i-intraoperative\/\">I14C5I (9015) Intraoperative Transducer<\/a><\/span><\/div>\n<div class=\"views-field views-field-field-more-images\">\n<div class=\"field-content\"><\/div>\n<\/div>\n<div class=\"views-field views-field-field-trans-app\">\n<div class=\"field-content\">\n<div class=\"transducer__applications\">Applications: Intraoperative, Pediatric<\/div>\n<\/div>\n<\/div>\n<div><\/div>\n<\/div>\n<\/div>\n<\/div>\n<\/div>\n<\/div>\n<div id=\"block-views-bk-transducer-block\" class=\"block block-views transducer-list-block no-title\" data-total-transducers=\"6\">\n<div class=\"view view-bk-transducer view-id-bk_transducer view-display-id-block view-dom-id-b909b13d4a819a9c0ffbba0e43999843\">\n<div class=\"view-content\">\n<div class=\"views-form\">\n<div class=\"item-list\">\n<div class=\"row-wrapper\">\n<div class=\"views-field views-field-field-transducer-image\">\n<div class=\"field-content\">\n<div class=\"trans_abs\"><\/div>\n<\/div>\n<\/div>\n<div class=\"views-field views-field-title\"><span class=\"field-content\"><a href=\"https:\/\/www.bkmedical.com\/transducers\/i14c5t-t-shaped-intraoperative\/\">I14C5T (9016) T-Shaped Intraoperative Transducer<\/a><\/span><\/div>\n<div class=\"views-field views-field-field-more-images\">\n<div class=\"field-content\"><\/div>\n<\/div>\n<div class=\"views-field views-field-field-trans-app\">\n<div class=\"field-content\">\n<div class=\"transducer__applications\">Applications: Abdominal, Intraoperative<\/div>\n<\/div>\n<\/div>\n<div><\/div>\n<div class=\"views-field views-field-field-transducer-image\">\n<div class=\"field-content\">\n<div class=\"trans_abs\"><\/div>\n<\/div>\n<\/div>\n<div class=\"views-field views-field-title\"><span class=\"field-content\"><a href=\"https:\/\/www.bkmedical.com\/transducers\/i12c5-mini-t-transducer\/\">I12C5 (9034) Mini-T Intraoperative Transducer<\/a><\/span><\/div>\n<div class=\"views-field views-field-field-more-images\">\n<div class=\"field-content\"><\/div>\n<\/div>\n<div class=\"views-field views-field-field-trans-app\">\n<div class=\"field-content\">\n<div class=\"transducer__applications\">Applications: Intraoperative, Musculoskeletal, Small Parts<\/div>\n<\/div>\n<\/div>\n<div><\/div>\n<div class=\"views-field views-field-field-transducer-image\">\n<div class=\"field-content\">\n<div class=\"trans_abs\"><\/div>\n<\/div>\n<\/div>\n<div class=\"views-field views-field-title\"><span class=\"field-content\"><a href=\"https:\/\/www.bkmedical.com\/transducers\/i12c4f-4-way-laparoscopic\/\">I12C4f (9066) 4-Way Laparoscopic Transducer<\/a><\/span><\/div>\n<div class=\"views-field views-field-field-more-images\">\n<div class=\"field-content\"><\/div>\n<\/div>\n<div class=\"views-field views-field-field-trans-app\">\n<div class=\"field-content\">\n<div class=\"transducer__applications\">Applications: Intraoperative<\/div>\n<\/div>\n<\/div>\n<div><\/div>\n<div class=\"views-field views-field-field-transducer-image\">\n<div class=\"field-content\">\n<div class=\"trans_abs\"><\/div>\n<\/div>\n<\/div>\n<div class=\"views-field views-field-title\"><span class=\"field-content\"><a href=\"https:\/\/www.bkmedical.com\/transducers\/i12c5b-biplane\/\">I12C5b (9024) Intraoperative Biplane Transducer<\/a><\/span><\/div>\n<div class=\"views-field views-field-field-more-images\">\n<div class=\"field-content\"><\/div>\n<\/div>\n<div class=\"views-field views-field-field-trans-app\">\n<div class=\"field-content\">\n<div class=\"transducer__applications\">Applications: Intraoperative, Musculoskeletal, Peripheral Vascular<\/div>\n<\/div>\n<\/div>\n<div><\/div>\n<div class=\"views-field views-field-field-transducer-image\">\n<div class=\"field-content\">\n<div class=\"trans_abs\"><\/div>\n<\/div>\n<\/div>\n<div class=\"views-field views-field-title\"><span class=\"field-content\"><a href=\"https:\/\/www.bkmedical.com\/transducers\/x18l5s-hockey-stick-poc\/\">X18L5s (9009) Hockey Stick Transducer<\/a><\/span><\/div>\n<div class=\"views-field views-field-field-more-images\">\n<div class=\"field-content\"><\/div>\n<\/div>\n<div class=\"views-field views-field-field-trans-app\">\n<div class=\"field-content\">\n<div class=\"transducer__applications\">Applications: Intraoperative (neuro), Intraoperative Imaging, Musculoskeletal, Neurosurgery, Peripheral Vascular, Small Parts<\/div>\n<\/div>\n<\/div>\n<\/div>\n<\/div>\n<\/div>\n<\/div>\n<\/div>\n<\/div>\n<\/div>\n<\/section>\n<\/div>\n<div class=\"flex-banner__header\"><\/div>\n<p>&nbsp;<\/p>\n<p>&nbsp;<\/p>\n<p><a class=\"elboton\" href=\"https:\/\/www.bkmedical.com\/systems\/bk5000-intraoperative-surgery-ultrasound-machine\/\" target=\"_blank\" rel=\"noopener\">Link to the brand<\/a><\/p>","protected":false},"excerpt":{"rendered":"<p>bk5000 Dise\u00f1ado para cirug\u00eda El sistema quir\u00fargico bk5000 ofrece im\u00e1genes de la m\u00e1s alta calidad, permiti\u00e9ndote visualizar con claridad los m\u00e1rgenes de una lesi\u00f3n y determinar el mejor curso de acci\u00f3n. Gracias a su avanzada tecnolog\u00eda de procesamiento gr\u00e1fico, este sistema potente proporciona im\u00e1genes optimizadas autom\u00e1ticamente y de forma inmediata, brind\u00e1ndote la informaci\u00f3n que necesitas, [&hellip;]<\/p>\n","protected":false},"featured_media":2213,"comment_status":"open","ping_status":"closed","template":"","meta":[],"product_brand":[],"product_cat":[47],"product_tag":[],"class_list":{"0":"post-2128","1":"product","2":"type-product","3":"status-publish","4":"has-post-thumbnail","6":"product_cat-bk-medical","8":"first","9":"instock","10":"shipping-taxable","11":"purchasable","12":"product-type-simple"},"_links":{"self":[{"href":"https:\/\/gevenmed.net\/en\/wp-json\/wp\/v2\/product\/2128","targetHints":{"allow":["GET"]}}],"collection":[{"href":"https:\/\/gevenmed.net\/en\/wp-json\/wp\/v2\/product"}],"about":[{"href":"https:\/\/gevenmed.net\/en\/wp-json\/wp\/v2\/types\/product"}],"replies":[{"embeddable":true,"href":"https:\/\/gevenmed.net\/en\/wp-json\/wp\/v2\/comments?post=2128"}],"wp:featuredmedia":[{"embeddable":true,"href":"https:\/\/gevenmed.net\/en\/wp-json\/wp\/v2\/media\/2213"}],"wp:attachment":[{"href":"https:\/\/gevenmed.net\/en\/wp-json\/wp\/v2\/media?parent=2128"}],"wp:term":[{"taxonomy":"product_brand","embeddable":true,"href":"https:\/\/gevenmed.net\/en\/wp-json\/wp\/v2\/product_brand?post=2128"},{"taxonomy":"product_cat","embeddable":true,"href":"https:\/\/gevenmed.net\/en\/wp-json\/wp\/v2\/product_cat?post=2128"},{"taxonomy":"product_tag","embeddable":true,"href":"https:\/\/gevenmed.net\/en\/wp-json\/wp\/v2\/product_tag?post=2128"}],"curies":[{"name":"wp","href":"https:\/\/api.w.org\/{rel}","templated":true}]}}