{"id":2126,"date":"2024-07-05T00:03:37","date_gmt":"2024-07-05T00:03:37","guid":{"rendered":"https:\/\/global-medica.com\/product\/bkactiv-colorectal\/"},"modified":"2025-04-23T16:54:39","modified_gmt":"2025-04-23T16:54:39","slug":"bkactiv-colorrectal","status":"publish","type":"product","link":"https:\/\/gevenmed.net\/en\/product\/bkactiv-colorrectal\/","title":{"rendered":"bkActiv \u2013 Colorectal"},"content":{"rendered":"<div class=\"content-inner content-inner--no-padding\">\n<section id=\"main-content\">\n<div id=\"content_top\" class=\"region\">\n<div class=\"region region-content-top\">\n<div class=\"region-inner clearfix\">\n<div id=\"block-views-8e45e9558947a36a223cafde8ee9b6c3\" class=\"block block-views no-title\">\n<div class=\"block-inner clearfix\">\n<div class=\"block-content content\">\n<div class=\"view view-bk-overview view-id-bk_overview view-display-id-products_overview_block view-dom-id-f50094ef9fc2534ac35bccab39db5e94\">\n<div class=\"view-content\">\n<div>\n<div class=\"product-container\">\n<div class=\"product-content\">\n<div id=\"pl-17328\" class=\"panel-layout\">\n<div id=\"pg-17328-0\" class=\"panel-grid panel-no-style\">\n<div id=\"pgc-17328-0-0\" class=\"panel-grid-cell\">\n<div id=\"panel-17328-0-0-0\" class=\"so-panel widget widget_sow-editor panel-first-child panel-last-child\" data-index=\"0\">\n<div class=\"so-widget-sow-editor so-widget-sow-editor-base\">\n<div class=\"siteorigin-widget-tinymce textwidget\">\n<h2>bkActiv Colorectal designed for the care and health of the digestive system<\/h2>\n<p>Especially focused in the prevention and treatment of colorectal conditions. Its advanced formula combines high-quality ingredients that promote gut health, promoting regularity and general well-being.<\/p>\n<p>Ideal for patients looking for an effective solution to improve their quality of life, bkActiv \u2013 Colorectal presents himself as an ally in the fight against problems such as constipation and hemorrhoids.<\/p>\n<h3>High-Definition Image Resolution\u200b<\/h3>\n<p>Enhanced image resolution on bkActiv helps you visualize the details of\u00a0normal and abnormal anorectal anatomy, rectal cancer,\u00a0and other rectal conditions including\u00a0 anal sphincter injuries, fistulas, abscesses, and rectal polyps and masses.<\/p>\n<h3>Advanced 3D Architecture<\/h3>\n<h3>bkActiv\u00a0features advanced 3D architecture for\u00a0anorectal imaging which supports easy review of 3D\u00a0datasets.<\/h3>\n<h3>Tailored to the Exam Workspace<\/h3>\n<p data-ccp-props=\"{&quot;335551550&quot;:1,&quot;335551620&quot;:1,&quot;335559683&quot;:0,&quot;335559685&quot;:0,&quot;335559731&quot;:0,&quot;335559737&quot;:0,&quot;335562764&quot;:2,&quot;335562765&quot;:1,&quot;335562766&quot;:4,&quot;335562767&quot;:0,&quot;335562768&quot;:4,&quot;335562769&quot;:0}\">bkActiv's\u00a0simple, customizable user interface, featuring\u00a0Tru-Sense\u2122 touch, helps you evaluate your patient\u00a0more efficiently\u00a0and perform procedures with ease.<\/p>\n<p data-ccp-props=\"{&quot;335551550&quot;:1,&quot;335551620&quot;:1,&quot;335559683&quot;:0,&quot;335559685&quot;:0,&quot;335559731&quot;:0,&quot;335559737&quot;:0,&quot;335562764&quot;:2,&quot;335562765&quot;:1,&quot;335562766&quot;:4,&quot;335562767&quot;:0,&quot;335562768&quot;:4,&quot;335562769&quot;:0}\">\u200bMounted on an extendable, flexible arm, the\u00a0bkActiv\u00a0monitor screen faces you\u00a0and can be adjusted to view\u00a0images in portrait or landscape orientation.<\/p>\n<h3>Taking Diagnostic Planning to the Next Level\u200b<\/h3>\n<p>bkActiv's\u00a0imaging platform helps you perform confident\u00a0procedures by providing the high-resolution details\u00a0needed to plan treatment and confirm results.<\/p>\n<h3>BK's Advanced Transducer Portfolio\u200b<\/h3>\n<p>With\u00a0bkActiv, you will have access to BK Medical\u2019s\u00a0sterilizable, high-performance transducers for\u00a0colorectal examinations.<\/p>\n<p>&nbsp;<\/p>\n<\/div>\n<\/div>\n<\/div>\n<\/div>\n<\/div>\n<\/div>\n<\/div>\n<\/div>\n<\/div>\n<\/div>\n<\/div>\n<\/div>\n<\/div>\n<\/div>\n<\/div>\n<\/div>\n<\/div>\n<div id=\"content\" class=\"region\">\n<div id=\"block-views-bk-transducer-block\" class=\"block block-views transducer-list-block no-title\" data-total-transducers=\"3\">\n<div class=\"view view-bk-transducer view-id-bk_transducer view-display-id-block view-dom-id-b909b13d4a819a9c0ffbba0e43999843\">\n<div class=\"view-content\">\n<div class=\"views-form\">\n<div class=\"item-list\">\n<div class=\"row-wrapper\">\n<div class=\"views-field views-field-title\"><span class=\"field-content\"><a href=\"https:\/\/www.bkmedical.com\/transducers\/endocavity-3d-x14l4\/\">3D X14L4 (9038) Endocavity Transducer<\/a><\/span><\/div>\n<div class=\"views-field views-field-field-more-images\">\n<div class=\"field-content\"><\/div>\n<\/div>\n<div class=\"views-field views-field-field-trans-app\">\n<div class=\"field-content\">\n<div class=\"transducer__applications\">Applications: Transrectal, Transvaginal<\/div>\n<\/div>\n<\/div>\n<div><\/div>\n<\/div>\n<div class=\"row-wrapper\">\n<div class=\"views-field views-field-field-transducer-image\">\n<div class=\"field-content\">\n<div class=\"trans_abs\"><\/div>\n<\/div>\n<\/div>\n<div class=\"views-field views-field-title\"><span class=\"field-content\"><a href=\"https:\/\/www.bkmedical.com\/transducers\/anorectal-3d-20r3\/\">3D 20R3 (9052) Anorectal Transducer<\/a><\/span><\/div>\n<div class=\"views-field views-field-field-more-images\">\n<div class=\"field-content\"><\/div>\n<\/div>\n<div class=\"views-field views-field-field-trans-app\">\n<div class=\"field-content\">\n<div class=\"transducer__applications\">Applications: Transrectal, Transvaginal, Urology<\/div>\n<\/div>\n<\/div>\n<div><\/div>\n<\/div>\n<div class=\"row-wrapper\">\n<div class=\"views-field views-field-field-transducer-image\">\n<div class=\"field-content\">\n<div class=\"trans_abs\"><\/div>\n<\/div>\n<\/div>\n<div class=\"views-field views-field-title\"><span class=\"field-content\"><a href=\"https:\/\/www.bkmedical.com\/transducers\/e14cl4b-endocavity-biplane\/\">E14CL4b (9048) Endocavity Biplane Transducer<\/a><\/span><\/div>\n<div class=\"views-field views-field-field-more-images\">\n<div class=\"field-content\"><\/div>\n<\/div>\n<div class=\"views-field views-field-field-trans-app\">\n<div class=\"field-content\">\n<div class=\"transducer__applications\">Applications: Transrectal, Transvaginal, Urology<\/div>\n<\/div>\n<\/div>\n<\/div>\n<\/div>\n<\/div>\n<\/div>\n<\/div>\n<\/div>\n<\/div>\n<\/section>\n<\/div>\n<p>&nbsp;<\/p>\n<p>&nbsp;<\/p>\n<p><a class=\"elboton\" href=\"https:\/\/www.bkmedical.com\/systems\/bkactiv-colorectal-surgery\/\" target=\"_blank\" rel=\"noopener\">Link to the brand<\/a><\/p>\n<p>Don&#039;t wait any longer to transform your space specialized medical bkActiv \u2013 Colorectal is the perfect choice for those looking for a proactive approach in the care of the bowel.<\/p>","protected":false},"excerpt":{"rendered":"<p>bkActiv Colorrectal dise\u00f1ado para el cuidado y la salud del sistema digestivo Especialmente enfocado en la prevenci\u00f3n y tratamiento de afecciones colorrectales. Su f\u00f3rmula avanzada combina ingredientes de alta calidad que promueven la salud intestinal, favoreciendo la regularidad y el bienestar general. Ideal para pacientes que buscan una soluci\u00f3n efectiva para mejorar su calidad de [&hellip;]<\/p>\n","protected":false},"featured_media":2211,"comment_status":"open","ping_status":"closed","template":"","meta":[],"product_brand":[],"product_cat":[47],"product_tag":[],"class_list":{"0":"post-2126","1":"product","2":"type-product","3":"status-publish","4":"has-post-thumbnail","6":"product_cat-bk-medical","8":"first","9":"instock","10":"shipping-taxable","11":"purchasable","12":"product-type-simple"},"_links":{"self":[{"href":"https:\/\/gevenmed.net\/en\/wp-json\/wp\/v2\/product\/2126","targetHints":{"allow":["GET"]}}],"collection":[{"href":"https:\/\/gevenmed.net\/en\/wp-json\/wp\/v2\/product"}],"about":[{"href":"https:\/\/gevenmed.net\/en\/wp-json\/wp\/v2\/types\/product"}],"replies":[{"embeddable":true,"href":"https:\/\/gevenmed.net\/en\/wp-json\/wp\/v2\/comments?post=2126"}],"wp:featuredmedia":[{"embeddable":true,"href":"https:\/\/gevenmed.net\/en\/wp-json\/wp\/v2\/media\/2211"}],"wp:attachment":[{"href":"https:\/\/gevenmed.net\/en\/wp-json\/wp\/v2\/media?parent=2126"}],"wp:term":[{"taxonomy":"product_brand","embeddable":true,"href":"https:\/\/gevenmed.net\/en\/wp-json\/wp\/v2\/product_brand?post=2126"},{"taxonomy":"product_cat","embeddable":true,"href":"https:\/\/gevenmed.net\/en\/wp-json\/wp\/v2\/product_cat?post=2126"},{"taxonomy":"product_tag","embeddable":true,"href":"https:\/\/gevenmed.net\/en\/wp-json\/wp\/v2\/product_tag?post=2126"}],"curies":[{"name":"wp","href":"https:\/\/api.w.org\/{rel}","templated":true}]}}