{"id":2125,"date":"2024-07-05T00:03:37","date_gmt":"2024-07-05T00:03:37","guid":{"rendered":"https:\/\/global-medica.com\/product\/bkactiv-urology\/"},"modified":"2025-05-06T21:11:25","modified_gmt":"2025-05-06T21:11:25","slug":"bkactiv-urology","status":"publish","type":"product","link":"https:\/\/gevenmed.net\/en\/product\/bkactiv-urology\/","title":{"rendered":"bkActiv \u2013 Urology"},"content":{"rendered":"<div class=\"content-inner content-inner--no-padding\">\n<section id=\"main-content\">\n<div id=\"content_top\" class=\"region\">\n<div class=\"region region-content-top\">\n<div class=\"region-inner clearfix\">\n<div id=\"block-views-8e45e9558947a36a223cafde8ee9b6c3\" class=\"block block-views no-title\">\n<div class=\"block-inner clearfix\">\n<div class=\"block-content content\">\n<div class=\"view view-bk-overview view-id-bk_overview view-display-id-products_overview_block view-dom-id-f50094ef9fc2534ac35bccab39db5e94\">\n<div class=\"view-content\">\n<div class=\"product-container\">\n<div class=\"product-content\">\n<div id=\"pl-16772\" class=\"panel-layout\">\n<div id=\"pg-16772-0\" class=\"panel-grid panel-no-style\">\n<div id=\"pgc-16772-0-0\" class=\"panel-grid-cell\">\n<div id=\"panel-16772-0-0-0\" class=\"so-panel widget widget_sow-editor panel-first-child panel-last-child\" data-index=\"0\">\n<div class=\"so-widget-sow-editor so-widget-sow-editor-base\">\n<div class=\"siteorigin-widget-tinymce textwidget\">\n<h3>PRECISION UROLOGY IMAGING. SIMPLIFIED<\/h3>\n<h3>Next-generation active imaging for guiding surgical urology procedures\u200b<\/h3>\n<p>Bk Medical is proud to introduce the bkActiv, our flagship imaging system for surgical urology. The bkActiv employs advanced algorithms that automatically optimize image clarity, providing enhanced detail and penetration, spatial resolution, and near-field image quality.<\/p>\n<h3>Scalable urology portfolio<\/h3>\n<p>The bkActiv supports the full range of urology procedures, with matched transducers and needle guides for prostate biopsy and treatment, as well as transducers for robotic-assisted and laparoscopic procedures, percutaneous kidney procedures, and diagnostic exams of the prostate, kidney, bladder, penis, testes, and pelvic floor.<\/p>\n<h3><strong>Simple and Customizable interface<\/strong><\/h3>\n<p>Customizable interface with intuitive Tru-Sense\u2122 touch technology. Enhanced control with Smart Button\u2122 on our innovative range of sterilizable urology transducers.<\/p>\n<h3>Adjustable Monitor<\/h3>\n<p>Optimal image viewing with landscape or portrait mode. Mounted on an extendable, flexible arm, the screen faces you where you stand.<\/p>\n<h3>Easy integration<\/h3>\n<p>The bkActiv has a minimal system footprint for seamless integration into a crowded OR.<\/p>\n<\/div>\n<\/div>\n<\/div>\n<\/div>\n<\/div>\n<\/div>\n<\/div>\n<\/div>\n<\/div>\n<\/div>\n<\/div>\n<\/div>\n<\/div>\n<\/div>\n<\/div>\n<\/div>\n<div id=\"content\" class=\"region\">\n<div id=\"block-system-main\" class=\"block block-system no-title\">\n<div class=\"field field-name-field-clinical-images field-type-image field-label-hidden view-mode-full field-wrapper swipe\">\n<div class=\"field-items\">\n<div class=\"field-slideshow-wrapper\">\n<div class=\"field-slideshow effect-fade timeout-0 with-pager with-controls field-slideshow-processed\" data-total-slides=\"5\">\n<div class=\"field-slideshow-slide field-slideshow-slide--selected\" data-slide-id=\"1\"><\/div>\n<\/div>\n<\/div>\n<\/div>\n<\/div>\n<\/div>\n<div id=\"block-views-bk-transducer-block\" class=\"block block-views transducer-list-block no-title\" data-total-transducers=\"13\">\n<div class=\"view view-bk-transducer view-id-bk_transducer view-display-id-block view-dom-id-b909b13d4a819a9c0ffbba0e43999843\">\n<div class=\"view-content\">\n<div class=\"views-form\">\n<div class=\"item-list\">\n<div class=\"row-wrapper\">\n<div class=\"views-field views-field-title\"><span class=\"field-content\"><a href=\"https:\/\/www.bkmedical.com\/transducers\/e14c4t-prostate-triplane\/\">E14C4t (9018) Prostate Triplane Transducer<\/a><\/span><\/div>\n<div class=\"views-field views-field-field-more-images\">\n<div class=\"field-content\"><\/div>\n<\/div>\n<div class=\"views-field views-field-field-trans-app\">\n<div class=\"field-content\">\n<div class=\"transducer__applications\">Applications: Transrectal, Urology<\/div>\n<\/div>\n<\/div>\n<div><\/div>\n<\/div>\n<div class=\"row-wrapper\">\n<div class=\"views-field views-field-field-transducer-image\">\n<div class=\"field-content\">\n<div class=\"trans_abs\"><\/div>\n<\/div>\n<\/div>\n<div class=\"views-field views-field-title\"><span class=\"field-content\"><a href=\"https:\/\/www.bkmedical.com\/transducers\/e14cl4b-endocavity-biplane\/\">E14CL4b (9048) Endocavity Biplane Transducer<\/a><\/span><\/div>\n<div class=\"views-field views-field-field-more-images\">\n<div class=\"field-content\"><\/div>\n<\/div>\n<div class=\"views-field views-field-field-trans-app\">\n<div class=\"field-content\">\n<div class=\"transducer__applications\">Applications: Transrectal, Transvaginal, Urology<\/div>\n<\/div>\n<\/div>\n<div><\/div>\n<\/div>\n<div class=\"row-wrapper\">\n<div class=\"views-field views-field-field-transducer-image\">\n<div class=\"field-content\">\n<div class=\"trans_abs\"><\/div>\n<\/div>\n<\/div>\n<div class=\"views-field views-field-title\"><span class=\"field-content\"><a href=\"https:\/\/www.bkmedical.com\/transducers\/e13c2\/\">E13C2 (9029) High-res. Broad Bandwidth, Endfire Transducer<\/a><\/span><\/div>\n<div class=\"views-field views-field-field-more-images\">\n<div class=\"field-content\"><\/div>\n<\/div>\n<div class=\"views-field views-field-field-trans-app\">\n<div class=\"field-content\">\n<div class=\"transducer__applications\">Applications: Transrectal, Transvaginal, Urology<\/div>\n<\/div>\n<\/div>\n<div><\/div>\n<\/div>\n<div class=\"row-wrapper\">\n<div class=\"views-field views-field-field-transducer-image\">\n<div class=\"field-content\">\n<div class=\"trans_abs\"><\/div>\n<\/div>\n<\/div>\n<div class=\"views-field views-field-title\"><span class=\"field-content\"><a href=\"https:\/\/www.bkmedical.com\/transducers\/e10c4-endocavity\/\">E10C4 (9019) Endocavity Transducer<\/a><\/span><\/div>\n<div class=\"views-field views-field-field-more-images\">\n<div class=\"field-content\"><\/div>\n<\/div>\n<div class=\"views-field views-field-field-trans-app\">\n<div class=\"field-content\">\n<div class=\"transducer__applications\">Applications: Fetal, Transrectal, Transvaginal, Urology<\/div>\n<\/div>\n<\/div>\n<div><\/div>\n<\/div>\n<div class=\"row-wrapper\">\n<div class=\"views-field views-field-field-transducer-image\">\n<div class=\"field-content\">\n<div class=\"trans_abs\"><\/div>\n<\/div>\n<\/div>\n<div class=\"views-field views-field-title\"><span class=\"field-content\"><a href=\"https:\/\/www.bkmedical.com\/transducers\/6c2-curved\/\">6C2 (9040) Curved Array Transducer<\/a><\/span><\/div>\n<div class=\"views-field views-field-field-more-images\">\n<div class=\"field-content\"><\/div>\n<\/div>\n<div class=\"views-field views-field-field-trans-app\">\n<div class=\"field-content\">\n<div class=\"transducer__applications\">Applications: Abdominal, Fetal, Musculoskeletal, Obstetrics, Urology<\/div>\n<\/div>\n<\/div>\n<div><\/div>\n<\/div>\n<div class=\"row-wrapper\">\n<div class=\"views-field views-field-field-transducer-image\">\n<div class=\"field-content\">\n<div class=\"trans_abs\"><\/div>\n<\/div>\n<\/div>\n<div class=\"views-field views-field-title\"><span class=\"field-content\"><a href=\"https:\/\/www.bkmedical.com\/transducers\/5c1e-curved-array\/\">5C1e (9085) Curved Array Transducer<\/a><\/span><\/div>\n<div class=\"views-field views-field-field-more-images\">\n<div class=\"field-content\"><\/div>\n<\/div>\n<div class=\"views-field views-field-field-trans-app\">\n<div class=\"field-content\">\n<div class=\"transducer__applications\">Applications: Abdominal, Fetal, Musculoskeletal, Obstetrics, Urology<\/div>\n<\/div>\n<\/div>\n<div><\/div>\n<\/div>\n<div class=\"row-wrapper\">\n<div class=\"views-field views-field-field-transducer-image\">\n<div class=\"field-content\">\n<div class=\"trans_abs\"><\/div>\n<\/div>\n<\/div>\n<div class=\"views-field views-field-title\"><span class=\"field-content\"><a href=\"https:\/\/www.bkmedical.com\/transducers\/9c2-curved\/\">9C2 (9002) High Frequency Curved Array Transducer<\/a><\/span><\/div>\n<div class=\"views-field views-field-field-more-images\">\n<div class=\"field-content\"><\/div>\n<\/div>\n<div class=\"views-field views-field-field-trans-app\">\n<div class=\"field-content\">\n<div class=\"transducer__applications\">Applications: Abdominal, Fetal, Musculoskeletal, Pediatric, Peripheral Vascular, Urology<\/div>\n<\/div>\n<\/div>\n<div><\/div>\n<\/div>\n<div class=\"row-wrapper\">\n<div class=\"views-field views-field-field-transducer-image\">\n<div class=\"field-content\">\n<div class=\"trans_abs\"><\/div>\n<\/div>\n<\/div>\n<div class=\"views-field views-field-title\"><span class=\"field-content\"><a href=\"https:\/\/www.bkmedical.com\/transducers\/14l3-linear\/\">14L3 (9051) Linear Array Transducer<\/a><\/span><\/div>\n<div class=\"views-field views-field-field-more-images\">\n<div class=\"field-content\"><\/div>\n<\/div>\n<div class=\"views-field views-field-field-trans-app\">\n<div class=\"field-content\">\n<div class=\"transducer__applications\">Applications: Musculoskeletal, Pediatric, Peripheral Vascular, Small Parts, Urology<\/div>\n<\/div>\n<\/div>\n<div><\/div>\n<\/div>\n<div class=\"row-wrapper\">\n<div class=\"views-field views-field-field-transducer-image\">\n<div class=\"field-content\">\n<div class=\"trans_abs\"><\/div>\n<\/div>\n<\/div>\n<div class=\"views-field views-field-title\"><span class=\"field-content\"><a href=\"https:\/\/www.bkmedical.com\/transducers\/8l2-linear\/\">8L2 (9032) Linear Array Transducer<\/a><\/span><\/div>\n<div class=\"views-field views-field-field-more-images\">\n<div class=\"field-content\"><\/div>\n<\/div>\n<div class=\"views-field views-field-field-trans-app\">\n<div class=\"field-content\">\n<div class=\"transducer__applications\">Applications: Musculoskeletal, Pediatric, Peripheral Vascular, Small Parts, Urology<\/div>\n<\/div>\n<\/div>\n<div><\/div>\n<\/div>\n<div class=\"row-wrapper\">\n<div class=\"views-field views-field-field-transducer-image\">\n<div class=\"field-content\">\n<div class=\"trans_abs\"><\/div>\n<\/div>\n<\/div>\n<div class=\"views-field views-field-title\"><span class=\"field-content\"><a href=\"https:\/\/www.bkmedical.com\/transducers\/13l4w-wide-linear\/\">13L4w (9011) Wide Linear Array Transducer<\/a><\/span><\/div>\n<div class=\"views-field views-field-field-more-images\">\n<div class=\"field-content\"><\/div>\n<\/div>\n<div class=\"views-field views-field-field-trans-app\">\n<div class=\"field-content\">\n<div class=\"transducer__applications\">Applications: Musculoskeletal, Pediatric, Peripheral Vascular, Small Parts, Urology<\/div>\n<\/div>\n<\/div>\n<div><\/div>\n<\/div>\n<div class=\"row-wrapper\">\n<div class=\"views-field views-field-field-transducer-image\">\n<div class=\"field-content\">\n<div class=\"trans_abs\"><\/div>\n<\/div>\n<\/div>\n<div class=\"views-field views-field-title\"><span class=\"field-content\"><a href=\"https:\/\/www.bkmedical.com\/transducers\/18l5-high-frequency-linear\/\">18L5 (9070) High Frequency Linear Transducer<\/a><\/span><\/div>\n<div class=\"views-field views-field-field-more-images\">\n<div class=\"field-content\"><\/div>\n<\/div>\n<div class=\"views-field views-field-field-trans-app\">\n<div class=\"field-content\">\n<div class=\"transducer__applications\">Applications: Musculoskeletal, Peripheral Vascular, Small Parts, Urology<\/div>\n<\/div>\n<\/div>\n<div><\/div>\n<\/div>\n<div class=\"row-wrapper\">\n<div class=\"views-field views-field-field-transducer-image\">\n<div class=\"field-content\">\n<div class=\"trans_abs\"><\/div>\n<\/div>\n<\/div>\n<div class=\"views-field views-field-title\"><span class=\"field-content\"><a href=\"https:\/\/www.bkmedical.com\/transducers\/18l5s-linear\/\">18L5s (9081) Small High-Frequency Linear Transducer<\/a><\/span><\/div>\n<div class=\"views-field views-field-field-more-images\">\n<div class=\"field-content\"><\/div>\n<\/div>\n<div class=\"views-field views-field-field-trans-app\">\n<div class=\"field-content\">\n<div class=\"transducer__applications\">Applications: Musculoskeletal, Pediatric, Peripheral Vascular, Small Parts, Urology<\/div>\n<\/div>\n<\/div>\n<div><\/div>\n<\/div>\n<div class=\"row-wrapper\">\n<div class=\"views-field views-field-field-transducer-image\">\n<div class=\"field-content\">\n<div class=\"trans_abs\"><\/div>\n<\/div>\n<\/div>\n<div class=\"views-field views-field-title\"><span class=\"field-content\"><a href=\"https:\/\/www.bkmedical.com\/transducers\/x18l5s-hockey-stick-poc\/\">X18L5s (9009) Hockey Stick Transducer<\/a><\/span><\/div>\n<div class=\"views-field views-field-field-more-images\">\n<div class=\"field-content\"><\/div>\n<\/div>\n<div class=\"views-field views-field-field-trans-app\">\n<div class=\"field-content\">\n<div class=\"transducer__applications\">Applications: Intraoperative (neuro), Intraoperative Imaging, Musculoskeletal, Neurosurgery, Peripheral Vascular, Small Parts<\/div>\n<\/div>\n<\/div>\n<\/div>\n<\/div>\n<\/div>\n<\/div>\n<\/div>\n<\/div>\n<\/div>\n<\/section>\n<\/div>\n<div><\/div>\n<p>&nbsp;<\/p>\n<p>&nbsp;<\/p>\n<p><a class=\"elboton\" href=\"https:\/\/www.bkmedical.com\/systems\/bkactiv-urology\/\" target=\"_blank\" rel=\"noopener\">Link to the brand<\/a><\/p>","protected":false},"excerpt":{"rendered":"<p>IM\u00c1GENES UROL\u00d3GICAS DE PRECISI\u00d3N. SIMPLIFICADO Im\u00e1genes activas de pr\u00f3xima generaci\u00f3n para guiar procedimientos quir\u00fargicos urol\u00f3gicos Bk Medical se enorgullece en presentar el bkActiv, nuestro sistema de im\u00e1genes insignia para urolog\u00eda quir\u00fargica. El bkActiv emplea algoritmos avanzados que optimizan autom\u00e1ticamente la claridad de la imagen, proporcionando mayor detalle y penetraci\u00f3n, resoluci\u00f3n espacial y calidad de imagen [&hellip;]<\/p>\n","protected":false},"featured_media":2210,"comment_status":"open","ping_status":"closed","template":"","meta":[],"product_brand":[],"product_cat":[47],"product_tag":[],"class_list":{"0":"post-2125","1":"product","2":"type-product","3":"status-publish","4":"has-post-thumbnail","6":"product_cat-bk-medical","8":"first","9":"instock","10":"shipping-taxable","11":"purchasable","12":"product-type-simple"},"_links":{"self":[{"href":"https:\/\/gevenmed.net\/en\/wp-json\/wp\/v2\/product\/2125","targetHints":{"allow":["GET"]}}],"collection":[{"href":"https:\/\/gevenmed.net\/en\/wp-json\/wp\/v2\/product"}],"about":[{"href":"https:\/\/gevenmed.net\/en\/wp-json\/wp\/v2\/types\/product"}],"replies":[{"embeddable":true,"href":"https:\/\/gevenmed.net\/en\/wp-json\/wp\/v2\/comments?post=2125"}],"wp:featuredmedia":[{"embeddable":true,"href":"https:\/\/gevenmed.net\/en\/wp-json\/wp\/v2\/media\/2210"}],"wp:attachment":[{"href":"https:\/\/gevenmed.net\/en\/wp-json\/wp\/v2\/media?parent=2125"}],"wp:term":[{"taxonomy":"product_brand","embeddable":true,"href":"https:\/\/gevenmed.net\/en\/wp-json\/wp\/v2\/product_brand?post=2125"},{"taxonomy":"product_cat","embeddable":true,"href":"https:\/\/gevenmed.net\/en\/wp-json\/wp\/v2\/product_cat?post=2125"},{"taxonomy":"product_tag","embeddable":true,"href":"https:\/\/gevenmed.net\/en\/wp-json\/wp\/v2\/product_tag?post=2125"}],"curies":[{"name":"wp","href":"https:\/\/api.w.org\/{rel}","templated":true}]}}