{"id":2124,"date":"2024-07-05T00:03:36","date_gmt":"2024-07-05T00:03:36","guid":{"rendered":"https:\/\/global-medica.com\/product\/bkactiv-robotic-assisted-surgery\/"},"modified":"2025-05-06T21:22:22","modified_gmt":"2025-05-06T21:22:22","slug":"bkactiv-robotic-assisted-surgery","status":"publish","type":"product","link":"https:\/\/gevenmed.net\/en\/product\/bkactiv-robotic-assisted-surgery\/","title":{"rendered":"bkActiv \u2013 Robotic-Assisted Surgery"},"content":{"rendered":"<h3>Enhanced Visualization<\/h3>\n<p>Improved algorithms that automatically allow uniform image resolution, greater details around lesion borders and at larger depths, and enhanced penetration, spatial resolution, and near field image quality.<\/p>\n<h3>Compatible with <b><a href=\"https:\/\/www.bkmedical.com\/transducers\/robotic-rob12c4\/\">Rob12C4 Transducer\u200b<\/a><\/b>\u200b<\/h3>\n<p>Gain access to difficult-to-reach areas with a highly flexible cable and small transducer profile\u200b.<\/p>\n<h3>Surgeon Control<\/h3>\n<p>The remote control allows you to control the image in the sterile field, from where you stand.<\/p>\n<h3>Simple and Customizable UI<\/h3>\n<p>See only what you need with an intuitively simple, Tru-Sense\u2122 touch UI. Scale from Basic to Advanced and create customized user profiles tailored to specific user needs.<\/p>\n<h3>Adjustable Monitor<\/h3>\n<p>Turn the monitor to view images in portrait or landscape orientation. Mounted on an extendable, flexible arm, the screen faces you where you stand.<\/p>\n<p>&nbsp;<\/p>\n<p>&nbsp;<\/p>\n<p>&nbsp;<\/p>\n<p><a class=\"elboton\" href=\"https:\/\/www.bkmedical.com\/systems\/robotic-assisted-surgery-products\/\" target=\"_blank\" rel=\"noopener\">Link to the brand<\/a><\/p>","protected":false},"excerpt":{"rendered":"<p>Visualizaci\u00f3n Mejorada Algoritmos mejorados que permiten autom\u00e1ticamente una resoluci\u00f3n de imagen uniforme, mayores detalles alrededor de los bordes de lesiones y a mayores profundidades, y una penetraci\u00f3n mejorada, resoluci\u00f3n espacial y calidad de imagen en campo cercano. Compatible con Transductor Rob12C4\u200b Obtenga acceso a \u00e1reas dif\u00edciles de alcanzar con un cable altamente flexible y un [&hellip;]<\/p>\n","protected":false},"featured_media":2209,"comment_status":"open","ping_status":"closed","template":"","meta":[],"product_brand":[],"product_cat":[47],"product_tag":[],"class_list":{"0":"post-2124","1":"product","2":"type-product","3":"status-publish","4":"has-post-thumbnail","6":"product_cat-bk-medical","8":"first","9":"instock","10":"shipping-taxable","11":"purchasable","12":"product-type-simple"},"_links":{"self":[{"href":"https:\/\/gevenmed.net\/en\/wp-json\/wp\/v2\/product\/2124","targetHints":{"allow":["GET"]}}],"collection":[{"href":"https:\/\/gevenmed.net\/en\/wp-json\/wp\/v2\/product"}],"about":[{"href":"https:\/\/gevenmed.net\/en\/wp-json\/wp\/v2\/types\/product"}],"replies":[{"embeddable":true,"href":"https:\/\/gevenmed.net\/en\/wp-json\/wp\/v2\/comments?post=2124"}],"wp:featuredmedia":[{"embeddable":true,"href":"https:\/\/gevenmed.net\/en\/wp-json\/wp\/v2\/media\/2209"}],"wp:attachment":[{"href":"https:\/\/gevenmed.net\/en\/wp-json\/wp\/v2\/media?parent=2124"}],"wp:term":[{"taxonomy":"product_brand","embeddable":true,"href":"https:\/\/gevenmed.net\/en\/wp-json\/wp\/v2\/product_brand?post=2124"},{"taxonomy":"product_cat","embeddable":true,"href":"https:\/\/gevenmed.net\/en\/wp-json\/wp\/v2\/product_cat?post=2124"},{"taxonomy":"product_tag","embeddable":true,"href":"https:\/\/gevenmed.net\/en\/wp-json\/wp\/v2\/product_tag?post=2124"}],"curies":[{"name":"wp","href":"https:\/\/api.w.org\/{rel}","templated":true}]}}