{"id":2123,"date":"2024-07-05T00:03:36","date_gmt":"2024-07-05T00:03:36","guid":{"rendered":"https:\/\/global-medica.com\/product\/bkactiv-neurosurgery-and-spine\/"},"modified":"2025-04-13T18:55:09","modified_gmt":"2025-04-13T18:55:09","slug":"bkactiv-neurosurgery-and-spine","status":"publish","type":"product","link":"https:\/\/gevenmed.net\/en\/product\/bkactiv-neurosurgery-and-spine\/","title":{"rendered":"bkActiv \u2013 Neurosurgery and Spine"},"content":{"rendered":"<div id=\"pl-7467\" class=\"panel-layout\">\n<div id=\"pg-7467-0\" class=\"panel-grid panel-no-style\">\n<div id=\"pgc-7467-0-0\" class=\"panel-grid-cell\">\n<div id=\"panel-7467-0-0-0\" class=\"so-panel widget widget_sow-editor panel-first-child panel-last-child\" data-index=\"0\">\n<div class=\"so-widget-sow-editor so-widget-sow-editor-base\">\n<div class=\"siteorigin-widget-tinymce textwidget\">\n<h3>Enhanced Visualization<\/h3>\n<p>Improved algorithms that automatically allow uniform image resolution, greater details around lesion borders and at larger depths, and enhanced penetration, spatial resolution, and near field image quality.<\/p>\n<h3>Neurosurgeon Control<\/h3>\n<p>Enhanced neurosurgeon control with Smart Button\u2122 on neurosurgical, sterilizable transducers. The remote control allows you to control the image in the sterile field, from where you stand.<\/p>\n<h3>Simple and Customizable UI<\/h3>\n<p>See only what you need with an intuitively simple, Tru-Sense\u2122 touch UI. Scale from Basic to Advanced and create customized user profiles tailored to specific user needs.<\/p>\n<h3>Adjustable Monitor<\/h3>\n<p>Turn the monitor to view images in portrait or landscape orientation. Mounted on an extendable, flexible arm, the screen faces you where you stand.<\/p>\n<h3>On-Demand Videos<\/h3>\n<p>Increase surgeon and OR staff confidence and competency with instructional videos right on the system.<\/p>\n<\/div>\n<\/div>\n<\/div>\n<\/div>\n<\/div>\n<\/div>\n<div class=\"system-cta\">\n<div class=\"row-wrapper\">\n<div class=\"views-field views-field-title\"><span class=\"field-content\"><a href=\"https:\/\/www.bkmedical.com\/transducers\/n11c5s-burr-hole\/\">N11C5s Transducer (9063)<\/a><\/span><\/div>\n<div class=\"views-field views-field-field-more-images\">\n<div class=\"field-content\"><\/div>\n<\/div>\n<div class=\"views-field views-field-field-trans-app\">\n<div class=\"field-content\">\n<div class=\"transducer__applications\">Applications: Intraoperative, Neurosurgery<\/div>\n<\/div>\n<\/div>\n<div><\/div>\n<\/div>\n<div class=\"row-wrapper\">\n<div class=\"views-field views-field-field-transducer-image\">\n<div class=\"field-content\">\n<div class=\"trans_abs\"><\/div>\n<\/div>\n<\/div>\n<div class=\"views-field views-field-title\"><span class=\"field-content\"><a href=\"https:\/\/www.bkmedical.com\/transducers\/n13c5-craniotomy\/\">N13C5 (9062) Craniotomy Transducer<\/a><\/span><\/div>\n<div class=\"views-field views-field-field-more-images\">\n<div class=\"field-content\"><\/div>\n<\/div>\n<div class=\"views-field views-field-field-trans-app\">\n<div class=\"field-content\">\n<div class=\"transducer__applications\">Applications: Intraoperative, Neonatal Cephalic, Neurosurgery, Pediatric<\/div>\n<\/div>\n<\/div>\n<div><\/div>\n<\/div>\n<div class=\"row-wrapper\">\n<div class=\"views-field views-field-field-transducer-image\">\n<div class=\"field-content\">\n<div class=\"trans_abs\"><\/div>\n<\/div>\n<\/div>\n<div class=\"views-field views-field-title\"><span class=\"field-content\"><a href=\"https:\/\/www.bkmedical.com\/transducers\/x18l5s-hockey-stick-poc\/\">X18L5s (9009) Hockey Stick Transducer<\/a><\/span><\/div>\n<div class=\"views-field views-field-field-more-images\">\n<div class=\"field-content\"><\/div>\n<\/div>\n<div class=\"views-field views-field-field-trans-app\">\n<div class=\"field-content\">\n<div class=\"transducer__applications\">Applications: Intraoperative (neuro), Intraoperative Imaging, Musculoskeletal, Neurosurgery, Peripheral Vascular, Small Parts<\/div>\n<\/div>\n<\/div>\n<div><\/div>\n<\/div>\n<div class=\"row-wrapper\">\n<div class=\"views-field views-field-field-transducer-image\">\n<div class=\"field-content\">\n<div class=\"trans_abs\"><\/div>\n<\/div>\n<\/div>\n<div class=\"views-field views-field-title\"><span class=\"field-content\"><a href=\"https:\/\/www.bkmedical.com\/transducers\/minimally-invasive-n20p6\/\">N20P6 (9007) Minimally Invasive Transducer<\/a><\/span><\/div>\n<div class=\"views-field views-field-field-more-images\">\n<div class=\"field-content\"><\/div>\n<\/div>\n<div class=\"views-field views-field-field-trans-app\">\n<div class=\"field-content\">\n<div class=\"transducer__applications\">Applications: Intraoperative, Intraoperative (neuro), Intraoperative Imaging, Neurosurgery<\/div>\n<\/div>\n<\/div>\n<\/div>\n<\/div>\n<p>&nbsp;<\/p>\n<p>&nbsp;<\/p>\n<p>&nbsp;<\/p>\n<p><a class=\"elboton\" href=\"https:\/\/www.bkmedical.com\/systems\/bkactiv-neurosurgery-ultrasound-system-2\/\" target=\"_blank\" rel=\"noopener\">Link to the brand<\/a><\/p>","protected":false},"excerpt":{"rendered":"<p>Visualizaci\u00f3n Mejorada Algoritmos mejorados que permiten autom\u00e1ticamente una resoluci\u00f3n de imagen uniforme, mayores detalles alrededor de los bordes de lesiones y a mayores profundidades, y una penetraci\u00f3n mejorada, resoluci\u00f3n espacial y calidad de imagen en campo cercano. Control del Neurocirujano Control mejorado para el neurocirujano con Smart Button\u2122 en transductores neuroquir\u00fargicos esterilizables. El control remoto [&hellip;]<\/p>\n","protected":false},"featured_media":2208,"comment_status":"open","ping_status":"closed","template":"","meta":[],"product_brand":[],"product_cat":[47],"product_tag":[],"class_list":{"0":"post-2123","1":"product","2":"type-product","3":"status-publish","4":"has-post-thumbnail","6":"product_cat-bk-medical","8":"first","9":"instock","10":"shipping-taxable","11":"purchasable","12":"product-type-simple"},"_links":{"self":[{"href":"https:\/\/gevenmed.net\/en\/wp-json\/wp\/v2\/product\/2123","targetHints":{"allow":["GET"]}}],"collection":[{"href":"https:\/\/gevenmed.net\/en\/wp-json\/wp\/v2\/product"}],"about":[{"href":"https:\/\/gevenmed.net\/en\/wp-json\/wp\/v2\/types\/product"}],"replies":[{"embeddable":true,"href":"https:\/\/gevenmed.net\/en\/wp-json\/wp\/v2\/comments?post=2123"}],"wp:featuredmedia":[{"embeddable":true,"href":"https:\/\/gevenmed.net\/en\/wp-json\/wp\/v2\/media\/2208"}],"wp:attachment":[{"href":"https:\/\/gevenmed.net\/en\/wp-json\/wp\/v2\/media?parent=2123"}],"wp:term":[{"taxonomy":"product_brand","embeddable":true,"href":"https:\/\/gevenmed.net\/en\/wp-json\/wp\/v2\/product_brand?post=2123"},{"taxonomy":"product_cat","embeddable":true,"href":"https:\/\/gevenmed.net\/en\/wp-json\/wp\/v2\/product_cat?post=2123"},{"taxonomy":"product_tag","embeddable":true,"href":"https:\/\/gevenmed.net\/en\/wp-json\/wp\/v2\/product_tag?post=2123"}],"curies":[{"name":"wp","href":"https:\/\/api.w.org\/{rel}","templated":true}]}}