{"id":2122,"date":"2024-07-05T00:03:36","date_gmt":"2024-07-05T00:03:36","guid":{"rendered":"https:\/\/global-medica.com\/product\/bkactiv-general-surgery\/"},"modified":"2026-03-19T20:09:00","modified_gmt":"2026-03-19T20:09:00","slug":"bkactiv-general-surgery","status":"publish","type":"product","link":"https:\/\/gevenmed.net\/en\/product\/bkactiv-general-surgery\/","title":{"rendered":"bkActiv \u2013 General Surgery"},"content":{"rendered":"<h3>bkActiv Enhanced Viewing<\/h3>\n<p>Improved algorithms that automatically allow uniform image resolution, greater details around lesion borders and at larger depths, and enhanced penetration, spatial resolution, and near field image quality.<\/p>\n<h3>Neurosurgeon Control<\/h3>\n<p>The remote control allows you to control the image in the sterile field, from where you stand.<\/p>\n<h3>Simple and Customizable UI<\/h3>\n<p>See only what you need with an intuitively simple, Tru-Sense\u2122 touch UI. Scale from Basic to Advanced and create customized user profiles tailored to specific user needs.<\/p>\n<h3>Adjustable Monitor<\/h3>\n<p>Turn the monitor to view images in portrait or landscape orientation. Mounted on an extendable, flexible arm, the screen faces you where you stand.<\/p>\n<h3>On-Demand Videos<\/h3>\n<p>Increase surgeon and OR staff confidence and competency with instructional videos right on the system.<\/p>\n<p>The versatility of bkActiv allows its application in various surgical specialties, from laparoscopic procedures to more complex surgeries.<\/p>\n<p>In addition, the commitment of our store with the export ensures that the health professionals in the region to have access to this cutting-edge product. When choosing bkActiv Surgery-General, physicians can be confident that they are using a tool that supports your experience and improves clinical outcomes.<\/p>\n<p>In Venezuela, bkActiv General Surgery has become a reference for hospitals and clinics that seek to raise their standards of medical care.<\/p>\n<p>Its use not only facilitates the postoperative recovery of the patients, but also reduces the risk of complications, resulting in an increase of patient satisfaction and more efficient managing of medical resources.<\/p>\n<div class=\"row-wrapper\">\n<div class=\"views-field views-field-field-transducer-image\">\n<div class=\"field-content\">\n<div class=\"trans_abs\"><\/div>\n<\/div>\n<\/div>\n<div class=\"views-field views-field-title\"><span class=\"field-content\"><a href=\"https:\/\/www.bkmedical.com\/transducers\/i14c5i-intraoperative\/\">I14C5I (9015) Intraoperative Transducer<\/a><\/span><\/div>\n<div class=\"views-field views-field-field-more-images\">\n<div class=\"field-content\"><\/div>\n<\/div>\n<div class=\"views-field views-field-field-trans-app\">\n<div class=\"field-content\">\n<div class=\"transducer__applications\">Applications: Intraoperative, Pediatric<\/div>\n<\/div>\n<\/div>\n<div><\/div>\n<\/div>\n<div class=\"row-wrapper\">\n<div class=\"views-field views-field-field-transducer-image\">\n<div class=\"field-content\">\n<div class=\"trans_abs\"><\/div>\n<\/div>\n<\/div>\n<div class=\"views-field views-field-title\"><span class=\"field-content\"><a href=\"https:\/\/www.bkmedical.com\/transducers\/i14c5t-t-shaped-intraoperative\/\">I14C5T (9016) T-Shaped Intraoperative Transducer<\/a><\/span><\/div>\n<div class=\"views-field views-field-field-more-images\">\n<div class=\"field-content\"><\/div>\n<\/div>\n<div class=\"views-field views-field-field-trans-app\">\n<div class=\"field-content\">\n<div class=\"transducer__applications\">Applications: Abdominal, Intraoperative<\/div>\n<\/div>\n<\/div>\n<div><\/div>\n<\/div>\n<div class=\"row-wrapper\">\n<div class=\"views-field views-field-field-transducer-image\">\n<div class=\"field-content\">\n<div class=\"trans_abs\"><\/div>\n<\/div>\n<\/div>\n<div class=\"views-field views-field-title\"><span class=\"field-content\"><a href=\"https:\/\/www.bkmedical.com\/transducers\/i12c5-mini-t-transducer\/\">I12C5 (9034) Mini-T Intraoperative Transducer<\/a><\/span><\/div>\n<div class=\"views-field views-field-field-more-images\">\n<div class=\"field-content\"><\/div>\n<\/div>\n<div class=\"views-field views-field-field-trans-app\">\n<div class=\"field-content\">\n<div class=\"transducer__applications\">Applications: Intraoperative, Musculoskeletal, Small Parts<\/div>\n<\/div>\n<\/div>\n<div><\/div>\n<\/div>\n<div class=\"row-wrapper\">\n<div class=\"views-field views-field-field-transducer-image\">\n<div class=\"field-content\">\n<div class=\"trans_abs\"><\/div>\n<\/div>\n<\/div>\n<div class=\"views-field views-field-title\"><span class=\"field-content\"><a href=\"https:\/\/www.bkmedical.com\/transducers\/i12c5b-biplane\/\">I12C5b (9024) Intraoperative Biplane Transducer<\/a><\/span><\/div>\n<div class=\"views-field views-field-field-more-images\">\n<div class=\"field-content\"><\/div>\n<\/div>\n<div class=\"views-field views-field-field-trans-app\">\n<div class=\"field-content\">\n<div class=\"transducer__applications\">Applications: Intraoperative, Musculoskeletal, Peripheral Vascular<\/div>\n<\/div>\n<\/div>\n<div><\/div>\n<\/div>\n<div class=\"row-wrapper\">\n<div class=\"views-field views-field-field-transducer-image\">\n<div class=\"field-content\">\n<div class=\"trans_abs\"><\/div>\n<\/div>\n<\/div>\n<div class=\"views-field views-field-title\"><span class=\"field-content\"><a href=\"https:\/\/www.bkmedical.com\/transducers\/robotic-rob12c4\/\">Rob12C4 (9096) Robotic Transducer<\/a><\/span><\/div>\n<div class=\"views-field views-field-field-more-images\">\n<div class=\"field-content\"><\/div>\n<\/div>\n<div class=\"views-field views-field-field-trans-app\">\n<div class=\"field-content\">\n<div class=\"transducer__applications\">Applications: Intraoperative, Urology<\/div>\n<\/div>\n<\/div>\n<div><\/div>\n<\/div>\n<div class=\"row-wrapper\">\n<div class=\"views-field views-field-field-transducer-image\">\n<div class=\"field-content\">\n<div class=\"trans_abs\"><\/div>\n<\/div>\n<\/div>\n<div class=\"views-field views-field-title\"><span class=\"field-content\"><a href=\"https:\/\/www.bkmedical.com\/transducers\/advanced-laparoscopic-i13c3f\/\">I13C3f (9076) Advanced Laparoscopic Transducer<\/a><\/span><\/div>\n<div class=\"views-field views-field-field-more-images\">\n<div class=\"field-content\"><\/div>\n<\/div>\n<div class=\"views-field views-field-field-trans-app\">\n<div class=\"field-content\">\n<div class=\"transducer__applications\">Applications: Intraoperative, Laparoscopic<\/div>\n<\/div>\n<\/div>\n<\/div>\n<p>&nbsp;<\/p>\n<p>&nbsp;<\/p>\n<p>&nbsp;<\/p>\n<p><a class=\"elboton\" href=\"https:\/\/www.bkmedical.com\/systems\/bkactiv-general-surgery-ultrasound-system\/\" target=\"_blank\" rel=\"noopener\">Link to the brand<\/a><\/p>","protected":false},"excerpt":{"rendered":"<p>bkActiv Visualizaci\u00f3n Mejorada Algoritmos mejorados que permiten autom\u00e1ticamente una resoluci\u00f3n de imagen uniforme, mayores detalles alrededor de los bordes de lesiones y a mayores profundidades, y una penetraci\u00f3n mejorada, resoluci\u00f3n espacial y calidad de imagen en campo cercano. Control del Neurocirujano El control remoto te permite controlar la imagen en el campo est\u00e9ril, desde donde [&hellip;]<\/p>\n","protected":false},"featured_media":2207,"comment_status":"open","ping_status":"closed","template":"","meta":[],"product_brand":[],"product_cat":[47],"product_tag":[],"class_list":{"0":"post-2122","1":"product","2":"type-product","3":"status-publish","4":"has-post-thumbnail","6":"product_cat-bk-medical","8":"first","9":"instock","10":"shipping-taxable","11":"purchasable","12":"product-type-simple"},"_links":{"self":[{"href":"https:\/\/gevenmed.net\/en\/wp-json\/wp\/v2\/product\/2122","targetHints":{"allow":["GET"]}}],"collection":[{"href":"https:\/\/gevenmed.net\/en\/wp-json\/wp\/v2\/product"}],"about":[{"href":"https:\/\/gevenmed.net\/en\/wp-json\/wp\/v2\/types\/product"}],"replies":[{"embeddable":true,"href":"https:\/\/gevenmed.net\/en\/wp-json\/wp\/v2\/comments?post=2122"}],"wp:featuredmedia":[{"embeddable":true,"href":"https:\/\/gevenmed.net\/en\/wp-json\/wp\/v2\/media\/2207"}],"wp:attachment":[{"href":"https:\/\/gevenmed.net\/en\/wp-json\/wp\/v2\/media?parent=2122"}],"wp:term":[{"taxonomy":"product_brand","embeddable":true,"href":"https:\/\/gevenmed.net\/en\/wp-json\/wp\/v2\/product_brand?post=2122"},{"taxonomy":"product_cat","embeddable":true,"href":"https:\/\/gevenmed.net\/en\/wp-json\/wp\/v2\/product_cat?post=2122"},{"taxonomy":"product_tag","embeddable":true,"href":"https:\/\/gevenmed.net\/en\/wp-json\/wp\/v2\/product_tag?post=2122"}],"curies":[{"name":"wp","href":"https:\/\/api.w.org\/{rel}","templated":true}]}}