{"id":2088,"date":"2024-07-05T00:03:24","date_gmt":"2024-07-05T00:03:24","guid":{"rendered":"https:\/\/global-medica.com\/product\/arco-en-c-oec-elite\/"},"modified":"2026-03-27T14:30:20","modified_gmt":"2026-03-27T14:30:20","slug":"arco-en-c-oec-elite","status":"publish","type":"product","link":"https:\/\/gevenmed.net\/en\/product\/arco-en-c-oec-elite\/","title":{"rendered":"Arco en C &#8211; OEC Elite CFD"},"content":{"rendered":"<h3>El Arco en C OEC Elite CFD funciona a diario en una amplia gama de necesidades de adquisici\u00f3n de im\u00e1genes<\/h3>\n<h3>Excepcional<\/h3>\n<p>Im\u00e1genes detalladas presentadas en la pantalla 4K que se alinean f\u00e1cilmente con la vista del cirujano<\/p>\n<h3>Field Of View (Campo de visi\u00f3n)<\/h3>\n<p>Consiga un campo de visi\u00f3n* un 22 % mayor, \u00e1ngulos dif\u00edciles de alcanzar y alturas laterales bajas<\/p>\n<h3>Polivalente<\/h3>\n<p>Adquisici\u00f3n de im\u00e1genes de casos de traumatismo complejos, intervenciones y procedimientos generales<\/p>\n<section id=\"nuevo-carrusel-de-im\u00e1genes-cl\u00ednicas\" class=\"ge-product-carousel theme-grey-250\" aria-label=\"Product Carousel\">\n<div id=\"product-carousel__1a6d2c3f-8503-435e-bf1a-9cb80ea35222\" class=\"ge-product-carousel__gradiant-space\">\n<div class=\"ge-product-carousel__top-container\">\n<div class=\"mdc-layout-grid eds-grid ge-product-carousel__top-grid\">\n<div class=\"mdc-layout-grid__inner\">\n<div class=\"mdc-layout-grid__cell mdc-layout-grid__cell--span-8-desktop mdc-layout-grid__cell--span-6-tablet mdc-layout-grid__cell--span-4-phone\">\n<div class=\"ge-product-carousel__container\">\n<h2 class=\"ge-product-carousel__componentTitle title-m\">Panel detector plano con tecnolog\u00eda CMOS de OEC Elite<\/h2>\n<\/div>\n<\/div>\n<\/div>\n<\/div>\n<\/div>\n<div>\n<div class=\"slick-slider ge-product-carousel__geslider 1a6d2c3f-8503-435e-bf1a-9cb80ea35222 center slick-initialized\" dir=\"ltr\">\n<div class=\"slick-list\">\n<div class=\"slick-track\">\n<div class=\"slick-slide slick-cloned\" tabindex=\"-1\" data-index=\"8\" aria-hidden=\"true\">\n<div class=\"ge-product-carousel__carousel-container\">\n<div class=\"ge-product-carousel__carousel__outer-media_container\">\n<div class=\"ge-product-carousel__inner-media_container\">\n<div class=\"ge-product-carousel__media_container\"><\/div>\n<\/div>\n<\/div>\n<\/div>\n<\/div>\n<\/div>\n<\/div>\n<\/div>\n<\/div>\n<\/div>\n<\/section>\n<div id=\"nuevo-contenido-gen\u00e9rico-v2\">\n<section id=\"nuevo-contenido-gen\u00e9rico-v2\" class=\"ge-generic-content-v2-container gehc-padding-top-48 gehc-padding-bottom-48 themev2-white\">\n<div class=\"mdc-layout-grid eds-grid\">\n<div class=\"mdc-layout-grid__inner\">\n<div class=\"mdc-layout-grid__cell mdc-layout-grid__cell--span-8-desktop mdc-layout-grid__cell--span-8-tablet mdc-layout-grid__cell--span-4-phone\">\n<div id=\"nuevo-contenido-gen\u00e9rico-v2\">\n<section id=\"nuevo-contenido-gen\u00e9rico-v2\" class=\"ge-generic-content-v2-container gehc-padding-top-48 gehc-padding-bottom-48 themev2-white\">\n<div class=\"mdc-layout-grid eds-grid\">\n<div class=\"mdc-layout-grid__inner\">\n<div class=\"mdc-layout-grid__cell mdc-layout-grid__cell--span-8-desktop mdc-layout-grid__cell--span-8-tablet mdc-layout-grid__cell--span-4-phone\">\n<h3 class=\"ge-generic-content-v2-container__heading title-s\">Arco en C OEC Elite CFD, una experiencia de calidad superior para:<\/h3>\n<\/div>\n<\/div>\n<div class=\"mdc-layout-grid__inner\">\n<div class=\"mdc-layout-grid__cell mdc-layout-grid__cell--span-8-desktop mdc-layout-grid__cell--span-8-tablet mdc-layout-grid__cell--span-4-phone\">\n<ul>\n<li class=\"ge-generic-content-v2-container__body ptag\">Ver m\u00e1s anatom\u00eda con un nivel de detalle excepcional a dosis bajas<\/li>\n<li class=\"ge-generic-content-v2-container__body ptag\">Disfrutar de una versatilidad cl\u00ednica para los pacientes complejos y la mezcla de casos<\/li>\n<li>Permite el flujo de trabajo quir\u00fargico con ergonom\u00eda y eficacia<\/li>\n<\/ul>\n<\/div>\n<\/div>\n<\/div>\n<\/section>\n<\/div>\n<\/div>\n<\/div>\n<\/div>\n<\/section>\n<\/div>\n<div>\n<div class=\"feature-hero-wrapper feature-hero-wrapper-card\">\n<div class=\"feature-hero-container\">\n<div id=\"feature-d9cd7004-fd3b-4860-9b09-287cd4c09c3c\" class=\"mdc-layout-grid__cell feature-hero-left-container mdc-layout-grid__cell--span-12-desktop mdc-layout-grid__cell--span-8-tablet\">\n<div class=\"mdc-layout-grid__cell mdc-layout-grid__cell--span-12-desktop mdc-layout-grid__cell--span-8-tablet\">\n<h2 class=\"feature-hero-module-featureHeading\">Im\u00e1genes excepcionales<\/h2>\n<\/div>\n<div class=\"mdc-layout-grid__cell mdc-layout-grid__cell--span-12-desktop mdc-layout-grid__cell--span-8-tablet\">\n<div class=\"feature-hero-module-featureBody ptags-small\">\n<ul>\n<li>Disfrute de una excelente calidad de imagen a dosis bajas con los detectores de panel plano<\/li>\n<li>Las im\u00e1genes visualizadas en una gran pantalla 4K.<\/li>\n<li>Visualice los detalles y minimice la dosis con el zoom en tiempo real<\/li>\n<li>La reducci\u00f3n de ruido mejorada y los perfiles predefinidos<\/li>\n<li>Una experiencia de adquisici\u00f3n de im\u00e1genes moderna.<\/li>\n<li>Podr\u00e1 ver hasta un 22 % m\u00e1s de zona anat\u00f3mica que con los arcos en C monobloque<\/li>\n<li>Colocaci\u00f3n m\u00e1s cercana del detector a la anatom\u00eda del paciente.<\/li>\n<\/ul>\n<\/div>\n<\/div>\n<\/div>\n<\/div>\n<\/div>\n<div class=\"feature-hero-wrapper feature-hero-wrapper-card\">\n<div class=\"feature-hero-container\">\n<div id=\"feature-0c5a146b-c193-42f3-b87b-3978231807a1\" class=\"mdc-layout-grid__cell feature-hero-left-container mdc-layout-grid__cell--span-12-desktop mdc-layout-grid__cell--span-8-tablet\">\n<div class=\"mdc-layout-grid__cell mdc-layout-grid__cell--span-12-desktop mdc-layout-grid__cell--span-8-tablet\">\n<div class=\"mdc-layout-grid__cell feature-hero-content-container mdc-layout-grid__cell--span-6-desktop mdc-layout-grid__cell--span-8-tablet\">\n<div class=\"feature-hero-wrapper feature-hero-wrapper-card\">\n<div class=\"feature-hero-container\">\n<div id=\"feature-0c5a146b-c193-42f3-b87b-3978231807a1\" class=\"mdc-layout-grid__cell feature-hero-left-container mdc-layout-grid__cell--span-12-desktop mdc-layout-grid__cell--span-8-tablet\">\n<div class=\"mdc-layout-grid__cell mdc-layout-grid__cell--span-12-desktop mdc-layout-grid__cell--span-8-tablet\">\n<h3 class=\"feature-hero-module-featureHeading\">Intervenciones quir\u00fargicas con confianza<\/h3>\n<\/div>\n<div class=\"mdc-layout-grid__cell mdc-layout-grid__cell--span-12-desktop mdc-layout-grid__cell--span-8-tablet\">\n<div class=\"feature-hero-module-featureBody ptags-small\">\n<p>Optimize your workflow with a user experience that is intuitive and an interface OEC recognizable to achieve a rapid acquisition of images and less interruptions during surgical procedures.<\/p>\n<p>Dise\u00f1ado ergon\u00f3micamente para colocar f\u00e1cilmente el detector alrededor de la mesa del paciente en \u00e1ngulos de dif\u00edcil acceso, alturas de mesa bajas y control motorizado opcional con dos velocidades y memoria de posiciones.<\/p>\n<\/div>\n<\/div>\n<\/div>\n<\/div>\n<\/div>\n<div class=\"feature-hero-wrapper feature-hero-wrapper-card\">\n<div class=\"feature-hero-container\">\n<div id=\"feature-01f943d0-fb7d-4224-aa2d-41c27f715887\" class=\"mdc-layout-grid__cell feature-hero-left-container mdc-layout-grid__cell--span-12-desktop mdc-layout-grid__cell--span-8-tablet\">\n<div class=\"mdc-layout-grid__cell mdc-layout-grid__cell--span-12-desktop mdc-layout-grid__cell--span-8-tablet\">\n<h3 class=\"feature-hero-module-featureHeading\">Desempe\u00f1o del diagn\u00f3stico por im\u00e1genes<\/h3>\n<\/div>\n<div class=\"mdc-layout-grid__cell mdc-layout-grid__cell--span-12-desktop mdc-layout-grid__cell--span-8-tablet\">\n<div class=\"feature-hero-module-featureBody ptags-small\">\n<p>Conserva una temperatura idonea durante los procedimientos m\u00e1s exigentes con una excelente velocidad de enfriamiento y un componente de rayos X dise\u00f1ado para minimizar la acumulaci\u00f3n de calor.<\/p>\n<p>Seleccione r\u00e1pidamente el perfil de im\u00e1genes seg\u00fan las preferencias cl\u00ednicas, incluidos pedi\u00e1trico, general HD, columna, columna vertebral C y ortop\u00e9dica y los modos opcionales vascular, seguimiento de bolo y card\u00edaco.<\/p>\n<p>Obtenga im\u00e1genes \u00f3ptimas e ininterrumpidas con fluoroscopia de mA continua baja, con modos de dosis baja o pulso.<\/p>\n<\/div>\n<\/div>\n<\/div>\n<\/div>\n<\/div>\n<\/div>\n<\/div>\n<\/div>\n<\/div>\n<\/div>\n<\/div>\n<p>&nbsp;<\/p>\n<p><a class=\"elboton\" href=\"https:\/\/latam.gehealthcare.com\/products\/surgical-imaging\/oec-elite-cfd\" target=\"_blank\" rel=\"noopener\">Link to the brand<\/a><\/p>","protected":false},"excerpt":{"rendered":"<p>El detector de panel plano con tecnolog\u00eda CMOS de OEC Elite ofrece una claridad de imagen y unos detalles impresionantes a dosis bajas, con mejoras para una experiencia sencilla y eficaz.<\/p>","protected":false},"featured_media":2175,"comment_status":"open","ping_status":"closed","template":"","meta":[],"product_brand":[],"product_cat":[29],"product_tag":[],"class_list":{"0":"post-2088","1":"product","2":"type-product","3":"status-publish","4":"has-post-thumbnail","6":"product_cat-g-arco-en-c","8":"first","9":"instock","10":"shipping-taxable","11":"purchasable","12":"product-type-simple"},"_links":{"self":[{"href":"https:\/\/gevenmed.net\/en\/wp-json\/wp\/v2\/product\/2088","targetHints":{"allow":["GET"]}}],"collection":[{"href":"https:\/\/gevenmed.net\/en\/wp-json\/wp\/v2\/product"}],"about":[{"href":"https:\/\/gevenmed.net\/en\/wp-json\/wp\/v2\/types\/product"}],"replies":[{"embeddable":true,"href":"https:\/\/gevenmed.net\/en\/wp-json\/wp\/v2\/comments?post=2088"}],"wp:featuredmedia":[{"embeddable":true,"href":"https:\/\/gevenmed.net\/en\/wp-json\/wp\/v2\/media\/2175"}],"wp:attachment":[{"href":"https:\/\/gevenmed.net\/en\/wp-json\/wp\/v2\/media?parent=2088"}],"wp:term":[{"taxonomy":"product_brand","embeddable":true,"href":"https:\/\/gevenmed.net\/en\/wp-json\/wp\/v2\/product_brand?post=2088"},{"taxonomy":"product_cat","embeddable":true,"href":"https:\/\/gevenmed.net\/en\/wp-json\/wp\/v2\/product_cat?post=2088"},{"taxonomy":"product_tag","embeddable":true,"href":"https:\/\/gevenmed.net\/en\/wp-json\/wp\/v2\/product_tag?post=2088"}],"curies":[{"name":"wp","href":"https:\/\/api.w.org\/{rel}","templated":true}]}}