{"id":983,"date":"2024-05-23T09:19:01","date_gmt":"2024-05-23T09:19:01","guid":{"rendered":"https:\/\/global-medica.com\/?page_id=983"},"modified":"2026-03-19T18:39:32","modified_gmt":"2026-03-19T18:39:32","slug":"productos-menu","status":"publish","type":"page","link":"https:\/\/gevenmed.net\/en\/productos-menu\/","title":{"rendered":"Products"},"content":{"rendered":"<div data-elementor-type=\"wp-page\" data-elementor-id=\"983\" class=\"elementor elementor-983\" data-elementor-post-type=\"page\">\n\t\t\t\t<div class=\"elementor-element elementor-element-a14c16b e-flex e-con-boxed e-con e-parent\" data-id=\"a14c16b\" data-element_type=\"container\" data-e-type=\"container\">\n\t\t\t\t\t<div class=\"e-con-inner\">\n\t\t<div class=\"elementor-element elementor-element-91c3548 e-con-full e-flex e-con e-child\" data-id=\"91c3548\" data-element_type=\"container\" data-e-type=\"container\">\n\t\t\t\t<div class=\"elementor-element elementor-element-8fd6ff7 elementor-widget elementor-widget-image\" data-id=\"8fd6ff7\" data-element_type=\"widget\" data-e-type=\"widget\" data-widget_type=\"image.default\">\n\t\t\t\t<div class=\"elementor-widget-container\">\n\t\t\t\t\t\t\t\t\t\t\t\t\t\t\t<img fetchpriority=\"high\" decoding=\"async\" width=\"1920\" height=\"200\" src=\"https:\/\/gevenmed.net\/wp-content\/uploads\/2024\/05\/titulobarra-01.jpg\" class=\"attachment-full size-full wp-image-631\" alt=\"title image\" srcset=\"https:\/\/gevenmed.net\/wp-content\/uploads\/2024\/05\/titulobarra-01.jpg 1920w, https:\/\/gevenmed.net\/wp-content\/uploads\/2024\/05\/titulobarra-01-300x31.jpg 300w, https:\/\/gevenmed.net\/wp-content\/uploads\/2024\/05\/titulobarra-01-1024x107.jpg 1024w, https:\/\/gevenmed.net\/wp-content\/uploads\/2024\/05\/titulobarra-01-768x80.jpg 768w, https:\/\/gevenmed.net\/wp-content\/uploads\/2024\/05\/titulobarra-01-1536x160.jpg 1536w, https:\/\/gevenmed.net\/wp-content\/uploads\/2024\/05\/titulobarra-01-18x2.jpg 18w, https:\/\/gevenmed.net\/wp-content\/uploads\/2024\/05\/titulobarra-01-600x63.jpg 600w\" sizes=\"(max-width: 1920px) 100vw, 1920px\" \/>\t\t\t\t\t\t\t\t\t\t\t\t\t\t\t<\/div>\n\t\t\t\t<\/div>\n\t\t\t\t<\/div>\n\t\t\t\t\t<\/div>\n\t\t\t\t<\/div>\n\t\t<div class=\"elementor-element elementor-element-26677b0 e-flex e-con-boxed e-con e-parent\" data-id=\"26677b0\" data-element_type=\"container\" data-e-type=\"container\">\n\t\t\t\t\t<div class=\"e-con-inner\">\n\t\t\t\t<div class=\"elementor-element elementor-element-ef118dd gm-h2 elementor-widget__width-inherit elementor-widget elementor-widget-heading\" data-id=\"ef118dd\" data-element_type=\"widget\" data-e-type=\"widget\" data-widget_type=\"heading.default\">\n\t\t\t\t<div class=\"elementor-widget-container\">\n\t\t\t\t\t<h2 class=\"elementor-heading-title elementor-size-default\">PRODUCTS<\/h2>\t\t\t\t<\/div>\n\t\t\t\t<\/div>\n\t\t\t\t<div class=\"elementor-element elementor-element-19dc19a elementor-widget__width-initial elementor-widget elementor-widget-text-editor\" data-id=\"19dc19a\" data-element_type=\"widget\" data-e-type=\"widget\" data-widget_type=\"text-editor.default\">\n\t\t\t\t<div class=\"elementor-widget-container\">\n\t\t\t\t\t\t\t\t\t<p>For <strong>Gevenmed<\/strong>, the most important thing is the patient\u2019s well-being, achieved through the development of truly up-to-date medical technology solutions. Our partners make it possible for each of our products to offer hope for diagnosis and\/or treatment to thousands of people.<\/p>\t\t\t\t\t\t\t\t<\/div>\n\t\t\t\t<\/div>\n\t\t\t\t\t<\/div>\n\t\t\t\t<\/div>\n\t\t<div class=\"elementor-element elementor-element-0772b41 e-flex e-con-boxed e-con e-parent\" data-id=\"0772b41\" data-element_type=\"container\" data-e-type=\"container\">\n\t\t\t\t\t<div class=\"e-con-inner\">\n\t\t\t\t<div class=\"elementor-element elementor-element-8fb0713 bluecat wl-columns-tablet-4 wl-columns-mobile-2 wl-columns-2 elementor-widget__width-initial elementor-invisible elementor-widget elementor-widget-wl-category-grid\" data-id=\"8fb0713\" data-element_type=\"widget\" data-e-type=\"widget\" data-settings=\"{&quot;_animation&quot;:&quot;fadeIn&quot;}\" data-widget_type=\"wl-category-grid.default\">\n\t\t\t\t<div class=\"elementor-widget-container\">\n\t\t\t\t\t<div class=\"wl-row\" data-settings=\"\" >                <div class=\"wl-col-2\">\n\n                                            <div class=\"ht-category-wrap\">\n                                                        <div class=\"ht-category-image ht-category-image-zoom\">\n                                <a href=\"https:\/\/gevenmed.net\/en\/product-category\/b-ultrasonido\/\">\n                                    <img decoding=\"async\" width=\"481\" height=\"406\" src=\"https:\/\/gevenmed.net\/wp-content\/uploads\/2024\/05\/ultrasonido-cat.jpg\" class=\"attachment-full size-full\" alt=\"Equipos de Ultrasonido para la Salud en RD y el Caribe\" srcset=\"https:\/\/gevenmed.net\/wp-content\/uploads\/2024\/05\/ultrasonido-cat.jpg 481w, https:\/\/gevenmed.net\/wp-content\/uploads\/2024\/05\/ultrasonido-cat-300x253.jpg 300w, https:\/\/gevenmed.net\/wp-content\/uploads\/2024\/05\/ultrasonido-cat-14x12.jpg 14w\" sizes=\"(max-width: 481px) 100vw, 481px\" \/>                                <\/a>\n                            <\/div>\n                                                        <div class=\"ht-category-content-4\">\n                                <h3>\n                                    <a href=\"https:\/\/gevenmed.net\/en\/product-category\/b-ultrasonido\/\">Ultrasound<\/a>\n                                                                    <\/h3>\n                            <\/div>\n                                                    <\/div>\n                    \n                <\/div>\n                                <div class=\"wl-col-2\">\n\n                                            <div class=\"ht-category-wrap\">\n                                                        <div class=\"ht-category-image ht-category-image-zoom\">\n                                <a href=\"https:\/\/gevenmed.net\/en\/product-category\/c-sistemas-de-informacion\/\">\n                                    <img decoding=\"async\" width=\"481\" height=\"406\" src=\"https:\/\/gevenmed.net\/wp-content\/uploads\/2024\/10\/bbb-Untitled-5.webp\" class=\"attachment-full size-full\" alt=\"Sistemas de Informaci\u00f3n para Equipos y Gesti\u00f3n M\u00e9dica\" srcset=\"https:\/\/gevenmed.net\/wp-content\/uploads\/2024\/10\/bbb-Untitled-5.webp 481w, https:\/\/gevenmed.net\/wp-content\/uploads\/2024\/10\/bbb-Untitled-5-300x253.webp 300w, https:\/\/gevenmed.net\/wp-content\/uploads\/2024\/10\/bbb-Untitled-5-14x12.webp 14w\" sizes=\"(max-width: 481px) 100vw, 481px\" \/>                                <\/a>\n                            <\/div>\n                                                        <div class=\"ht-category-content-4\">\n                                <h3>\n                                    <a href=\"https:\/\/gevenmed.net\/en\/product-category\/c-sistemas-de-informacion\/\">Information Systems<\/a>\n                                                                    <\/h3>\n                            <\/div>\n                                                    <\/div>\n                    \n                <\/div>\n                                <div class=\"wl-col-2\">\n\n                                            <div class=\"ht-category-wrap\">\n                                                        <div class=\"ht-category-image ht-category-image-zoom\">\n                                <a href=\"https:\/\/gevenmed.net\/en\/product-category\/diagnostico-por-imagenes\/\">\n                                    <img loading=\"lazy\" decoding=\"async\" width=\"481\" height=\"406\" src=\"https:\/\/gevenmed.net\/wp-content\/uploads\/2024\/10\/ddd-Untitled-4.webp\" class=\"attachment-full size-full\" alt=\"Diagn\u00f3stico por Im\u00e1genes: Equipos M\u00e9dicos en RD y Caribe\" srcset=\"https:\/\/gevenmed.net\/wp-content\/uploads\/2024\/10\/ddd-Untitled-4.webp 481w, https:\/\/gevenmed.net\/wp-content\/uploads\/2024\/10\/ddd-Untitled-4-300x253.webp 300w, https:\/\/gevenmed.net\/wp-content\/uploads\/2024\/10\/ddd-Untitled-4-14x12.webp 14w\" sizes=\"(max-width: 481px) 100vw, 481px\" \/>                                <\/a>\n                            <\/div>\n                                                        <div class=\"ht-category-content-4\">\n                                <h3>\n                                    <a href=\"https:\/\/gevenmed.net\/en\/product-category\/diagnostico-por-imagenes\/\">Imaging Diagnostics<\/a>\n                                                                    <\/h3>\n                            <\/div>\n                                                    <\/div>\n                    \n                <\/div>\n                                <div class=\"wl-col-2\">\n\n                                            <div class=\"ht-category-wrap\">\n                                                        <div class=\"ht-category-image ht-category-image-zoom\">\n                                <a href=\"https:\/\/gevenmed.net\/en\/product-category\/e-radioterapia\/\">\n                                    <img loading=\"lazy\" decoding=\"async\" width=\"300\" height=\"300\" src=\"https:\/\/gevenmed.net\/wp-content\/uploads\/2024\/07\/Untitled-1-copy-2-300x300-1.jpg\" class=\"attachment-full size-full\" alt=\"Radioterapia: Equipos m\u00e9dicos para cl\u00ednicas en el Caribe\" srcset=\"https:\/\/gevenmed.net\/wp-content\/uploads\/2024\/07\/Untitled-1-copy-2-300x300-1.jpg 300w, https:\/\/gevenmed.net\/wp-content\/uploads\/2024\/07\/Untitled-1-copy-2-300x300-1-150x150.jpg 150w, https:\/\/gevenmed.net\/wp-content\/uploads\/2024\/07\/Untitled-1-copy-2-300x300-1-12x12.jpg 12w, https:\/\/gevenmed.net\/wp-content\/uploads\/2024\/07\/Untitled-1-copy-2-300x300-1-100x100.jpg 100w\" sizes=\"(max-width: 300px) 100vw, 300px\" \/>                                <\/a>\n                            <\/div>\n                                                        <div class=\"ht-category-content-4\">\n                                <h3>\n                                    <a href=\"https:\/\/gevenmed.net\/en\/product-category\/e-radioterapia\/\">Radiotherapy<\/a>\n                                                                    <\/h3>\n                            <\/div>\n                                                    <\/div>\n                    \n                <\/div>\n                                <div class=\"wl-col-2\">\n\n                                            <div class=\"ht-category-wrap\">\n                                                        <div class=\"ht-category-image ht-category-image-zoom\">\n                                <a href=\"https:\/\/gevenmed.net\/en\/product-category\/soporte-de-vida\/\">\n                                    <img loading=\"lazy\" decoding=\"async\" width=\"414\" height=\"414\" src=\"https:\/\/gevenmed.net\/wp-content\/uploads\/2025\/05\/img-cat-soporte.png\" class=\"attachment-full size-full\" alt=\"\" srcset=\"https:\/\/gevenmed.net\/wp-content\/uploads\/2025\/05\/img-cat-soporte.png 414w, https:\/\/gevenmed.net\/wp-content\/uploads\/2025\/05\/img-cat-soporte-300x300.png 300w, https:\/\/gevenmed.net\/wp-content\/uploads\/2025\/05\/img-cat-soporte-150x150.png 150w, https:\/\/gevenmed.net\/wp-content\/uploads\/2025\/05\/img-cat-soporte-12x12.png 12w, https:\/\/gevenmed.net\/wp-content\/uploads\/2025\/05\/img-cat-soporte-100x100.png 100w\" sizes=\"(max-width: 414px) 100vw, 414px\" \/>                                <\/a>\n                            <\/div>\n                                                        <div class=\"ht-category-content-4\">\n                                <h3>\n                                    <a href=\"https:\/\/gevenmed.net\/en\/product-category\/soporte-de-vida\/\">Life support<\/a>\n                                                                    <\/h3>\n                            <\/div>\n                                                    <\/div>\n                    \n                <\/div>\n                <\/div>\t\t\t\t<\/div>\n\t\t\t\t<\/div>\n\t\t\t\t<div class=\"elementor-element elementor-element-083850b elementor-hidden-desktop elementor-hidden-tablet elementor-hidden-mobile elementor-widget-divider--view-line elementor-widget elementor-widget-divider\" data-id=\"083850b\" data-element_type=\"widget\" data-e-type=\"widget\" data-widget_type=\"divider.default\">\n\t\t\t\t<div class=\"elementor-widget-container\">\n\t\t\t\t\t\t\t<div class=\"elementor-divider\">\n\t\t\t<span class=\"elementor-divider-separator\">\n\t\t\t\t\t\t<\/span>\n\t\t<\/div>\n\t\t\t\t\t\t<\/div>\n\t\t\t\t<\/div>\n\t\t\t\t\t<\/div>\n\t\t\t\t<\/div>\n\t\t<div class=\"elementor-element elementor-element-023ab29 elementor-hidden-desktop elementor-hidden-tablet elementor-hidden-mobile e-flex e-con-boxed e-con e-parent\" data-id=\"023ab29\" data-element_type=\"container\" data-e-type=\"container\">\n\t\t\t\t\t<div class=\"e-con-inner\">\n\t\t<div class=\"elementor-element elementor-element-accbb2d e-con-full e-flex e-con e-child\" data-id=\"accbb2d\" data-element_type=\"container\" data-e-type=\"container\">\n\t\t\t\t<div class=\"elementor-element elementor-element-21d1a31 gm-h2 elementor-widget__width-inherit elementor-widget elementor-widget-heading\" data-id=\"21d1a31\" data-element_type=\"widget\" data-e-type=\"widget\" data-widget_type=\"heading.default\">\n\t\t\t\t<div class=\"elementor-widget-container\">\n\t\t\t\t\t<h2 class=\"elementor-heading-title elementor-size-default\">CONTACT<\/h2>\t\t\t\t<\/div>\n\t\t\t\t<\/div>\n\t\t\t\t<div class=\"elementor-element elementor-element-7ab88fe elementor-widget elementor-widget-text-editor\" data-id=\"7ab88fe\" data-element_type=\"widget\" data-e-type=\"widget\" data-widget_type=\"text-editor.default\">\n\t\t\t\t<div class=\"elementor-widget-container\">\n\t\t\t\t\t\t\t\t\t<p>\n<div class=\"wpcf7 no-js\" id=\"wpcf7-f396-o1\" lang=\"en-US\" dir=\"ltr\" data-wpcf7-id=\"396\">\n<div class=\"screen-reader-response\"><p role=\"status\" aria-live=\"polite\" aria-atomic=\"true\"><\/p> <ul><\/ul><\/div>\n<form action=\"\/en\/wp-json\/wp\/v2\/pages\/983#wpcf7-f396-o1\" method=\"post\" class=\"wpcf7-form init\" aria-label=\"Contact form\" novalidate=\"novalidate\" data-status=\"init\" data-trp-original-action=\"\/en\/wp-json\/wp\/v2\/pages\/983#wpcf7-f396-o1\">\n<fieldset class=\"hidden-fields-container\"><input type=\"hidden\" name=\"_wpcf7\" value=\"396\" \/><input type=\"hidden\" name=\"_wpcf7_version\" value=\"6.1.5\" \/><input type=\"hidden\" name=\"_wpcf7_locale\" value=\"en_US\" \/><input type=\"hidden\" name=\"_wpcf7_unit_tag\" value=\"wpcf7-f396-o1\" \/><input type=\"hidden\" name=\"_wpcf7_container_post\" value=\"0\" \/><input type=\"hidden\" name=\"_wpcf7_posted_data_hash\" value=\"\" \/><input type=\"hidden\" name=\"_wpcf7_recaptcha_response\" value=\"\" \/>\n<\/fieldset>\n<div class=\"formulario\">\n\t<div class=\"col1\">\n\t\t<p><span class=\"wpcf7-form-control-wrap\" data-name=\"glob-name\"><input size=\"40\" maxlength=\"400\" class=\"wpcf7-form-control wpcf7-text wpcf7-validates-as-required\" autocomplete=\"name\" aria-required=\"true\" aria-invalid=\"false\" placeholder=\"Name\" value=\"\" type=\"text\" name=\"glob-name\" \/><\/span>\n\t\t<\/p>\n\t<\/div>\n\t<div class=\"col2\">\n\t\t<p><span class=\"wpcf7-form-control-wrap\" data-name=\"glob-email\"><input size=\"40\" maxlength=\"400\" class=\"wpcf7-form-control wpcf7-email wpcf7-validates-as-required wpcf7-text wpcf7-validates-as-email\" autocomplete=\"email\" aria-required=\"true\" aria-invalid=\"false\" placeholder=\"E-mail\" value=\"\" type=\"email\" name=\"glob-email\" \/><\/span>\n\t\t<\/p>\n\t<\/div>\n\t<p><span class=\"wpcf7-form-control-wrap\" data-name=\"glob-subject\"><input size=\"40\" maxlength=\"400\" class=\"wpcf7-form-control wpcf7-text wpcf7-validates-as-required\" aria-required=\"true\" aria-invalid=\"false\" placeholder=\"Subject\" value=\"\" type=\"text\" name=\"glob-subject\" \/><\/span>\n\t<\/p>\n\t<p><span class=\"wpcf7-form-control-wrap\" data-name=\"glob-message\"><textarea cols=\"40\" rows=\"10\" maxlength=\"2000\" class=\"wpcf7-form-control wpcf7-textarea\" aria-invalid=\"false\" placeholder=\"Message\" name=\"glob-message\"><\/textarea><\/span>\n\t<\/p>\n\t<p><input class=\"wpcf7-form-control wpcf7-submit has-spinner\" type=\"submit\" value=\"Send\" \/>\n\t<\/p>\n<\/div><div class=\"wpcf7-response-output\" aria-hidden=\"true\"><\/div>\n<input type=\"hidden\" name=\"trp-form-language\" value=\"en\"\/><\/form>\n<\/div>\n<\/p>\t\t\t\t\t\t\t\t<\/div>\n\t\t\t\t<\/div>\n\t\t\t\t<\/div>\n\t\t<div class=\"elementor-element elementor-element-3c0faac e-con-full e-flex e-con e-child\" data-id=\"3c0faac\" data-element_type=\"container\" data-e-type=\"container\">\n\t\t\t\t<div class=\"elementor-element elementor-element-ed259d5 elementor-widget elementor-widget-heading\" data-id=\"ed259d5\" data-element_type=\"widget\" data-e-type=\"widget\" data-widget_type=\"heading.default\">\n\t\t\t\t<div class=\"elementor-widget-container\">\n\t\t\t\t\t<h2 class=\"elementor-heading-title elementor-size-default\">Sales department<\/h2>\t\t\t\t<\/div>\n\t\t\t\t<\/div>\n\t\t\t\t<div class=\"elementor-element elementor-element-35a991c elementor-widget elementor-widget-text-editor\" data-id=\"35a991c\" data-element_type=\"widget\" data-e-type=\"widget\" data-widget_type=\"text-editor.default\">\n\t\t\t\t<div class=\"elementor-widget-container\">\n\t\t\t\t\t\t\t\t\t<p><img loading=\"lazy\" decoding=\"async\" class=\"alignnone size-full wp-image-917\" src=\"https:\/\/blank.net.do\/globalmedica\/wp-content\/uploads\/2024\/05\/icon-phone-1.gif\" alt=\"\" width=\"23\" height=\"22\" srcset=\"https:\/\/gevenmed.net\/wp-content\/uploads\/2024\/05\/icon-phone-1.gif 23w, https:\/\/gevenmed.net\/wp-content\/uploads\/2024\/05\/icon-phone-1-13x12.gif 13w\" sizes=\"(max-width: 23px) 100vw, 23px\" \/>+1 (809) 333-1100<br \/><img loading=\"lazy\" decoding=\"async\" class=\"alignnone size-full wp-image-915\" src=\"https:\/\/blank.net.do\/globalmedica\/wp-content\/uploads\/2024\/05\/icon-email-1.gif\" alt=\"\" width=\"23\" height=\"22\" srcset=\"https:\/\/gevenmed.net\/wp-content\/uploads\/2024\/05\/icon-email-1.gif 23w, https:\/\/gevenmed.net\/wp-content\/uploads\/2024\/05\/icon-email-1-13x12.gif 13w\" sizes=\"(max-width: 23px) 100vw, 23px\" \/>\u00a0sales@gevenmed.net<\/p>\t\t\t\t\t\t\t\t<\/div>\n\t\t\t\t<\/div>\n\t\t\t\t<div class=\"elementor-element elementor-element-efe6f26 elementor-widget elementor-widget-heading\" data-id=\"efe6f26\" data-element_type=\"widget\" data-e-type=\"widget\" data-widget_type=\"heading.default\">\n\t\t\t\t<div class=\"elementor-widget-container\">\n\t\t\t\t\t<h2 class=\"elementor-heading-title elementor-size-default\">Service for the entire Caribbean:<\/h2>\t\t\t\t<\/div>\n\t\t\t\t<\/div>\n\t\t\t\t<div class=\"elementor-element elementor-element-f66d225 elementor-widget elementor-widget-text-editor\" data-id=\"f66d225\" data-element_type=\"widget\" data-e-type=\"widget\" data-widget_type=\"text-editor.default\">\n\t\t\t\t<div class=\"elementor-widget-container\">\n\t\t\t\t\t\t\t\t\t<p><img loading=\"lazy\" decoding=\"async\" class=\"alignnone size-full wp-image-917\" src=\"https:\/\/blank.net.do\/globalmedica\/wp-content\/uploads\/2024\/05\/icon-phone-1.gif\" alt=\"\" width=\"23\" height=\"22\" srcset=\"https:\/\/gevenmed.net\/wp-content\/uploads\/2024\/05\/icon-phone-1.gif 23w, https:\/\/gevenmed.net\/wp-content\/uploads\/2024\/05\/icon-phone-1-13x12.gif 13w\" sizes=\"(max-width: 23px) 100vw, 23px\" \/>+1 (809) 333-1100 ext. 217 \/ 239 <br \/><img loading=\"lazy\" decoding=\"async\" class=\"alignnone size-medium wp-image-916\" src=\"https:\/\/blank.net.do\/globalmedica\/wp-content\/uploads\/2024\/05\/icon-whatsapp-1.gif\" alt=\"\" width=\"23\" height=\"22\" srcset=\"https:\/\/gevenmed.net\/wp-content\/uploads\/2024\/05\/icon-whatsapp-1.gif 23w, https:\/\/gevenmed.net\/wp-content\/uploads\/2024\/05\/icon-whatsapp-1-13x12.gif 13w\" sizes=\"(max-width: 23px) 100vw, 23px\" \/>+1 (829) 629 1776<br \/><img loading=\"lazy\" decoding=\"async\" class=\"alignnone size-medium wp-image-916\" src=\"https:\/\/blank.net.do\/globalmedica\/wp-content\/uploads\/2024\/05\/icon-whatsapp-1.gif\" alt=\"\" width=\"23\" height=\"22\" srcset=\"https:\/\/gevenmed.net\/wp-content\/uploads\/2024\/05\/icon-whatsapp-1.gif 23w, https:\/\/gevenmed.net\/wp-content\/uploads\/2024\/05\/icon-whatsapp-1-13x12.gif 13w\" sizes=\"(max-width: 23px) 100vw, 23px\" \/>+1 (829) 659 3671<br \/><img loading=\"lazy\" decoding=\"async\" class=\"alignnone size-full wp-image-915\" src=\"https:\/\/blank.net.do\/globalmedica\/wp-content\/uploads\/2024\/05\/icon-email-1.gif\" alt=\"\" width=\"23\" height=\"22\" srcset=\"https:\/\/gevenmed.net\/wp-content\/uploads\/2024\/05\/icon-email-1.gif 23w, https:\/\/gevenmed.net\/wp-content\/uploads\/2024\/05\/icon-email-1-13x12.gif 13w\" sizes=\"(max-width: 23px) 100vw, 23px\" \/> service@gevenmed.net<\/p>\t\t\t\t\t\t\t\t<\/div>\n\t\t\t\t<\/div>\n\t\t\t\t<\/div>\n\t\t\t\t\t<\/div>\n\t\t\t\t<\/div>\n\t\t\t\t<\/div>","protected":false},"excerpt":{"rendered":"<p>PRODUCTOS Para Gevenmed, lo m\u00e1s importante es el beneficio del paciente, a trav\u00e9s del desarrollo de soluciones verdaderamente actualizadas en tecnolog\u00eda m\u00e9dica. Nuestros aliados hacen posible que cada uno de nuestros productos sea una esperanza de diagn\u00f3stico, y\/o tratamiento para miles de personas. Diagn\u00f3stico por Im\u00e1genes Ultrasonido Sistemas de informaci\u00f3n Radioterapia Soporte de Vida CONTACTO [&hellip;]<\/p>\n","protected":false},"author":3,"featured_media":0,"parent":0,"menu_order":5,"comment_status":"closed","ping_status":"closed","template":"","meta":{"footnotes":""},"class_list":["post-983","page","type-page","status-publish","hentry"],"_links":{"self":[{"href":"https:\/\/gevenmed.net\/en\/wp-json\/wp\/v2\/pages\/983","targetHints":{"allow":["GET"]}}],"collection":[{"href":"https:\/\/gevenmed.net\/en\/wp-json\/wp\/v2\/pages"}],"about":[{"href":"https:\/\/gevenmed.net\/en\/wp-json\/wp\/v2\/types\/page"}],"author":[{"embeddable":true,"href":"https:\/\/gevenmed.net\/en\/wp-json\/wp\/v2\/users\/3"}],"replies":[{"embeddable":true,"href":"https:\/\/gevenmed.net\/en\/wp-json\/wp\/v2\/comments?post=983"}],"version-history":[{"count":7,"href":"https:\/\/gevenmed.net\/en\/wp-json\/wp\/v2\/pages\/983\/revisions"}],"predecessor-version":[{"id":3988,"href":"https:\/\/gevenmed.net\/en\/wp-json\/wp\/v2\/pages\/983\/revisions\/3988"}],"wp:attachment":[{"href":"https:\/\/gevenmed.net\/en\/wp-json\/wp\/v2\/media?parent=983"}],"curies":[{"name":"wp","href":"https:\/\/api.w.org\/{rel}","templated":true}]}}