{"id":614,"date":"2024-05-13T09:05:46","date_gmt":"2024-05-13T09:05:46","guid":{"rendered":"https:\/\/global-medica.com\/?page_id=614"},"modified":"2025-11-21T14:42:33","modified_gmt":"2025-11-21T14:42:33","slug":"nosotros","status":"publish","type":"page","link":"https:\/\/gevenmed.net\/en\/nosotros\/","title":{"rendered":"About Us"},"content":{"rendered":"<div data-elementor-type=\"wp-post\" data-elementor-id=\"614\" class=\"elementor elementor-614\" data-elementor-post-type=\"page\">\n\t\t\t\t<div class=\"elementor-element elementor-element-23dd6b3 e-con-full e-flex e-con e-parent\" data-id=\"23dd6b3\" data-element_type=\"container\" data-e-type=\"container\">\n\t\t\t\t<div class=\"elementor-element elementor-element-951340f elementor-invisible elementor-widget elementor-widget-image\" data-id=\"951340f\" data-element_type=\"widget\" data-e-type=\"widget\" data-settings=\"{&quot;_animation&quot;:&quot;fadeIn&quot;,&quot;_animation_delay&quot;:100}\" data-widget_type=\"image.default\">\n\t\t\t\t<div class=\"elementor-widget-container\">\n\t\t\t\t\t\t\t\t\t\t\t\t\t\t\t<img fetchpriority=\"high\" decoding=\"async\" width=\"1920\" height=\"200\" src=\"https:\/\/gevenmed.net\/wp-content\/uploads\/2024\/05\/titulobarra-01.jpg\" class=\"attachment-full size-full wp-image-631\" alt=\"title image\" srcset=\"https:\/\/gevenmed.net\/wp-content\/uploads\/2024\/05\/titulobarra-01.jpg 1920w, https:\/\/gevenmed.net\/wp-content\/uploads\/2024\/05\/titulobarra-01-300x31.jpg 300w, https:\/\/gevenmed.net\/wp-content\/uploads\/2024\/05\/titulobarra-01-1024x107.jpg 1024w, https:\/\/gevenmed.net\/wp-content\/uploads\/2024\/05\/titulobarra-01-768x80.jpg 768w, https:\/\/gevenmed.net\/wp-content\/uploads\/2024\/05\/titulobarra-01-1536x160.jpg 1536w, https:\/\/gevenmed.net\/wp-content\/uploads\/2024\/05\/titulobarra-01-18x2.jpg 18w, https:\/\/gevenmed.net\/wp-content\/uploads\/2024\/05\/titulobarra-01-600x63.jpg 600w\" sizes=\"(max-width: 1920px) 100vw, 1920px\" \/>\t\t\t\t\t\t\t\t\t\t\t\t\t\t\t<\/div>\n\t\t\t\t<\/div>\n\t\t\t\t<\/div>\n\t\t<div class=\"elementor-element elementor-element-def9947 e-flex e-con-boxed e-con e-parent\" data-id=\"def9947\" data-element_type=\"container\" data-e-type=\"container\">\n\t\t\t\t\t<div class=\"e-con-inner\">\n\t\t<div class=\"elementor-element elementor-element-3c447dd e-con-full e-flex e-con e-child\" data-id=\"3c447dd\" data-element_type=\"container\" data-e-type=\"container\">\n\t\t\t\t<div class=\"elementor-element elementor-element-89e2188 gm-h2 max740 elementor-widget__width-inherit elementor-invisible elementor-widget elementor-widget-heading\" data-id=\"89e2188\" data-element_type=\"widget\" data-e-type=\"widget\" data-settings=\"{&quot;_animation&quot;:&quot;fadeIn&quot;,&quot;_animation_delay&quot;:200}\" data-widget_type=\"heading.default\">\n\t\t\t\t<div class=\"elementor-widget-container\">\n\t\t\t\t\t<h2 class=\"elementor-heading-title elementor-size-default\">ABOUT US<\/h2>\t\t\t\t<\/div>\n\t\t\t\t<\/div>\n\t\t\t\t<div class=\"elementor-element elementor-element-c2c1980 elementor-widget__width-inherit max740 elementor-invisible elementor-widget elementor-widget-text-editor\" data-id=\"c2c1980\" data-element_type=\"widget\" data-e-type=\"widget\" data-settings=\"{&quot;_animation&quot;:&quot;fadeIn&quot;,&quot;_animation_delay&quot;:300}\" data-widget_type=\"text-editor.default\">\n\t\t\t\t<div class=\"elementor-widget-container\">\n\t\t\t\t\t\t\t\t\t<p>In Gevenmed we are <b>Support, Technology and Life,<\/b> dedicating ourselves to offering innovative technological solutions in the healthcare field, specifically in Imaging Diagnostics, Life Support, and Oncological Treatment, integrating high-quality products, professional consulting, technical service, and continuous education.<\/p><p>We are part of a multinational group with operations in the Caribbean, with more than 40 years of being Authorized Dealers of General Electric HealthCare, and other major brands in the Health Sector.<\/p><p>Our Technical Service team complements our pre- and post-sales consulting process, thereby meeting customers\u2019 needs. Our technical service engineers have been trained and certified according to our manufacturers\u2019 guidelines.<\/p><p>Our partners make it possible for each of our products to be a source of hope for diagnosis and cure for thousands of people around the world.<\/p>\t\t\t\t\t\t\t\t<\/div>\n\t\t\t\t<\/div>\n\t\t\t\t<\/div>\n\t\t<div class=\"elementor-element elementor-element-0a87eb2 e-con-full e-flex elementor-invisible e-con e-child\" data-id=\"0a87eb2\" data-element_type=\"container\" data-e-type=\"container\" data-settings=\"{&quot;background_background&quot;:&quot;classic&quot;,&quot;animation&quot;:&quot;fadeIn&quot;,&quot;animation_delay&quot;:400}\">\n\t\t\t\t<div class=\"elementor-element elementor-element-44b815c elementor-widget elementor-widget-image\" data-id=\"44b815c\" data-element_type=\"widget\" data-e-type=\"widget\" data-widget_type=\"image.default\">\n\t\t\t\t<div class=\"elementor-widget-container\">\n\t\t\t\t\t\t\t\t\t\t\t\t\t\t\t<img decoding=\"async\" width=\"627\" height=\"957\" src=\"https:\/\/gevenmed.net\/wp-content\/uploads\/2025\/11\/nos-02.jpg\" class=\"attachment-large size-large wp-image-3951\" alt=\"\" srcset=\"https:\/\/gevenmed.net\/wp-content\/uploads\/2025\/11\/nos-02.jpg 627w, https:\/\/gevenmed.net\/wp-content\/uploads\/2025\/11\/nos-02-197x300.jpg 197w, https:\/\/gevenmed.net\/wp-content\/uploads\/2025\/11\/nos-02-8x12.jpg 8w, https:\/\/gevenmed.net\/wp-content\/uploads\/2025\/11\/nos-02-600x916.jpg 600w\" sizes=\"(max-width: 627px) 100vw, 627px\" \/>\t\t\t\t\t\t\t\t\t\t\t\t\t\t\t<\/div>\n\t\t\t\t<\/div>\n\t\t\t\t<\/div>\n\t\t\t\t\t<\/div>\n\t\t\t\t<\/div>\n\t\t<div class=\"elementor-element elementor-element-5ca1b5f e-flex e-con-boxed e-con e-parent\" data-id=\"5ca1b5f\" data-element_type=\"container\" data-e-type=\"container\" data-settings=\"{&quot;background_background&quot;:&quot;classic&quot;}\">\n\t\t\t\t\t<div class=\"e-con-inner\">\n\t\t\t\t<div class=\"elementor-element elementor-element-d62b97a elementor-widget__width-initial elementor-widget elementor-widget-heading\" data-id=\"d62b97a\" data-element_type=\"widget\" data-e-type=\"widget\" data-widget_type=\"heading.default\">\n\t\t\t\t<div class=\"elementor-widget-container\">\n\t\t\t\t\t<h2 class=\"elementor-heading-title elementor-size-default\">We specialize in providing medical equipment to diagnose countless pathologies, as well as equipment for cancer treatment, reengineering processes for the Digitization of Imaging Departments, Minimally Invasive Surgical Technology, and high-tech hospital equipment. We carry out reengineering processes for department digitalization, medical image printing, and, in general, provide high-tech hospital medical equipment.<\/h2>\t\t\t\t<\/div>\n\t\t\t\t<\/div>\n\t\t\t\t\t<\/div>\n\t\t\t\t<\/div>\n\t\t<div class=\"elementor-element elementor-element-28943c6 e-flex e-con-boxed e-con e-parent\" data-id=\"28943c6\" data-element_type=\"container\" data-e-type=\"container\" data-settings=\"{&quot;background_background&quot;:&quot;classic&quot;}\">\n\t\t\t\t\t<div class=\"e-con-inner\">\n\t\t\t\t<div class=\"elementor-element elementor-element-23110f4 gm-h2 elementor-widget__width-inherit elementor-widget elementor-widget-heading\" data-id=\"23110f4\" data-element_type=\"widget\" data-e-type=\"widget\" data-widget_type=\"heading.default\">\n\t\t\t\t<div class=\"elementor-widget-container\">\n\t\t\t\t\t<h2 class=\"elementor-heading-title elementor-size-default\">Authorized Distributors<\/h2>\t\t\t\t<\/div>\n\t\t\t\t<\/div>\n\t\t<div class=\"elementor-element elementor-element-c3b1bb1 e-grid e-con-boxed e-con e-child\" data-id=\"c3b1bb1\" data-element_type=\"container\" data-e-type=\"container\">\n\t\t\t\t\t<div class=\"e-con-inner\">\n\t\t\t\t<div class=\"elementor-element elementor-element-c00a1f1 elementor-widget elementor-widget-image\" data-id=\"c00a1f1\" data-element_type=\"widget\" data-e-type=\"widget\" data-widget_type=\"image.default\">\n\t\t\t\t<div class=\"elementor-widget-container\">\n\t\t\t\t\t\t\t\t\t\t\t\t\t\t\t<img decoding=\"async\" width=\"466\" height=\"158\" src=\"https:\/\/gevenmed.net\/wp-content\/uploads\/2024\/05\/001-logo.png\" class=\"attachment-large size-large wp-image-661\" alt=\"GE healthcare\" srcset=\"https:\/\/gevenmed.net\/wp-content\/uploads\/2024\/05\/001-logo.png 466w, https:\/\/gevenmed.net\/wp-content\/uploads\/2024\/05\/001-logo-300x102.png 300w, https:\/\/gevenmed.net\/wp-content\/uploads\/2024\/05\/001-logo-18x6.png 18w\" sizes=\"(max-width: 466px) 100vw, 466px\" \/>\t\t\t\t\t\t\t\t\t\t\t\t\t\t\t<\/div>\n\t\t\t\t<\/div>\n\t\t\t\t<div class=\"elementor-element elementor-element-af5e4b4 elementor-widget elementor-widget-image\" data-id=\"af5e4b4\" data-element_type=\"widget\" data-e-type=\"widget\" data-widget_type=\"image.default\">\n\t\t\t\t<div class=\"elementor-widget-container\">\n\t\t\t\t\t\t\t\t\t\t\t\t\t\t\t<img loading=\"lazy\" decoding=\"async\" width=\"466\" height=\"158\" src=\"https:\/\/gevenmed.net\/wp-content\/uploads\/2024\/05\/002-logo.png\" class=\"attachment-large size-large wp-image-660\" alt=\"iradimed\" srcset=\"https:\/\/gevenmed.net\/wp-content\/uploads\/2024\/05\/002-logo.png 466w, https:\/\/gevenmed.net\/wp-content\/uploads\/2024\/05\/002-logo-300x102.png 300w, https:\/\/gevenmed.net\/wp-content\/uploads\/2024\/05\/002-logo-18x6.png 18w\" sizes=\"(max-width: 466px) 100vw, 466px\" \/>\t\t\t\t\t\t\t\t\t\t\t\t\t\t\t<\/div>\n\t\t\t\t<\/div>\n\t\t\t\t<div class=\"elementor-element elementor-element-5476b5d elementor-widget elementor-widget-image\" data-id=\"5476b5d\" data-element_type=\"widget\" data-e-type=\"widget\" data-widget_type=\"image.default\">\n\t\t\t\t<div class=\"elementor-widget-container\">\n\t\t\t\t\t\t\t\t\t\t\t\t\t\t\t<img loading=\"lazy\" decoding=\"async\" width=\"466\" height=\"158\" src=\"https:\/\/gevenmed.net\/wp-content\/uploads\/2024\/05\/003-logo.png\" class=\"attachment-large size-large wp-image-659\" alt=\"bk medical\" srcset=\"https:\/\/gevenmed.net\/wp-content\/uploads\/2024\/05\/003-logo.png 466w, https:\/\/gevenmed.net\/wp-content\/uploads\/2024\/05\/003-logo-300x102.png 300w, https:\/\/gevenmed.net\/wp-content\/uploads\/2024\/05\/003-logo-18x6.png 18w\" sizes=\"(max-width: 466px) 100vw, 466px\" \/>\t\t\t\t\t\t\t\t\t\t\t\t\t\t\t<\/div>\n\t\t\t\t<\/div>\n\t\t\t\t\t<\/div>\n\t\t\t\t<\/div>\n\t\t<div class=\"elementor-element elementor-element-8d17101 e-grid e-con-boxed e-con e-child\" data-id=\"8d17101\" data-element_type=\"container\" data-e-type=\"container\">\n\t\t\t\t\t<div class=\"e-con-inner\">\n\t\t\t\t<div class=\"elementor-element elementor-element-f76d19b elementor-widget elementor-widget-image\" data-id=\"f76d19b\" data-element_type=\"widget\" data-e-type=\"widget\" data-widget_type=\"image.default\">\n\t\t\t\t<div class=\"elementor-widget-container\">\n\t\t\t\t\t\t\t\t\t\t\t\t\t\t\t<img loading=\"lazy\" decoding=\"async\" width=\"466\" height=\"158\" src=\"https:\/\/gevenmed.net\/wp-content\/uploads\/2024\/05\/004-logo.png\" class=\"attachment-large size-large wp-image-658\" alt=\"Varian\" srcset=\"https:\/\/gevenmed.net\/wp-content\/uploads\/2024\/05\/004-logo.png 466w, https:\/\/gevenmed.net\/wp-content\/uploads\/2024\/05\/004-logo-300x102.png 300w, https:\/\/gevenmed.net\/wp-content\/uploads\/2024\/05\/004-logo-18x6.png 18w\" sizes=\"(max-width: 466px) 100vw, 466px\" \/>\t\t\t\t\t\t\t\t\t\t\t\t\t\t\t<\/div>\n\t\t\t\t<\/div>\n\t\t\t\t<div class=\"elementor-element elementor-element-aeac67a elementor-widget elementor-widget-image\" data-id=\"aeac67a\" data-element_type=\"widget\" data-e-type=\"widget\" data-widget_type=\"image.default\">\n\t\t\t\t<div class=\"elementor-widget-container\">\n\t\t\t\t\t\t\t\t\t\t\t\t\t\t\t<img loading=\"lazy\" decoding=\"async\" width=\"466\" height=\"158\" src=\"https:\/\/gevenmed.net\/wp-content\/uploads\/2024\/05\/005-logo.png\" class=\"attachment-large size-large wp-image-657\" alt=\"CMR\" srcset=\"https:\/\/gevenmed.net\/wp-content\/uploads\/2024\/05\/005-logo.png 466w, https:\/\/gevenmed.net\/wp-content\/uploads\/2024\/05\/005-logo-300x102.png 300w, https:\/\/gevenmed.net\/wp-content\/uploads\/2024\/05\/005-logo-18x6.png 18w\" sizes=\"(max-width: 466px) 100vw, 466px\" \/>\t\t\t\t\t\t\t\t\t\t\t\t\t\t\t<\/div>\n\t\t\t\t<\/div>\n\t\t\t\t\t<\/div>\n\t\t\t\t<\/div>\n\t\t\t\t\t<\/div>\n\t\t\t\t<\/div>\n\t\t<div class=\"elementor-element elementor-element-1124e81 e-flex e-con-boxed e-con e-parent\" data-id=\"1124e81\" data-element_type=\"container\" data-e-type=\"container\">\n\t\t\t\t\t<div class=\"e-con-inner\">\n\t\t<div class=\"elementor-element elementor-element-8a205f2 e-con-full e-flex e-con e-child\" data-id=\"8a205f2\" data-element_type=\"container\" data-e-type=\"container\">\n\t\t\t\t<div class=\"elementor-element elementor-element-91ec074 gm-h2 elementor-widget__width-inherit elementor-widget elementor-widget-heading\" data-id=\"91ec074\" data-element_type=\"widget\" data-e-type=\"widget\" data-widget_type=\"heading.default\">\n\t\t\t\t<div class=\"elementor-widget-container\">\n\t\t\t\t\t<h2 class=\"elementor-heading-title elementor-size-default\">CONTACT<\/h2>\t\t\t\t<\/div>\n\t\t\t\t<\/div>\n\t\t\t\t<div class=\"elementor-element elementor-element-dd93351 elementor-widget elementor-widget-text-editor\" data-id=\"dd93351\" data-element_type=\"widget\" data-e-type=\"widget\" data-widget_type=\"text-editor.default\">\n\t\t\t\t<div class=\"elementor-widget-container\">\n\t\t\t\t\t\t\t\t\t<p>\n<div class=\"wpcf7 no-js\" id=\"wpcf7-f396-o1\" lang=\"en-US\" dir=\"ltr\" data-wpcf7-id=\"396\">\n<div class=\"screen-reader-response\"><p role=\"status\" aria-live=\"polite\" aria-atomic=\"true\"><\/p> <ul><\/ul><\/div>\n<form action=\"\/en\/wp-json\/wp\/v2\/pages\/614#wpcf7-f396-o1\" method=\"post\" class=\"wpcf7-form init\" aria-label=\"Contact form\" novalidate=\"novalidate\" data-status=\"init\" data-trp-original-action=\"\/en\/wp-json\/wp\/v2\/pages\/614#wpcf7-f396-o1\">\n<fieldset class=\"hidden-fields-container\"><input type=\"hidden\" name=\"_wpcf7\" value=\"396\" \/><input type=\"hidden\" name=\"_wpcf7_version\" value=\"6.1.5\" \/><input type=\"hidden\" name=\"_wpcf7_locale\" value=\"en_US\" \/><input type=\"hidden\" name=\"_wpcf7_unit_tag\" value=\"wpcf7-f396-o1\" \/><input type=\"hidden\" name=\"_wpcf7_container_post\" value=\"0\" \/><input type=\"hidden\" name=\"_wpcf7_posted_data_hash\" value=\"\" \/><input type=\"hidden\" name=\"_wpcf7_recaptcha_response\" value=\"\" \/>\n<\/fieldset>\n<div class=\"formulario\">\n\t<div class=\"col1\">\n\t\t<p><span class=\"wpcf7-form-control-wrap\" data-name=\"glob-name\"><input size=\"40\" maxlength=\"400\" class=\"wpcf7-form-control wpcf7-text wpcf7-validates-as-required\" autocomplete=\"name\" aria-required=\"true\" aria-invalid=\"false\" placeholder=\"Name\" value=\"\" type=\"text\" name=\"glob-name\" \/><\/span>\n\t\t<\/p>\n\t<\/div>\n\t<div class=\"col2\">\n\t\t<p><span class=\"wpcf7-form-control-wrap\" data-name=\"glob-email\"><input size=\"40\" maxlength=\"400\" class=\"wpcf7-form-control wpcf7-email wpcf7-validates-as-required wpcf7-text wpcf7-validates-as-email\" autocomplete=\"email\" aria-required=\"true\" aria-invalid=\"false\" placeholder=\"E-mail\" value=\"\" type=\"email\" name=\"glob-email\" \/><\/span>\n\t\t<\/p>\n\t<\/div>\n\t<p><span class=\"wpcf7-form-control-wrap\" data-name=\"glob-subject\"><input size=\"40\" maxlength=\"400\" class=\"wpcf7-form-control wpcf7-text wpcf7-validates-as-required\" aria-required=\"true\" aria-invalid=\"false\" placeholder=\"Subject\" value=\"\" type=\"text\" name=\"glob-subject\" \/><\/span>\n\t<\/p>\n\t<p><span class=\"wpcf7-form-control-wrap\" data-name=\"glob-message\"><textarea cols=\"40\" rows=\"10\" maxlength=\"2000\" class=\"wpcf7-form-control wpcf7-textarea\" aria-invalid=\"false\" placeholder=\"Message\" name=\"glob-message\"><\/textarea><\/span>\n\t<\/p>\n\t<p><input class=\"wpcf7-form-control wpcf7-submit has-spinner\" type=\"submit\" value=\"Send\" \/>\n\t<\/p>\n<\/div><div class=\"wpcf7-response-output\" aria-hidden=\"true\"><\/div>\n<input type=\"hidden\" name=\"trp-form-language\" value=\"en\"\/><\/form>\n<\/div>\n<\/p>\t\t\t\t\t\t\t\t<\/div>\n\t\t\t\t<\/div>\n\t\t\t\t<\/div>\n\t\t<div class=\"elementor-element elementor-element-b6cae65 e-con-full e-flex e-con e-child\" data-id=\"b6cae65\" data-element_type=\"container\" data-e-type=\"container\">\n\t\t\t\t<div class=\"elementor-element elementor-element-138d2e3 elementor-widget elementor-widget-heading\" data-id=\"138d2e3\" data-element_type=\"widget\" data-e-type=\"widget\" data-widget_type=\"heading.default\">\n\t\t\t\t<div class=\"elementor-widget-container\">\n\t\t\t\t\t<h2 class=\"elementor-heading-title elementor-size-default\">Sales department<\/h2>\t\t\t\t<\/div>\n\t\t\t\t<\/div>\n\t\t\t\t<div class=\"elementor-element elementor-element-7cf1970 elementor-widget elementor-widget-text-editor\" data-id=\"7cf1970\" data-element_type=\"widget\" data-e-type=\"widget\" data-widget_type=\"text-editor.default\">\n\t\t\t\t<div class=\"elementor-widget-container\">\n\t\t\t\t\t\t\t\t\t<p><img loading=\"lazy\" decoding=\"async\" class=\"alignnone size-full wp-image-917\" src=\"https:\/\/blank.net.do\/globalmedica\/wp-content\/uploads\/2024\/05\/icon-phone-1.gif\" alt=\"\" width=\"23\" height=\"22\" srcset=\"https:\/\/gevenmed.net\/wp-content\/uploads\/2024\/05\/icon-phone-1.gif 23w, https:\/\/gevenmed.net\/wp-content\/uploads\/2024\/05\/icon-phone-1-13x12.gif 13w\" sizes=\"(max-width: 23px) 100vw, 23px\" \/>+582122078906<br \/><img loading=\"lazy\" decoding=\"async\" class=\"alignnone size-full wp-image-915\" src=\"https:\/\/blank.net.do\/globalmedica\/wp-content\/uploads\/2024\/05\/icon-email-1.gif\" alt=\"\" width=\"23\" height=\"22\" srcset=\"https:\/\/gevenmed.net\/wp-content\/uploads\/2024\/05\/icon-email-1.gif 23w, https:\/\/gevenmed.net\/wp-content\/uploads\/2024\/05\/icon-email-1-13x12.gif 13w\" sizes=\"(max-width: 23px) 100vw, 23px\" \/> ventas@grupogvm.com<\/p>\t\t\t\t\t\t\t\t<\/div>\n\t\t\t\t<\/div>\n\t\t\t\t<div class=\"elementor-element elementor-element-3da5134 elementor-widget elementor-widget-heading\" data-id=\"3da5134\" data-element_type=\"widget\" data-e-type=\"widget\" data-widget_type=\"heading.default\">\n\t\t\t\t<div class=\"elementor-widget-container\">\n\t\t\t\t\t<h2 class=\"elementor-heading-title elementor-size-default\">Service for the entire Caribbean:<\/h2>\t\t\t\t<\/div>\n\t\t\t\t<\/div>\n\t\t\t\t<div class=\"elementor-element elementor-element-b9e7143 elementor-widget elementor-widget-text-editor\" data-id=\"b9e7143\" data-element_type=\"widget\" data-e-type=\"widget\" data-widget_type=\"text-editor.default\">\n\t\t\t\t<div class=\"elementor-widget-container\">\n\t\t\t\t\t\t\t\t\t<p><img loading=\"lazy\" decoding=\"async\" class=\"alignnone size-full wp-image-917\" src=\"https:\/\/blank.net.do\/globalmedica\/wp-content\/uploads\/2024\/05\/icon-phone-1.gif\" alt=\"\" width=\"23\" height=\"22\" srcset=\"https:\/\/gevenmed.net\/wp-content\/uploads\/2024\/05\/icon-phone-1.gif 23w, https:\/\/gevenmed.net\/wp-content\/uploads\/2024\/05\/icon-phone-1-13x12.gif 13w\" sizes=\"(max-width: 23px) 100vw, 23px\" \/>0212-2078899 <br \/><img loading=\"lazy\" decoding=\"async\" class=\"alignnone size-full wp-image-917\" src=\"https:\/\/blank.net.do\/globalmedica\/wp-content\/uploads\/2024\/05\/icon-phone-1.gif\" alt=\"\" width=\"23\" height=\"22\" srcset=\"https:\/\/gevenmed.net\/wp-content\/uploads\/2024\/05\/icon-phone-1.gif 23w, https:\/\/gevenmed.net\/wp-content\/uploads\/2024\/05\/icon-phone-1-13x12.gif 13w\" sizes=\"(max-width: 23px) 100vw, 23px\" \/>0212- 2078855<br \/><img loading=\"lazy\" decoding=\"async\" class=\"alignnone size-full wp-image-915\" src=\"https:\/\/blank.net.do\/globalmedica\/wp-content\/uploads\/2024\/05\/icon-email-1.gif\" alt=\"\" width=\"23\" height=\"22\" srcset=\"https:\/\/gevenmed.net\/wp-content\/uploads\/2024\/05\/icon-email-1.gif 23w, https:\/\/gevenmed.net\/wp-content\/uploads\/2024\/05\/icon-email-1-13x12.gif 13w\" sizes=\"(max-width: 23px) 100vw, 23px\" \/> postventas@grupogvm.com<\/p>\t\t\t\t\t\t\t\t<\/div>\n\t\t\t\t<\/div>\n\t\t\t\t<\/div>\n\t\t\t\t\t<\/div>\n\t\t\t\t<\/div>\n\t\t\t\t<\/div>","protected":false},"excerpt":{"rendered":"<p>SOBRE NOSOTROS En Gevenmed somos Respaldo, Tecnolog\u00eda y Vida y nos dedicamos a ofrecer Soluciones Tecnol\u00f3gicas innovadoras en el \u00e1rea de Cuidado de la Salud, espec\u00edficamente en Diagn\u00f3stico por Im\u00e1genes, Soporte de Vida y Tratamiento Oncol\u00f3gico, integrando productos de calidad, Asesor\u00eda Profesional, Servicio T\u00e9cnico y Educaci\u00f3n Continua. Somos parte de un grupo multinacional con operaciones [&hellip;]<\/p>\n","protected":false},"author":3,"featured_media":0,"parent":0,"menu_order":2,"comment_status":"closed","ping_status":"closed","template":"elementor_header_footer","meta":{"footnotes":""},"class_list":["post-614","page","type-page","status-publish","hentry"],"_links":{"self":[{"href":"https:\/\/gevenmed.net\/en\/wp-json\/wp\/v2\/pages\/614","targetHints":{"allow":["GET"]}}],"collection":[{"href":"https:\/\/gevenmed.net\/en\/wp-json\/wp\/v2\/pages"}],"about":[{"href":"https:\/\/gevenmed.net\/en\/wp-json\/wp\/v2\/types\/page"}],"author":[{"embeddable":true,"href":"https:\/\/gevenmed.net\/en\/wp-json\/wp\/v2\/users\/3"}],"replies":[{"embeddable":true,"href":"https:\/\/gevenmed.net\/en\/wp-json\/wp\/v2\/comments?post=614"}],"version-history":[{"count":7,"href":"https:\/\/gevenmed.net\/en\/wp-json\/wp\/v2\/pages\/614\/revisions"}],"predecessor-version":[{"id":3954,"href":"https:\/\/gevenmed.net\/en\/wp-json\/wp\/v2\/pages\/614\/revisions\/3954"}],"wp:attachment":[{"href":"https:\/\/gevenmed.net\/en\/wp-json\/wp\/v2\/media?parent=614"}],"curies":[{"name":"wp","href":"https:\/\/api.w.org\/{rel}","templated":true}]}}