{"id":3777,"date":"2025-09-10T13:46:05","date_gmt":"2025-09-10T13:46:05","guid":{"rendered":"https:\/\/globalmedica.lemachi.de\/?page_id=3777"},"modified":"2025-09-10T14:33:59","modified_gmt":"2025-09-10T14:33:59","slug":"monitoreo-de-signos-vitales","status":"publish","type":"page","link":"https:\/\/gevenmed.net\/en\/especialidades\/monitoreo-de-signos-vitales\/","title":{"rendered":"Vital Signs monitoring"},"content":{"rendered":"<div data-elementor-type=\"wp-page\" data-elementor-id=\"3777\" class=\"elementor elementor-3777\" data-elementor-post-type=\"page\">\n\t\t\t\t<div class=\"elementor-element elementor-element-b5ac43f e-flex e-con-boxed e-con e-parent\" data-id=\"b5ac43f\" data-element_type=\"container\" data-e-type=\"container\">\n\t\t\t\t\t<div class=\"e-con-inner\">\n\t\t\t\t<div class=\"elementor-element elementor-element-559f654 elementor-widget elementor-widget-spacer\" data-id=\"559f654\" data-element_type=\"widget\" data-e-type=\"widget\" data-widget_type=\"spacer.default\">\n\t\t\t\t<div class=\"elementor-widget-container\">\n\t\t\t\t\t\t\t<div class=\"elementor-spacer\">\n\t\t\t<div class=\"elementor-spacer-inner\"><\/div>\n\t\t<\/div>\n\t\t\t\t\t\t<\/div>\n\t\t\t\t<\/div>\n\t\t\t\t\t<\/div>\n\t\t\t\t<\/div>\n\t\t<div class=\"elementor-element elementor-element-1ffd454 e-flex e-con-boxed elementor-invisible e-con e-parent\" data-id=\"1ffd454\" data-element_type=\"container\" data-e-type=\"container\" data-settings=\"{&quot;animation&quot;:&quot;fadeIn&quot;}\">\n\t\t\t\t\t<div class=\"e-con-inner\">\n\t\t<div class=\"elementor-element elementor-element-02ea1df e-con-full e-flex e-con e-child\" data-id=\"02ea1df\" data-element_type=\"container\" data-e-type=\"container\">\n\t\t\t\t<div class=\"elementor-element elementor-element-3b0720d elementor-widget elementor-widget-heading\" data-id=\"3b0720d\" data-element_type=\"widget\" data-e-type=\"widget\" data-widget_type=\"heading.default\">\n\t\t\t\t<div class=\"elementor-widget-container\">\n\t\t\t\t\t<h2 class=\"elementor-heading-title elementor-size-default\">DINAMAP V100<\/h2>\t\t\t\t<\/div>\n\t\t\t\t<\/div>\n\t\t\t\t<div class=\"elementor-element elementor-element-2c4201e elementor-widget elementor-widget-text-editor\" data-id=\"2c4201e\" data-element_type=\"widget\" data-e-type=\"widget\" data-widget_type=\"text-editor.default\">\n\t\t\t\t<div class=\"elementor-widget-container\">\n\t\t\t\t\t\t\t\t\tThe monitor CARESCAPETM V100 is a monitor of vital signs reliable and easy to use which helps you to make quick decisions and quality. The monitor V100 helps to improve the comfort of the patient while at the same time a large clinical accuracy. Can also be used for continuous monitoring, providing you the flexibility of two devices in one: a static device and another to make the rounds of visits. It is designed for use in adult patients, pediatric and even neonatal with perfusion pressure very low.\t\t\t\t\t\t\t\t<\/div>\n\t\t\t\t<\/div>\n\t\t<div class=\"elementor-element elementor-element-6364478 e-grid e-con-full e-con e-child\" data-id=\"6364478\" data-element_type=\"container\" data-e-type=\"container\">\n\t\t\t\t<div class=\"elementor-element elementor-element-2bc6e96 elementor-align-justify elementor-widget elementor-widget-button\" data-id=\"2bc6e96\" data-element_type=\"widget\" data-e-type=\"widget\" data-widget_type=\"button.default\">\n\t\t\t\t<div class=\"elementor-widget-container\">\n\t\t\t\t\t\t\t\t\t<div class=\"elementor-button-wrapper\">\n\t\t\t\t\t<a class=\"elementor-button elementor-button-link elementor-size-sm\" href=\"https:\/\/www.gehealthcare.es\/products\/patient-monitoring\/patient-monitors\/carescape-v100\" target=\"_blank\">\n\t\t\t\t\t\t<span class=\"elementor-button-content-wrapper\">\n\t\t\t\t\t\t\t\t\t<span class=\"elementor-button-text\">Discover more<\/span>\n\t\t\t\t\t<\/span>\n\t\t\t\t\t<\/a>\n\t\t\t\t<\/div>\n\t\t\t\t\t\t\t\t<\/div>\n\t\t\t\t<\/div>\n\t\t\t\t<\/div>\n\t\t\t\t<\/div>\n\t\t<div class=\"elementor-element elementor-element-85595b2 e-con-full e-flex e-con e-child\" data-id=\"85595b2\" data-element_type=\"container\" data-e-type=\"container\">\n\t\t\t\t<div class=\"elementor-element elementor-element-92dd134 elementor-widget__width-auto elementor-widget elementor-widget-image\" data-id=\"92dd134\" data-element_type=\"widget\" data-e-type=\"widget\" data-widget_type=\"image.default\">\n\t\t\t\t<div class=\"elementor-widget-container\">\n\t\t\t\t\t\t\t\t\t\t\t\t\t\t\t<img decoding=\"async\" width=\"144\" height=\"32\" src=\"https:\/\/gevenmed.net\/wp-content\/uploads\/2025\/09\/logo-ge.png\" class=\"attachment-full size-full wp-image-3416\" alt=\"\" srcset=\"https:\/\/gevenmed.net\/wp-content\/uploads\/2025\/09\/logo-ge.png 144w, https:\/\/gevenmed.net\/wp-content\/uploads\/2025\/09\/logo-ge-18x4.png 18w\" sizes=\"(max-width: 144px) 100vw, 144px\" \/>\t\t\t\t\t\t\t\t\t\t\t\t\t\t\t<\/div>\n\t\t\t\t<\/div>\n\t\t\t\t<div class=\"elementor-element elementor-element-70fa0d5 elementor-widget elementor-widget-image\" data-id=\"70fa0d5\" data-element_type=\"widget\" data-e-type=\"widget\" data-widget_type=\"image.default\">\n\t\t\t\t<div class=\"elementor-widget-container\">\n\t\t\t\t\t\t\t\t\t\t\t\t\t\t\t<img fetchpriority=\"high\" decoding=\"async\" width=\"249\" height=\"505\" src=\"https:\/\/gevenmed.net\/wp-content\/uploads\/2025\/09\/Dinamap-V100.avif\" class=\"attachment-full size-full wp-image-3808\" alt=\"\" srcset=\"https:\/\/gevenmed.net\/wp-content\/uploads\/2025\/09\/Dinamap-V100.avif 249w, https:\/\/gevenmed.net\/wp-content\/uploads\/2025\/09\/Dinamap-V100-148x300.avif 148w, https:\/\/gevenmed.net\/wp-content\/uploads\/2025\/09\/Dinamap-V100-6x12.avif 6w\" sizes=\"(max-width: 249px) 100vw, 249px\" \/>\t\t\t\t\t\t\t\t\t\t\t\t\t\t\t<\/div>\n\t\t\t\t<\/div>\n\t\t\t\t<\/div>\n\t\t\t\t\t<\/div>\n\t\t\t\t<\/div>\n\t\t<div class=\"elementor-element elementor-element-686ff99 e-flex e-con-boxed elementor-invisible e-con e-parent\" data-id=\"686ff99\" data-element_type=\"container\" data-e-type=\"container\" data-settings=\"{&quot;animation&quot;:&quot;fadeIn&quot;}\">\n\t\t\t\t\t<div class=\"e-con-inner\">\n\t\t<div class=\"elementor-element elementor-element-027958b e-con-full e-flex e-con e-child\" data-id=\"027958b\" data-element_type=\"container\" data-e-type=\"container\">\n\t\t\t\t<div class=\"elementor-element elementor-element-cafae82 elementor-widget elementor-widget-heading\" data-id=\"cafae82\" data-element_type=\"widget\" data-e-type=\"widget\" data-widget_type=\"heading.default\">\n\t\t\t\t<div class=\"elementor-widget-container\">\n\t\t\t\t\t<h2 class=\"elementor-heading-title elementor-size-default\">B105\/125<\/h2>\t\t\t\t<\/div>\n\t\t\t\t<\/div>\n\t\t\t\t<div class=\"elementor-element elementor-element-6d145c3 elementor-widget elementor-widget-text-editor\" data-id=\"6d145c3\" data-element_type=\"widget\" data-e-type=\"widget\" data-widget_type=\"text-editor.default\">\n\t\t\t\t<div class=\"elementor-widget-container\">\n\t\t\t\t\t\t\t\t\tMonitors B105 and B125, are patient monitors, simple, flexible and reliable and provide a clinical performance that can be relied upon to make clinical decisions more informed. We have a diversified portfolio of innovative monitoring products that incorporate advanced technologies into patient monitors B105 and B125, as the technology of measurement of NIBP DINAMAP\u2122 SuperSTAT\u2122, the algorithm of arrhythmias EK-Pro v14, the SpO2 sensor TruSignal\u2122, the monitoring of anesthetic depth and modules respiratory CARESCAPE. Clinical excellence, achieved by scoring early warning (Early Warning Score), the full display and the monitoring of ventricular tachycardia, help to create a new benchmark of quality in monitoring of patients and to make decisions with greater confidence.\t\t\t\t\t\t\t\t<\/div>\n\t\t\t\t<\/div>\n\t\t<div class=\"elementor-element elementor-element-d8e78ff e-grid e-con-full e-con e-child\" data-id=\"d8e78ff\" data-element_type=\"container\" data-e-type=\"container\">\n\t\t\t\t<div class=\"elementor-element elementor-element-cea0f19 elementor-align-justify elementor-widget elementor-widget-button\" data-id=\"cea0f19\" data-element_type=\"widget\" data-e-type=\"widget\" data-widget_type=\"button.default\">\n\t\t\t\t<div class=\"elementor-widget-container\">\n\t\t\t\t\t\t\t\t\t<div class=\"elementor-button-wrapper\">\n\t\t\t\t\t<a class=\"elementor-button elementor-button-link elementor-size-sm\" href=\"https:\/\/www.gehealthcare.com\/products\/patient-monitoring\/patient-monitors\/b105-and-b125-patient-monitors?srsltid=AfmBOorD6wZ2FjwHfizUJrDj-gK95OaTsSNJOwdEzq6GIvlGtE5Ao-Rp\" target=\"_blank\">\n\t\t\t\t\t\t<span class=\"elementor-button-content-wrapper\">\n\t\t\t\t\t\t\t\t\t<span class=\"elementor-button-text\">Discover more<\/span>\n\t\t\t\t\t<\/span>\n\t\t\t\t\t<\/a>\n\t\t\t\t<\/div>\n\t\t\t\t\t\t\t\t<\/div>\n\t\t\t\t<\/div>\n\t\t\t\t<\/div>\n\t\t\t\t<\/div>\n\t\t<div class=\"elementor-element elementor-element-f656083 e-con-full e-flex e-con e-child\" data-id=\"f656083\" data-element_type=\"container\" data-e-type=\"container\">\n\t\t\t\t<div class=\"elementor-element elementor-element-55b9030 elementor-widget__width-auto elementor-widget elementor-widget-image\" data-id=\"55b9030\" data-element_type=\"widget\" data-e-type=\"widget\" data-widget_type=\"image.default\">\n\t\t\t\t<div class=\"elementor-widget-container\">\n\t\t\t\t\t\t\t\t\t\t\t\t\t\t\t<img decoding=\"async\" width=\"144\" height=\"32\" src=\"https:\/\/gevenmed.net\/wp-content\/uploads\/2025\/09\/logo-ge.png\" class=\"attachment-full size-full wp-image-3416\" alt=\"\" srcset=\"https:\/\/gevenmed.net\/wp-content\/uploads\/2025\/09\/logo-ge.png 144w, https:\/\/gevenmed.net\/wp-content\/uploads\/2025\/09\/logo-ge-18x4.png 18w\" sizes=\"(max-width: 144px) 100vw, 144px\" \/>\t\t\t\t\t\t\t\t\t\t\t\t\t\t\t<\/div>\n\t\t\t\t<\/div>\n\t\t\t\t<div class=\"elementor-element elementor-element-7bb3839 elementor-widget elementor-widget-image\" data-id=\"7bb3839\" data-element_type=\"widget\" data-e-type=\"widget\" data-widget_type=\"image.default\">\n\t\t\t\t<div class=\"elementor-widget-container\">\n\t\t\t\t\t\t\t\t\t\t\t\t\t\t\t<img decoding=\"async\" width=\"600\" height=\"387\" src=\"https:\/\/gevenmed.net\/wp-content\/uploads\/2025\/09\/B125-facing-right.avif\" class=\"attachment-full size-full wp-image-3809\" alt=\"\" srcset=\"https:\/\/gevenmed.net\/wp-content\/uploads\/2025\/09\/B125-facing-right.avif 600w, https:\/\/gevenmed.net\/wp-content\/uploads\/2025\/09\/B125-facing-right-300x194.avif 300w, https:\/\/gevenmed.net\/wp-content\/uploads\/2025\/09\/B125-facing-right-18x12.avif 18w\" sizes=\"(max-width: 600px) 100vw, 600px\" \/>\t\t\t\t\t\t\t\t\t\t\t\t\t\t\t<\/div>\n\t\t\t\t<\/div>\n\t\t\t\t<\/div>\n\t\t\t\t\t<\/div>\n\t\t\t\t<\/div>\n\t\t<div class=\"elementor-element elementor-element-5d87022 e-flex e-con-boxed elementor-invisible e-con e-parent\" data-id=\"5d87022\" data-element_type=\"container\" data-e-type=\"container\" data-settings=\"{&quot;animation&quot;:&quot;fadeIn&quot;}\">\n\t\t\t\t\t<div class=\"e-con-inner\">\n\t\t<div class=\"elementor-element elementor-element-e3df2a6 e-con-full e-flex e-con e-child\" data-id=\"e3df2a6\" data-element_type=\"container\" data-e-type=\"container\">\n\t\t\t\t<div class=\"elementor-element elementor-element-bd13f8a elementor-widget elementor-widget-heading\" data-id=\"bd13f8a\" data-element_type=\"widget\" data-e-type=\"widget\" data-widget_type=\"heading.default\">\n\t\t\t\t<div class=\"elementor-widget-container\">\n\t\t\t\t\t<h2 class=\"elementor-heading-title elementor-size-default\">CARESCAPE B450\/650\/850<\/h2>\t\t\t\t<\/div>\n\t\t\t\t<\/div>\n\t\t\t\t<div class=\"elementor-element elementor-element-87c59d0 elementor-widget elementor-widget-text-editor\" data-id=\"87c59d0\" data-element_type=\"widget\" data-e-type=\"widget\" data-widget_type=\"text-editor.default\">\n\t\t\t\t<div class=\"elementor-widget-container\">\n\t\t\t\t\t\t\t\t\tThe monitor CARESCAPE\u2122 B450 is a solution of a headboard compact with wireless capabilities and flexible supply to meet most of the needs of patients and to adapt to the environments of care. Flexibility and scalability. CARESCAPE B850 helps to provide clinical excellence, optimize workflows, care and protect their long-term investments. Learn the monitoring tools that you need today, on a platform designed for the future. The monitor CARESCAPE B650, designed to provide health care of exceptional quality, combines the features and functions you want, help you manage your patient flow and allows it to have the clinical information where and when you need it. The specific software for each unit of care allows you to tailor the monitors CARESCAPE B650 patient adult, pediatric and neonatal.\t\t\t\t\t\t\t\t<\/div>\n\t\t\t\t<\/div>\n\t\t<div class=\"elementor-element elementor-element-884a918 e-grid e-con-full e-con e-child\" data-id=\"884a918\" data-element_type=\"container\" data-e-type=\"container\">\n\t\t\t\t<div class=\"elementor-element elementor-element-81efb0b elementor-align-justify elementor-widget elementor-widget-button\" data-id=\"81efb0b\" data-element_type=\"widget\" data-e-type=\"widget\" data-widget_type=\"button.default\">\n\t\t\t\t<div class=\"elementor-widget-container\">\n\t\t\t\t\t\t\t\t\t<div class=\"elementor-button-wrapper\">\n\t\t\t\t\t<a class=\"elementor-button elementor-button-link elementor-size-sm\" href=\"https:\/\/www.gehealthcare.es\/products\/patient-monitoring\/patient-monitors\" target=\"_blank\">\n\t\t\t\t\t\t<span class=\"elementor-button-content-wrapper\">\n\t\t\t\t\t\t\t\t\t<span class=\"elementor-button-text\">Discover more<\/span>\n\t\t\t\t\t<\/span>\n\t\t\t\t\t<\/a>\n\t\t\t\t<\/div>\n\t\t\t\t\t\t\t\t<\/div>\n\t\t\t\t<\/div>\n\t\t\t\t<\/div>\n\t\t\t\t<\/div>\n\t\t<div class=\"elementor-element elementor-element-3893edb e-con-full e-flex e-con e-child\" data-id=\"3893edb\" data-element_type=\"container\" data-e-type=\"container\">\n\t\t\t\t<div class=\"elementor-element elementor-element-57cec4a elementor-widget__width-auto elementor-widget elementor-widget-image\" data-id=\"57cec4a\" data-element_type=\"widget\" data-e-type=\"widget\" data-widget_type=\"image.default\">\n\t\t\t\t<div class=\"elementor-widget-container\">\n\t\t\t\t\t\t\t\t\t\t\t\t\t\t\t<img decoding=\"async\" width=\"144\" height=\"32\" src=\"https:\/\/gevenmed.net\/wp-content\/uploads\/2025\/09\/logo-ge.png\" class=\"attachment-full size-full wp-image-3416\" alt=\"\" srcset=\"https:\/\/gevenmed.net\/wp-content\/uploads\/2025\/09\/logo-ge.png 144w, https:\/\/gevenmed.net\/wp-content\/uploads\/2025\/09\/logo-ge-18x4.png 18w\" sizes=\"(max-width: 144px) 100vw, 144px\" \/>\t\t\t\t\t\t\t\t\t\t\t\t\t\t\t<\/div>\n\t\t\t\t<\/div>\n\t\t\t\t<div class=\"elementor-element elementor-element-f3a04c7 elementor-widget elementor-widget-image\" data-id=\"f3a04c7\" data-element_type=\"widget\" data-e-type=\"widget\" data-widget_type=\"image.default\">\n\t\t\t\t<div class=\"elementor-widget-container\">\n\t\t\t\t\t\t\t\t\t\t\t\t\t\t\t<img loading=\"lazy\" decoding=\"async\" width=\"638\" height=\"408\" src=\"https:\/\/gevenmed.net\/wp-content\/uploads\/2025\/09\/CARESCAPE-B450_650_850.avif\" class=\"attachment-full size-full wp-image-3810\" alt=\"\" srcset=\"https:\/\/gevenmed.net\/wp-content\/uploads\/2025\/09\/CARESCAPE-B450_650_850.avif 638w, https:\/\/gevenmed.net\/wp-content\/uploads\/2025\/09\/CARESCAPE-B450_650_850-300x192.avif 300w, https:\/\/gevenmed.net\/wp-content\/uploads\/2025\/09\/CARESCAPE-B450_650_850-18x12.avif 18w, https:\/\/gevenmed.net\/wp-content\/uploads\/2025\/09\/CARESCAPE-B450_650_850-600x384.avif 600w\" sizes=\"(max-width: 638px) 100vw, 638px\" \/>\t\t\t\t\t\t\t\t\t\t\t\t\t\t\t<\/div>\n\t\t\t\t<\/div>\n\t\t\t\t<\/div>\n\t\t\t\t\t<\/div>\n\t\t\t\t<\/div>\n\t\t<div class=\"elementor-element elementor-element-7cc7941 e-flex e-con-boxed elementor-invisible e-con e-parent\" data-id=\"7cc7941\" data-element_type=\"container\" data-e-type=\"container\" data-settings=\"{&quot;animation&quot;:&quot;fadeIn&quot;}\">\n\t\t\t\t\t<div class=\"e-con-inner\">\n\t\t<div class=\"elementor-element elementor-element-2f8d1f6 e-con-full e-flex e-con e-child\" data-id=\"2f8d1f6\" data-element_type=\"container\" data-e-type=\"container\">\n\t\t\t\t<div class=\"elementor-element elementor-element-c865a7c elementor-widget elementor-widget-heading\" data-id=\"c865a7c\" data-element_type=\"widget\" data-e-type=\"widget\" data-widget_type=\"heading.default\">\n\t\t\t\t<div class=\"elementor-widget-container\">\n\t\t\t\t\t<h2 class=\"elementor-heading-title elementor-size-default\">TELEMETRY APEX PRO<\/h2>\t\t\t\t<\/div>\n\t\t\t\t<\/div>\n\t\t\t\t<div class=\"elementor-element elementor-element-e5999a3 elementor-widget elementor-widget-text-editor\" data-id=\"e5999a3\" data-element_type=\"widget\" data-e-type=\"widget\" data-widget_type=\"text-editor.default\">\n\t\t\t\t<div class=\"elementor-widget-container\">\n\t\t\t\t\t\t\t\t\tApexPro* is a telemetry system extremely flexible and advanced to meet the demands of telemetry present and future of the hospitals in the process of expansion. Thanks to the accessibility of the telemetry data throughout the center, it is possible to place the patient in a flexible way around the hospital and follow monitoriz\u00e1ndolos with ApexPro. So if you perform centralized monitoring as a decentralized, ApexPro is compatible with the protocol of continuous monitoring of patients in his hospital. With ApexPro you can access the most relevant data of their patients from different viewing devices and so continuously monitor and greater flexibility in their workflow.\t\t\t\t\t\t\t\t<\/div>\n\t\t\t\t<\/div>\n\t\t<div class=\"elementor-element elementor-element-7e127c7 e-grid e-con-full e-con e-child\" data-id=\"7e127c7\" data-element_type=\"container\" data-e-type=\"container\">\n\t\t\t\t<div class=\"elementor-element elementor-element-7cf44f2 elementor-align-justify elementor-widget elementor-widget-button\" data-id=\"7cf44f2\" data-element_type=\"widget\" data-e-type=\"widget\" data-widget_type=\"button.default\">\n\t\t\t\t<div class=\"elementor-widget-container\">\n\t\t\t\t\t\t\t\t\t<div class=\"elementor-button-wrapper\">\n\t\t\t\t\t<a class=\"elementor-button elementor-button-link elementor-size-sm\" href=\"https:\/\/www.gehealthcare.es\/products\/patient-monitoring\/wireless-networks\/apexpro-telemetry-system\" target=\"_blank\">\n\t\t\t\t\t\t<span class=\"elementor-button-content-wrapper\">\n\t\t\t\t\t\t\t\t\t<span class=\"elementor-button-text\">Discover more<\/span>\n\t\t\t\t\t<\/span>\n\t\t\t\t\t<\/a>\n\t\t\t\t<\/div>\n\t\t\t\t\t\t\t\t<\/div>\n\t\t\t\t<\/div>\n\t\t\t\t<\/div>\n\t\t\t\t<\/div>\n\t\t<div class=\"elementor-element elementor-element-cb3da1a e-con-full e-flex e-con e-child\" data-id=\"cb3da1a\" data-element_type=\"container\" data-e-type=\"container\">\n\t\t\t\t<div class=\"elementor-element elementor-element-27cfdc0 elementor-widget__width-auto elementor-widget elementor-widget-image\" data-id=\"27cfdc0\" data-element_type=\"widget\" data-e-type=\"widget\" data-widget_type=\"image.default\">\n\t\t\t\t<div class=\"elementor-widget-container\">\n\t\t\t\t\t\t\t\t\t\t\t\t\t\t\t<img decoding=\"async\" width=\"144\" height=\"32\" src=\"https:\/\/gevenmed.net\/wp-content\/uploads\/2025\/09\/logo-ge.png\" class=\"attachment-full size-full wp-image-3416\" alt=\"\" srcset=\"https:\/\/gevenmed.net\/wp-content\/uploads\/2025\/09\/logo-ge.png 144w, https:\/\/gevenmed.net\/wp-content\/uploads\/2025\/09\/logo-ge-18x4.png 18w\" sizes=\"(max-width: 144px) 100vw, 144px\" \/>\t\t\t\t\t\t\t\t\t\t\t\t\t\t\t<\/div>\n\t\t\t\t<\/div>\n\t\t\t\t<div class=\"elementor-element elementor-element-446ed0e elementor-widget elementor-widget-image\" data-id=\"446ed0e\" data-element_type=\"widget\" data-e-type=\"widget\" data-widget_type=\"image.default\">\n\t\t\t\t<div class=\"elementor-widget-container\">\n\t\t\t\t\t\t\t\t\t\t\t\t\t\t\t<img loading=\"lazy\" decoding=\"async\" width=\"687\" height=\"582\" src=\"https:\/\/gevenmed.net\/wp-content\/uploads\/2025\/09\/Telemetry-Apex-Pro-2.avif\" class=\"attachment-full size-full wp-image-3811\" alt=\"\" srcset=\"https:\/\/gevenmed.net\/wp-content\/uploads\/2025\/09\/Telemetry-Apex-Pro-2.avif 687w, https:\/\/gevenmed.net\/wp-content\/uploads\/2025\/09\/Telemetry-Apex-Pro-2-300x254.avif 300w, https:\/\/gevenmed.net\/wp-content\/uploads\/2025\/09\/Telemetry-Apex-Pro-2-14x12.avif 14w, https:\/\/gevenmed.net\/wp-content\/uploads\/2025\/09\/Telemetry-Apex-Pro-2-600x508.avif 600w\" sizes=\"(max-width: 687px) 100vw, 687px\" \/>\t\t\t\t\t\t\t\t\t\t\t\t\t\t\t<\/div>\n\t\t\t\t<\/div>\n\t\t\t\t<\/div>\n\t\t\t\t\t<\/div>\n\t\t\t\t<\/div>\n\t\t<div class=\"elementor-element elementor-element-a3900e6 e-flex e-con-boxed elementor-invisible e-con e-parent\" data-id=\"a3900e6\" data-element_type=\"container\" data-e-type=\"container\" data-settings=\"{&quot;animation&quot;:&quot;fadeIn&quot;}\">\n\t\t\t\t\t<div class=\"e-con-inner\">\n\t\t<div class=\"elementor-element elementor-element-8a7c075 e-con-full e-flex e-con e-child\" data-id=\"8a7c075\" data-element_type=\"container\" data-e-type=\"container\">\n\t\t\t\t<div class=\"elementor-element elementor-element-b30badc elementor-widget elementor-widget-heading\" data-id=\"b30badc\" data-element_type=\"widget\" data-e-type=\"widget\" data-widget_type=\"heading.default\">\n\t\t\t\t<div class=\"elementor-widget-container\">\n\t\t\t\t\t<h2 class=\"elementor-heading-title elementor-size-default\">CENTRAL STATION<\/h2>\t\t\t\t<\/div>\n\t\t\t\t<\/div>\n\t\t\t\t<div class=\"elementor-element elementor-element-22d7215 elementor-widget elementor-widget-text-editor\" data-id=\"22d7215\" data-element_type=\"widget\" data-e-type=\"widget\" data-widget_type=\"text-editor.default\">\n\t\t\t\t<div class=\"elementor-widget-container\">\n\t\t\t\t\t\t\t\t\tDesigned for space optimization and the efficiency of the workflow, the central station CARESCAPE \u2122 transforms a central station common in a workstation focused on the doctor. By integrating the monitoring and historical data from multiple sources, helping you to make decisions fast and reliable, all in one efficient package saves space.\t\t\t\t\t\t\t\t<\/div>\n\t\t\t\t<\/div>\n\t\t<div class=\"elementor-element elementor-element-4b77b04 e-grid e-con-full e-con e-child\" data-id=\"4b77b04\" data-element_type=\"container\" data-e-type=\"container\">\n\t\t\t\t<div class=\"elementor-element elementor-element-f793702 elementor-align-justify elementor-widget elementor-widget-button\" data-id=\"f793702\" data-element_type=\"widget\" data-e-type=\"widget\" data-widget_type=\"button.default\">\n\t\t\t\t<div class=\"elementor-widget-container\">\n\t\t\t\t\t\t\t\t\t<div class=\"elementor-button-wrapper\">\n\t\t\t\t\t<a class=\"elementor-button elementor-button-link elementor-size-sm\" href=\"https:\/\/www.gehealthcare.es\/products\/patient-monitoring\/patient-monitors\/carescape-central-station\" target=\"_blank\">\n\t\t\t\t\t\t<span class=\"elementor-button-content-wrapper\">\n\t\t\t\t\t\t\t\t\t<span class=\"elementor-button-text\">Discover more<\/span>\n\t\t\t\t\t<\/span>\n\t\t\t\t\t<\/a>\n\t\t\t\t<\/div>\n\t\t\t\t\t\t\t\t<\/div>\n\t\t\t\t<\/div>\n\t\t\t\t<\/div>\n\t\t\t\t<\/div>\n\t\t<div class=\"elementor-element elementor-element-9a86b4e e-con-full e-flex e-con e-child\" data-id=\"9a86b4e\" data-element_type=\"container\" data-e-type=\"container\">\n\t\t\t\t<div class=\"elementor-element elementor-element-39849c7 elementor-widget__width-auto elementor-widget elementor-widget-image\" data-id=\"39849c7\" data-element_type=\"widget\" data-e-type=\"widget\" data-widget_type=\"image.default\">\n\t\t\t\t<div class=\"elementor-widget-container\">\n\t\t\t\t\t\t\t\t\t\t\t\t\t\t\t<img decoding=\"async\" width=\"144\" height=\"32\" src=\"https:\/\/gevenmed.net\/wp-content\/uploads\/2025\/09\/logo-ge.png\" class=\"attachment-full size-full wp-image-3416\" alt=\"\" srcset=\"https:\/\/gevenmed.net\/wp-content\/uploads\/2025\/09\/logo-ge.png 144w, https:\/\/gevenmed.net\/wp-content\/uploads\/2025\/09\/logo-ge-18x4.png 18w\" sizes=\"(max-width: 144px) 100vw, 144px\" \/>\t\t\t\t\t\t\t\t\t\t\t\t\t\t\t<\/div>\n\t\t\t\t<\/div>\n\t\t\t\t<div class=\"elementor-element elementor-element-0eb17a6 elementor-widget elementor-widget-image\" data-id=\"0eb17a6\" data-element_type=\"widget\" data-e-type=\"widget\" data-widget_type=\"image.default\">\n\t\t\t\t<div class=\"elementor-widget-container\">\n\t\t\t\t\t\t\t\t\t\t\t\t\t\t\t<img loading=\"lazy\" decoding=\"async\" width=\"518\" height=\"389\" src=\"https:\/\/gevenmed.net\/wp-content\/uploads\/2025\/09\/Carescape-Central-Station.avif\" class=\"attachment-full size-full wp-image-3812\" alt=\"\" srcset=\"https:\/\/gevenmed.net\/wp-content\/uploads\/2025\/09\/Carescape-Central-Station.avif 518w, https:\/\/gevenmed.net\/wp-content\/uploads\/2025\/09\/Carescape-Central-Station-300x225.avif 300w, https:\/\/gevenmed.net\/wp-content\/uploads\/2025\/09\/Carescape-Central-Station-16x12.avif 16w\" sizes=\"(max-width: 518px) 100vw, 518px\" \/>\t\t\t\t\t\t\t\t\t\t\t\t\t\t\t<\/div>\n\t\t\t\t<\/div>\n\t\t\t\t<\/div>\n\t\t\t\t\t<\/div>\n\t\t\t\t<\/div>\n\t\t<div class=\"elementor-element elementor-element-2535b0b e-flex e-con-boxed e-con e-parent\" data-id=\"2535b0b\" data-element_type=\"container\" data-e-type=\"container\">\n\t\t\t\t\t<div class=\"e-con-inner\">\n\t\t\t\t<div class=\"elementor-element elementor-element-c843348 elementor-widget elementor-widget-spacer\" data-id=\"c843348\" data-element_type=\"widget\" data-e-type=\"widget\" data-widget_type=\"spacer.default\">\n\t\t\t\t<div class=\"elementor-widget-container\">\n\t\t\t\t\t\t\t<div class=\"elementor-spacer\">\n\t\t\t<div class=\"elementor-spacer-inner\"><\/div>\n\t\t<\/div>\n\t\t\t\t\t\t<\/div>\n\t\t\t\t<\/div>\n\t\t\t\t\t<\/div>\n\t\t\t\t<\/div>\n\t\t\t\t<\/div>","protected":false},"excerpt":{"rendered":"<p>DINAMAP V100 El monitor CARESCAPETM V100 es un monitor de constantes vitales fiable y f\u00e1cil de usar que le ayuda a tomar decisiones r\u00e1pidas y de calidad. El monitor V100 ayuda a mejorar la comodidad del paciente conservando al mismo tiempo una gran precisi\u00f3n cl\u00ednica. Puede emplearse tambi\u00e9n para la monitorizaci\u00f3n continua, ofreci\u00e9ndole la flexibilidad [&hellip;]<\/p>\n","protected":false},"author":3,"featured_media":0,"parent":3337,"menu_order":10,"comment_status":"closed","ping_status":"closed","template":"","meta":{"footnotes":""},"class_list":["post-3777","page","type-page","status-publish","hentry"],"_links":{"self":[{"href":"https:\/\/gevenmed.net\/en\/wp-json\/wp\/v2\/pages\/3777","targetHints":{"allow":["GET"]}}],"collection":[{"href":"https:\/\/gevenmed.net\/en\/wp-json\/wp\/v2\/pages"}],"about":[{"href":"https:\/\/gevenmed.net\/en\/wp-json\/wp\/v2\/types\/page"}],"author":[{"embeddable":true,"href":"https:\/\/gevenmed.net\/en\/wp-json\/wp\/v2\/users\/3"}],"replies":[{"embeddable":true,"href":"https:\/\/gevenmed.net\/en\/wp-json\/wp\/v2\/comments?post=3777"}],"version-history":[{"count":8,"href":"https:\/\/gevenmed.net\/en\/wp-json\/wp\/v2\/pages\/3777\/revisions"}],"predecessor-version":[{"id":3816,"href":"https:\/\/gevenmed.net\/en\/wp-json\/wp\/v2\/pages\/3777\/revisions\/3816"}],"up":[{"embeddable":true,"href":"https:\/\/gevenmed.net\/en\/wp-json\/wp\/v2\/pages\/3337"}],"wp:attachment":[{"href":"https:\/\/gevenmed.net\/en\/wp-json\/wp\/v2\/media?parent=3777"}],"curies":[{"name":"wp","href":"https:\/\/api.w.org\/{rel}","templated":true}]}}