{"id":3694,"date":"2025-09-10T13:10:00","date_gmt":"2025-09-10T13:10:00","guid":{"rendered":"https:\/\/globalmedica.lemachi.de\/?page_id=3694"},"modified":"2025-09-10T13:29:20","modified_gmt":"2025-09-10T13:29:20","slug":"resonancia-magnetica","status":"publish","type":"page","link":"https:\/\/gevenmed.net\/en\/especialidades\/resonancia-magnetica\/","title":{"rendered":"Magnetic Resonance Imaging"},"content":{"rendered":"<div data-elementor-type=\"wp-page\" data-elementor-id=\"3694\" class=\"elementor elementor-3694\" data-elementor-post-type=\"page\">\n\t\t\t\t<div class=\"elementor-element elementor-element-400957b e-flex e-con-boxed e-con e-parent\" data-id=\"400957b\" data-element_type=\"container\" data-e-type=\"container\">\n\t\t\t\t\t<div class=\"e-con-inner\">\n\t\t\t\t<div class=\"elementor-element elementor-element-1687d5b elementor-widget elementor-widget-spacer\" data-id=\"1687d5b\" data-element_type=\"widget\" data-e-type=\"widget\" data-widget_type=\"spacer.default\">\n\t\t\t\t<div class=\"elementor-widget-container\">\n\t\t\t\t\t\t\t<div class=\"elementor-spacer\">\n\t\t\t<div class=\"elementor-spacer-inner\"><\/div>\n\t\t<\/div>\n\t\t\t\t\t\t<\/div>\n\t\t\t\t<\/div>\n\t\t\t\t\t<\/div>\n\t\t\t\t<\/div>\n\t\t<div class=\"elementor-element elementor-element-bf63851 e-flex e-con-boxed elementor-invisible e-con e-parent\" data-id=\"bf63851\" data-element_type=\"container\" data-e-type=\"container\" data-settings=\"{&quot;animation&quot;:&quot;fadeIn&quot;}\">\n\t\t\t\t\t<div class=\"e-con-inner\">\n\t\t<div class=\"elementor-element elementor-element-9156455 e-con-full e-flex e-con e-child\" data-id=\"9156455\" data-element_type=\"container\" data-e-type=\"container\">\n\t\t\t\t<div class=\"elementor-element elementor-element-6544617 elementor-widget elementor-widget-heading\" data-id=\"6544617\" data-element_type=\"widget\" data-e-type=\"widget\" data-widget_type=\"heading.default\">\n\t\t\t\t<div class=\"elementor-widget-container\">\n\t\t\t\t\t<h2 class=\"elementor-heading-title elementor-size-default\">PIONEER 3T<\/h2>\t\t\t\t<\/div>\n\t\t\t\t<\/div>\n\t\t\t\t<div class=\"elementor-element elementor-element-6b13f5a elementor-widget elementor-widget-text-editor\" data-id=\"6b13f5a\" data-element_type=\"widget\" data-e-type=\"widget\" data-widget_type=\"text-editor.default\">\n\t\t\t\t<div class=\"elementor-widget-container\">\n\t\t\t\t\t\t\t\t\tThe SIGNA \u2122 MR most powerful in the world. There is a need in the real world for a change in the philosophy of engineering towards a technology-based results, and for specific diseases. This need is so great that we have formed strategic alliances with organizations that are investing millions of dollars in the research and development of diagnostic technologies that can detect the better. To help with this effort, we create Tomorrow&#039;s MR, the SIGNA \u2122 Pioneer 3.0 T, an advanced system of MR equipped with innovative technology and gradient coil that is directly linked with analysis based on the cloud. Is the future of MRI technology and is ready today.\t\t\t\t\t\t\t\t<\/div>\n\t\t\t\t<\/div>\n\t\t<div class=\"elementor-element elementor-element-bf22282 e-grid e-con-full e-con e-child\" data-id=\"bf22282\" data-element_type=\"container\" data-e-type=\"container\">\n\t\t\t\t<div class=\"elementor-element elementor-element-83eccae elementor-align-justify elementor-widget elementor-widget-button\" data-id=\"83eccae\" data-element_type=\"widget\" data-e-type=\"widget\" data-widget_type=\"button.default\">\n\t\t\t\t<div class=\"elementor-widget-container\">\n\t\t\t\t\t\t\t\t\t<div class=\"elementor-button-wrapper\">\n\t\t\t\t\t<a class=\"elementor-button elementor-button-link elementor-size-sm\" href=\"https:\/\/www.gehealthcare.com\/products\/magnetic-resonance-imaging\/3t-mri-scanners\/signa-pioneer-wide-bore-mri-scanner\" target=\"_blank\">\n\t\t\t\t\t\t<span class=\"elementor-button-content-wrapper\">\n\t\t\t\t\t\t\t\t\t<span class=\"elementor-button-text\">Discover more<\/span>\n\t\t\t\t\t<\/span>\n\t\t\t\t\t<\/a>\n\t\t\t\t<\/div>\n\t\t\t\t\t\t\t\t<\/div>\n\t\t\t\t<\/div>\n\t\t\t\t<\/div>\n\t\t\t\t<\/div>\n\t\t<div class=\"elementor-element elementor-element-97c7b43 e-con-full e-flex e-con e-child\" data-id=\"97c7b43\" data-element_type=\"container\" data-e-type=\"container\">\n\t\t\t\t<div class=\"elementor-element elementor-element-a473c93 elementor-widget__width-auto elementor-widget elementor-widget-image\" data-id=\"a473c93\" data-element_type=\"widget\" data-e-type=\"widget\" data-widget_type=\"image.default\">\n\t\t\t\t<div class=\"elementor-widget-container\">\n\t\t\t\t\t\t\t\t\t\t\t\t\t\t\t<img decoding=\"async\" width=\"144\" height=\"32\" src=\"https:\/\/gevenmed.net\/wp-content\/uploads\/2025\/09\/logo-ge.png\" class=\"attachment-full size-full wp-image-3416\" alt=\"\" srcset=\"https:\/\/gevenmed.net\/wp-content\/uploads\/2025\/09\/logo-ge.png 144w, https:\/\/gevenmed.net\/wp-content\/uploads\/2025\/09\/logo-ge-18x4.png 18w\" sizes=\"(max-width: 144px) 100vw, 144px\" \/>\t\t\t\t\t\t\t\t\t\t\t\t\t\t\t<\/div>\n\t\t\t\t<\/div>\n\t\t\t\t<div class=\"elementor-element elementor-element-33a8ab5 elementor-widget elementor-widget-image\" data-id=\"33a8ab5\" data-element_type=\"widget\" data-e-type=\"widget\" data-widget_type=\"image.default\">\n\t\t\t\t<div class=\"elementor-widget-container\">\n\t\t\t\t\t\t\t\t\t\t\t\t\t\t\t<img fetchpriority=\"high\" decoding=\"async\" width=\"671\" height=\"428\" src=\"https:\/\/gevenmed.net\/wp-content\/uploads\/2025\/09\/MRI.avif\" class=\"attachment-full size-full wp-image-3757\" alt=\"\" srcset=\"https:\/\/gevenmed.net\/wp-content\/uploads\/2025\/09\/MRI.avif 671w, https:\/\/gevenmed.net\/wp-content\/uploads\/2025\/09\/MRI-300x191.avif 300w, https:\/\/gevenmed.net\/wp-content\/uploads\/2025\/09\/MRI-18x12.avif 18w, https:\/\/gevenmed.net\/wp-content\/uploads\/2025\/09\/MRI-600x383.avif 600w\" sizes=\"(max-width: 671px) 100vw, 671px\" \/>\t\t\t\t\t\t\t\t\t\t\t\t\t\t\t<\/div>\n\t\t\t\t<\/div>\n\t\t\t\t<\/div>\n\t\t\t\t\t<\/div>\n\t\t\t\t<\/div>\n\t\t<div class=\"elementor-element elementor-element-9269267 e-flex e-con-boxed elementor-invisible e-con e-parent\" data-id=\"9269267\" data-element_type=\"container\" data-e-type=\"container\" data-settings=\"{&quot;animation&quot;:&quot;fadeIn&quot;}\">\n\t\t\t\t\t<div class=\"e-con-inner\">\n\t\t<div class=\"elementor-element elementor-element-cef69ac e-con-full e-flex e-con e-child\" data-id=\"cef69ac\" data-element_type=\"container\" data-e-type=\"container\">\n\t\t\t\t<div class=\"elementor-element elementor-element-655cf47 elementor-widget elementor-widget-heading\" data-id=\"655cf47\" data-element_type=\"widget\" data-e-type=\"widget\" data-widget_type=\"heading.default\">\n\t\t\t\t<div class=\"elementor-widget-container\">\n\t\t\t\t\t<h2 class=\"elementor-heading-title elementor-size-default\">VOYAGER 1.5 T WIDE BORE<\/h2>\t\t\t\t<\/div>\n\t\t\t\t<\/div>\n\t\t\t\t<div class=\"elementor-element elementor-element-3abacdd elementor-widget elementor-widget-text-editor\" data-id=\"3abacdd\" data-element_type=\"widget\" data-e-type=\"widget\" data-widget_type=\"text-editor.default\">\n\t\t\t\t<div class=\"elementor-widget-container\">\n\t\t\t\t\t\t\t\t\tDiscover a new universe of possibilities in RM with SIGNA\u2122 Voyager 1.5 T. This system is designed to maximize the productivity and workflow while offering an extraordinary potential for clinical and exceptional comfort for the patient. It is the system with tunnel width of 1.5 T smaller and with less energy consumption on the market. Get ready to experience excellence in MRI as never before. SIGNA\u2122 Voyager: to Boost the performance of your RM.\t\t\t\t\t\t\t\t<\/div>\n\t\t\t\t<\/div>\n\t\t<div class=\"elementor-element elementor-element-0baf094 e-grid e-con-full e-con e-child\" data-id=\"0baf094\" data-element_type=\"container\" data-e-type=\"container\">\n\t\t\t\t<div class=\"elementor-element elementor-element-c0488dc elementor-align-justify elementor-widget elementor-widget-button\" data-id=\"c0488dc\" data-element_type=\"widget\" data-e-type=\"widget\" data-widget_type=\"button.default\">\n\t\t\t\t<div class=\"elementor-widget-container\">\n\t\t\t\t\t\t\t\t\t<div class=\"elementor-button-wrapper\">\n\t\t\t\t\t<a class=\"elementor-button elementor-button-link elementor-size-sm\" href=\"https:\/\/www.gehealthcare.com\/products\/magnetic-resonance-imaging\/1-5t-mri-scanners\/signa-voyager-wide-bore-mri-scanner?srsltid=AfmBOorwkBT8RYUYNiQlZDIUpFJVDxzXLjFC--B_n4tZagg-sGZsZy2q\" target=\"_blank\">\n\t\t\t\t\t\t<span class=\"elementor-button-content-wrapper\">\n\t\t\t\t\t\t\t\t\t<span class=\"elementor-button-text\">Discover more<\/span>\n\t\t\t\t\t<\/span>\n\t\t\t\t\t<\/a>\n\t\t\t\t<\/div>\n\t\t\t\t\t\t\t\t<\/div>\n\t\t\t\t<\/div>\n\t\t\t\t<\/div>\n\t\t\t\t<\/div>\n\t\t<div class=\"elementor-element elementor-element-9040204 e-con-full e-flex e-con e-child\" data-id=\"9040204\" data-element_type=\"container\" data-e-type=\"container\">\n\t\t\t\t<div class=\"elementor-element elementor-element-af36362 elementor-widget__width-auto elementor-widget elementor-widget-image\" data-id=\"af36362\" data-element_type=\"widget\" data-e-type=\"widget\" data-widget_type=\"image.default\">\n\t\t\t\t<div class=\"elementor-widget-container\">\n\t\t\t\t\t\t\t\t\t\t\t\t\t\t\t<img decoding=\"async\" width=\"144\" height=\"32\" src=\"https:\/\/gevenmed.net\/wp-content\/uploads\/2025\/09\/logo-ge.png\" class=\"attachment-full size-full wp-image-3416\" alt=\"\" srcset=\"https:\/\/gevenmed.net\/wp-content\/uploads\/2025\/09\/logo-ge.png 144w, https:\/\/gevenmed.net\/wp-content\/uploads\/2025\/09\/logo-ge-18x4.png 18w\" sizes=\"(max-width: 144px) 100vw, 144px\" \/>\t\t\t\t\t\t\t\t\t\t\t\t\t\t\t<\/div>\n\t\t\t\t<\/div>\n\t\t\t\t<div class=\"elementor-element elementor-element-55f8be0 elementor-widget elementor-widget-image\" data-id=\"55f8be0\" data-element_type=\"widget\" data-e-type=\"widget\" data-widget_type=\"image.default\">\n\t\t\t\t<div class=\"elementor-widget-container\">\n\t\t\t\t\t\t\t\t\t\t\t\t\t\t\t<img decoding=\"async\" width=\"665\" height=\"447\" src=\"https:\/\/gevenmed.net\/wp-content\/uploads\/2025\/09\/MRI2.avif\" class=\"attachment-full size-full wp-image-3758\" alt=\"\" srcset=\"https:\/\/gevenmed.net\/wp-content\/uploads\/2025\/09\/MRI2.avif 665w, https:\/\/gevenmed.net\/wp-content\/uploads\/2025\/09\/MRI2-300x202.avif 300w, https:\/\/gevenmed.net\/wp-content\/uploads\/2025\/09\/MRI2-18x12.avif 18w, https:\/\/gevenmed.net\/wp-content\/uploads\/2025\/09\/MRI2-600x403.avif 600w\" sizes=\"(max-width: 665px) 100vw, 665px\" \/>\t\t\t\t\t\t\t\t\t\t\t\t\t\t\t<\/div>\n\t\t\t\t<\/div>\n\t\t\t\t<\/div>\n\t\t\t\t\t<\/div>\n\t\t\t\t<\/div>\n\t\t<div class=\"elementor-element elementor-element-5fca5fc e-flex e-con-boxed elementor-invisible e-con e-parent\" data-id=\"5fca5fc\" data-element_type=\"container\" data-e-type=\"container\" data-settings=\"{&quot;animation&quot;:&quot;fadeIn&quot;}\">\n\t\t\t\t\t<div class=\"e-con-inner\">\n\t\t<div class=\"elementor-element elementor-element-080c4bb e-con-full e-flex e-con e-child\" data-id=\"080c4bb\" data-element_type=\"container\" data-e-type=\"container\">\n\t\t\t\t<div class=\"elementor-element elementor-element-cf8758c elementor-widget elementor-widget-heading\" data-id=\"cf8758c\" data-element_type=\"widget\" data-e-type=\"widget\" data-widget_type=\"heading.default\">\n\t\t\t\t<div class=\"elementor-widget-container\">\n\t\t\t\t\t<h2 class=\"elementor-heading-title elementor-size-default\">EXPLORER 1.5 T<\/h2>\t\t\t\t<\/div>\n\t\t\t\t<\/div>\n\t\t\t\t<div class=\"elementor-element elementor-element-89c176e elementor-widget elementor-widget-text-editor\" data-id=\"89c176e\" data-element_type=\"widget\" data-e-type=\"widget\" data-widget_type=\"text-editor.default\">\n\t\t\t\t<div class=\"elementor-widget-container\">\n\t\t\t\t\t\t\t\t\tThe clinical challenges today are growing and are increasingly specific to the individual needs of each patient. As a result, there has been a change in the need of technology based on the results that can be addressed, not only in the individual medical needs, but also the operational and financial needs. To address challenges such as these, they need SIGNA\u2122 Explorer, a premium system 1.5 T 60 cm Thanks to our platform SIGNA\u2122 Works, SIGNA\u2122 Explorer offers an exceptional image quality, a high-performance, more comfort for the patient and a powerful operation, and simplified user-centric. To achieve the maximum performance of a team of 1.5 T.\t\t\t\t\t\t\t\t<\/div>\n\t\t\t\t<\/div>\n\t\t<div class=\"elementor-element elementor-element-5d41c6f e-grid e-con-full e-con e-child\" data-id=\"5d41c6f\" data-element_type=\"container\" data-e-type=\"container\">\n\t\t\t\t<div class=\"elementor-element elementor-element-5e36379 elementor-align-justify elementor-widget elementor-widget-button\" data-id=\"5e36379\" data-element_type=\"widget\" data-e-type=\"widget\" data-widget_type=\"button.default\">\n\t\t\t\t<div class=\"elementor-widget-container\">\n\t\t\t\t\t\t\t\t\t<div class=\"elementor-button-wrapper\">\n\t\t\t\t\t<a class=\"elementor-button elementor-button-link elementor-size-sm\" href=\"https:\/\/www.gehealthcare.com\/products\/magnetic-resonance-imaging\/1-5t-mri-scanners\/signa-explorer-mri-scanner\" target=\"_blank\">\n\t\t\t\t\t\t<span class=\"elementor-button-content-wrapper\">\n\t\t\t\t\t\t\t\t\t<span class=\"elementor-button-text\">Discover more<\/span>\n\t\t\t\t\t<\/span>\n\t\t\t\t\t<\/a>\n\t\t\t\t<\/div>\n\t\t\t\t\t\t\t\t<\/div>\n\t\t\t\t<\/div>\n\t\t\t\t<\/div>\n\t\t\t\t<\/div>\n\t\t<div class=\"elementor-element elementor-element-821f405 e-con-full e-flex e-con e-child\" data-id=\"821f405\" data-element_type=\"container\" data-e-type=\"container\">\n\t\t\t\t<div class=\"elementor-element elementor-element-6aeacfc elementor-widget__width-auto elementor-widget elementor-widget-image\" data-id=\"6aeacfc\" data-element_type=\"widget\" data-e-type=\"widget\" data-widget_type=\"image.default\">\n\t\t\t\t<div class=\"elementor-widget-container\">\n\t\t\t\t\t\t\t\t\t\t\t\t\t\t\t<img decoding=\"async\" width=\"144\" height=\"32\" src=\"https:\/\/gevenmed.net\/wp-content\/uploads\/2025\/09\/logo-ge.png\" class=\"attachment-full size-full wp-image-3416\" alt=\"\" srcset=\"https:\/\/gevenmed.net\/wp-content\/uploads\/2025\/09\/logo-ge.png 144w, https:\/\/gevenmed.net\/wp-content\/uploads\/2025\/09\/logo-ge-18x4.png 18w\" sizes=\"(max-width: 144px) 100vw, 144px\" \/>\t\t\t\t\t\t\t\t\t\t\t\t\t\t\t<\/div>\n\t\t\t\t<\/div>\n\t\t\t\t<div class=\"elementor-element elementor-element-1a35691 elementor-widget elementor-widget-image\" data-id=\"1a35691\" data-element_type=\"widget\" data-e-type=\"widget\" data-widget_type=\"image.default\">\n\t\t\t\t<div class=\"elementor-widget-container\">\n\t\t\t\t\t\t\t\t\t\t\t\t\t\t\t<img loading=\"lazy\" decoding=\"async\" width=\"610\" height=\"473\" src=\"https:\/\/gevenmed.net\/wp-content\/uploads\/2025\/09\/MRI3.avif\" class=\"attachment-full size-full wp-image-3759\" alt=\"\" srcset=\"https:\/\/gevenmed.net\/wp-content\/uploads\/2025\/09\/MRI3.avif 610w, https:\/\/gevenmed.net\/wp-content\/uploads\/2025\/09\/MRI3-300x233.avif 300w, https:\/\/gevenmed.net\/wp-content\/uploads\/2025\/09\/MRI3-15x12.avif 15w, https:\/\/gevenmed.net\/wp-content\/uploads\/2025\/09\/MRI3-600x465.avif 600w\" sizes=\"(max-width: 610px) 100vw, 610px\" \/>\t\t\t\t\t\t\t\t\t\t\t\t\t\t\t<\/div>\n\t\t\t\t<\/div>\n\t\t\t\t<\/div>\n\t\t\t\t\t<\/div>\n\t\t\t\t<\/div>\n\t\t<div class=\"elementor-element elementor-element-4c1e810 e-flex e-con-boxed e-con e-parent\" data-id=\"4c1e810\" data-element_type=\"container\" data-e-type=\"container\">\n\t\t\t\t\t<div class=\"e-con-inner\">\n\t\t\t\t<div class=\"elementor-element elementor-element-7148ea1 elementor-widget elementor-widget-spacer\" data-id=\"7148ea1\" data-element_type=\"widget\" data-e-type=\"widget\" data-widget_type=\"spacer.default\">\n\t\t\t\t<div class=\"elementor-widget-container\">\n\t\t\t\t\t\t\t<div class=\"elementor-spacer\">\n\t\t\t<div class=\"elementor-spacer-inner\"><\/div>\n\t\t<\/div>\n\t\t\t\t\t\t<\/div>\n\t\t\t\t<\/div>\n\t\t\t\t\t<\/div>\n\t\t\t\t<\/div>\n\t\t\t\t<\/div>","protected":false},"excerpt":{"rendered":"<p>PIONEER 3T El SIGNA \u2122 MR m\u00e1s poderoso del mundo. Existe una necesidad en el mundo real de un cambio en la filosof\u00eda de la ingenier\u00eda hacia una tecnolog\u00eda basada en resultados y para enfermedades espec\u00edficas. Esta necesidad es tan grande que hemos formado alianzas estrat\u00e9gicas con organizaciones que est\u00e1n invirtiendo millones de d\u00f3lares en [&hellip;]<\/p>\n","protected":false},"author":3,"featured_media":0,"parent":3337,"menu_order":10,"comment_status":"closed","ping_status":"closed","template":"","meta":{"footnotes":""},"class_list":["post-3694","page","type-page","status-publish","hentry"],"_links":{"self":[{"href":"https:\/\/gevenmed.net\/en\/wp-json\/wp\/v2\/pages\/3694","targetHints":{"allow":["GET"]}}],"collection":[{"href":"https:\/\/gevenmed.net\/en\/wp-json\/wp\/v2\/pages"}],"about":[{"href":"https:\/\/gevenmed.net\/en\/wp-json\/wp\/v2\/types\/page"}],"author":[{"embeddable":true,"href":"https:\/\/gevenmed.net\/en\/wp-json\/wp\/v2\/users\/3"}],"replies":[{"embeddable":true,"href":"https:\/\/gevenmed.net\/en\/wp-json\/wp\/v2\/comments?post=3694"}],"version-history":[{"count":4,"href":"https:\/\/gevenmed.net\/en\/wp-json\/wp\/v2\/pages\/3694\/revisions"}],"predecessor-version":[{"id":3762,"href":"https:\/\/gevenmed.net\/en\/wp-json\/wp\/v2\/pages\/3694\/revisions\/3762"}],"up":[{"embeddable":true,"href":"https:\/\/gevenmed.net\/en\/wp-json\/wp\/v2\/pages\/3337"}],"wp:attachment":[{"href":"https:\/\/gevenmed.net\/en\/wp-json\/wp\/v2\/media?parent=3694"}],"curies":[{"name":"wp","href":"https:\/\/api.w.org\/{rel}","templated":true}]}}