{"id":3692,"date":"2025-09-10T13:09:24","date_gmt":"2025-09-10T13:09:24","guid":{"rendered":"https:\/\/globalmedica.lemachi.de\/?page_id=3692"},"modified":"2025-09-10T13:25:06","modified_gmt":"2025-09-10T13:25:06","slug":"c-arms","status":"publish","type":"page","link":"https:\/\/gevenmed.net\/en\/especialidades\/c-arms\/","title":{"rendered":"C-Arms"},"content":{"rendered":"<div data-elementor-type=\"wp-page\" data-elementor-id=\"3692\" class=\"elementor elementor-3692\" data-elementor-post-type=\"page\">\n\t\t\t\t<div class=\"elementor-element elementor-element-2da875a e-flex e-con-boxed e-con e-parent\" data-id=\"2da875a\" data-element_type=\"container\" data-e-type=\"container\">\n\t\t\t\t\t<div class=\"e-con-inner\">\n\t\t\t\t<div class=\"elementor-element elementor-element-459fddf elementor-widget elementor-widget-spacer\" data-id=\"459fddf\" data-element_type=\"widget\" data-e-type=\"widget\" data-widget_type=\"spacer.default\">\n\t\t\t\t<div class=\"elementor-widget-container\">\n\t\t\t\t\t\t\t<div class=\"elementor-spacer\">\n\t\t\t<div class=\"elementor-spacer-inner\"><\/div>\n\t\t<\/div>\n\t\t\t\t\t\t<\/div>\n\t\t\t\t<\/div>\n\t\t\t\t\t<\/div>\n\t\t\t\t<\/div>\n\t\t<div class=\"elementor-element elementor-element-19d3592 e-flex e-con-boxed elementor-invisible e-con e-parent\" data-id=\"19d3592\" data-element_type=\"container\" data-e-type=\"container\" data-settings=\"{&quot;animation&quot;:&quot;fadeIn&quot;}\">\n\t\t\t\t\t<div class=\"e-con-inner\">\n\t\t<div class=\"elementor-element elementor-element-6e9208e e-con-full e-flex e-con e-child\" data-id=\"6e9208e\" data-element_type=\"container\" data-e-type=\"container\">\n\t\t\t\t<div class=\"elementor-element elementor-element-feb6d68 elementor-widget elementor-widget-heading\" data-id=\"feb6d68\" data-element_type=\"widget\" data-e-type=\"widget\" data-widget_type=\"heading.default\">\n\t\t\t\t<div class=\"elementor-widget-container\">\n\t\t\t\t\t<h2 class=\"elementor-heading-title elementor-size-default\">OEC ONE CFD<\/h2>\t\t\t\t<\/div>\n\t\t\t\t<\/div>\n\t\t\t\t<div class=\"elementor-element elementor-element-134db84 elementor-widget elementor-widget-text-editor\" data-id=\"134db84\" data-element_type=\"widget\" data-e-type=\"widget\" data-widget_type=\"text-editor.default\">\n\t\t\t\t<div class=\"elementor-widget-container\">\n\t\t\t\t\t\t\t\t\tThe C-arm mobile all-in-one CAB One offers great features for image acquisition that have been made more accessible to a wide variety of procedures, from the treatment of the pain until the vascular procedures. Enjoy processing advances in crystal-clear images and detailed. Bring the images of the surgical field with the screen of 27&#034; of the OEC One, installed on an articulated arm with five intervals of movement. Fit images to manage the type of acquisition is necessary in the tablet TechView 10.1&#034; system, which incorporates an interface OEC intuitive touch screen, next to the image in real-time that is shown on the screen images of the system. Enjoy the handling and the additional space offered by the small size and the ergonomic design of the OEC One to meet your needs in the operating room.\t\t\t\t\t\t\t\t<\/div>\n\t\t\t\t<\/div>\n\t\t<div class=\"elementor-element elementor-element-d8bb409 e-grid e-con-full e-con e-child\" data-id=\"d8bb409\" data-element_type=\"container\" data-e-type=\"container\">\n\t\t\t\t<div class=\"elementor-element elementor-element-d98d830 elementor-align-justify elementor-widget elementor-widget-button\" data-id=\"d98d830\" data-element_type=\"widget\" data-e-type=\"widget\" data-widget_type=\"button.default\">\n\t\t\t\t<div class=\"elementor-widget-container\">\n\t\t\t\t\t\t\t\t\t<div class=\"elementor-button-wrapper\">\n\t\t\t\t\t<a class=\"elementor-button elementor-button-link elementor-size-sm\" href=\"https:\/\/www.gehealthcare.com\/products\/surgical-imaging\/oec-one-cfd\" target=\"_blank\">\n\t\t\t\t\t\t<span class=\"elementor-button-content-wrapper\">\n\t\t\t\t\t\t\t\t\t<span class=\"elementor-button-text\">Discover more<\/span>\n\t\t\t\t\t<\/span>\n\t\t\t\t\t<\/a>\n\t\t\t\t<\/div>\n\t\t\t\t\t\t\t\t<\/div>\n\t\t\t\t<\/div>\n\t\t\t\t<\/div>\n\t\t\t\t<\/div>\n\t\t<div class=\"elementor-element elementor-element-310a85f e-con-full e-flex e-con e-child\" data-id=\"310a85f\" data-element_type=\"container\" data-e-type=\"container\">\n\t\t\t\t<div class=\"elementor-element elementor-element-d17901d elementor-widget__width-auto elementor-widget elementor-widget-image\" data-id=\"d17901d\" data-element_type=\"widget\" data-e-type=\"widget\" data-widget_type=\"image.default\">\n\t\t\t\t<div class=\"elementor-widget-container\">\n\t\t\t\t\t\t\t\t\t\t\t\t\t\t\t<img decoding=\"async\" width=\"144\" height=\"32\" src=\"https:\/\/gevenmed.net\/wp-content\/uploads\/2025\/09\/logo-ge.png\" class=\"attachment-full size-full wp-image-3416\" alt=\"\" srcset=\"https:\/\/gevenmed.net\/wp-content\/uploads\/2025\/09\/logo-ge.png 144w, https:\/\/gevenmed.net\/wp-content\/uploads\/2025\/09\/logo-ge-18x4.png 18w\" sizes=\"(max-width: 144px) 100vw, 144px\" \/>\t\t\t\t\t\t\t\t\t\t\t\t\t\t\t<\/div>\n\t\t\t\t<\/div>\n\t\t\t\t<div class=\"elementor-element elementor-element-a4c61fd elementor-widget elementor-widget-image\" data-id=\"a4c61fd\" data-element_type=\"widget\" data-e-type=\"widget\" data-widget_type=\"image.default\">\n\t\t\t\t<div class=\"elementor-widget-container\">\n\t\t\t\t\t\t\t\t\t\t\t\t\t\t\t<img fetchpriority=\"high\" decoding=\"async\" width=\"427\" height=\"483\" src=\"https:\/\/gevenmed.net\/wp-content\/uploads\/2025\/09\/MIN.avif\" class=\"attachment-full size-full wp-image-3751\" alt=\"\" srcset=\"https:\/\/gevenmed.net\/wp-content\/uploads\/2025\/09\/MIN.avif 427w, https:\/\/gevenmed.net\/wp-content\/uploads\/2025\/09\/MIN-265x300.avif 265w, https:\/\/gevenmed.net\/wp-content\/uploads\/2025\/09\/MIN-11x12.avif 11w\" sizes=\"(max-width: 427px) 100vw, 427px\" \/>\t\t\t\t\t\t\t\t\t\t\t\t\t\t\t<\/div>\n\t\t\t\t<\/div>\n\t\t\t\t<\/div>\n\t\t\t\t\t<\/div>\n\t\t\t\t<\/div>\n\t\t<div class=\"elementor-element elementor-element-ce4b20f e-flex e-con-boxed elementor-invisible e-con e-parent\" data-id=\"ce4b20f\" data-element_type=\"container\" data-e-type=\"container\" data-settings=\"{&quot;animation&quot;:&quot;fadeIn&quot;}\">\n\t\t\t\t\t<div class=\"e-con-inner\">\n\t\t<div class=\"elementor-element elementor-element-0706863 e-con-full e-flex e-con e-child\" data-id=\"0706863\" data-element_type=\"container\" data-e-type=\"container\">\n\t\t\t\t<div class=\"elementor-element elementor-element-bbeca48 elementor-widget elementor-widget-heading\" data-id=\"bbeca48\" data-element_type=\"widget\" data-e-type=\"widget\" data-widget_type=\"heading.default\">\n\t\t\t\t<div class=\"elementor-widget-container\">\n\t\t\t\t\t<h2 class=\"elementor-heading-title elementor-size-default\">ELITE LCD<\/h2>\t\t\t\t<\/div>\n\t\t\t\t<\/div>\n\t\t\t\t<div class=\"elementor-element elementor-element-52b147b elementor-widget elementor-widget-text-editor\" data-id=\"52b147b\" data-element_type=\"widget\" data-e-type=\"widget\" data-widget_type=\"text-editor.default\">\n\t\t\t\t<div class=\"elementor-widget-container\">\n\t\t\t\t\t\t\t\t\tGE noted the regular experience of the surgeons of the upper and lower members, and identified ways to improve the workflow, comfort, and control through a bow design in C mini simplified. The OEC Elite Lcd can enhance your experience with the C-arm mini because it allows you to: Manage the C-arm mini with one hand, quickly and easily Refer to dual images detailed, full size, without forcing the view to Optimize the image quality and dose Rely on the C-arm mini to improve the productivity.\t\t\t\t\t\t\t\t<\/div>\n\t\t\t\t<\/div>\n\t\t<div class=\"elementor-element elementor-element-db6ee30 e-grid e-con-full e-con e-child\" data-id=\"db6ee30\" data-element_type=\"container\" data-e-type=\"container\">\n\t\t\t\t<div class=\"elementor-element elementor-element-ffa20fd elementor-align-justify elementor-widget elementor-widget-button\" data-id=\"ffa20fd\" data-element_type=\"widget\" data-e-type=\"widget\" data-widget_type=\"button.default\">\n\t\t\t\t<div class=\"elementor-widget-container\">\n\t\t\t\t\t\t\t\t\t<div class=\"elementor-button-wrapper\">\n\t\t\t\t\t<a class=\"elementor-button elementor-button-link elementor-size-sm\" href=\"https:\/\/www.gehealthcare.com\/en-my\/products\/surgical-imaging\/oec-miniview?srsltid=AfmBOorglf6_tLZ8YQunF9mgw3XXy48w1IrTsn8Me8y6Qdot5VVYpbMl\" target=\"_blank\">\n\t\t\t\t\t\t<span class=\"elementor-button-content-wrapper\">\n\t\t\t\t\t\t\t\t\t<span class=\"elementor-button-text\">Discover more<\/span>\n\t\t\t\t\t<\/span>\n\t\t\t\t\t<\/a>\n\t\t\t\t<\/div>\n\t\t\t\t\t\t\t\t<\/div>\n\t\t\t\t<\/div>\n\t\t\t\t<\/div>\n\t\t\t\t<\/div>\n\t\t<div class=\"elementor-element elementor-element-9e18355 e-con-full e-flex e-con e-child\" data-id=\"9e18355\" data-element_type=\"container\" data-e-type=\"container\">\n\t\t\t\t<div class=\"elementor-element elementor-element-707ec3a elementor-widget__width-auto elementor-widget elementor-widget-image\" data-id=\"707ec3a\" data-element_type=\"widget\" data-e-type=\"widget\" data-widget_type=\"image.default\">\n\t\t\t\t<div class=\"elementor-widget-container\">\n\t\t\t\t\t\t\t\t\t\t\t\t\t\t\t<img decoding=\"async\" width=\"144\" height=\"32\" src=\"https:\/\/gevenmed.net\/wp-content\/uploads\/2025\/09\/logo-ge.png\" class=\"attachment-full size-full wp-image-3416\" alt=\"\" srcset=\"https:\/\/gevenmed.net\/wp-content\/uploads\/2025\/09\/logo-ge.png 144w, https:\/\/gevenmed.net\/wp-content\/uploads\/2025\/09\/logo-ge-18x4.png 18w\" sizes=\"(max-width: 144px) 100vw, 144px\" \/>\t\t\t\t\t\t\t\t\t\t\t\t\t\t\t<\/div>\n\t\t\t\t<\/div>\n\t\t\t\t<div class=\"elementor-element elementor-element-4611580 elementor-widget elementor-widget-image\" data-id=\"4611580\" data-element_type=\"widget\" data-e-type=\"widget\" data-widget_type=\"image.default\">\n\t\t\t\t<div class=\"elementor-widget-container\">\n\t\t\t\t\t\t\t\t\t\t\t\t\t\t\t<img decoding=\"async\" width=\"579\" height=\"556\" src=\"https:\/\/gevenmed.net\/wp-content\/uploads\/2025\/09\/MIN2.avif\" class=\"attachment-full size-full wp-image-3752\" alt=\"\" srcset=\"https:\/\/gevenmed.net\/wp-content\/uploads\/2025\/09\/MIN2.avif 579w, https:\/\/gevenmed.net\/wp-content\/uploads\/2025\/09\/MIN2-300x288.avif 300w, https:\/\/gevenmed.net\/wp-content\/uploads\/2025\/09\/MIN2-12x12.avif 12w\" sizes=\"(max-width: 579px) 100vw, 579px\" \/>\t\t\t\t\t\t\t\t\t\t\t\t\t\t\t<\/div>\n\t\t\t\t<\/div>\n\t\t\t\t<\/div>\n\t\t\t\t\t<\/div>\n\t\t\t\t<\/div>\n\t\t<div class=\"elementor-element elementor-element-4239d7c e-flex e-con-boxed elementor-invisible e-con e-parent\" data-id=\"4239d7c\" data-element_type=\"container\" data-e-type=\"container\" data-settings=\"{&quot;animation&quot;:&quot;fadeIn&quot;}\">\n\t\t\t\t\t<div class=\"e-con-inner\">\n\t\t<div class=\"elementor-element elementor-element-202f867 e-con-full e-flex e-con e-child\" data-id=\"202f867\" data-element_type=\"container\" data-e-type=\"container\">\n\t\t\t\t<div class=\"elementor-element elementor-element-b72ffde elementor-widget elementor-widget-heading\" data-id=\"b72ffde\" data-element_type=\"widget\" data-e-type=\"widget\" data-widget_type=\"heading.default\">\n\t\t\t\t<div class=\"elementor-widget-container\">\n\t\t\t\t\t<h2 class=\"elementor-heading-title elementor-size-default\">ELITE CFD<\/h2>\t\t\t\t<\/div>\n\t\t\t\t<\/div>\n\t\t\t\t<div class=\"elementor-element elementor-element-cb25a67 elementor-widget elementor-widget-text-editor\" data-id=\"cb25a67\" data-element_type=\"widget\" data-e-type=\"widget\" data-widget_type=\"text-editor.default\">\n\t\t\t\t<div class=\"elementor-widget-container\">\n\t\t\t\t\t\t\t\t\tThe at-panel detector with CMOS technology OEC Elite offers the clarity of image details and stunning at low doses, with improvements to the experience simple and effective. With a simple touch, focus on the most important details and get more information with the range of C-arm of the at-panel detector with CMOS technology OEC Elite Introduction of intuitive features and powerful that improve the control during the acquisition of surgical images: The function Live Zoom takes the potential of the zoom in real-time to surgical centres and allows doctors to focus on the critical details. With an intuitive touch control, Live Zoom expands up to four times the size of an image directly without changes in the technique of X-ray profile image acquisition General HD improves visualization during insertion of the catheter. The General profile HD softens the bones and the dense tissue in an x-ray at the time that improves the display of the devices, which enables physicians to more easily see the insertions of catheters during procedures such as the PICC (central catheters insertion peripheral), access to ports, central venous access, and dialysis catheters. Options Motorized Drive for positions intuitive memory, which includes the last shot, the controls side of the table and the selection of configurations Super C for the procedures for cardiac and vascular.\t\t\t\t\t\t\t\t<\/div>\n\t\t\t\t<\/div>\n\t\t<div class=\"elementor-element elementor-element-0783236 e-grid e-con-full e-con e-child\" data-id=\"0783236\" data-element_type=\"container\" data-e-type=\"container\">\n\t\t\t\t<div class=\"elementor-element elementor-element-7715d3a elementor-align-justify elementor-widget elementor-widget-button\" data-id=\"7715d3a\" data-element_type=\"widget\" data-e-type=\"widget\" data-widget_type=\"button.default\">\n\t\t\t\t<div class=\"elementor-widget-container\">\n\t\t\t\t\t\t\t\t\t<div class=\"elementor-button-wrapper\">\n\t\t\t\t\t<a class=\"elementor-button elementor-button-link elementor-size-sm\" href=\"https:\/\/www.gehealthcare.com\/products\/surgical-imaging\/oec-elite-cfd\" target=\"_blank\">\n\t\t\t\t\t\t<span class=\"elementor-button-content-wrapper\">\n\t\t\t\t\t\t\t\t\t<span class=\"elementor-button-text\">Discover more<\/span>\n\t\t\t\t\t<\/span>\n\t\t\t\t\t<\/a>\n\t\t\t\t<\/div>\n\t\t\t\t\t\t\t\t<\/div>\n\t\t\t\t<\/div>\n\t\t\t\t<\/div>\n\t\t\t\t<\/div>\n\t\t<div class=\"elementor-element elementor-element-92f603c e-con-full e-flex e-con e-child\" data-id=\"92f603c\" data-element_type=\"container\" data-e-type=\"container\">\n\t\t\t\t<div class=\"elementor-element elementor-element-ee12bed elementor-widget__width-auto elementor-widget elementor-widget-image\" data-id=\"ee12bed\" data-element_type=\"widget\" data-e-type=\"widget\" data-widget_type=\"image.default\">\n\t\t\t\t<div class=\"elementor-widget-container\">\n\t\t\t\t\t\t\t\t\t\t\t\t\t\t\t<img decoding=\"async\" width=\"144\" height=\"32\" src=\"https:\/\/gevenmed.net\/wp-content\/uploads\/2025\/09\/logo-ge.png\" class=\"attachment-full size-full wp-image-3416\" alt=\"\" srcset=\"https:\/\/gevenmed.net\/wp-content\/uploads\/2025\/09\/logo-ge.png 144w, https:\/\/gevenmed.net\/wp-content\/uploads\/2025\/09\/logo-ge-18x4.png 18w\" sizes=\"(max-width: 144px) 100vw, 144px\" \/>\t\t\t\t\t\t\t\t\t\t\t\t\t\t\t<\/div>\n\t\t\t\t<\/div>\n\t\t\t\t<div class=\"elementor-element elementor-element-5613ade elementor-widget elementor-widget-image\" data-id=\"5613ade\" data-element_type=\"widget\" data-e-type=\"widget\" data-widget_type=\"image.default\">\n\t\t\t\t<div class=\"elementor-widget-container\">\n\t\t\t\t\t\t\t\t\t\t\t\t\t\t\t<img loading=\"lazy\" decoding=\"async\" width=\"636\" height=\"546\" src=\"https:\/\/gevenmed.net\/wp-content\/uploads\/2025\/09\/MIN3.avif\" class=\"attachment-full size-full wp-image-3753\" alt=\"\" srcset=\"https:\/\/gevenmed.net\/wp-content\/uploads\/2025\/09\/MIN3.avif 636w, https:\/\/gevenmed.net\/wp-content\/uploads\/2025\/09\/MIN3-300x258.avif 300w, https:\/\/gevenmed.net\/wp-content\/uploads\/2025\/09\/MIN3-14x12.avif 14w, https:\/\/gevenmed.net\/wp-content\/uploads\/2025\/09\/MIN3-600x515.avif 600w\" sizes=\"(max-width: 636px) 100vw, 636px\" \/>\t\t\t\t\t\t\t\t\t\t\t\t\t\t\t<\/div>\n\t\t\t\t<\/div>\n\t\t\t\t<\/div>\n\t\t\t\t\t<\/div>\n\t\t\t\t<\/div>\n\t\t<div class=\"elementor-element elementor-element-7196a5c e-flex e-con-boxed e-con e-parent\" data-id=\"7196a5c\" data-element_type=\"container\" data-e-type=\"container\">\n\t\t\t\t\t<div class=\"e-con-inner\">\n\t\t\t\t<div class=\"elementor-element elementor-element-423f5e8 elementor-widget elementor-widget-spacer\" data-id=\"423f5e8\" data-element_type=\"widget\" data-e-type=\"widget\" data-widget_type=\"spacer.default\">\n\t\t\t\t<div class=\"elementor-widget-container\">\n\t\t\t\t\t\t\t<div class=\"elementor-spacer\">\n\t\t\t<div class=\"elementor-spacer-inner\"><\/div>\n\t\t<\/div>\n\t\t\t\t\t\t<\/div>\n\t\t\t\t<\/div>\n\t\t\t\t\t<\/div>\n\t\t\t\t<\/div>\n\t\t\t\t<\/div>","protected":false},"excerpt":{"rendered":"<p>OEC ONE CFD El arco en C m\u00f3vil todo en uno OEC One ofrece funciones extraordinarias de adquisici\u00f3n de im\u00e1genes que se han hecho m\u00e1s accesibles para una gran variedad de procedimientos, desde el tratamiento del dolor hasta los procedimientos vasculares. Disfrute de avances de procesamiento en im\u00e1genes claras y detalladas. Acerque las im\u00e1genes al [&hellip;]<\/p>\n","protected":false},"author":3,"featured_media":0,"parent":3337,"menu_order":10,"comment_status":"closed","ping_status":"closed","template":"","meta":{"footnotes":""},"class_list":["post-3692","page","type-page","status-publish","hentry"],"_links":{"self":[{"href":"https:\/\/gevenmed.net\/en\/wp-json\/wp\/v2\/pages\/3692","targetHints":{"allow":["GET"]}}],"collection":[{"href":"https:\/\/gevenmed.net\/en\/wp-json\/wp\/v2\/pages"}],"about":[{"href":"https:\/\/gevenmed.net\/en\/wp-json\/wp\/v2\/types\/page"}],"author":[{"embeddable":true,"href":"https:\/\/gevenmed.net\/en\/wp-json\/wp\/v2\/users\/3"}],"replies":[{"embeddable":true,"href":"https:\/\/gevenmed.net\/en\/wp-json\/wp\/v2\/comments?post=3692"}],"version-history":[{"count":4,"href":"https:\/\/gevenmed.net\/en\/wp-json\/wp\/v2\/pages\/3692\/revisions"}],"predecessor-version":[{"id":3756,"href":"https:\/\/gevenmed.net\/en\/wp-json\/wp\/v2\/pages\/3692\/revisions\/3756"}],"up":[{"embeddable":true,"href":"https:\/\/gevenmed.net\/en\/wp-json\/wp\/v2\/pages\/3337"}],"wp:attachment":[{"href":"https:\/\/gevenmed.net\/en\/wp-json\/wp\/v2\/media?parent=3692"}],"curies":[{"name":"wp","href":"https:\/\/api.w.org\/{rel}","templated":true}]}}