{"id":3653,"date":"2025-09-10T02:16:31","date_gmt":"2025-09-10T02:16:31","guid":{"rendered":"https:\/\/globalmedica.lemachi.de\/?page_id=3653"},"modified":"2026-03-27T13:26:04","modified_gmt":"2026-03-27T13:26:04","slug":"ecg","status":"publish","type":"page","link":"https:\/\/gevenmed.net\/en\/especialidades\/ecg\/","title":{"rendered":"ECG"},"content":{"rendered":"<div data-elementor-type=\"wp-page\" data-elementor-id=\"3653\" class=\"elementor elementor-3653\" data-elementor-post-type=\"page\">\n\t\t\t\t<div class=\"elementor-element elementor-element-5426894 e-flex e-con-boxed e-con e-parent\" data-id=\"5426894\" data-element_type=\"container\" data-e-type=\"container\">\n\t\t\t\t\t<div class=\"e-con-inner\">\n\t\t\t\t<div class=\"elementor-element elementor-element-47ead36 elementor-widget elementor-widget-spacer\" data-id=\"47ead36\" data-element_type=\"widget\" data-e-type=\"widget\" data-widget_type=\"spacer.default\">\n\t\t\t\t<div class=\"elementor-widget-container\">\n\t\t\t\t\t\t\t<div class=\"elementor-spacer\">\n\t\t\t<div class=\"elementor-spacer-inner\"><\/div>\n\t\t<\/div>\n\t\t\t\t\t\t<\/div>\n\t\t\t\t<\/div>\n\t\t\t\t\t<\/div>\n\t\t\t\t<\/div>\n\t\t<div class=\"elementor-element elementor-element-db66a6e e-flex e-con-boxed elementor-invisible e-con e-parent\" data-id=\"db66a6e\" data-element_type=\"container\" data-e-type=\"container\" data-settings=\"{&quot;animation&quot;:&quot;fadeIn&quot;}\">\n\t\t\t\t\t<div class=\"e-con-inner\">\n\t\t<div class=\"elementor-element elementor-element-e6696b4 e-con-full e-flex e-con e-child\" data-id=\"e6696b4\" data-element_type=\"container\" data-e-type=\"container\">\n\t\t\t\t<div class=\"elementor-element elementor-element-bd2cad5 elementor-widget elementor-widget-heading\" data-id=\"bd2cad5\" data-element_type=\"widget\" data-e-type=\"widget\" data-widget_type=\"heading.default\">\n\t\t\t\t<div class=\"elementor-widget-container\">\n\t\t\t\t\t<h2 class=\"elementor-heading-title elementor-size-default\">MAC 600\n<\/h2>\t\t\t\t<\/div>\n\t\t\t\t<\/div>\n\t\t\t\t<div class=\"elementor-element elementor-element-98e3b7b elementor-widget elementor-widget-text-editor\" data-id=\"98e3b7b\" data-element_type=\"widget\" data-e-type=\"widget\" data-widget_type=\"text-editor.default\">\n\t\t\t\t<div class=\"elementor-widget-container\">\n\t\t\t\t\t\t\t\t\tConnect the heart of the patient to the ECG digital through this powerful system of ECG, digital, portable and easy to use. To meet the healthcare needs of a growing global population, we must first be able to deal with them. MAC 600 is lightweight and portable, a compact system that allows you to perform analysis of ECG. Get one of the technologies clinical edge that will provide results on the screen in order to save time, energy, and paper. In addition, we offer the reliability in the diagnosis offered by the analytical tools of Marquette 12SL, all encompassed by a system of ECG portable and easy to use.\t\t\t\t\t\t\t\t<\/div>\n\t\t\t\t<\/div>\n\t\t<div class=\"elementor-element elementor-element-f0cc93b e-grid e-con-full e-con e-child\" data-id=\"f0cc93b\" data-element_type=\"container\" data-e-type=\"container\">\n\t\t\t\t<div class=\"elementor-element elementor-element-7c07149 elementor-align-justify elementor-widget elementor-widget-button\" data-id=\"7c07149\" data-element_type=\"widget\" data-e-type=\"widget\" data-widget_type=\"button.default\">\n\t\t\t\t<div class=\"elementor-widget-container\">\n\t\t\t\t\t\t\t\t\t<div class=\"elementor-button-wrapper\">\n\t\t\t\t\t<a class=\"elementor-button elementor-button-link elementor-size-sm\" href=\"https:\/\/www.gehealthcare.es\/products\/diagnostic-cardiology\/resting-ecgs\/mac-600-ecg-analysis-system\" target=\"_blank\">\n\t\t\t\t\t\t<span class=\"elementor-button-content-wrapper\">\n\t\t\t\t\t\t\t\t\t<span class=\"elementor-button-text\">Discover more<\/span>\n\t\t\t\t\t<\/span>\n\t\t\t\t\t<\/a>\n\t\t\t\t<\/div>\n\t\t\t\t\t\t\t\t<\/div>\n\t\t\t\t<\/div>\n\t\t\t\t<\/div>\n\t\t\t\t<\/div>\n\t\t<div class=\"elementor-element elementor-element-a36db17 e-con-full e-flex e-con e-child\" data-id=\"a36db17\" data-element_type=\"container\" data-e-type=\"container\">\n\t\t\t\t<div class=\"elementor-element elementor-element-e001a46 elementor-widget__width-auto elementor-widget elementor-widget-image\" data-id=\"e001a46\" data-element_type=\"widget\" data-e-type=\"widget\" data-widget_type=\"image.default\">\n\t\t\t\t<div class=\"elementor-widget-container\">\n\t\t\t\t\t\t\t\t\t\t\t\t\t\t\t<img decoding=\"async\" width=\"144\" height=\"32\" src=\"https:\/\/gevenmed.net\/wp-content\/uploads\/2025\/09\/logo-ge.png\" class=\"attachment-full size-full wp-image-3416\" alt=\"\" srcset=\"https:\/\/gevenmed.net\/wp-content\/uploads\/2025\/09\/logo-ge.png 144w, https:\/\/gevenmed.net\/wp-content\/uploads\/2025\/09\/logo-ge-18x4.png 18w\" sizes=\"(max-width: 144px) 100vw, 144px\" \/>\t\t\t\t\t\t\t\t\t\t\t\t\t\t\t<\/div>\n\t\t\t\t<\/div>\n\t\t\t\t<div class=\"elementor-element elementor-element-fed9339 elementor-widget elementor-widget-image\" data-id=\"fed9339\" data-element_type=\"widget\" data-e-type=\"widget\" data-widget_type=\"image.default\">\n\t\t\t\t<div class=\"elementor-widget-container\">\n\t\t\t\t\t\t\t\t\t\t\t\t\t\t\t<img fetchpriority=\"high\" decoding=\"async\" width=\"568\" height=\"387\" src=\"https:\/\/gevenmed.net\/wp-content\/uploads\/2025\/09\/ECG-Mac-600.avif\" class=\"attachment-full size-full wp-image-3676\" alt=\"\" srcset=\"https:\/\/gevenmed.net\/wp-content\/uploads\/2025\/09\/ECG-Mac-600.avif 568w, https:\/\/gevenmed.net\/wp-content\/uploads\/2025\/09\/ECG-Mac-600-300x204.avif 300w, https:\/\/gevenmed.net\/wp-content\/uploads\/2025\/09\/ECG-Mac-600-18x12.avif 18w\" sizes=\"(max-width: 568px) 100vw, 568px\" \/>\t\t\t\t\t\t\t\t\t\t\t\t\t\t\t<\/div>\n\t\t\t\t<\/div>\n\t\t\t\t<\/div>\n\t\t\t\t\t<\/div>\n\t\t\t\t<\/div>\n\t\t<div class=\"elementor-element elementor-element-4bbc03c e-flex e-con-boxed elementor-invisible e-con e-parent\" data-id=\"4bbc03c\" data-element_type=\"container\" data-e-type=\"container\" data-settings=\"{&quot;animation&quot;:&quot;fadeIn&quot;}\">\n\t\t\t\t\t<div class=\"e-con-inner\">\n\t\t<div class=\"elementor-element elementor-element-b6888d7 e-con-full e-flex e-con e-child\" data-id=\"b6888d7\" data-element_type=\"container\" data-e-type=\"container\">\n\t\t\t\t<div class=\"elementor-element elementor-element-1f5d9b2 elementor-widget elementor-widget-heading\" data-id=\"1f5d9b2\" data-element_type=\"widget\" data-e-type=\"widget\" data-widget_type=\"heading.default\">\n\t\t\t\t<div class=\"elementor-widget-container\">\n\t\t\t\t\t<h2 class=\"elementor-heading-title elementor-size-default\">MAC 2000\n<\/h2>\t\t\t\t<\/div>\n\t\t\t\t<\/div>\n\t\t\t\t<div class=\"elementor-element elementor-element-2b01231 elementor-widget elementor-widget-text-editor\" data-id=\"2b01231\" data-element_type=\"widget\" data-e-type=\"widget\" data-widget_type=\"text-editor.default\">\n\t\t\t\t<div class=\"elementor-widget-container\">\n\t\t\t\t\t\t\t\t\tThe electrocardiograph 12 channel MAC 2000 helps users be more productive from the first ECG. The more simple the better.\n\nBenefits: Screen 7\u201d color easy to read. Thermal printing at full size on A4\/US Letter. Full keyboard and intuitive interface. Workflow without paper for hospitals and clinics. Connectivity with LAN, Wifi, serial port, modem, or SD card. Possibility of exporting the data in the form of PDF and XML. Ability to store locally up to 200 ECG. Program analysis of ECG Marquette 12SL with measurement and interpretation.\t\t\t\t\t\t\t\t<\/div>\n\t\t\t\t<\/div>\n\t\t<div class=\"elementor-element elementor-element-a1a1760 e-grid e-con-full e-con e-child\" data-id=\"a1a1760\" data-element_type=\"container\" data-e-type=\"container\">\n\t\t\t\t<div class=\"elementor-element elementor-element-23fe73c elementor-align-justify elementor-widget elementor-widget-button\" data-id=\"23fe73c\" data-element_type=\"widget\" data-e-type=\"widget\" data-widget_type=\"button.default\">\n\t\t\t\t<div class=\"elementor-widget-container\">\n\t\t\t\t\t\t\t\t\t<div class=\"elementor-button-wrapper\">\n\t\t\t\t\t<a class=\"elementor-button elementor-button-link elementor-size-sm\" href=\"https:\/\/www.gehealthcare.com\/en-sg\/products\/mac-2000?srsltid=AfmBOooWwaUb2ebQQSpSx33GyEiX70sg0gmz6yKmLaRiNyL4uuxbR1Kq\" target=\"_blank\">\n\t\t\t\t\t\t<span class=\"elementor-button-content-wrapper\">\n\t\t\t\t\t\t\t\t\t<span class=\"elementor-button-text\">Discover more<\/span>\n\t\t\t\t\t<\/span>\n\t\t\t\t\t<\/a>\n\t\t\t\t<\/div>\n\t\t\t\t\t\t\t\t<\/div>\n\t\t\t\t<\/div>\n\t\t\t\t<\/div>\n\t\t\t\t<\/div>\n\t\t<div class=\"elementor-element elementor-element-77197a8 e-con-full e-flex e-con e-child\" data-id=\"77197a8\" data-element_type=\"container\" data-e-type=\"container\">\n\t\t\t\t<div class=\"elementor-element elementor-element-80bfcec elementor-widget__width-auto elementor-widget elementor-widget-image\" data-id=\"80bfcec\" data-element_type=\"widget\" data-e-type=\"widget\" data-widget_type=\"image.default\">\n\t\t\t\t<div class=\"elementor-widget-container\">\n\t\t\t\t\t\t\t\t\t\t\t\t\t\t\t<img decoding=\"async\" width=\"144\" height=\"32\" src=\"https:\/\/gevenmed.net\/wp-content\/uploads\/2025\/09\/logo-ge.png\" class=\"attachment-full size-full wp-image-3416\" alt=\"\" srcset=\"https:\/\/gevenmed.net\/wp-content\/uploads\/2025\/09\/logo-ge.png 144w, https:\/\/gevenmed.net\/wp-content\/uploads\/2025\/09\/logo-ge-18x4.png 18w\" sizes=\"(max-width: 144px) 100vw, 144px\" \/>\t\t\t\t\t\t\t\t\t\t\t\t\t\t\t<\/div>\n\t\t\t\t<\/div>\n\t\t\t\t<div class=\"elementor-element elementor-element-c7cb7c7 elementor-widget elementor-widget-image\" data-id=\"c7cb7c7\" data-element_type=\"widget\" data-e-type=\"widget\" data-widget_type=\"image.default\">\n\t\t\t\t<div class=\"elementor-widget-container\">\n\t\t\t\t\t\t\t\t\t\t\t\t\t\t\t<img decoding=\"async\" width=\"668\" height=\"388\" src=\"https:\/\/gevenmed.net\/wp-content\/uploads\/2025\/09\/ECG-Mac-2000.avif\" class=\"attachment-full size-full wp-image-3677\" alt=\"\" srcset=\"https:\/\/gevenmed.net\/wp-content\/uploads\/2025\/09\/ECG-Mac-2000.avif 668w, https:\/\/gevenmed.net\/wp-content\/uploads\/2025\/09\/ECG-Mac-2000-300x174.avif 300w, https:\/\/gevenmed.net\/wp-content\/uploads\/2025\/09\/ECG-Mac-2000-18x10.avif 18w, https:\/\/gevenmed.net\/wp-content\/uploads\/2025\/09\/ECG-Mac-2000-600x349.avif 600w\" sizes=\"(max-width: 668px) 100vw, 668px\" \/>\t\t\t\t\t\t\t\t\t\t\t\t\t\t\t<\/div>\n\t\t\t\t<\/div>\n\t\t\t\t<\/div>\n\t\t\t\t\t<\/div>\n\t\t\t\t<\/div>\n\t\t<div class=\"elementor-element elementor-element-5fd3f1b e-flex e-con-boxed elementor-invisible e-con e-parent\" data-id=\"5fd3f1b\" data-element_type=\"container\" data-e-type=\"container\" data-settings=\"{&quot;animation&quot;:&quot;fadeIn&quot;}\">\n\t\t\t\t\t<div class=\"e-con-inner\">\n\t\t<div class=\"elementor-element elementor-element-e648585 e-con-full e-flex e-con e-child\" data-id=\"e648585\" data-element_type=\"container\" data-e-type=\"container\">\n\t\t\t\t<div class=\"elementor-element elementor-element-abe41cc elementor-widget elementor-widget-heading\" data-id=\"abe41cc\" data-element_type=\"widget\" data-e-type=\"widget\" data-widget_type=\"heading.default\">\n\t\t\t\t<div class=\"elementor-widget-container\">\n\t\t\t\t\t<h2 class=\"elementor-heading-title elementor-size-default\">MAC 5500<\/h2>\t\t\t\t<\/div>\n\t\t\t\t<\/div>\n\t\t\t\t<div class=\"elementor-element elementor-element-ef7700f elementor-widget elementor-widget-text-editor\" data-id=\"ef7700f\" data-element_type=\"widget\" data-e-type=\"widget\" data-widget_type=\"text-editor.default\">\n\t\t\t\t<div class=\"elementor-widget-container\">\n\t\t\t\t\t\t\t\t\tIn the critical moments of a cardiac event a patient has ECG quick, accurate, and complete system of resting ECG MAC 5500 HD. Based on the innovation of GE in the acquisition and analysis of ECG system, ECG at rest, the MAC 5500 HD is a system of ECG from the first level that offers advanced capabilities for management of diseases through one of the collections of algorithms and advanced networking leaders in the industry. The MAC 5500 HD represents a new definition of speed and accuracy of ECG and offers: \u2013 Best tools of classification for the detection of acute coronary syndrome (ACS). \u2013 Critical values-configurable to help speed up the treatment time. \u2013 Pacemaker detection more accurate for an interpretation advanced rhythms marked. \u2013 Workflow barcode improved, with orders and discharge capacity of ADT, they work together to help improve efficiency throughout the company. \u2013 Work flow of ECG connected to help save time and avoid costly misdiagnoses. The MAC 5500 HD also meets the need for productivity across the enterprise, to allow a wide range of users to capture, analyze, and communicate with precision ECG data. All to ensure that the correct details to go with the right patient to help reduce errors demographic and billing, and to accelerate the treatment time. Sophisticated tools. Easy to use. The MAC 5500 HD allows physicians to focus on what&#039;s most important: their patients.\t\t\t\t\t\t\t\t<\/div>\n\t\t\t\t<\/div>\n\t\t<div class=\"elementor-element elementor-element-df0a19f e-grid e-con-full e-con e-child\" data-id=\"df0a19f\" data-element_type=\"container\" data-e-type=\"container\">\n\t\t\t\t<div class=\"elementor-element elementor-element-730e144 elementor-align-justify elementor-widget elementor-widget-button\" data-id=\"730e144\" data-element_type=\"widget\" data-e-type=\"widget\" data-widget_type=\"button.default\">\n\t\t\t\t<div class=\"elementor-widget-container\">\n\t\t\t\t\t\t\t\t\t<div class=\"elementor-button-wrapper\">\n\t\t\t\t\t<a class=\"elementor-button elementor-button-link elementor-size-sm\" href=\"https:\/\/www.gehealthcare.com\/en-my\/products\/diagnostic-ecg\/mac-5500-hd\" target=\"_blank\">\n\t\t\t\t\t\t<span class=\"elementor-button-content-wrapper\">\n\t\t\t\t\t\t\t\t\t<span class=\"elementor-button-text\">Discover more<\/span>\n\t\t\t\t\t<\/span>\n\t\t\t\t\t<\/a>\n\t\t\t\t<\/div>\n\t\t\t\t\t\t\t\t<\/div>\n\t\t\t\t<\/div>\n\t\t\t\t<\/div>\n\t\t\t\t<\/div>\n\t\t<div class=\"elementor-element elementor-element-9064e36 e-con-full e-flex e-con e-child\" data-id=\"9064e36\" data-element_type=\"container\" data-e-type=\"container\">\n\t\t\t\t<div class=\"elementor-element elementor-element-fed2b89 elementor-widget__width-auto elementor-widget elementor-widget-image\" data-id=\"fed2b89\" data-element_type=\"widget\" data-e-type=\"widget\" data-widget_type=\"image.default\">\n\t\t\t\t<div class=\"elementor-widget-container\">\n\t\t\t\t\t\t\t\t\t\t\t\t\t\t\t<img decoding=\"async\" width=\"144\" height=\"32\" src=\"https:\/\/gevenmed.net\/wp-content\/uploads\/2025\/09\/logo-ge.png\" class=\"attachment-full size-full wp-image-3416\" alt=\"\" srcset=\"https:\/\/gevenmed.net\/wp-content\/uploads\/2025\/09\/logo-ge.png 144w, https:\/\/gevenmed.net\/wp-content\/uploads\/2025\/09\/logo-ge-18x4.png 18w\" sizes=\"(max-width: 144px) 100vw, 144px\" \/>\t\t\t\t\t\t\t\t\t\t\t\t\t\t\t<\/div>\n\t\t\t\t<\/div>\n\t\t\t\t<div class=\"elementor-element elementor-element-c36fede elementor-widget elementor-widget-image\" data-id=\"c36fede\" data-element_type=\"widget\" data-e-type=\"widget\" data-widget_type=\"image.default\">\n\t\t\t\t<div class=\"elementor-widget-container\">\n\t\t\t\t\t\t\t\t\t\t\t\t\t\t\t<img loading=\"lazy\" decoding=\"async\" width=\"332\" height=\"636\" src=\"https:\/\/gevenmed.net\/wp-content\/uploads\/2025\/09\/ECG-Mac-5500.avif\" class=\"attachment-full size-full wp-image-3678\" alt=\"\" srcset=\"https:\/\/gevenmed.net\/wp-content\/uploads\/2025\/09\/ECG-Mac-5500.avif 332w, https:\/\/gevenmed.net\/wp-content\/uploads\/2025\/09\/ECG-Mac-5500-157x300.avif 157w, https:\/\/gevenmed.net\/wp-content\/uploads\/2025\/09\/ECG-Mac-5500-6x12.avif 6w\" sizes=\"(max-width: 332px) 100vw, 332px\" \/>\t\t\t\t\t\t\t\t\t\t\t\t\t\t\t<\/div>\n\t\t\t\t<\/div>\n\t\t\t\t<\/div>\n\t\t\t\t\t<\/div>\n\t\t\t\t<\/div>\n\t\t<div class=\"elementor-element elementor-element-bb771e9 e-flex e-con-boxed e-con e-parent\" data-id=\"bb771e9\" data-element_type=\"container\" data-e-type=\"container\">\n\t\t\t\t\t<div class=\"e-con-inner\">\n\t\t\t\t<div class=\"elementor-element elementor-element-19a92c4 elementor-widget elementor-widget-spacer\" data-id=\"19a92c4\" data-element_type=\"widget\" data-e-type=\"widget\" data-widget_type=\"spacer.default\">\n\t\t\t\t<div class=\"elementor-widget-container\">\n\t\t\t\t\t\t\t<div class=\"elementor-spacer\">\n\t\t\t<div class=\"elementor-spacer-inner\"><\/div>\n\t\t<\/div>\n\t\t\t\t\t\t<\/div>\n\t\t\t\t<\/div>\n\t\t\t\t\t<\/div>\n\t\t\t\t<\/div>\n\t\t\t\t<\/div>","protected":false},"excerpt":{"rendered":"<p>MAC 600 Conecte el coraz\u00f3n del paciente al ECG digital a trav\u00e9s de este potente sistema de ECG, digital, port\u00e1til y f\u00e1cil de usar. Para satisfacer las necesidades de asistencia sanitaria de una poblaci\u00f3n mundial cada vez mayor, primero debemos poder afrontarlas. MAC 600 es ligero y port\u00e1til, un sistema compacto que le permite realizar [&hellip;]<\/p>\n","protected":false},"author":3,"featured_media":0,"parent":3337,"menu_order":10,"comment_status":"closed","ping_status":"closed","template":"","meta":{"footnotes":""},"class_list":["post-3653","page","type-page","status-publish","hentry"],"_links":{"self":[{"href":"https:\/\/gevenmed.net\/en\/wp-json\/wp\/v2\/pages\/3653","targetHints":{"allow":["GET"]}}],"collection":[{"href":"https:\/\/gevenmed.net\/en\/wp-json\/wp\/v2\/pages"}],"about":[{"href":"https:\/\/gevenmed.net\/en\/wp-json\/wp\/v2\/types\/page"}],"author":[{"embeddable":true,"href":"https:\/\/gevenmed.net\/en\/wp-json\/wp\/v2\/users\/3"}],"replies":[{"embeddable":true,"href":"https:\/\/gevenmed.net\/en\/wp-json\/wp\/v2\/comments?post=3653"}],"version-history":[{"count":7,"href":"https:\/\/gevenmed.net\/en\/wp-json\/wp\/v2\/pages\/3653\/revisions"}],"predecessor-version":[{"id":4037,"href":"https:\/\/gevenmed.net\/en\/wp-json\/wp\/v2\/pages\/3653\/revisions\/4037"}],"up":[{"embeddable":true,"href":"https:\/\/gevenmed.net\/en\/wp-json\/wp\/v2\/pages\/3337"}],"wp:attachment":[{"href":"https:\/\/gevenmed.net\/en\/wp-json\/wp\/v2\/media?parent=3653"}],"curies":[{"name":"wp","href":"https:\/\/api.w.org\/{rel}","templated":true}]}}