{"id":3651,"date":"2025-09-10T02:15:59","date_gmt":"2025-09-10T02:15:59","guid":{"rendered":"https:\/\/globalmedica.lemachi.de\/?page_id=3651"},"modified":"2025-09-10T02:27:56","modified_gmt":"2025-09-10T02:27:56","slug":"pruebas-de-esfuerzo","status":"publish","type":"page","link":"https:\/\/gevenmed.net\/en\/especialidades\/pruebas-de-esfuerzo\/","title":{"rendered":"Stress testing"},"content":{"rendered":"<div data-elementor-type=\"wp-page\" data-elementor-id=\"3651\" class=\"elementor elementor-3651\" data-elementor-post-type=\"page\">\n\t\t\t\t<div class=\"elementor-element elementor-element-cd68fda e-flex e-con-boxed e-con e-parent\" data-id=\"cd68fda\" data-element_type=\"container\" data-e-type=\"container\">\n\t\t\t\t\t<div class=\"e-con-inner\">\n\t\t\t\t<div class=\"elementor-element elementor-element-d529d5b elementor-widget elementor-widget-spacer\" data-id=\"d529d5b\" data-element_type=\"widget\" data-e-type=\"widget\" data-widget_type=\"spacer.default\">\n\t\t\t\t<div class=\"elementor-widget-container\">\n\t\t\t\t\t\t\t<div class=\"elementor-spacer\">\n\t\t\t<div class=\"elementor-spacer-inner\"><\/div>\n\t\t<\/div>\n\t\t\t\t\t\t<\/div>\n\t\t\t\t<\/div>\n\t\t\t\t\t<\/div>\n\t\t\t\t<\/div>\n\t\t<div class=\"elementor-element elementor-element-4792bb2 e-flex e-con-boxed elementor-invisible e-con e-parent\" data-id=\"4792bb2\" data-element_type=\"container\" data-e-type=\"container\" data-settings=\"{&quot;animation&quot;:&quot;fadeIn&quot;}\">\n\t\t\t\t\t<div class=\"e-con-inner\">\n\t\t<div class=\"elementor-element elementor-element-87687c9 e-con-full e-flex e-con e-child\" data-id=\"87687c9\" data-element_type=\"container\" data-e-type=\"container\">\n\t\t\t\t<div class=\"elementor-element elementor-element-b1a3dba elementor-widget elementor-widget-heading\" data-id=\"b1a3dba\" data-element_type=\"widget\" data-e-type=\"widget\" data-widget_type=\"heading.default\">\n\t\t\t\t<div class=\"elementor-widget-container\">\n\t\t\t\t\t<h2 class=\"elementor-heading-title elementor-size-default\">CARDIOSOFT V7\n<\/h2>\t\t\t\t<\/div>\n\t\t\t\t<\/div>\n\t\t\t\t<div class=\"elementor-element elementor-element-83af89f elementor-widget elementor-widget-text-editor\" data-id=\"83af89f\" data-element_type=\"widget\" data-e-type=\"widget\" data-widget_type=\"text-editor.default\">\n\t\t\t\t<div class=\"elementor-widget-container\">\n\t\t\t\t\t\t\t\t\tCardioSoft V7 is a medical device with CE marking. The analysis system heart CardioSoftTM for stress testing facilitates the detection and effective treatment of cardiovascular diseases (CVD). The more devices for testing and modalities can be integrated in the system of analysis heart, the greater the flexibility that you will have to choose the right combination for each patient.\t\t\t\t\t\t\t\t<\/div>\n\t\t\t\t<\/div>\n\t\t<div class=\"elementor-element elementor-element-fc72b35 e-grid e-con-full e-con e-child\" data-id=\"fc72b35\" data-element_type=\"container\" data-e-type=\"container\">\n\t\t\t\t<div class=\"elementor-element elementor-element-77e2249 elementor-align-justify elementor-widget elementor-widget-button\" data-id=\"77e2249\" data-element_type=\"widget\" data-e-type=\"widget\" data-widget_type=\"button.default\">\n\t\t\t\t<div class=\"elementor-widget-container\">\n\t\t\t\t\t\t\t\t\t<div class=\"elementor-button-wrapper\">\n\t\t\t\t\t<a class=\"elementor-button elementor-button-link elementor-size-sm\" href=\"https:\/\/www.gehealthcare.es\/products\/cardiosoft-v7\" target=\"_blank\">\n\t\t\t\t\t\t<span class=\"elementor-button-content-wrapper\">\n\t\t\t\t\t\t\t\t\t<span class=\"elementor-button-text\">Discover more<\/span>\n\t\t\t\t\t<\/span>\n\t\t\t\t\t<\/a>\n\t\t\t\t<\/div>\n\t\t\t\t\t\t\t\t<\/div>\n\t\t\t\t<\/div>\n\t\t\t\t<\/div>\n\t\t\t\t<\/div>\n\t\t<div class=\"elementor-element elementor-element-b07e34b e-con-full e-flex e-con e-child\" data-id=\"b07e34b\" data-element_type=\"container\" data-e-type=\"container\">\n\t\t\t\t<div class=\"elementor-element elementor-element-4eee95a elementor-widget__width-auto elementor-widget elementor-widget-image\" data-id=\"4eee95a\" data-element_type=\"widget\" data-e-type=\"widget\" data-widget_type=\"image.default\">\n\t\t\t\t<div class=\"elementor-widget-container\">\n\t\t\t\t\t\t\t\t\t\t\t\t\t\t\t<img decoding=\"async\" width=\"144\" height=\"32\" src=\"https:\/\/gevenmed.net\/wp-content\/uploads\/2025\/09\/logo-ge.png\" class=\"attachment-full size-full wp-image-3416\" alt=\"\" srcset=\"https:\/\/gevenmed.net\/wp-content\/uploads\/2025\/09\/logo-ge.png 144w, https:\/\/gevenmed.net\/wp-content\/uploads\/2025\/09\/logo-ge-18x4.png 18w\" sizes=\"(max-width: 144px) 100vw, 144px\" \/>\t\t\t\t\t\t\t\t\t\t\t\t\t\t\t<\/div>\n\t\t\t\t<\/div>\n\t\t\t\t<div class=\"elementor-element elementor-element-772c51f elementor-widget elementor-widget-image\" data-id=\"772c51f\" data-element_type=\"widget\" data-e-type=\"widget\" data-widget_type=\"image.default\">\n\t\t\t\t<div class=\"elementor-widget-container\">\n\t\t\t\t\t\t\t\t\t\t\t\t\t\t\t<img fetchpriority=\"high\" decoding=\"async\" width=\"626\" height=\"400\" src=\"https:\/\/gevenmed.net\/wp-content\/uploads\/2025\/09\/cardiosoft67-ge-2.avif\" class=\"attachment-full size-full wp-image-3669\" alt=\"\" srcset=\"https:\/\/gevenmed.net\/wp-content\/uploads\/2025\/09\/cardiosoft67-ge-2.avif 626w, https:\/\/gevenmed.net\/wp-content\/uploads\/2025\/09\/cardiosoft67-ge-2-300x192.avif 300w, https:\/\/gevenmed.net\/wp-content\/uploads\/2025\/09\/cardiosoft67-ge-2-18x12.avif 18w, https:\/\/gevenmed.net\/wp-content\/uploads\/2025\/09\/cardiosoft67-ge-2-600x383.avif 600w\" sizes=\"(max-width: 626px) 100vw, 626px\" \/>\t\t\t\t\t\t\t\t\t\t\t\t\t\t\t<\/div>\n\t\t\t\t<\/div>\n\t\t\t\t<\/div>\n\t\t\t\t\t<\/div>\n\t\t\t\t<\/div>\n\t\t<div class=\"elementor-element elementor-element-bb5f019 e-flex e-con-boxed elementor-invisible e-con e-parent\" data-id=\"bb5f019\" data-element_type=\"container\" data-e-type=\"container\" data-settings=\"{&quot;animation&quot;:&quot;fadeIn&quot;}\">\n\t\t\t\t\t<div class=\"e-con-inner\">\n\t\t<div class=\"elementor-element elementor-element-0e7eccd e-con-full e-flex e-con e-child\" data-id=\"0e7eccd\" data-element_type=\"container\" data-e-type=\"container\">\n\t\t\t\t<div class=\"elementor-element elementor-element-5d7ad21 elementor-widget elementor-widget-heading\" data-id=\"5d7ad21\" data-element_type=\"widget\" data-e-type=\"widget\" data-widget_type=\"heading.default\">\n\t\t\t\t<div class=\"elementor-widget-container\">\n\t\t\t\t\t<h2 class=\"elementor-heading-title elementor-size-default\">CASE V7<\/h2>\t\t\t\t<\/div>\n\t\t\t\t<\/div>\n\t\t\t\t<div class=\"elementor-element elementor-element-dce3f3c elementor-widget elementor-widget-text-editor\" data-id=\"dce3f3c\" data-element_type=\"widget\" data-e-type=\"widget\" data-widget_type=\"text-editor.default\">\n\t\t\t\t<div class=\"elementor-widget-container\">\n\t\t\t\t\t\t\t\t\tCASE V7 is a medical device with a CE mark. The system of cardiac evaluation CASE \u2122 for stress testing facilitates the detection and effective treatment of cardiovascular diseases (CVD). Provides physicians with a complete set of diagnostic measures, offering a deeper insight and a broader perspective on the treatment the patient&#039;s heart.\t\t\t\t\t\t\t\t<\/div>\n\t\t\t\t<\/div>\n\t\t<div class=\"elementor-element elementor-element-7a61648 e-grid e-con-full e-con e-child\" data-id=\"7a61648\" data-element_type=\"container\" data-e-type=\"container\">\n\t\t\t\t<div class=\"elementor-element elementor-element-be01985 elementor-align-justify elementor-widget elementor-widget-button\" data-id=\"be01985\" data-element_type=\"widget\" data-e-type=\"widget\" data-widget_type=\"button.default\">\n\t\t\t\t<div class=\"elementor-widget-container\">\n\t\t\t\t\t\t\t\t\t<div class=\"elementor-button-wrapper\">\n\t\t\t\t\t<a class=\"elementor-button elementor-button-link elementor-size-sm\" href=\"https:\/\/www.gehealthcare.com\/products\/diagnostic-ecg\/stress-exercise-testing\/case-cardiac-assessment-system-for-exercise-testing\" target=\"_blank\">\n\t\t\t\t\t\t<span class=\"elementor-button-content-wrapper\">\n\t\t\t\t\t\t\t\t\t<span class=\"elementor-button-text\">Discover more<\/span>\n\t\t\t\t\t<\/span>\n\t\t\t\t\t<\/a>\n\t\t\t\t<\/div>\n\t\t\t\t\t\t\t\t<\/div>\n\t\t\t\t<\/div>\n\t\t\t\t<\/div>\n\t\t\t\t<\/div>\n\t\t<div class=\"elementor-element elementor-element-85aa3df e-con-full e-flex e-con e-child\" data-id=\"85aa3df\" data-element_type=\"container\" data-e-type=\"container\">\n\t\t\t\t<div class=\"elementor-element elementor-element-a239c58 elementor-widget__width-auto elementor-widget elementor-widget-image\" data-id=\"a239c58\" data-element_type=\"widget\" data-e-type=\"widget\" data-widget_type=\"image.default\">\n\t\t\t\t<div class=\"elementor-widget-container\">\n\t\t\t\t\t\t\t\t\t\t\t\t\t\t\t<img decoding=\"async\" width=\"144\" height=\"32\" src=\"https:\/\/gevenmed.net\/wp-content\/uploads\/2025\/09\/logo-ge.png\" class=\"attachment-full size-full wp-image-3416\" alt=\"\" srcset=\"https:\/\/gevenmed.net\/wp-content\/uploads\/2025\/09\/logo-ge.png 144w, https:\/\/gevenmed.net\/wp-content\/uploads\/2025\/09\/logo-ge-18x4.png 18w\" sizes=\"(max-width: 144px) 100vw, 144px\" \/>\t\t\t\t\t\t\t\t\t\t\t\t\t\t\t<\/div>\n\t\t\t\t<\/div>\n\t\t\t\t<div class=\"elementor-element elementor-element-26aef2d elementor-widget elementor-widget-image\" data-id=\"26aef2d\" data-element_type=\"widget\" data-e-type=\"widget\" data-widget_type=\"image.default\">\n\t\t\t\t<div class=\"elementor-widget-container\">\n\t\t\t\t\t\t\t\t\t\t\t\t\t\t\t<img decoding=\"async\" width=\"273\" height=\"525\" src=\"https:\/\/gevenmed.net\/wp-content\/uploads\/2025\/09\/Captura-de-Pantalla-2020-10-10-a-las-1.avif\" class=\"attachment-full size-full wp-image-3670\" alt=\"\" srcset=\"https:\/\/gevenmed.net\/wp-content\/uploads\/2025\/09\/Captura-de-Pantalla-2020-10-10-a-las-1.avif 273w, https:\/\/gevenmed.net\/wp-content\/uploads\/2025\/09\/Captura-de-Pantalla-2020-10-10-a-las-1-156x300.avif 156w, https:\/\/gevenmed.net\/wp-content\/uploads\/2025\/09\/Captura-de-Pantalla-2020-10-10-a-las-1-6x12.avif 6w\" sizes=\"(max-width: 273px) 100vw, 273px\" \/>\t\t\t\t\t\t\t\t\t\t\t\t\t\t\t<\/div>\n\t\t\t\t<\/div>\n\t\t\t\t<\/div>\n\t\t\t\t\t<\/div>\n\t\t\t\t<\/div>\n\t\t<div class=\"elementor-element elementor-element-4a6e6b9 e-flex e-con-boxed elementor-invisible e-con e-parent\" data-id=\"4a6e6b9\" data-element_type=\"container\" data-e-type=\"container\" data-settings=\"{&quot;animation&quot;:&quot;fadeIn&quot;}\">\n\t\t\t\t\t<div class=\"e-con-inner\">\n\t\t<div class=\"elementor-element elementor-element-03e3c79 e-con-full e-flex e-con e-child\" data-id=\"03e3c79\" data-element_type=\"container\" data-e-type=\"container\">\n\t\t\t\t<div class=\"elementor-element elementor-element-f1ab02f elementor-widget elementor-widget-heading\" data-id=\"f1ab02f\" data-element_type=\"widget\" data-e-type=\"widget\" data-widget_type=\"heading.default\">\n\t\t\t\t<div class=\"elementor-widget-container\">\n\t\t\t\t\t<h2 class=\"elementor-heading-title elementor-size-default\">T2100<\/h2>\t\t\t\t<\/div>\n\t\t\t\t<\/div>\n\t\t\t\t<div class=\"elementor-element elementor-element-3ba5355 elementor-widget elementor-widget-text-editor\" data-id=\"3ba5355\" data-element_type=\"widget\" data-e-type=\"widget\" data-widget_type=\"text-editor.default\">\n\t\t\t\t<div class=\"elementor-widget-container\">\n\t\t\t\t\t\t\t\t\tAdvances incorporated into the treadmill T-2100 are the result of continuous technological development and attention to detail, especially designed to meet the high quality standards of the products GE. The surface extra-long belt endless T-2100, that measures 152 cm, provides an extra margin of safety for patients. Your speed increases gradually to adapt to the patients weak and can be stopped gradually or snapshot with the emergency stop button. The bars on the side and rear are also standard on the T-2100. Thanks to a small number of pieces articulated, the T-2100 is very stable and quiet, which facilitates accurate measurements of blood pressure, even with loads of work high. The microprocessor control system digital eliminates any type of calibration. Its load-carrying capacity of 204 kg and a speed range of 0-21,7 kg \/ h make the treadmill T-2100 is the new standard of the industry.\t\t\t\t\t\t\t\t<\/div>\n\t\t\t\t<\/div>\n\t\t<div class=\"elementor-element elementor-element-d67d0fe e-grid e-con-full e-con e-child\" data-id=\"d67d0fe\" data-element_type=\"container\" data-e-type=\"container\">\n\t\t\t\t<div class=\"elementor-element elementor-element-4c95e73 elementor-align-justify elementor-widget elementor-widget-button\" data-id=\"4c95e73\" data-element_type=\"widget\" data-e-type=\"widget\" data-widget_type=\"button.default\">\n\t\t\t\t<div class=\"elementor-widget-container\">\n\t\t\t\t\t\t\t\t\t<div class=\"elementor-button-wrapper\">\n\t\t\t\t\t<a class=\"elementor-button elementor-button-link elementor-size-sm\" href=\"https:\/\/www.gehealthcare.com\/products\/diagnostic-ecg\/stress-exercise-testing\/case-cardiac-assessment-system-for-exercise-testing\" target=\"_blank\">\n\t\t\t\t\t\t<span class=\"elementor-button-content-wrapper\">\n\t\t\t\t\t\t\t\t\t<span class=\"elementor-button-text\">Discover more<\/span>\n\t\t\t\t\t<\/span>\n\t\t\t\t\t<\/a>\n\t\t\t\t<\/div>\n\t\t\t\t\t\t\t\t<\/div>\n\t\t\t\t<\/div>\n\t\t\t\t<\/div>\n\t\t\t\t<\/div>\n\t\t<div class=\"elementor-element elementor-element-8bf8ebd e-con-full e-flex e-con e-child\" data-id=\"8bf8ebd\" data-element_type=\"container\" data-e-type=\"container\">\n\t\t\t\t<div class=\"elementor-element elementor-element-a033bca elementor-widget__width-auto elementor-widget elementor-widget-image\" data-id=\"a033bca\" data-element_type=\"widget\" data-e-type=\"widget\" data-widget_type=\"image.default\">\n\t\t\t\t<div class=\"elementor-widget-container\">\n\t\t\t\t\t\t\t\t\t\t\t\t\t\t\t<img decoding=\"async\" width=\"144\" height=\"32\" src=\"https:\/\/gevenmed.net\/wp-content\/uploads\/2025\/09\/logo-ge.png\" class=\"attachment-full size-full wp-image-3416\" alt=\"\" srcset=\"https:\/\/gevenmed.net\/wp-content\/uploads\/2025\/09\/logo-ge.png 144w, https:\/\/gevenmed.net\/wp-content\/uploads\/2025\/09\/logo-ge-18x4.png 18w\" sizes=\"(max-width: 144px) 100vw, 144px\" \/>\t\t\t\t\t\t\t\t\t\t\t\t\t\t\t<\/div>\n\t\t\t\t<\/div>\n\t\t\t\t<div class=\"elementor-element elementor-element-e358bd3 elementor-widget elementor-widget-image\" data-id=\"e358bd3\" data-element_type=\"widget\" data-e-type=\"widget\" data-widget_type=\"image.default\">\n\t\t\t\t<div class=\"elementor-widget-container\">\n\t\t\t\t\t\t\t\t\t\t\t\t\t\t\t<img loading=\"lazy\" decoding=\"async\" width=\"528\" height=\"460\" src=\"https:\/\/gevenmed.net\/wp-content\/uploads\/2025\/09\/GE-T-2100-Treadmill.avif\" class=\"attachment-full size-full wp-image-3671\" alt=\"\" srcset=\"https:\/\/gevenmed.net\/wp-content\/uploads\/2025\/09\/GE-T-2100-Treadmill.avif 528w, https:\/\/gevenmed.net\/wp-content\/uploads\/2025\/09\/GE-T-2100-Treadmill-300x261.avif 300w, https:\/\/gevenmed.net\/wp-content\/uploads\/2025\/09\/GE-T-2100-Treadmill-14x12.avif 14w\" sizes=\"(max-width: 528px) 100vw, 528px\" \/>\t\t\t\t\t\t\t\t\t\t\t\t\t\t\t<\/div>\n\t\t\t\t<\/div>\n\t\t\t\t<\/div>\n\t\t\t\t\t<\/div>\n\t\t\t\t<\/div>\n\t\t<div class=\"elementor-element elementor-element-ccb594f e-flex e-con-boxed elementor-invisible e-con e-parent\" data-id=\"ccb594f\" data-element_type=\"container\" data-e-type=\"container\" data-settings=\"{&quot;animation&quot;:&quot;fadeIn&quot;}\">\n\t\t\t\t\t<div class=\"e-con-inner\">\n\t\t<div class=\"elementor-element elementor-element-061f083 e-con-full e-flex e-con e-child\" data-id=\"061f083\" data-element_type=\"container\" data-e-type=\"container\">\n\t\t\t\t<div class=\"elementor-element elementor-element-c64e2f9 elementor-widget elementor-widget-heading\" data-id=\"c64e2f9\" data-element_type=\"widget\" data-e-type=\"widget\" data-widget_type=\"heading.default\">\n\t\t\t\t<div class=\"elementor-widget-container\">\n\t\t\t\t\t<h2 class=\"elementor-heading-title elementor-size-default\">E-BIKE<\/h2>\t\t\t\t<\/div>\n\t\t\t\t<\/div>\n\t\t\t\t<div class=\"elementor-element elementor-element-29a987f elementor-widget elementor-widget-text-editor\" data-id=\"29a987f\" data-element_type=\"widget\" data-e-type=\"widget\" data-widget_type=\"text-editor.default\">\n\t\t\t\t<div class=\"elementor-widget-container\">\n\t\t\t\t\t\t\t\t\tBuilt for the comfort and safety of the patient. The design of the tilting table eBike L and eBike offers stability and a comfortable positioning of the patient during the procedures of test effort. Ergonomic features include a cushioned surface, adjustable headrest, seat and armrests. The ergometer can be adjusted in height to suit the majority of patients of any size. The eBike L, and the eBike have features to support a procedure of exercise stress safe for the patient. Two footrests facilitate the assembly and disassembly, and is offered a seat belt for added security. In the event that the need arises during an examination, the eBikes are equipped with an adjustment device automatic electric that allows you to convert the ergometer position semi-reclined to flat position in seconds, for which the treatment is carried out quickly.\t\t\t\t\t\t\t\t<\/div>\n\t\t\t\t<\/div>\n\t\t<div class=\"elementor-element elementor-element-ac3ed02 e-grid e-con-full e-con e-child\" data-id=\"ac3ed02\" data-element_type=\"container\" data-e-type=\"container\">\n\t\t\t\t<div class=\"elementor-element elementor-element-ee63520 elementor-align-justify elementor-widget elementor-widget-button\" data-id=\"ee63520\" data-element_type=\"widget\" data-e-type=\"widget\" data-widget_type=\"button.default\">\n\t\t\t\t<div class=\"elementor-widget-container\">\n\t\t\t\t\t\t\t\t\t<div class=\"elementor-button-wrapper\">\n\t\t\t\t\t<a class=\"elementor-button elementor-button-link elementor-size-sm\" href=\"https:\/\/www.gehealthcare.com\/products\/diagnostic-ecg\/stress-exercise-testing\/case-cardiac-assessment-system-for-exercise-testing\" target=\"_blank\">\n\t\t\t\t\t\t<span class=\"elementor-button-content-wrapper\">\n\t\t\t\t\t\t\t\t\t<span class=\"elementor-button-text\">Discover more<\/span>\n\t\t\t\t\t<\/span>\n\t\t\t\t\t<\/a>\n\t\t\t\t<\/div>\n\t\t\t\t\t\t\t\t<\/div>\n\t\t\t\t<\/div>\n\t\t\t\t<\/div>\n\t\t\t\t<\/div>\n\t\t<div class=\"elementor-element elementor-element-51543e8 e-con-full e-flex e-con e-child\" data-id=\"51543e8\" data-element_type=\"container\" data-e-type=\"container\">\n\t\t\t\t<div class=\"elementor-element elementor-element-7605546 elementor-widget__width-auto elementor-widget elementor-widget-image\" data-id=\"7605546\" data-element_type=\"widget\" data-e-type=\"widget\" data-widget_type=\"image.default\">\n\t\t\t\t<div class=\"elementor-widget-container\">\n\t\t\t\t\t\t\t\t\t\t\t\t\t\t\t<img decoding=\"async\" width=\"144\" height=\"32\" src=\"https:\/\/gevenmed.net\/wp-content\/uploads\/2025\/09\/logo-ge.png\" class=\"attachment-full size-full wp-image-3416\" alt=\"\" srcset=\"https:\/\/gevenmed.net\/wp-content\/uploads\/2025\/09\/logo-ge.png 144w, https:\/\/gevenmed.net\/wp-content\/uploads\/2025\/09\/logo-ge-18x4.png 18w\" sizes=\"(max-width: 144px) 100vw, 144px\" \/>\t\t\t\t\t\t\t\t\t\t\t\t\t\t\t<\/div>\n\t\t\t\t<\/div>\n\t\t\t\t<div class=\"elementor-element elementor-element-ee556ea elementor-widget elementor-widget-image\" data-id=\"ee556ea\" data-element_type=\"widget\" data-e-type=\"widget\" data-widget_type=\"image.default\">\n\t\t\t\t<div class=\"elementor-widget-container\">\n\t\t\t\t\t\t\t\t\t\t\t\t\t\t\t<img loading=\"lazy\" decoding=\"async\" width=\"532\" height=\"512\" src=\"https:\/\/gevenmed.net\/wp-content\/uploads\/2025\/09\/Captura-de-Pantalla-2020-10-09-a-las-2.avif\" class=\"attachment-full size-full wp-image-3672\" alt=\"\" srcset=\"https:\/\/gevenmed.net\/wp-content\/uploads\/2025\/09\/Captura-de-Pantalla-2020-10-09-a-las-2.avif 532w, https:\/\/gevenmed.net\/wp-content\/uploads\/2025\/09\/Captura-de-Pantalla-2020-10-09-a-las-2-300x289.avif 300w, https:\/\/gevenmed.net\/wp-content\/uploads\/2025\/09\/Captura-de-Pantalla-2020-10-09-a-las-2-12x12.avif 12w\" sizes=\"(max-width: 532px) 100vw, 532px\" \/>\t\t\t\t\t\t\t\t\t\t\t\t\t\t\t<\/div>\n\t\t\t\t<\/div>\n\t\t\t\t<\/div>\n\t\t\t\t\t<\/div>\n\t\t\t\t<\/div>\n\t\t<div class=\"elementor-element elementor-element-8561171 e-flex e-con-boxed e-con e-parent\" data-id=\"8561171\" data-element_type=\"container\" data-e-type=\"container\">\n\t\t\t\t\t<div class=\"e-con-inner\">\n\t\t\t\t<div class=\"elementor-element elementor-element-6c4b260 elementor-widget elementor-widget-spacer\" data-id=\"6c4b260\" data-element_type=\"widget\" data-e-type=\"widget\" data-widget_type=\"spacer.default\">\n\t\t\t\t<div class=\"elementor-widget-container\">\n\t\t\t\t\t\t\t<div class=\"elementor-spacer\">\n\t\t\t<div class=\"elementor-spacer-inner\"><\/div>\n\t\t<\/div>\n\t\t\t\t\t\t<\/div>\n\t\t\t\t<\/div>\n\t\t\t\t\t<\/div>\n\t\t\t\t<\/div>\n\t\t\t\t<\/div>","protected":false},"excerpt":{"rendered":"<p>CARDIOSOFT V7 CardioSoft V7 es un dispositivo m\u00e9dico con el marcado CE. El sistema de an\u00e1lisis cardiaco CardioSoftTM para pruebas de esfuerzo facilita la detecci\u00f3n y el tratamiento eficaz de las enfermedades cardiovasculares (ECV). Cuantos m\u00e1s dispositivos para pruebas y modalidades pueda integrar en el sistema de an\u00e1lisis cardiaco, mayor ser\u00e1 la flexibilidad de que [&hellip;]<\/p>\n","protected":false},"author":3,"featured_media":0,"parent":3337,"menu_order":10,"comment_status":"closed","ping_status":"closed","template":"","meta":{"footnotes":""},"class_list":["post-3651","page","type-page","status-publish","hentry"],"_links":{"self":[{"href":"https:\/\/gevenmed.net\/en\/wp-json\/wp\/v2\/pages\/3651","targetHints":{"allow":["GET"]}}],"collection":[{"href":"https:\/\/gevenmed.net\/en\/wp-json\/wp\/v2\/pages"}],"about":[{"href":"https:\/\/gevenmed.net\/en\/wp-json\/wp\/v2\/types\/page"}],"author":[{"embeddable":true,"href":"https:\/\/gevenmed.net\/en\/wp-json\/wp\/v2\/users\/3"}],"replies":[{"embeddable":true,"href":"https:\/\/gevenmed.net\/en\/wp-json\/wp\/v2\/comments?post=3651"}],"version-history":[{"count":4,"href":"https:\/\/gevenmed.net\/en\/wp-json\/wp\/v2\/pages\/3651\/revisions"}],"predecessor-version":[{"id":3675,"href":"https:\/\/gevenmed.net\/en\/wp-json\/wp\/v2\/pages\/3651\/revisions\/3675"}],"up":[{"embeddable":true,"href":"https:\/\/gevenmed.net\/en\/wp-json\/wp\/v2\/pages\/3337"}],"wp:attachment":[{"href":"https:\/\/gevenmed.net\/en\/wp-json\/wp\/v2\/media?parent=3651"}],"curies":[{"name":"wp","href":"https:\/\/api.w.org\/{rel}","templated":true}]}}