{"id":3649,"date":"2025-09-10T02:15:25","date_gmt":"2025-09-10T02:15:25","guid":{"rendered":"https:\/\/globalmedica.lemachi.de\/?page_id=3649"},"modified":"2025-09-10T02:23:02","modified_gmt":"2025-09-10T02:23:02","slug":"holter-mapa","status":"publish","type":"page","link":"https:\/\/gevenmed.net\/en\/especialidades\/holter-mapa\/","title":{"rendered":"Holter + Map"},"content":{"rendered":"<div data-elementor-type=\"wp-page\" data-elementor-id=\"3649\" class=\"elementor elementor-3649\" data-elementor-post-type=\"page\">\n\t\t\t\t<div class=\"elementor-element elementor-element-e1c85f0 e-flex e-con-boxed e-con e-parent\" data-id=\"e1c85f0\" data-element_type=\"container\" data-e-type=\"container\">\n\t\t\t\t\t<div class=\"e-con-inner\">\n\t\t\t\t<div class=\"elementor-element elementor-element-7b8466e elementor-widget elementor-widget-spacer\" data-id=\"7b8466e\" data-element_type=\"widget\" data-e-type=\"widget\" data-widget_type=\"spacer.default\">\n\t\t\t\t<div class=\"elementor-widget-container\">\n\t\t\t\t\t\t\t<div class=\"elementor-spacer\">\n\t\t\t<div class=\"elementor-spacer-inner\"><\/div>\n\t\t<\/div>\n\t\t\t\t\t\t<\/div>\n\t\t\t\t<\/div>\n\t\t\t\t\t<\/div>\n\t\t\t\t<\/div>\n\t\t<div class=\"elementor-element elementor-element-30e9e2b e-flex e-con-boxed elementor-invisible e-con e-parent\" data-id=\"30e9e2b\" data-element_type=\"container\" data-e-type=\"container\" data-settings=\"{&quot;animation&quot;:&quot;fadeIn&quot;}\">\n\t\t\t\t\t<div class=\"e-con-inner\">\n\t\t<div class=\"elementor-element elementor-element-a8b09a0 e-con-full e-flex e-con e-child\" data-id=\"a8b09a0\" data-element_type=\"container\" data-e-type=\"container\">\n\t\t\t\t<div class=\"elementor-element elementor-element-cac4e34 elementor-widget elementor-widget-heading\" data-id=\"cac4e34\" data-element_type=\"widget\" data-e-type=\"widget\" data-widget_type=\"heading.default\">\n\t\t\t\t<div class=\"elementor-widget-container\">\n\t\t\t\t\t<h2 class=\"elementor-heading-title elementor-size-default\">ECG HOLTER CARDIODAY \/ SEER <\/h2>\t\t\t\t<\/div>\n\t\t\t\t<\/div>\n\t\t\t\t<div class=\"elementor-element elementor-element-fcab411 elementor-widget elementor-widget-text-editor\" data-id=\"fcab411\" data-element_type=\"widget\" data-e-type=\"widget\" data-widget_type=\"text-editor.default\">\n\t\t\t\t<div class=\"elementor-widget-container\">\n\t\t\t\t\t\t\t\t\tThe Holter ECG CardioDay offers a powerful combination of clinical quality and advantages in the flow of work that you will not find anywhere else. The Recorder Holter SEER 1000 includes a custom application that is compatible with the advanced wireless technologies today, including tablets, smartphones and computers that support Bluetooth. A smart way to begin a study Holter. It&#039;s small, accurate and easy to use.\t\t\t\t\t\t\t\t<\/div>\n\t\t\t\t<\/div>\n\t\t<div class=\"elementor-element elementor-element-83f9e8f e-grid e-con-full e-con e-child\" data-id=\"83f9e8f\" data-element_type=\"container\" data-e-type=\"container\">\n\t\t\t\t<div class=\"elementor-element elementor-element-f40e4fb elementor-align-justify elementor-widget elementor-widget-button\" data-id=\"f40e4fb\" data-element_type=\"widget\" data-e-type=\"widget\" data-widget_type=\"button.default\">\n\t\t\t\t<div class=\"elementor-widget-container\">\n\t\t\t\t\t\t\t\t\t<div class=\"elementor-button-wrapper\">\n\t\t\t\t\t<a class=\"elementor-button elementor-button-link elementor-size-sm\" href=\"https:\/\/www.gehealthcare.es\/products\/diagnostic-cardiology\/ambulatory-ecg\/cardioday-holter-ecg-software\" target=\"_blank\">\n\t\t\t\t\t\t<span class=\"elementor-button-content-wrapper\">\n\t\t\t\t\t\t\t\t\t<span class=\"elementor-button-text\">Discover more<\/span>\n\t\t\t\t\t<\/span>\n\t\t\t\t\t<\/a>\n\t\t\t\t<\/div>\n\t\t\t\t\t\t\t\t<\/div>\n\t\t\t\t<\/div>\n\t\t\t\t<\/div>\n\t\t\t\t<\/div>\n\t\t<div class=\"elementor-element elementor-element-eecfdc7 e-con-full e-flex e-con e-child\" data-id=\"eecfdc7\" data-element_type=\"container\" data-e-type=\"container\">\n\t\t\t\t<div class=\"elementor-element elementor-element-de9d015 elementor-widget__width-auto elementor-widget elementor-widget-image\" data-id=\"de9d015\" data-element_type=\"widget\" data-e-type=\"widget\" data-widget_type=\"image.default\">\n\t\t\t\t<div class=\"elementor-widget-container\">\n\t\t\t\t\t\t\t\t\t\t\t\t\t\t\t<img decoding=\"async\" width=\"144\" height=\"32\" src=\"https:\/\/gevenmed.net\/wp-content\/uploads\/2025\/09\/logo-ge.png\" class=\"attachment-full size-full wp-image-3416\" alt=\"\" srcset=\"https:\/\/gevenmed.net\/wp-content\/uploads\/2025\/09\/logo-ge.png 144w, https:\/\/gevenmed.net\/wp-content\/uploads\/2025\/09\/logo-ge-18x4.png 18w\" sizes=\"(max-width: 144px) 100vw, 144px\" \/>\t\t\t\t\t\t\t\t\t\t\t\t\t\t\t<\/div>\n\t\t\t\t<\/div>\n\t\t\t\t<div class=\"elementor-element elementor-element-33ac0b9 elementor-widget elementor-widget-image\" data-id=\"33ac0b9\" data-element_type=\"widget\" data-e-type=\"widget\" data-widget_type=\"image.default\">\n\t\t\t\t<div class=\"elementor-widget-container\">\n\t\t\t\t\t\t\t\t\t\t\t\t\t\t\t<img fetchpriority=\"high\" decoding=\"async\" width=\"469\" height=\"481\" src=\"https:\/\/gevenmed.net\/wp-content\/uploads\/2025\/09\/ECG_HOLTER_CARDIODAY___SEERA-.avif\" class=\"attachment-full size-full wp-image-3664\" alt=\"\" srcset=\"https:\/\/gevenmed.net\/wp-content\/uploads\/2025\/09\/ECG_HOLTER_CARDIODAY___SEERA-.avif 469w, https:\/\/gevenmed.net\/wp-content\/uploads\/2025\/09\/ECG_HOLTER_CARDIODAY___SEERA--293x300.avif 293w, https:\/\/gevenmed.net\/wp-content\/uploads\/2025\/09\/ECG_HOLTER_CARDIODAY___SEERA--12x12.avif 12w\" sizes=\"(max-width: 469px) 100vw, 469px\" \/>\t\t\t\t\t\t\t\t\t\t\t\t\t\t\t<\/div>\n\t\t\t\t<\/div>\n\t\t\t\t<\/div>\n\t\t\t\t\t<\/div>\n\t\t\t\t<\/div>\n\t\t<div class=\"elementor-element elementor-element-bdff754 e-flex e-con-boxed elementor-invisible e-con e-parent\" data-id=\"bdff754\" data-element_type=\"container\" data-e-type=\"container\" data-settings=\"{&quot;animation&quot;:&quot;fadeIn&quot;}\">\n\t\t\t\t\t<div class=\"e-con-inner\">\n\t\t<div class=\"elementor-element elementor-element-d6af37c e-con-full e-flex e-con e-child\" data-id=\"d6af37c\" data-element_type=\"container\" data-e-type=\"container\">\n\t\t\t\t<div class=\"elementor-element elementor-element-ba9905b elementor-widget elementor-widget-heading\" data-id=\"ba9905b\" data-element_type=\"widget\" data-e-type=\"widget\" data-widget_type=\"heading.default\">\n\t\t\t\t<div class=\"elementor-widget-container\">\n\t\t\t\t\t<h2 class=\"elementor-heading-title elementor-size-default\">ABP - TONOPORT<\/h2>\t\t\t\t<\/div>\n\t\t\t\t<\/div>\n\t\t\t\t<div class=\"elementor-element elementor-element-806b254 elementor-widget elementor-widget-text-editor\" data-id=\"806b254\" data-element_type=\"widget\" data-e-type=\"widget\" data-widget_type=\"text-editor.default\">\n\t\t\t\t<div class=\"elementor-widget-container\">\n\t\t\t\t\t\t\t\t\tThe readings of the ambulatory blood pressure (AAP) over time provide critical data. Only a device APP that is easy to set up, comfortable to use and fast report will help to support a high-compliance of the patient and an accurate diagnosis. The device TORNOPORT is easy to set up and schedule to ensure readings and analysis of PAA accurate and validated. The BP reading may be performed at set intervals or randomly, with programming options for both day and night. The monitoring is silent, convenient and quick with TORNOPORT. The innovative method of measuring inflation, the lightweight design and the pump silent enhance patient comfort, which helps to increase the acceptance of monitoring long-term. The recorded data is downloaded and report easily through the system of diagnosis CardioSoft. The doctor sees a complete set of data, which includes trends in blood pressure of up to 72 hours, averages and statistics for abstracts for day and night, presented in text and graphics. The reports can be easily exported to EMR, PACS, and MUSE.\t\t\t\t\t\t\t\t<\/div>\n\t\t\t\t<\/div>\n\t\t<div class=\"elementor-element elementor-element-ec5c79a e-grid e-con-full e-con e-child\" data-id=\"ec5c79a\" data-element_type=\"container\" data-e-type=\"container\">\n\t\t\t\t<div class=\"elementor-element elementor-element-101dae2 elementor-align-justify elementor-widget elementor-widget-button\" data-id=\"101dae2\" data-element_type=\"widget\" data-e-type=\"widget\" data-widget_type=\"button.default\">\n\t\t\t\t<div class=\"elementor-widget-container\">\n\t\t\t\t\t\t\t\t\t<div class=\"elementor-button-wrapper\">\n\t\t\t\t\t<a class=\"elementor-button elementor-button-link elementor-size-sm\" href=\"https:\/\/www.gehealthcare.es\/products\/cardiosoft-v7\" target=\"_blank\">\n\t\t\t\t\t\t<span class=\"elementor-button-content-wrapper\">\n\t\t\t\t\t\t\t\t\t<span class=\"elementor-button-text\">Discover more<\/span>\n\t\t\t\t\t<\/span>\n\t\t\t\t\t<\/a>\n\t\t\t\t<\/div>\n\t\t\t\t\t\t\t\t<\/div>\n\t\t\t\t<\/div>\n\t\t\t\t<\/div>\n\t\t\t\t<\/div>\n\t\t<div class=\"elementor-element elementor-element-6da9baa e-con-full e-flex e-con e-child\" data-id=\"6da9baa\" data-element_type=\"container\" data-e-type=\"container\">\n\t\t\t\t<div class=\"elementor-element elementor-element-65e5825 elementor-widget__width-auto elementor-widget elementor-widget-image\" data-id=\"65e5825\" data-element_type=\"widget\" data-e-type=\"widget\" data-widget_type=\"image.default\">\n\t\t\t\t<div class=\"elementor-widget-container\">\n\t\t\t\t\t\t\t\t\t\t\t\t\t\t\t<img decoding=\"async\" width=\"144\" height=\"32\" src=\"https:\/\/gevenmed.net\/wp-content\/uploads\/2025\/09\/logo-ge.png\" class=\"attachment-full size-full wp-image-3416\" alt=\"\" srcset=\"https:\/\/gevenmed.net\/wp-content\/uploads\/2025\/09\/logo-ge.png 144w, https:\/\/gevenmed.net\/wp-content\/uploads\/2025\/09\/logo-ge-18x4.png 18w\" sizes=\"(max-width: 144px) 100vw, 144px\" \/>\t\t\t\t\t\t\t\t\t\t\t\t\t\t\t<\/div>\n\t\t\t\t<\/div>\n\t\t\t\t<div class=\"elementor-element elementor-element-54da7d6 elementor-widget elementor-widget-image\" data-id=\"54da7d6\" data-element_type=\"widget\" data-e-type=\"widget\" data-widget_type=\"image.default\">\n\t\t\t\t<div class=\"elementor-widget-container\">\n\t\t\t\t\t\t\t\t\t\t\t\t\t\t\t<img decoding=\"async\" width=\"308\" height=\"419\" src=\"https:\/\/gevenmed.net\/wp-content\/uploads\/2025\/09\/ABP-Tornoport-VI.avif\" class=\"attachment-full size-full wp-image-3665\" alt=\"\" srcset=\"https:\/\/gevenmed.net\/wp-content\/uploads\/2025\/09\/ABP-Tornoport-VI.avif 308w, https:\/\/gevenmed.net\/wp-content\/uploads\/2025\/09\/ABP-Tornoport-VI-221x300.avif 221w, https:\/\/gevenmed.net\/wp-content\/uploads\/2025\/09\/ABP-Tornoport-VI-9x12.avif 9w\" sizes=\"(max-width: 308px) 100vw, 308px\" \/>\t\t\t\t\t\t\t\t\t\t\t\t\t\t\t<\/div>\n\t\t\t\t<\/div>\n\t\t\t\t<\/div>\n\t\t\t\t\t<\/div>\n\t\t\t\t<\/div>\n\t\t<div class=\"elementor-element elementor-element-f9b45ba e-flex e-con-boxed e-con e-parent\" data-id=\"f9b45ba\" data-element_type=\"container\" data-e-type=\"container\">\n\t\t\t\t\t<div class=\"e-con-inner\">\n\t\t\t\t<div class=\"elementor-element elementor-element-88eee5c elementor-widget elementor-widget-spacer\" data-id=\"88eee5c\" data-element_type=\"widget\" data-e-type=\"widget\" data-widget_type=\"spacer.default\">\n\t\t\t\t<div class=\"elementor-widget-container\">\n\t\t\t\t\t\t\t<div class=\"elementor-spacer\">\n\t\t\t<div class=\"elementor-spacer-inner\"><\/div>\n\t\t<\/div>\n\t\t\t\t\t\t<\/div>\n\t\t\t\t<\/div>\n\t\t\t\t\t<\/div>\n\t\t\t\t<\/div>\n\t\t\t\t<\/div>","protected":false},"excerpt":{"rendered":"<p>ECG HOLTER CARDIODAY \/ SEER El Holter de ECG CardioDay ofrece una potente combinaci\u00f3n de calidad cl\u00ednica y ventajas en el flujo de trabajo que no encontrar\u00e1 en ninguna otra parte. La Grabadora Holter SEER 1000 incluye una aplicaci\u00f3n personalizada compatible con las tecnolog\u00edas inal\u00e1mbricas avanzadas actuales, incluyendo tablets, tel\u00e9fonos inteligentes y ordenadores compatibles con [&hellip;]<\/p>\n","protected":false},"author":3,"featured_media":0,"parent":3337,"menu_order":10,"comment_status":"closed","ping_status":"closed","template":"","meta":{"footnotes":""},"class_list":["post-3649","page","type-page","status-publish","hentry"],"_links":{"self":[{"href":"https:\/\/gevenmed.net\/en\/wp-json\/wp\/v2\/pages\/3649","targetHints":{"allow":["GET"]}}],"collection":[{"href":"https:\/\/gevenmed.net\/en\/wp-json\/wp\/v2\/pages"}],"about":[{"href":"https:\/\/gevenmed.net\/en\/wp-json\/wp\/v2\/types\/page"}],"author":[{"embeddable":true,"href":"https:\/\/gevenmed.net\/en\/wp-json\/wp\/v2\/users\/3"}],"replies":[{"embeddable":true,"href":"https:\/\/gevenmed.net\/en\/wp-json\/wp\/v2\/comments?post=3649"}],"version-history":[{"count":4,"href":"https:\/\/gevenmed.net\/en\/wp-json\/wp\/v2\/pages\/3649\/revisions"}],"predecessor-version":[{"id":3668,"href":"https:\/\/gevenmed.net\/en\/wp-json\/wp\/v2\/pages\/3649\/revisions\/3668"}],"up":[{"embeddable":true,"href":"https:\/\/gevenmed.net\/en\/wp-json\/wp\/v2\/pages\/3337"}],"wp:attachment":[{"href":"https:\/\/gevenmed.net\/en\/wp-json\/wp\/v2\/media?parent=3649"}],"curies":[{"name":"wp","href":"https:\/\/api.w.org\/{rel}","templated":true}]}}