{"id":3605,"date":"2025-09-10T01:41:10","date_gmt":"2025-09-10T01:41:10","guid":{"rendered":"https:\/\/globalmedica.lemachi.de\/?page_id=3605"},"modified":"2025-09-10T02:12:18","modified_gmt":"2025-09-10T02:12:18","slug":"medios-de-contraste","status":"publish","type":"page","link":"https:\/\/gevenmed.net\/en\/especialidades\/medios-de-contraste\/","title":{"rendered":"Contrast media"},"content":{"rendered":"<div data-elementor-type=\"wp-page\" data-elementor-id=\"3605\" class=\"elementor elementor-3605\" data-elementor-post-type=\"page\">\n\t\t\t\t<div class=\"elementor-element elementor-element-105b0a9 e-flex e-con-boxed e-con e-parent\" data-id=\"105b0a9\" data-element_type=\"container\" data-e-type=\"container\">\n\t\t\t\t\t<div class=\"e-con-inner\">\n\t\t\t\t<div class=\"elementor-element elementor-element-0c1e2ff elementor-widget elementor-widget-spacer\" data-id=\"0c1e2ff\" data-element_type=\"widget\" data-e-type=\"widget\" data-widget_type=\"spacer.default\">\n\t\t\t\t<div class=\"elementor-widget-container\">\n\t\t\t\t\t\t\t<div class=\"elementor-spacer\">\n\t\t\t<div class=\"elementor-spacer-inner\"><\/div>\n\t\t<\/div>\n\t\t\t\t\t\t<\/div>\n\t\t\t\t<\/div>\n\t\t\t\t\t<\/div>\n\t\t\t\t<\/div>\n\t\t<div class=\"elementor-element elementor-element-ad64990 e-flex e-con-boxed elementor-invisible e-con e-parent\" data-id=\"ad64990\" data-element_type=\"container\" data-e-type=\"container\" data-settings=\"{&quot;animation&quot;:&quot;fadeIn&quot;}\">\n\t\t\t\t\t<div class=\"e-con-inner\">\n\t\t<div class=\"elementor-element elementor-element-fa3a44d e-con-full e-flex e-con e-child\" data-id=\"fa3a44d\" data-element_type=\"container\" data-e-type=\"container\">\n\t\t\t\t<div class=\"elementor-element elementor-element-b95ffd8 elementor-widget elementor-widget-heading\" data-id=\"b95ffd8\" data-element_type=\"widget\" data-e-type=\"widget\" data-widget_type=\"heading.default\">\n\t\t\t\t<div class=\"elementor-widget-container\">\n\t\t\t\t\t<h2 class=\"elementor-heading-title elementor-size-default\">X-Ray OMNIPAQUE<\/h2>\t\t\t\t<\/div>\n\t\t\t\t<\/div>\n\t\t\t\t<div class=\"elementor-element elementor-element-54652f8 elementor-widget elementor-widget-text-editor\" data-id=\"54652f8\" data-element_type=\"widget\" data-e-type=\"widget\" data-widget_type=\"text-editor.default\">\n\t\t\t\t<div class=\"elementor-widget-container\">\n\t\t\t\t\t\t\t\t\tOMNIPAQUE 350mg x 100ml \/ 50ml (Iohexol) contrast Medium ionic not for diagnostic use intravenous and the only authorized for oral use. Modalities of RX and Ct.\t\t\t\t\t\t\t\t<\/div>\n\t\t\t\t<\/div>\n\t\t<div class=\"elementor-element elementor-element-549c52d e-grid e-con-full e-con e-child\" data-id=\"549c52d\" data-element_type=\"container\" data-e-type=\"container\">\n\t\t\t\t<div class=\"elementor-element elementor-element-b853879 elementor-align-justify elementor-widget elementor-widget-button\" data-id=\"b853879\" data-element_type=\"widget\" data-e-type=\"widget\" data-widget_type=\"button.default\">\n\t\t\t\t<div class=\"elementor-widget-container\">\n\t\t\t\t\t\t\t\t\t<div class=\"elementor-button-wrapper\">\n\t\t\t\t\t<a class=\"elementor-button elementor-button-link elementor-size-sm\" href=\"https:\/\/www.gehealthcare.com\/products\/contrast-media\/omnipaque?srsltid=AfmBOop18oNR5suyd5HMHQnmLoW9i2r1S9QsC8HA_59ozPTlrRKnWsQT\" target=\"_blank\">\n\t\t\t\t\t\t<span class=\"elementor-button-content-wrapper\">\n\t\t\t\t\t\t\t\t\t<span class=\"elementor-button-text\">Discover more<\/span>\n\t\t\t\t\t<\/span>\n\t\t\t\t\t<\/a>\n\t\t\t\t<\/div>\n\t\t\t\t\t\t\t\t<\/div>\n\t\t\t\t<\/div>\n\t\t\t\t<\/div>\n\t\t\t\t<\/div>\n\t\t<div class=\"elementor-element elementor-element-f99ec8a e-con-full e-flex e-con e-child\" data-id=\"f99ec8a\" data-element_type=\"container\" data-e-type=\"container\">\n\t\t\t\t<div class=\"elementor-element elementor-element-750e3b6 elementor-widget__width-auto elementor-widget elementor-widget-image\" data-id=\"750e3b6\" data-element_type=\"widget\" data-e-type=\"widget\" data-widget_type=\"image.default\">\n\t\t\t\t<div class=\"elementor-widget-container\">\n\t\t\t\t\t\t\t\t\t\t\t\t\t\t\t<img decoding=\"async\" width=\"144\" height=\"32\" src=\"https:\/\/gevenmed.net\/wp-content\/uploads\/2025\/09\/logo-ge.png\" class=\"attachment-full size-full wp-image-3416\" alt=\"\" srcset=\"https:\/\/gevenmed.net\/wp-content\/uploads\/2025\/09\/logo-ge.png 144w, https:\/\/gevenmed.net\/wp-content\/uploads\/2025\/09\/logo-ge-18x4.png 18w\" sizes=\"(max-width: 144px) 100vw, 144px\" \/>\t\t\t\t\t\t\t\t\t\t\t\t\t\t\t<\/div>\n\t\t\t\t<\/div>\n\t\t\t\t<div class=\"elementor-element elementor-element-3f15cba elementor-widget elementor-widget-image\" data-id=\"3f15cba\" data-element_type=\"widget\" data-e-type=\"widget\" data-widget_type=\"image.default\">\n\t\t\t\t<div class=\"elementor-widget-container\">\n\t\t\t\t\t\t\t\t\t\t\t\t\t\t\t<img fetchpriority=\"high\" decoding=\"async\" width=\"600\" height=\"511\" src=\"https:\/\/gevenmed.net\/wp-content\/uploads\/2025\/09\/X-Ray-OMNIPAQUE.avif\" class=\"attachment-full size-full wp-image-3638\" alt=\"\" srcset=\"https:\/\/gevenmed.net\/wp-content\/uploads\/2025\/09\/X-Ray-OMNIPAQUE.avif 600w, https:\/\/gevenmed.net\/wp-content\/uploads\/2025\/09\/X-Ray-OMNIPAQUE-300x256.avif 300w, https:\/\/gevenmed.net\/wp-content\/uploads\/2025\/09\/X-Ray-OMNIPAQUE-14x12.avif 14w\" sizes=\"(max-width: 600px) 100vw, 600px\" \/>\t\t\t\t\t\t\t\t\t\t\t\t\t\t\t<\/div>\n\t\t\t\t<\/div>\n\t\t\t\t<\/div>\n\t\t\t\t\t<\/div>\n\t\t\t\t<\/div>\n\t\t<div class=\"elementor-element elementor-element-4698144 e-flex e-con-boxed elementor-invisible e-con e-parent\" data-id=\"4698144\" data-element_type=\"container\" data-e-type=\"container\" data-settings=\"{&quot;animation&quot;:&quot;fadeIn&quot;}\">\n\t\t\t\t\t<div class=\"e-con-inner\">\n\t\t<div class=\"elementor-element elementor-element-91a49db e-con-full e-flex e-con e-child\" data-id=\"91a49db\" data-element_type=\"container\" data-e-type=\"container\">\n\t\t\t\t<div class=\"elementor-element elementor-element-2096572 elementor-widget elementor-widget-heading\" data-id=\"2096572\" data-element_type=\"widget\" data-e-type=\"widget\" data-widget_type=\"heading.default\">\n\t\t\t\t<div class=\"elementor-widget-container\">\n\t\t\t\t\t<h2 class=\"elementor-heading-title elementor-size-default\">X-Ray VISIPAQUE<\/h2>\t\t\t\t<\/div>\n\t\t\t\t<\/div>\n\t\t\t\t<div class=\"elementor-element elementor-element-6bdcbcd elementor-widget elementor-widget-text-editor\" data-id=\"6bdcbcd\" data-element_type=\"widget\" data-e-type=\"widget\" data-widget_type=\"text-editor.default\">\n\t\t\t\t<div class=\"elementor-widget-container\">\n\t\t\t\t\t\t\t\t\tVisipaque 320mg x 100ml \/ 50ml. (Iodixanol) contrast Medium, non-ionic single \u2013 Isosmolar, with the same osmolarity of the blood. Especially indicated in high-risk patients: cardiopatas, diabetic, kidney, cancer, the elderly and children. Modalities of RX, Tomography and Angiography.\t\t\t\t\t\t\t\t<\/div>\n\t\t\t\t<\/div>\n\t\t<div class=\"elementor-element elementor-element-de00c43 e-grid e-con-full e-con e-child\" data-id=\"de00c43\" data-element_type=\"container\" data-e-type=\"container\">\n\t\t\t\t<div class=\"elementor-element elementor-element-4c67b8c elementor-align-justify elementor-widget elementor-widget-button\" data-id=\"4c67b8c\" data-element_type=\"widget\" data-e-type=\"widget\" data-widget_type=\"button.default\">\n\t\t\t\t<div class=\"elementor-widget-container\">\n\t\t\t\t\t\t\t\t\t<div class=\"elementor-button-wrapper\">\n\t\t\t\t\t<a class=\"elementor-button elementor-button-link elementor-size-sm\" href=\"https:\/\/www.gehealthcare.com\/products\/contrast-media\/visipaque?srsltid=AfmBOoonpHC01zenPMcVaBML6KHQ2QnjgmJxFX1rDQM7pNNRQp4P9R2p\" target=\"_blank\">\n\t\t\t\t\t\t<span class=\"elementor-button-content-wrapper\">\n\t\t\t\t\t\t\t\t\t<span class=\"elementor-button-text\">Discover more<\/span>\n\t\t\t\t\t<\/span>\n\t\t\t\t\t<\/a>\n\t\t\t\t<\/div>\n\t\t\t\t\t\t\t\t<\/div>\n\t\t\t\t<\/div>\n\t\t\t\t<\/div>\n\t\t\t\t<\/div>\n\t\t<div class=\"elementor-element elementor-element-43aac30 e-con-full e-flex e-con e-child\" data-id=\"43aac30\" data-element_type=\"container\" data-e-type=\"container\">\n\t\t\t\t<div class=\"elementor-element elementor-element-1a10a8e elementor-widget__width-auto elementor-widget elementor-widget-image\" data-id=\"1a10a8e\" data-element_type=\"widget\" data-e-type=\"widget\" data-widget_type=\"image.default\">\n\t\t\t\t<div class=\"elementor-widget-container\">\n\t\t\t\t\t\t\t\t\t\t\t\t\t\t\t<img decoding=\"async\" width=\"144\" height=\"32\" src=\"https:\/\/gevenmed.net\/wp-content\/uploads\/2025\/09\/logo-ge.png\" class=\"attachment-full size-full wp-image-3416\" alt=\"\" srcset=\"https:\/\/gevenmed.net\/wp-content\/uploads\/2025\/09\/logo-ge.png 144w, https:\/\/gevenmed.net\/wp-content\/uploads\/2025\/09\/logo-ge-18x4.png 18w\" sizes=\"(max-width: 144px) 100vw, 144px\" \/>\t\t\t\t\t\t\t\t\t\t\t\t\t\t\t<\/div>\n\t\t\t\t<\/div>\n\t\t\t\t<div class=\"elementor-element elementor-element-58974be elementor-widget elementor-widget-image\" data-id=\"58974be\" data-element_type=\"widget\" data-e-type=\"widget\" data-widget_type=\"image.default\">\n\t\t\t\t<div class=\"elementor-widget-container\">\n\t\t\t\t\t\t\t\t\t\t\t\t\t\t\t<img decoding=\"async\" width=\"600\" height=\"424\" src=\"https:\/\/gevenmed.net\/wp-content\/uploads\/2025\/09\/X-Ray-VISIPAQUE.avif\" class=\"attachment-full size-full wp-image-3639\" alt=\"\" srcset=\"https:\/\/gevenmed.net\/wp-content\/uploads\/2025\/09\/X-Ray-VISIPAQUE.avif 600w, https:\/\/gevenmed.net\/wp-content\/uploads\/2025\/09\/X-Ray-VISIPAQUE-300x212.avif 300w, https:\/\/gevenmed.net\/wp-content\/uploads\/2025\/09\/X-Ray-VISIPAQUE-18x12.avif 18w\" sizes=\"(max-width: 600px) 100vw, 600px\" \/>\t\t\t\t\t\t\t\t\t\t\t\t\t\t\t<\/div>\n\t\t\t\t<\/div>\n\t\t\t\t<\/div>\n\t\t\t\t\t<\/div>\n\t\t\t\t<\/div>\n\t\t<div class=\"elementor-element elementor-element-5ae600d e-flex e-con-boxed elementor-invisible e-con e-parent\" data-id=\"5ae600d\" data-element_type=\"container\" data-e-type=\"container\" data-settings=\"{&quot;animation&quot;:&quot;fadeIn&quot;}\">\n\t\t\t\t\t<div class=\"e-con-inner\">\n\t\t<div class=\"elementor-element elementor-element-c70f316 e-con-full e-flex e-con e-child\" data-id=\"c70f316\" data-element_type=\"container\" data-e-type=\"container\">\n\t\t\t\t<div class=\"elementor-element elementor-element-ff9c8a0 elementor-widget elementor-widget-heading\" data-id=\"ff9c8a0\" data-element_type=\"widget\" data-e-type=\"widget\" data-widget_type=\"heading.default\">\n\t\t\t\t<div class=\"elementor-widget-container\">\n\t\t\t\t\t<h2 class=\"elementor-heading-title elementor-size-default\">MR \u2013 OMNISCAN<\/h2>\t\t\t\t<\/div>\n\t\t\t\t<\/div>\n\t\t\t\t<div class=\"elementor-element elementor-element-81f3a05 elementor-widget elementor-widget-text-editor\" data-id=\"81f3a05\" data-element_type=\"widget\" data-e-type=\"widget\" data-widget_type=\"text-editor.default\">\n\t\t\t\t<div class=\"elementor-widget-container\">\n\t\t\t\t\t\t\t\t\tOmniscan (gadodiamide) is a paramagnetic contrast medium, non-ionic, based on gadolinium-enhanced for diagnostic use in Magnetic Resonance imaging.\t\t\t\t\t\t\t\t<\/div>\n\t\t\t\t<\/div>\n\t\t<div class=\"elementor-element elementor-element-7819609 e-grid e-con-full e-con e-child\" data-id=\"7819609\" data-element_type=\"container\" data-e-type=\"container\">\n\t\t\t\t<div class=\"elementor-element elementor-element-9e08270 elementor-align-justify elementor-widget elementor-widget-button\" data-id=\"9e08270\" data-element_type=\"widget\" data-e-type=\"widget\" data-widget_type=\"button.default\">\n\t\t\t\t<div class=\"elementor-widget-container\">\n\t\t\t\t\t\t\t\t\t<div class=\"elementor-button-wrapper\">\n\t\t\t\t\t<a class=\"elementor-button elementor-button-link elementor-size-sm\" href=\"https:\/\/www.gehealthcare.com\/products\/contrast-media\/omniscan?srsltid=AfmBOoohg_YBvoySfB4zws55aXSp9Ij0Xy5qOQTU-5O62EBdTVZrnOYf\" target=\"_blank\">\n\t\t\t\t\t\t<span class=\"elementor-button-content-wrapper\">\n\t\t\t\t\t\t\t\t\t<span class=\"elementor-button-text\">Discover more<\/span>\n\t\t\t\t\t<\/span>\n\t\t\t\t\t<\/a>\n\t\t\t\t<\/div>\n\t\t\t\t\t\t\t\t<\/div>\n\t\t\t\t<\/div>\n\t\t\t\t<\/div>\n\t\t\t\t<\/div>\n\t\t<div class=\"elementor-element elementor-element-94c2455 e-con-full e-flex e-con e-child\" data-id=\"94c2455\" data-element_type=\"container\" data-e-type=\"container\">\n\t\t\t\t<div class=\"elementor-element elementor-element-7b7b357 elementor-widget__width-auto elementor-widget elementor-widget-image\" data-id=\"7b7b357\" data-element_type=\"widget\" data-e-type=\"widget\" data-widget_type=\"image.default\">\n\t\t\t\t<div class=\"elementor-widget-container\">\n\t\t\t\t\t\t\t\t\t\t\t\t\t\t\t<img decoding=\"async\" width=\"144\" height=\"32\" src=\"https:\/\/gevenmed.net\/wp-content\/uploads\/2025\/09\/logo-ge.png\" class=\"attachment-full size-full wp-image-3416\" alt=\"\" srcset=\"https:\/\/gevenmed.net\/wp-content\/uploads\/2025\/09\/logo-ge.png 144w, https:\/\/gevenmed.net\/wp-content\/uploads\/2025\/09\/logo-ge-18x4.png 18w\" sizes=\"(max-width: 144px) 100vw, 144px\" \/>\t\t\t\t\t\t\t\t\t\t\t\t\t\t\t<\/div>\n\t\t\t\t<\/div>\n\t\t\t\t<div class=\"elementor-element elementor-element-379bb82 elementor-widget elementor-widget-image\" data-id=\"379bb82\" data-element_type=\"widget\" data-e-type=\"widget\" data-widget_type=\"image.default\">\n\t\t\t\t<div class=\"elementor-widget-container\">\n\t\t\t\t\t\t\t\t\t\t\t\t\t\t\t<img loading=\"lazy\" decoding=\"async\" width=\"665\" height=\"342\" src=\"https:\/\/gevenmed.net\/wp-content\/uploads\/2025\/09\/MR-OMNISCAN.avif\" class=\"attachment-full size-full wp-image-3640\" alt=\"\" srcset=\"https:\/\/gevenmed.net\/wp-content\/uploads\/2025\/09\/MR-OMNISCAN.avif 665w, https:\/\/gevenmed.net\/wp-content\/uploads\/2025\/09\/MR-OMNISCAN-300x154.avif 300w, https:\/\/gevenmed.net\/wp-content\/uploads\/2025\/09\/MR-OMNISCAN-18x9.avif 18w, https:\/\/gevenmed.net\/wp-content\/uploads\/2025\/09\/MR-OMNISCAN-600x309.avif 600w\" sizes=\"(max-width: 665px) 100vw, 665px\" \/>\t\t\t\t\t\t\t\t\t\t\t\t\t\t\t<\/div>\n\t\t\t\t<\/div>\n\t\t\t\t<\/div>\n\t\t\t\t\t<\/div>\n\t\t\t\t<\/div>\n\t\t<div class=\"elementor-element elementor-element-1df61d8 e-flex e-con-boxed elementor-invisible e-con e-parent\" data-id=\"1df61d8\" data-element_type=\"container\" data-e-type=\"container\" data-settings=\"{&quot;animation&quot;:&quot;fadeIn&quot;}\">\n\t\t\t\t\t<div class=\"e-con-inner\">\n\t\t<div class=\"elementor-element elementor-element-aab24fd e-con-full e-flex e-con e-child\" data-id=\"aab24fd\" data-element_type=\"container\" data-e-type=\"container\">\n\t\t\t\t<div class=\"elementor-element elementor-element-d50cd63 elementor-widget elementor-widget-heading\" data-id=\"d50cd63\" data-element_type=\"widget\" data-e-type=\"widget\" data-widget_type=\"heading.default\">\n\t\t\t\t<div class=\"elementor-widget-container\">\n\t\t\t\t\t<h2 class=\"elementor-heading-title elementor-size-default\">MR \u2013 CLARISCAN<\/h2>\t\t\t\t<\/div>\n\t\t\t\t<\/div>\n\t\t\t\t<div class=\"elementor-element elementor-element-20272b5 elementor-widget elementor-widget-text-editor\" data-id=\"20272b5\" data-element_type=\"widget\" data-e-type=\"widget\" data-widget_type=\"text-editor.default\">\n\t\t\t\t<div class=\"elementor-widget-container\">\n\t\t\t\t\t\t\t\t\tClariscan (acid gadot\u00e9rico) is a paramagnetic contrast medium macrocyclic ionic, biologically inert, highly stable, with rapid biodistribution and elimination.\t\t\t\t\t\t\t\t<\/div>\n\t\t\t\t<\/div>\n\t\t<div class=\"elementor-element elementor-element-702cd90 e-grid e-con-full e-con e-child\" data-id=\"702cd90\" data-element_type=\"container\" data-e-type=\"container\">\n\t\t\t\t<div class=\"elementor-element elementor-element-c0fd03f elementor-align-justify elementor-widget elementor-widget-button\" data-id=\"c0fd03f\" data-element_type=\"widget\" data-e-type=\"widget\" data-widget_type=\"button.default\">\n\t\t\t\t<div class=\"elementor-widget-container\">\n\t\t\t\t\t\t\t\t\t<div class=\"elementor-button-wrapper\">\n\t\t\t\t\t<a class=\"elementor-button elementor-button-link elementor-size-sm\" href=\"https:\/\/www.gehealthcare.com\/products\/contrast-media\/clariscan?srsltid=AfmBOopHxMLEXSN9v5-22mkgVsSrJ6_PKafg8IEaG4GrQJebk6i75Z2D\" target=\"_blank\">\n\t\t\t\t\t\t<span class=\"elementor-button-content-wrapper\">\n\t\t\t\t\t\t\t\t\t<span class=\"elementor-button-text\">Discover more<\/span>\n\t\t\t\t\t<\/span>\n\t\t\t\t\t<\/a>\n\t\t\t\t<\/div>\n\t\t\t\t\t\t\t\t<\/div>\n\t\t\t\t<\/div>\n\t\t\t\t<\/div>\n\t\t\t\t<\/div>\n\t\t<div class=\"elementor-element elementor-element-b908fe8 e-con-full e-flex e-con e-child\" data-id=\"b908fe8\" data-element_type=\"container\" data-e-type=\"container\">\n\t\t\t\t<div class=\"elementor-element elementor-element-f388bf6 elementor-widget__width-auto elementor-widget elementor-widget-image\" data-id=\"f388bf6\" data-element_type=\"widget\" data-e-type=\"widget\" data-widget_type=\"image.default\">\n\t\t\t\t<div class=\"elementor-widget-container\">\n\t\t\t\t\t\t\t\t\t\t\t\t\t\t\t<img decoding=\"async\" width=\"144\" height=\"32\" src=\"https:\/\/gevenmed.net\/wp-content\/uploads\/2025\/09\/logo-ge.png\" class=\"attachment-full size-full wp-image-3416\" alt=\"\" srcset=\"https:\/\/gevenmed.net\/wp-content\/uploads\/2025\/09\/logo-ge.png 144w, https:\/\/gevenmed.net\/wp-content\/uploads\/2025\/09\/logo-ge-18x4.png 18w\" sizes=\"(max-width: 144px) 100vw, 144px\" \/>\t\t\t\t\t\t\t\t\t\t\t\t\t\t\t<\/div>\n\t\t\t\t<\/div>\n\t\t\t\t<div class=\"elementor-element elementor-element-f99c632 elementor-widget elementor-widget-image\" data-id=\"f99c632\" data-element_type=\"widget\" data-e-type=\"widget\" data-widget_type=\"image.default\">\n\t\t\t\t<div class=\"elementor-widget-container\">\n\t\t\t\t\t\t\t\t\t\t\t\t\t\t\t<img loading=\"lazy\" decoding=\"async\" width=\"608\" height=\"326\" src=\"https:\/\/gevenmed.net\/wp-content\/uploads\/2025\/09\/Clariscan.avif\" class=\"attachment-full size-full wp-image-3641\" alt=\"\" srcset=\"https:\/\/gevenmed.net\/wp-content\/uploads\/2025\/09\/Clariscan.avif 608w, https:\/\/gevenmed.net\/wp-content\/uploads\/2025\/09\/Clariscan-300x161.avif 300w, https:\/\/gevenmed.net\/wp-content\/uploads\/2025\/09\/Clariscan-18x10.avif 18w, https:\/\/gevenmed.net\/wp-content\/uploads\/2025\/09\/Clariscan-600x322.avif 600w\" sizes=\"(max-width: 608px) 100vw, 608px\" \/>\t\t\t\t\t\t\t\t\t\t\t\t\t\t\t<\/div>\n\t\t\t\t<\/div>\n\t\t\t\t<\/div>\n\t\t\t\t\t<\/div>\n\t\t\t\t<\/div>\n\t\t<div class=\"elementor-element elementor-element-e0a6d21 e-flex e-con-boxed e-con e-parent\" data-id=\"e0a6d21\" data-element_type=\"container\" data-e-type=\"container\">\n\t\t\t\t\t<div class=\"e-con-inner\">\n\t\t\t\t<div class=\"elementor-element elementor-element-8a27800 elementor-widget elementor-widget-spacer\" data-id=\"8a27800\" data-element_type=\"widget\" data-e-type=\"widget\" data-widget_type=\"spacer.default\">\n\t\t\t\t<div class=\"elementor-widget-container\">\n\t\t\t\t\t\t\t<div class=\"elementor-spacer\">\n\t\t\t<div class=\"elementor-spacer-inner\"><\/div>\n\t\t<\/div>\n\t\t\t\t\t\t<\/div>\n\t\t\t\t<\/div>\n\t\t\t\t\t<\/div>\n\t\t\t\t<\/div>\n\t\t\t\t<\/div>","protected":false},"excerpt":{"rendered":"<p>X-Ray OMNIPAQUE OMNIPAQUE 350mg x 100ml \/ 50ml (Iohexol) Medio de contraste no i\u00f3nico para uso diagn\u00f3stico intravenoso y el \u00fanico autorizado para uso oral. Modalidades de RX y Tomograf\u00eda. Descubrir m\u00e1s X-Ray VISIPAQUE Visipaque 320mg x 100ml \/ 50ml. (Iodixanol) Medio de contraste no i\u00f3nico \u00fanico &#8211; Isosmolar, con la misma osmolaridad de la [&hellip;]<\/p>\n","protected":false},"author":3,"featured_media":0,"parent":3337,"menu_order":10,"comment_status":"closed","ping_status":"closed","template":"","meta":{"footnotes":""},"class_list":["post-3605","page","type-page","status-publish","hentry"],"_links":{"self":[{"href":"https:\/\/gevenmed.net\/en\/wp-json\/wp\/v2\/pages\/3605","targetHints":{"allow":["GET"]}}],"collection":[{"href":"https:\/\/gevenmed.net\/en\/wp-json\/wp\/v2\/pages"}],"about":[{"href":"https:\/\/gevenmed.net\/en\/wp-json\/wp\/v2\/types\/page"}],"author":[{"embeddable":true,"href":"https:\/\/gevenmed.net\/en\/wp-json\/wp\/v2\/users\/3"}],"replies":[{"embeddable":true,"href":"https:\/\/gevenmed.net\/en\/wp-json\/wp\/v2\/comments?post=3605"}],"version-history":[{"count":7,"href":"https:\/\/gevenmed.net\/en\/wp-json\/wp\/v2\/pages\/3605\/revisions"}],"predecessor-version":[{"id":3648,"href":"https:\/\/gevenmed.net\/en\/wp-json\/wp\/v2\/pages\/3605\/revisions\/3648"}],"up":[{"embeddable":true,"href":"https:\/\/gevenmed.net\/en\/wp-json\/wp\/v2\/pages\/3337"}],"wp:attachment":[{"href":"https:\/\/gevenmed.net\/en\/wp-json\/wp\/v2\/media?parent=3605"}],"curies":[{"name":"wp","href":"https:\/\/api.w.org\/{rel}","templated":true}]}}