{"id":3598,"date":"2025-09-10T01:38:45","date_gmt":"2025-09-10T01:38:45","guid":{"rendered":"https:\/\/globalmedica.lemachi.de\/?page_id=3598"},"modified":"2026-03-27T13:07:13","modified_gmt":"2026-03-27T13:07:13","slug":"tomografia","status":"publish","type":"page","link":"https:\/\/gevenmed.net\/en\/especialidades\/tomografia\/","title":{"rendered":"Tomography"},"content":{"rendered":"<div data-elementor-type=\"wp-page\" data-elementor-id=\"3598\" class=\"elementor elementor-3598\" data-elementor-post-type=\"page\">\n\t\t\t\t<div class=\"elementor-element elementor-element-81a9178 e-flex e-con-boxed e-con e-parent\" data-id=\"81a9178\" data-element_type=\"container\" data-e-type=\"container\">\n\t\t\t\t\t<div class=\"e-con-inner\">\n\t\t\t\t<div class=\"elementor-element elementor-element-d4245ad elementor-widget elementor-widget-spacer\" data-id=\"d4245ad\" data-element_type=\"widget\" data-e-type=\"widget\" data-widget_type=\"spacer.default\">\n\t\t\t\t<div class=\"elementor-widget-container\">\n\t\t\t\t\t\t\t<div class=\"elementor-spacer\">\n\t\t\t<div class=\"elementor-spacer-inner\"><\/div>\n\t\t<\/div>\n\t\t\t\t\t\t<\/div>\n\t\t\t\t<\/div>\n\t\t\t\t\t<\/div>\n\t\t\t\t<\/div>\n\t\t<div class=\"elementor-element elementor-element-e809e33 e-flex e-con-boxed elementor-invisible e-con e-parent\" data-id=\"e809e33\" data-element_type=\"container\" data-e-type=\"container\" data-settings=\"{&quot;animation&quot;:&quot;fadeIn&quot;}\">\n\t\t\t\t\t<div class=\"e-con-inner\">\n\t\t<div class=\"elementor-element elementor-element-0890a67 e-con-full e-flex e-con e-child\" data-id=\"0890a67\" data-element_type=\"container\" data-e-type=\"container\">\n\t\t\t\t<div class=\"elementor-element elementor-element-7983f46 elementor-widget elementor-widget-heading\" data-id=\"7983f46\" data-element_type=\"widget\" data-e-type=\"widget\" data-widget_type=\"heading.default\">\n\t\t\t\t<div class=\"elementor-widget-container\">\n\t\t\t\t\t<h2 class=\"elementor-heading-title elementor-size-default\">REVOLUTION CT<\/h2>\t\t\t\t<\/div>\n\t\t\t\t<\/div>\n\t\t\t\t<div class=\"elementor-element elementor-element-3228893 elementor-widget elementor-widget-text-editor\" data-id=\"3228893\" data-element_type=\"widget\" data-e-type=\"widget\" data-widget_type=\"text-editor.default\">\n\t\t\t\t<div class=\"elementor-widget-container\">\n\t\t\t\t\t\t\t\t\tTo obtain an image quality and capabilities clinics excellent thanks to the convergence of coverage, temporal resolution, spatial resolution, and spectral imaging. What if we told you that with your TC can meet the needs of all his patients, even the most difficult? What if your CT could enjoy of clinical excellence in all its services? The time has come to Revolution CT Revolution CT offers a level of image quality and capabilities clinics excellent thanks to the convergence of coverage, temporal resolution, spatial resolution and spectral images: all-in-one system. This is the CT designed to provide capabilities clinics revolutionary and spreads in all clinical areas. Find out how the users all over the world benefit from the Revolution CT.\t\t\t\t\t\t\t\t<\/div>\n\t\t\t\t<\/div>\n\t\t<div class=\"elementor-element elementor-element-a4712e3 e-grid e-con-full e-con e-child\" data-id=\"a4712e3\" data-element_type=\"container\" data-e-type=\"container\">\n\t\t\t\t<div class=\"elementor-element elementor-element-dd1754a elementor-align-justify elementor-widget elementor-widget-button\" data-id=\"dd1754a\" data-element_type=\"widget\" data-e-type=\"widget\" data-widget_type=\"button.default\">\n\t\t\t\t<div class=\"elementor-widget-container\">\n\t\t\t\t\t\t\t\t\t<div class=\"elementor-button-wrapper\">\n\t\t\t\t\t<a class=\"elementor-button elementor-button-link elementor-size-sm\" href=\"https:\/\/latam.gehealthcare.com\/products\/computed-tomography\" target=\"_blank\">\n\t\t\t\t\t\t<span class=\"elementor-button-content-wrapper\">\n\t\t\t\t\t\t\t\t\t<span class=\"elementor-button-text\">Discover more<\/span>\n\t\t\t\t\t<\/span>\n\t\t\t\t\t<\/a>\n\t\t\t\t<\/div>\n\t\t\t\t\t\t\t\t<\/div>\n\t\t\t\t<\/div>\n\t\t\t\t<\/div>\n\t\t\t\t<\/div>\n\t\t<div class=\"elementor-element elementor-element-34034ac e-con-full e-flex e-con e-child\" data-id=\"34034ac\" data-element_type=\"container\" data-e-type=\"container\">\n\t\t\t\t<div class=\"elementor-element elementor-element-a955ce1 elementor-widget__width-auto elementor-widget elementor-widget-image\" data-id=\"a955ce1\" data-element_type=\"widget\" data-e-type=\"widget\" data-widget_type=\"image.default\">\n\t\t\t\t<div class=\"elementor-widget-container\">\n\t\t\t\t\t\t\t\t\t\t\t\t\t\t\t<img decoding=\"async\" width=\"144\" height=\"32\" src=\"https:\/\/gevenmed.net\/wp-content\/uploads\/2025\/09\/logo-ge.png\" class=\"attachment-full size-full wp-image-3416\" alt=\"\" srcset=\"https:\/\/gevenmed.net\/wp-content\/uploads\/2025\/09\/logo-ge.png 144w, https:\/\/gevenmed.net\/wp-content\/uploads\/2025\/09\/logo-ge-18x4.png 18w\" sizes=\"(max-width: 144px) 100vw, 144px\" \/>\t\t\t\t\t\t\t\t\t\t\t\t\t\t\t<\/div>\n\t\t\t\t<\/div>\n\t\t\t\t<div class=\"elementor-element elementor-element-d67b337 elementor-widget elementor-widget-image\" data-id=\"d67b337\" data-element_type=\"widget\" data-e-type=\"widget\" data-widget_type=\"image.default\">\n\t\t\t\t<div class=\"elementor-widget-container\">\n\t\t\t\t\t\t\t\t\t\t\t\t\t\t\t<img fetchpriority=\"high\" decoding=\"async\" width=\"783\" height=\"456\" src=\"https:\/\/gevenmed.net\/wp-content\/uploads\/2025\/09\/REVOLUTION-CT.avif\" class=\"attachment-full size-full wp-image-3612\" alt=\"\" srcset=\"https:\/\/gevenmed.net\/wp-content\/uploads\/2025\/09\/REVOLUTION-CT.avif 783w, https:\/\/gevenmed.net\/wp-content\/uploads\/2025\/09\/REVOLUTION-CT-300x175.avif 300w, https:\/\/gevenmed.net\/wp-content\/uploads\/2025\/09\/REVOLUTION-CT-768x447.avif 768w, https:\/\/gevenmed.net\/wp-content\/uploads\/2025\/09\/REVOLUTION-CT-18x10.avif 18w, https:\/\/gevenmed.net\/wp-content\/uploads\/2025\/09\/REVOLUTION-CT-600x349.avif 600w\" sizes=\"(max-width: 783px) 100vw, 783px\" \/>\t\t\t\t\t\t\t\t\t\t\t\t\t\t\t<\/div>\n\t\t\t\t<\/div>\n\t\t\t\t<\/div>\n\t\t\t\t\t<\/div>\n\t\t\t\t<\/div>\n\t\t<div class=\"elementor-element elementor-element-eb5c3f0 e-flex e-con-boxed elementor-invisible e-con e-parent\" data-id=\"eb5c3f0\" data-element_type=\"container\" data-e-type=\"container\" data-settings=\"{&quot;animation&quot;:&quot;fadeIn&quot;}\">\n\t\t\t\t\t<div class=\"e-con-inner\">\n\t\t<div class=\"elementor-element elementor-element-681275d e-con-full e-flex e-con e-child\" data-id=\"681275d\" data-element_type=\"container\" data-e-type=\"container\">\n\t\t\t\t<div class=\"elementor-element elementor-element-cac35ac elementor-widget elementor-widget-heading\" data-id=\"cac35ac\" data-element_type=\"widget\" data-e-type=\"widget\" data-widget_type=\"heading.default\">\n\t\t\t\t<div class=\"elementor-widget-container\">\n\t\t\t\t\t<h2 class=\"elementor-heading-title elementor-size-default\">REVOLUTION MAXIMA<\/h2>\t\t\t\t<\/div>\n\t\t\t\t<\/div>\n\t\t\t\t<div class=\"elementor-element elementor-element-54bfb51 elementor-widget elementor-widget-text-editor\" data-id=\"54bfb51\" data-element_type=\"widget\" data-e-type=\"widget\" data-widget_type=\"text-editor.default\">\n\t\t\t\t<div class=\"elementor-widget-container\">\n\t\t\t\t\t\t\t\t\tRevolution Maxima is a TC powerful, reliable and high-performance designed to maximize each step of the workflow of TC from the derivation to the report. Daily, we search for ways to adapt to a growing burden of referral of patients with the same amount of resources. Looking for an equilibrium constant to put emphasis on the overall efficiency of the entire workflow of CT. For you, the final image of TC is only part of the process. The way to obtain the images is fundamental, both for the quality of care for the patient as for the images themselves. This philosophy is at the essence of our new TC and therefore receives the name of Revolution Maxima. We have considered all aspects of the workflow of CT and we have worked to simplify, streamline, automate and apply advanced technologies such as AI, to the extent possible with the aim to completely transform the experience of TC.\t\t\t\t\t\t\t\t<\/div>\n\t\t\t\t<\/div>\n\t\t<div class=\"elementor-element elementor-element-de2b6ea e-grid e-con-full e-con e-child\" data-id=\"de2b6ea\" data-element_type=\"container\" data-e-type=\"container\">\n\t\t\t\t<div class=\"elementor-element elementor-element-04cf7ae elementor-align-justify elementor-widget elementor-widget-button\" data-id=\"04cf7ae\" data-element_type=\"widget\" data-e-type=\"widget\" data-widget_type=\"button.default\">\n\t\t\t\t<div class=\"elementor-widget-container\">\n\t\t\t\t\t\t\t\t\t<div class=\"elementor-button-wrapper\">\n\t\t\t\t\t<a class=\"elementor-button elementor-button-link elementor-size-sm\" href=\"https:\/\/www.gehealthcare.com\/products\/computed-tomography\/revolution-family\/revolution-maxima?srsltid=AfmBOopMTAgtNf-KGW01j3nr7rynmXQRLWzDbopbiuE0hMPLDjdMO20r\" target=\"_blank\">\n\t\t\t\t\t\t<span class=\"elementor-button-content-wrapper\">\n\t\t\t\t\t\t\t\t\t<span class=\"elementor-button-text\">Discover more<\/span>\n\t\t\t\t\t<\/span>\n\t\t\t\t\t<\/a>\n\t\t\t\t<\/div>\n\t\t\t\t\t\t\t\t<\/div>\n\t\t\t\t<\/div>\n\t\t\t\t<\/div>\n\t\t\t\t<\/div>\n\t\t<div class=\"elementor-element elementor-element-b9f5cd9 e-con-full e-flex e-con e-child\" data-id=\"b9f5cd9\" data-element_type=\"container\" data-e-type=\"container\">\n\t\t\t\t<div class=\"elementor-element elementor-element-3f6050e elementor-widget__width-auto elementor-widget elementor-widget-image\" data-id=\"3f6050e\" data-element_type=\"widget\" data-e-type=\"widget\" data-widget_type=\"image.default\">\n\t\t\t\t<div class=\"elementor-widget-container\">\n\t\t\t\t\t\t\t\t\t\t\t\t\t\t\t<img decoding=\"async\" width=\"144\" height=\"32\" src=\"https:\/\/gevenmed.net\/wp-content\/uploads\/2025\/09\/logo-ge.png\" class=\"attachment-full size-full wp-image-3416\" alt=\"\" srcset=\"https:\/\/gevenmed.net\/wp-content\/uploads\/2025\/09\/logo-ge.png 144w, https:\/\/gevenmed.net\/wp-content\/uploads\/2025\/09\/logo-ge-18x4.png 18w\" sizes=\"(max-width: 144px) 100vw, 144px\" \/>\t\t\t\t\t\t\t\t\t\t\t\t\t\t\t<\/div>\n\t\t\t\t<\/div>\n\t\t\t\t<div class=\"elementor-element elementor-element-3cf829e elementor-widget elementor-widget-image\" data-id=\"3cf829e\" data-element_type=\"widget\" data-e-type=\"widget\" data-widget_type=\"image.default\">\n\t\t\t\t<div class=\"elementor-widget-container\">\n\t\t\t\t\t\t\t\t\t\t\t\t\t\t\t<img decoding=\"async\" width=\"646\" height=\"538\" src=\"https:\/\/gevenmed.net\/wp-content\/uploads\/2025\/09\/REVOLUTION-MAXIMA.avif\" class=\"attachment-full size-full wp-image-3613\" alt=\"\" srcset=\"https:\/\/gevenmed.net\/wp-content\/uploads\/2025\/09\/REVOLUTION-MAXIMA.avif 646w, https:\/\/gevenmed.net\/wp-content\/uploads\/2025\/09\/REVOLUTION-MAXIMA-300x250.avif 300w, https:\/\/gevenmed.net\/wp-content\/uploads\/2025\/09\/REVOLUTION-MAXIMA-14x12.avif 14w, https:\/\/gevenmed.net\/wp-content\/uploads\/2025\/09\/REVOLUTION-MAXIMA-600x500.avif 600w\" sizes=\"(max-width: 646px) 100vw, 646px\" \/>\t\t\t\t\t\t\t\t\t\t\t\t\t\t\t<\/div>\n\t\t\t\t<\/div>\n\t\t\t\t<\/div>\n\t\t\t\t\t<\/div>\n\t\t\t\t<\/div>\n\t\t<div class=\"elementor-element elementor-element-38943c8 e-flex e-con-boxed elementor-invisible e-con e-parent\" data-id=\"38943c8\" data-element_type=\"container\" data-e-type=\"container\" data-settings=\"{&quot;animation&quot;:&quot;fadeIn&quot;}\">\n\t\t\t\t\t<div class=\"e-con-inner\">\n\t\t<div class=\"elementor-element elementor-element-1365776 e-con-full e-flex e-con e-child\" data-id=\"1365776\" data-element_type=\"container\" data-e-type=\"container\">\n\t\t\t\t<div class=\"elementor-element elementor-element-8fc4229 elementor-widget elementor-widget-heading\" data-id=\"8fc4229\" data-element_type=\"widget\" data-e-type=\"widget\" data-widget_type=\"heading.default\">\n\t\t\t\t<div class=\"elementor-widget-container\">\n\t\t\t\t\t<h2 class=\"elementor-heading-title elementor-size-default\">REVOLUTION ACT<\/h2>\t\t\t\t<\/div>\n\t\t\t\t<\/div>\n\t\t\t\t<div class=\"elementor-element elementor-element-e7df023 elementor-widget elementor-widget-text-editor\" data-id=\"e7df023\" data-element_type=\"widget\" data-e-type=\"widget\" data-widget_type=\"text-editor.default\">\n\t\t\t\t<div class=\"elementor-widget-container\">\n\t\t\t\t\t\t\t\t\tThe family of CT scanners Revolution ACT helps you to redefine what can be done with a CT.\n\nDesigned keeping in mind your needs, each product in the line-up Revolution provides four key benefits: confidence in the diagnosis, patient care, financial performance and clinical excellence. With new growth opportunities and services computed tomography of quality that may result in a completely different experience to you is capable of doing.\t\t\t\t\t\t\t\t<\/div>\n\t\t\t\t<\/div>\n\t\t<div class=\"elementor-element elementor-element-28954d0 e-grid e-con-full e-con e-child\" data-id=\"28954d0\" data-element_type=\"container\" data-e-type=\"container\">\n\t\t\t\t<div class=\"elementor-element elementor-element-56134a8 elementor-align-justify elementor-widget elementor-widget-button\" data-id=\"56134a8\" data-element_type=\"widget\" data-e-type=\"widget\" data-widget_type=\"button.default\">\n\t\t\t\t<div class=\"elementor-widget-container\">\n\t\t\t\t\t\t\t\t\t<div class=\"elementor-button-wrapper\">\n\t\t\t\t\t<a class=\"elementor-button elementor-button-link elementor-size-sm\" href=\"https:\/\/latam.gehealthcare.com\/products\/computed-tomography\/revolution-family\/revolution-act\" target=\"_blank\">\n\t\t\t\t\t\t<span class=\"elementor-button-content-wrapper\">\n\t\t\t\t\t\t\t\t\t<span class=\"elementor-button-text\">Discover more<\/span>\n\t\t\t\t\t<\/span>\n\t\t\t\t\t<\/a>\n\t\t\t\t<\/div>\n\t\t\t\t\t\t\t\t<\/div>\n\t\t\t\t<\/div>\n\t\t\t\t<\/div>\n\t\t\t\t<\/div>\n\t\t<div class=\"elementor-element elementor-element-adf193b e-con-full e-flex e-con e-child\" data-id=\"adf193b\" data-element_type=\"container\" data-e-type=\"container\">\n\t\t\t\t<div class=\"elementor-element elementor-element-8c9672e elementor-widget__width-auto elementor-widget elementor-widget-image\" data-id=\"8c9672e\" data-element_type=\"widget\" data-e-type=\"widget\" data-widget_type=\"image.default\">\n\t\t\t\t<div class=\"elementor-widget-container\">\n\t\t\t\t\t\t\t\t\t\t\t\t\t\t\t<img decoding=\"async\" width=\"144\" height=\"32\" src=\"https:\/\/gevenmed.net\/wp-content\/uploads\/2025\/09\/logo-ge.png\" class=\"attachment-full size-full wp-image-3416\" alt=\"\" srcset=\"https:\/\/gevenmed.net\/wp-content\/uploads\/2025\/09\/logo-ge.png 144w, https:\/\/gevenmed.net\/wp-content\/uploads\/2025\/09\/logo-ge-18x4.png 18w\" sizes=\"(max-width: 144px) 100vw, 144px\" \/>\t\t\t\t\t\t\t\t\t\t\t\t\t\t\t<\/div>\n\t\t\t\t<\/div>\n\t\t\t\t<div class=\"elementor-element elementor-element-a6b22e3 elementor-widget elementor-widget-image\" data-id=\"a6b22e3\" data-element_type=\"widget\" data-e-type=\"widget\" data-widget_type=\"image.default\">\n\t\t\t\t<div class=\"elementor-widget-container\">\n\t\t\t\t\t\t\t\t\t\t\t\t\t\t\t<img loading=\"lazy\" decoding=\"async\" width=\"632\" height=\"385\" src=\"https:\/\/gevenmed.net\/wp-content\/uploads\/2025\/09\/REVOLUTION-ACT.avif\" class=\"attachment-full size-full wp-image-3614\" alt=\"\" srcset=\"https:\/\/gevenmed.net\/wp-content\/uploads\/2025\/09\/REVOLUTION-ACT.avif 632w, https:\/\/gevenmed.net\/wp-content\/uploads\/2025\/09\/REVOLUTION-ACT-300x183.avif 300w, https:\/\/gevenmed.net\/wp-content\/uploads\/2025\/09\/REVOLUTION-ACT-18x12.avif 18w, https:\/\/gevenmed.net\/wp-content\/uploads\/2025\/09\/REVOLUTION-ACT-600x366.avif 600w\" sizes=\"(max-width: 632px) 100vw, 632px\" \/>\t\t\t\t\t\t\t\t\t\t\t\t\t\t\t<\/div>\n\t\t\t\t<\/div>\n\t\t\t\t<\/div>\n\t\t\t\t\t<\/div>\n\t\t\t\t<\/div>\n\t\t<div class=\"elementor-element elementor-element-fefb90a e-flex e-con-boxed e-con e-parent\" data-id=\"fefb90a\" data-element_type=\"container\" data-e-type=\"container\">\n\t\t\t\t\t<div class=\"e-con-inner\">\n\t\t\t\t<div class=\"elementor-element elementor-element-2af35b1 elementor-widget elementor-widget-spacer\" data-id=\"2af35b1\" data-element_type=\"widget\" data-e-type=\"widget\" data-widget_type=\"spacer.default\">\n\t\t\t\t<div class=\"elementor-widget-container\">\n\t\t\t\t\t\t\t<div class=\"elementor-spacer\">\n\t\t\t<div class=\"elementor-spacer-inner\"><\/div>\n\t\t<\/div>\n\t\t\t\t\t\t<\/div>\n\t\t\t\t<\/div>\n\t\t\t\t\t<\/div>\n\t\t\t\t<\/div>\n\t\t\t\t<\/div>","protected":false},"excerpt":{"rendered":"<p>REVOLUTION CT Obtenga una calidad de imagen y capacidades cl\u00ednicas excelentes gracias a la convergencia de cobertura, resoluci\u00f3n temporal, resoluci\u00f3n espacial y las im\u00e1genes espectrales. \u00bfY si le dij\u00e9ramos que con su CT puede satisfacer las necesidades de todos sus pacientes, incluso de los m\u00e1s dif\u00edciles? \u00bfY si con su CT pudiera disfrutar de excelencia [&hellip;]<\/p>\n","protected":false},"author":3,"featured_media":0,"parent":3337,"menu_order":10,"comment_status":"closed","ping_status":"closed","template":"","meta":{"footnotes":""},"class_list":["post-3598","page","type-page","status-publish","hentry"],"_links":{"self":[{"href":"https:\/\/gevenmed.net\/en\/wp-json\/wp\/v2\/pages\/3598","targetHints":{"allow":["GET"]}}],"collection":[{"href":"https:\/\/gevenmed.net\/en\/wp-json\/wp\/v2\/pages"}],"about":[{"href":"https:\/\/gevenmed.net\/en\/wp-json\/wp\/v2\/types\/page"}],"author":[{"embeddable":true,"href":"https:\/\/gevenmed.net\/en\/wp-json\/wp\/v2\/users\/3"}],"replies":[{"embeddable":true,"href":"https:\/\/gevenmed.net\/en\/wp-json\/wp\/v2\/comments?post=3598"}],"version-history":[{"count":7,"href":"https:\/\/gevenmed.net\/en\/wp-json\/wp\/v2\/pages\/3598\/revisions"}],"predecessor-version":[{"id":4034,"href":"https:\/\/gevenmed.net\/en\/wp-json\/wp\/v2\/pages\/3598\/revisions\/4034"}],"up":[{"embeddable":true,"href":"https:\/\/gevenmed.net\/en\/wp-json\/wp\/v2\/pages\/3337"}],"wp:attachment":[{"href":"https:\/\/gevenmed.net\/en\/wp-json\/wp\/v2\/media?parent=3598"}],"curies":[{"name":"wp","href":"https:\/\/api.w.org\/{rel}","templated":true}]}}