{"id":3472,"date":"2025-09-09T23:03:21","date_gmt":"2025-09-09T23:03:21","guid":{"rendered":"https:\/\/globalmedica.lemachi.de\/?page_id=3472"},"modified":"2026-03-27T12:55:30","modified_gmt":"2026-03-27T12:55:30","slug":"imagen-general","status":"publish","type":"page","link":"https:\/\/gevenmed.net\/en\/especialidades\/imagen-general\/","title":{"rendered":"General Image"},"content":{"rendered":"<div data-elementor-type=\"wp-page\" data-elementor-id=\"3472\" class=\"elementor elementor-3472\" data-elementor-post-type=\"page\">\n\t\t\t\t<div class=\"elementor-element elementor-element-38e9efd e-flex e-con-boxed e-con e-parent\" data-id=\"38e9efd\" data-element_type=\"container\" data-e-type=\"container\">\n\t\t\t\t\t<div class=\"e-con-inner\">\n\t\t\t\t<div class=\"elementor-element elementor-element-024c5e8 elementor-widget elementor-widget-spacer\" data-id=\"024c5e8\" data-element_type=\"widget\" data-e-type=\"widget\" data-widget_type=\"spacer.default\">\n\t\t\t\t<div class=\"elementor-widget-container\">\n\t\t\t\t\t\t\t<div class=\"elementor-spacer\">\n\t\t\t<div class=\"elementor-spacer-inner\"><\/div>\n\t\t<\/div>\n\t\t\t\t\t\t<\/div>\n\t\t\t\t<\/div>\n\t\t\t\t\t<\/div>\n\t\t\t\t<\/div>\n\t\t<div class=\"elementor-element elementor-element-9b6bdb9 e-flex e-con-boxed elementor-invisible e-con e-parent\" data-id=\"9b6bdb9\" data-element_type=\"container\" data-e-type=\"container\" data-settings=\"{&quot;animation&quot;:&quot;fadeIn&quot;}\">\n\t\t\t\t\t<div class=\"e-con-inner\">\n\t\t<div class=\"elementor-element elementor-element-81bb447 e-con-full e-flex e-con e-child\" data-id=\"81bb447\" data-element_type=\"container\" data-e-type=\"container\">\n\t\t\t\t<div class=\"elementor-element elementor-element-125ebf5 elementor-widget elementor-widget-heading\" data-id=\"125ebf5\" data-element_type=\"widget\" data-e-type=\"widget\" data-widget_type=\"heading.default\">\n\t\t\t\t<div class=\"elementor-widget-container\">\n\t\t\t\t\t<h2 class=\"elementor-heading-title elementor-size-default\">LOGIQ\u2122 P9<\/h2>\t\t\t\t<\/div>\n\t\t\t\t<\/div>\n\t\t\t\t<div class=\"elementor-element elementor-element-5097ba6 elementor-widget elementor-widget-text-editor\" data-id=\"5097ba6\" data-element_type=\"widget\" data-e-type=\"widget\" data-widget_type=\"text-editor.default\">\n\t\t\t\t<div class=\"elementor-widget-container\">\n\t\t\t\t\t\t\t\t\t<p>The ultrasound system LOGIQ\u2122 P9 GE HealthCare, is a transducer designed to explorations rapid diagnostic and hours of work complete. Whether to provide immediate care in the emergency department, or to perform a comprehensive exploration, LOGIQ P9 is your option of confidence, a user-friendly system that provides uniform quality in the images, comprehensive coverage of applications and ease of use, while allowing clinicians to make decisions with confidence.<\/p>\t\t\t\t\t\t\t\t<\/div>\n\t\t\t\t<\/div>\n\t\t<div class=\"elementor-element elementor-element-2c236b6 e-grid e-con-full e-con e-child\" data-id=\"2c236b6\" data-element_type=\"container\" data-e-type=\"container\">\n\t\t\t\t<div class=\"elementor-element elementor-element-8f91e25 elementor-align-justify elementor-widget elementor-widget-button\" data-id=\"8f91e25\" data-element_type=\"widget\" data-e-type=\"widget\" data-widget_type=\"button.default\">\n\t\t\t\t<div class=\"elementor-widget-container\">\n\t\t\t\t\t\t\t\t\t<div class=\"elementor-button-wrapper\">\n\t\t\t\t\t<a class=\"elementor-button elementor-button-link elementor-size-sm\" href=\"https:\/\/www.gehealthcare.es\/products\/ultrasound\/logiq\/logiq-p9\" target=\"_blank\">\n\t\t\t\t\t\t<span class=\"elementor-button-content-wrapper\">\n\t\t\t\t\t\t\t\t\t<span class=\"elementor-button-text\">Discover more<\/span>\n\t\t\t\t\t<\/span>\n\t\t\t\t\t<\/a>\n\t\t\t\t<\/div>\n\t\t\t\t\t\t\t\t<\/div>\n\t\t\t\t<\/div>\n\t\t\t\t<\/div>\n\t\t\t\t<\/div>\n\t\t<div class=\"elementor-element elementor-element-cd92138 e-con-full e-flex e-con e-child\" data-id=\"cd92138\" data-element_type=\"container\" data-e-type=\"container\">\n\t\t\t\t<div class=\"elementor-element elementor-element-ae4fb99 elementor-widget__width-auto elementor-widget elementor-widget-image\" data-id=\"ae4fb99\" data-element_type=\"widget\" data-e-type=\"widget\" data-widget_type=\"image.default\">\n\t\t\t\t<div class=\"elementor-widget-container\">\n\t\t\t\t\t\t\t\t\t\t\t\t\t\t\t<img decoding=\"async\" width=\"144\" height=\"32\" src=\"https:\/\/gevenmed.net\/wp-content\/uploads\/2025\/09\/logo-ge.png\" class=\"attachment-full size-full wp-image-3416\" alt=\"\" srcset=\"https:\/\/gevenmed.net\/wp-content\/uploads\/2025\/09\/logo-ge.png 144w, https:\/\/gevenmed.net\/wp-content\/uploads\/2025\/09\/logo-ge-18x4.png 18w\" sizes=\"(max-width: 144px) 100vw, 144px\" \/>\t\t\t\t\t\t\t\t\t\t\t\t\t\t\t<\/div>\n\t\t\t\t<\/div>\n\t\t\t\t<div class=\"elementor-element elementor-element-348a43e elementor-widget elementor-widget-image\" data-id=\"348a43e\" data-element_type=\"widget\" data-e-type=\"widget\" data-widget_type=\"image.default\">\n\t\t\t\t<div class=\"elementor-widget-container\">\n\t\t\t\t\t\t\t\t\t\t\t\t\t\t\t<img fetchpriority=\"high\" decoding=\"async\" width=\"306\" height=\"588\" src=\"https:\/\/gevenmed.net\/wp-content\/uploads\/2025\/09\/ge_logiq_p9_2.avif\" class=\"attachment-full size-full wp-image-3491\" alt=\"\" srcset=\"https:\/\/gevenmed.net\/wp-content\/uploads\/2025\/09\/ge_logiq_p9_2.avif 306w, https:\/\/gevenmed.net\/wp-content\/uploads\/2025\/09\/ge_logiq_p9_2-156x300.avif 156w, https:\/\/gevenmed.net\/wp-content\/uploads\/2025\/09\/ge_logiq_p9_2-6x12.avif 6w\" sizes=\"(max-width: 306px) 100vw, 306px\" \/>\t\t\t\t\t\t\t\t\t\t\t\t\t\t\t<\/div>\n\t\t\t\t<\/div>\n\t\t\t\t<\/div>\n\t\t\t\t\t<\/div>\n\t\t\t\t<\/div>\n\t\t<div class=\"elementor-element elementor-element-dd08f05 e-flex e-con-boxed elementor-invisible e-con e-parent\" data-id=\"dd08f05\" data-element_type=\"container\" data-e-type=\"container\" data-settings=\"{&quot;animation&quot;:&quot;fadeIn&quot;}\">\n\t\t\t\t\t<div class=\"e-con-inner\">\n\t\t<div class=\"elementor-element elementor-element-b5bbe21 e-con-full e-flex e-con e-child\" data-id=\"b5bbe21\" data-element_type=\"container\" data-e-type=\"container\">\n\t\t\t\t<div class=\"elementor-element elementor-element-91687c3 elementor-widget elementor-widget-heading\" data-id=\"91687c3\" data-element_type=\"widget\" data-e-type=\"widget\" data-widget_type=\"heading.default\">\n\t\t\t\t<div class=\"elementor-widget-container\">\n\t\t\t\t\t<h2 class=\"elementor-heading-title elementor-size-default\">LOGIQ S8<\/h2>\t\t\t\t<\/div>\n\t\t\t\t<\/div>\n\t\t\t\t<div class=\"elementor-element elementor-element-efc1743 elementor-widget elementor-widget-text-editor\" data-id=\"efc1743\" data-element_type=\"widget\" data-e-type=\"widget\" data-widget_type=\"text-editor.default\">\n\t\t\t\t<div class=\"elementor-widget-container\">\n\t\t\t\t\t\t\t\t\tThe balance between price and performance in an examination lightweight and portable. See and quantify liver disease in a single examination. Ultrasound plays a critical role in helping health professionals to manage a wide range of patients of all clinical applications. This system is multi-purpose venue offers an acquisition of images excellent in a wide range of applications, such as abdominal, cardiac, ob\/gyn, vascular, and musculoskeletal. In addition, its portability, and the long-lasting battery facilitate moving it from one place to another to acquire images of patients.\t\t\t\t\t\t\t\t<\/div>\n\t\t\t\t<\/div>\n\t\t<div class=\"elementor-element elementor-element-7e535f0 e-grid e-con-full e-con e-child\" data-id=\"7e535f0\" data-element_type=\"container\" data-e-type=\"container\">\n\t\t\t\t<div class=\"elementor-element elementor-element-7170827 elementor-align-justify elementor-widget elementor-widget-button\" data-id=\"7170827\" data-element_type=\"widget\" data-e-type=\"widget\" data-widget_type=\"button.default\">\n\t\t\t\t<div class=\"elementor-widget-container\">\n\t\t\t\t\t\t\t\t\t<div class=\"elementor-button-wrapper\">\n\t\t\t\t\t<a class=\"elementor-button elementor-button-link elementor-size-sm\" href=\"https:\/\/www.gehealthcare.es\/products\/ultrasound\/voluson\/voluson-signature-series\" target=\"_blank\">\n\t\t\t\t\t\t<span class=\"elementor-button-content-wrapper\">\n\t\t\t\t\t\t\t\t\t<span class=\"elementor-button-text\">Discover more<\/span>\n\t\t\t\t\t<\/span>\n\t\t\t\t\t<\/a>\n\t\t\t\t<\/div>\n\t\t\t\t\t\t\t\t<\/div>\n\t\t\t\t<\/div>\n\t\t\t\t<\/div>\n\t\t\t\t<\/div>\n\t\t<div class=\"elementor-element elementor-element-76c661d e-con-full e-flex e-con e-child\" data-id=\"76c661d\" data-element_type=\"container\" data-e-type=\"container\">\n\t\t\t\t<div class=\"elementor-element elementor-element-c4fcb26 elementor-widget__width-auto elementor-widget elementor-widget-image\" data-id=\"c4fcb26\" data-element_type=\"widget\" data-e-type=\"widget\" data-widget_type=\"image.default\">\n\t\t\t\t<div class=\"elementor-widget-container\">\n\t\t\t\t\t\t\t\t\t\t\t\t\t\t\t<img decoding=\"async\" width=\"144\" height=\"32\" src=\"https:\/\/gevenmed.net\/wp-content\/uploads\/2025\/09\/logo-ge.png\" class=\"attachment-full size-full wp-image-3416\" alt=\"\" srcset=\"https:\/\/gevenmed.net\/wp-content\/uploads\/2025\/09\/logo-ge.png 144w, https:\/\/gevenmed.net\/wp-content\/uploads\/2025\/09\/logo-ge-18x4.png 18w\" sizes=\"(max-width: 144px) 100vw, 144px\" \/>\t\t\t\t\t\t\t\t\t\t\t\t\t\t\t<\/div>\n\t\t\t\t<\/div>\n\t\t\t\t<div class=\"elementor-element elementor-element-de3712e elementor-widget elementor-widget-image\" data-id=\"de3712e\" data-element_type=\"widget\" data-e-type=\"widget\" data-widget_type=\"image.default\">\n\t\t\t\t<div class=\"elementor-widget-container\">\n\t\t\t\t\t\t\t\t\t\t\t\t\t\t\t<img decoding=\"async\" width=\"291\" height=\"561\" src=\"https:\/\/gevenmed.net\/wp-content\/uploads\/2025\/09\/ge-logiq-s8-with-xdclear1.avif\" class=\"attachment-full size-full wp-image-3492\" alt=\"\" srcset=\"https:\/\/gevenmed.net\/wp-content\/uploads\/2025\/09\/ge-logiq-s8-with-xdclear1.avif 291w, https:\/\/gevenmed.net\/wp-content\/uploads\/2025\/09\/ge-logiq-s8-with-xdclear1-156x300.avif 156w, https:\/\/gevenmed.net\/wp-content\/uploads\/2025\/09\/ge-logiq-s8-with-xdclear1-6x12.avif 6w\" sizes=\"(max-width: 291px) 100vw, 291px\" \/>\t\t\t\t\t\t\t\t\t\t\t\t\t\t\t<\/div>\n\t\t\t\t<\/div>\n\t\t\t\t<\/div>\n\t\t\t\t\t<\/div>\n\t\t\t\t<\/div>\n\t\t<div class=\"elementor-element elementor-element-7dd95cd e-flex e-con-boxed elementor-invisible e-con e-parent\" data-id=\"7dd95cd\" data-element_type=\"container\" data-e-type=\"container\" data-settings=\"{&quot;animation&quot;:&quot;fadeIn&quot;}\">\n\t\t\t\t\t<div class=\"e-con-inner\">\n\t\t<div class=\"elementor-element elementor-element-18692a1 e-con-full e-flex e-con e-child\" data-id=\"18692a1\" data-element_type=\"container\" data-e-type=\"container\">\n\t\t\t\t<div class=\"elementor-element elementor-element-fec55e3 elementor-widget elementor-widget-heading\" data-id=\"fec55e3\" data-element_type=\"widget\" data-e-type=\"widget\" data-widget_type=\"heading.default\">\n\t\t\t\t<div class=\"elementor-widget-container\">\n\t\t\t\t\t<h2 class=\"elementor-heading-title elementor-size-default\">LOGIQ E10<\/h2>\t\t\t\t<\/div>\n\t\t\t\t<\/div>\n\t\t\t\t<div class=\"elementor-element elementor-element-e07fc1a elementor-widget elementor-widget-text-editor\" data-id=\"e07fc1a\" data-element_type=\"widget\" data-e-type=\"widget\" data-widget_type=\"text-editor.default\">\n\t\t\t\t<div class=\"elementor-widget-container\">\n\t\t\t\t\t\t\t\t\tEvery day you have the opportunity to improve the quality of life of their patients. We want to give you the power to do so with the LOGIQ E10, supporting your expertise and helping you bring your query to the next level. This platform of next generation offers a new standard of image acquisition, advanced tools, and improved ergonomics in the flow of work so that doctors can explore, diagnose, and treat a wide spectrum of patients in a variety of conditions. The LOGIQ E10 enables you to perform diagnostics of trust using tools integrated with a workflow concise.\t\t\t\t\t\t\t\t<\/div>\n\t\t\t\t<\/div>\n\t\t<div class=\"elementor-element elementor-element-04a8fe7 e-grid e-con-full e-con e-child\" data-id=\"04a8fe7\" data-element_type=\"container\" data-e-type=\"container\">\n\t\t\t\t<div class=\"elementor-element elementor-element-48bd8cd elementor-align-justify elementor-widget elementor-widget-button\" data-id=\"48bd8cd\" data-element_type=\"widget\" data-e-type=\"widget\" data-widget_type=\"button.default\">\n\t\t\t\t<div class=\"elementor-widget-container\">\n\t\t\t\t\t\t\t\t\t<div class=\"elementor-button-wrapper\">\n\t\t\t\t\t<a class=\"elementor-button elementor-button-link elementor-size-sm\" href=\"https:\/\/www.gehealthcare.es\/products\/ultrasound\/logiq\/logiq-e10\" target=\"_blank\">\n\t\t\t\t\t\t<span class=\"elementor-button-content-wrapper\">\n\t\t\t\t\t\t\t\t\t<span class=\"elementor-button-text\">Discover more<\/span>\n\t\t\t\t\t<\/span>\n\t\t\t\t\t<\/a>\n\t\t\t\t<\/div>\n\t\t\t\t\t\t\t\t<\/div>\n\t\t\t\t<\/div>\n\t\t\t\t<\/div>\n\t\t\t\t<\/div>\n\t\t<div class=\"elementor-element elementor-element-864af2c e-con-full e-flex e-con e-child\" data-id=\"864af2c\" data-element_type=\"container\" data-e-type=\"container\">\n\t\t\t\t<div class=\"elementor-element elementor-element-acd9766 elementor-widget__width-auto elementor-widget elementor-widget-image\" data-id=\"acd9766\" data-element_type=\"widget\" data-e-type=\"widget\" data-widget_type=\"image.default\">\n\t\t\t\t<div class=\"elementor-widget-container\">\n\t\t\t\t\t\t\t\t\t\t\t\t\t\t\t<img decoding=\"async\" width=\"144\" height=\"32\" src=\"https:\/\/gevenmed.net\/wp-content\/uploads\/2025\/09\/logo-ge.png\" class=\"attachment-full size-full wp-image-3416\" alt=\"\" srcset=\"https:\/\/gevenmed.net\/wp-content\/uploads\/2025\/09\/logo-ge.png 144w, https:\/\/gevenmed.net\/wp-content\/uploads\/2025\/09\/logo-ge-18x4.png 18w\" sizes=\"(max-width: 144px) 100vw, 144px\" \/>\t\t\t\t\t\t\t\t\t\t\t\t\t\t\t<\/div>\n\t\t\t\t<\/div>\n\t\t\t\t<div class=\"elementor-element elementor-element-bdf0b9e elementor-widget elementor-widget-image\" data-id=\"bdf0b9e\" data-element_type=\"widget\" data-e-type=\"widget\" data-widget_type=\"image.default\">\n\t\t\t\t<div class=\"elementor-widget-container\">\n\t\t\t\t\t\t\t\t\t\t\t\t\t\t\t<img loading=\"lazy\" decoding=\"async\" width=\"297\" height=\"637\" src=\"https:\/\/gevenmed.net\/wp-content\/uploads\/2025\/09\/Logiq-e10-Cutout.avif\" class=\"attachment-full size-full wp-image-3493\" alt=\"\" srcset=\"https:\/\/gevenmed.net\/wp-content\/uploads\/2025\/09\/Logiq-e10-Cutout.avif 297w, https:\/\/gevenmed.net\/wp-content\/uploads\/2025\/09\/Logiq-e10-Cutout-140x300.avif 140w, https:\/\/gevenmed.net\/wp-content\/uploads\/2025\/09\/Logiq-e10-Cutout-6x12.avif 6w\" sizes=\"(max-width: 297px) 100vw, 297px\" \/>\t\t\t\t\t\t\t\t\t\t\t\t\t\t\t<\/div>\n\t\t\t\t<\/div>\n\t\t\t\t<\/div>\n\t\t\t\t\t<\/div>\n\t\t\t\t<\/div>\n\t\t<div class=\"elementor-element elementor-element-6fbe538 e-flex e-con-boxed e-con e-parent\" data-id=\"6fbe538\" data-element_type=\"container\" data-e-type=\"container\">\n\t\t\t\t\t<div class=\"e-con-inner\">\n\t\t\t\t<div class=\"elementor-element elementor-element-5912aff elementor-widget elementor-widget-spacer\" data-id=\"5912aff\" data-element_type=\"widget\" data-e-type=\"widget\" data-widget_type=\"spacer.default\">\n\t\t\t\t<div class=\"elementor-widget-container\">\n\t\t\t\t\t\t\t<div class=\"elementor-spacer\">\n\t\t\t<div class=\"elementor-spacer-inner\"><\/div>\n\t\t<\/div>\n\t\t\t\t\t\t<\/div>\n\t\t\t\t<\/div>\n\t\t\t\t\t<\/div>\n\t\t\t\t<\/div>\n\t\t\t\t<\/div>","protected":false},"excerpt":{"rendered":"<p>LOGIQ P9 El sistema de ultrasonidos LOGIQ\u2122 P9 de GE HealthCare, es un ec\u00f3grafo dise\u00f1ado para exploraciones diagn\u00f3sticas r\u00e1pidas y horarios de trabajo completos. Ya sea para ofrecer atenci\u00f3n inmediata en urgencias o para realizar una exploraci\u00f3n integral, LOGIQ P9 es su opci\u00f3n de confianza, un sistema asequible que proporciona calidad uniforme en las im\u00e1genes, [&hellip;]<\/p>\n","protected":false},"author":3,"featured_media":0,"parent":3337,"menu_order":10,"comment_status":"closed","ping_status":"closed","template":"","meta":{"footnotes":""},"class_list":["post-3472","page","type-page","status-publish","hentry"],"_links":{"self":[{"href":"https:\/\/gevenmed.net\/en\/wp-json\/wp\/v2\/pages\/3472","targetHints":{"allow":["GET"]}}],"collection":[{"href":"https:\/\/gevenmed.net\/en\/wp-json\/wp\/v2\/pages"}],"about":[{"href":"https:\/\/gevenmed.net\/en\/wp-json\/wp\/v2\/types\/page"}],"author":[{"embeddable":true,"href":"https:\/\/gevenmed.net\/en\/wp-json\/wp\/v2\/users\/3"}],"replies":[{"embeddable":true,"href":"https:\/\/gevenmed.net\/en\/wp-json\/wp\/v2\/comments?post=3472"}],"version-history":[{"count":13,"href":"https:\/\/gevenmed.net\/en\/wp-json\/wp\/v2\/pages\/3472\/revisions"}],"predecessor-version":[{"id":4031,"href":"https:\/\/gevenmed.net\/en\/wp-json\/wp\/v2\/pages\/3472\/revisions\/4031"}],"up":[{"embeddable":true,"href":"https:\/\/gevenmed.net\/en\/wp-json\/wp\/v2\/pages\/3337"}],"wp:attachment":[{"href":"https:\/\/gevenmed.net\/en\/wp-json\/wp\/v2\/media?parent=3472"}],"curies":[{"name":"wp","href":"https:\/\/api.w.org\/{rel}","templated":true}]}}