{"id":3405,"date":"2025-09-09T21:34:20","date_gmt":"2025-09-09T21:34:20","guid":{"rendered":"https:\/\/globalmedica.lemachi.de\/?page_id=3405"},"modified":"2025-09-10T01:32:54","modified_gmt":"2025-09-10T01:32:54","slug":"densitometria-osea","status":"publish","type":"page","link":"https:\/\/gevenmed.net\/en\/especialidades\/densitometria-osea\/","title":{"rendered":"Densitometry Bone"},"content":{"rendered":"<div data-elementor-type=\"wp-page\" data-elementor-id=\"3405\" class=\"elementor elementor-3405\" data-elementor-post-type=\"page\">\n\t\t\t\t<div class=\"elementor-element elementor-element-b2923b3 e-flex e-con-boxed e-con e-parent\" data-id=\"b2923b3\" data-element_type=\"container\" data-e-type=\"container\">\n\t\t\t\t\t<div class=\"e-con-inner\">\n\t\t\t\t<div class=\"elementor-element elementor-element-e1576c9 elementor-widget elementor-widget-spacer\" data-id=\"e1576c9\" data-element_type=\"widget\" data-e-type=\"widget\" data-widget_type=\"spacer.default\">\n\t\t\t\t<div class=\"elementor-widget-container\">\n\t\t\t\t\t\t\t<div class=\"elementor-spacer\">\n\t\t\t<div class=\"elementor-spacer-inner\"><\/div>\n\t\t<\/div>\n\t\t\t\t\t\t<\/div>\n\t\t\t\t<\/div>\n\t\t\t\t\t<\/div>\n\t\t\t\t<\/div>\n\t\t<div class=\"elementor-element elementor-element-3dd5549 e-flex e-con-boxed elementor-invisible e-con e-parent\" data-id=\"3dd5549\" data-element_type=\"container\" data-e-type=\"container\" data-settings=\"{&quot;animation&quot;:&quot;fadeIn&quot;}\">\n\t\t\t\t\t<div class=\"e-con-inner\">\n\t\t<div class=\"elementor-element elementor-element-869b889 e-con-full e-flex e-con e-child\" data-id=\"869b889\" data-element_type=\"container\" data-e-type=\"container\">\n\t\t\t\t<div class=\"elementor-element elementor-element-ec3d12c elementor-widget elementor-widget-heading\" data-id=\"ec3d12c\" data-element_type=\"widget\" data-e-type=\"widget\" data-widget_type=\"heading.default\">\n\t\t\t\t<div class=\"elementor-widget-container\">\n\t\t\t\t\t<h2 class=\"elementor-heading-title elementor-size-default\">BONE DENSITOMETRY<\/h2>\t\t\t\t<\/div>\n\t\t\t\t<\/div>\n\t\t\t\t<div class=\"elementor-element elementor-element-b1cc070 elementor-widget elementor-widget-text-editor\" data-id=\"b1cc070\" data-element_type=\"widget\" data-e-type=\"widget\" data-widget_type=\"text-editor.default\">\n\t\t\t\t<div class=\"elementor-widget-container\">\n\t\t\t\t\t\t\t\t\tWomen have a greater risk of developing osteoporosis and bone fractures. Osteoporosis affects 200 million women around the world. This disease causes more than 8.9 million fractures annually, resulting in an osteoporotic fracture every 3 seconds around the world. Osteoporotic fractures occur most often in the hip, spine, and wrist. There are also mortality rates are significant associated with hip fractures.\n\nHis practice is at the forefront of the fight against osteoporosis, fractures and debilitating loss of independence among women, because of menopause, hormonal changes or other factors trigger the loss of bone mineral density and increase the risk of fractures among women.\n\nOur solutions health bone health and metabolic him equipped with the tools to help better diagnose osteoporosis and risk of fractures among women. The screening of postmenopausal women through a scanner X-ray absorptiometry dual-energy (DXA) provides a measure of bone mineral density and the use of FRAX\u00ae, an application for assessment of risk of fracture, it can help to predict further the risk of bone fracture of a woman in the next 10 years, according to a number of risk factors such as age, body mass index, history of fractures, the daily intake of alcohol, and if a patient smokes or has rheumatoid arthritis.\n\nWith the application Trabecular Bone Score (TBS), you can also consider the quality of bone and the bone microarchitecture of the bone to achieve greater confidence in the clinical diagnosis. Explore our portfolio of bone health and metabolic DXA learning more about our products and clinical applications &#034;.\t\t\t\t\t\t\t\t<\/div>\n\t\t\t\t<\/div>\n\t\t<div class=\"elementor-element elementor-element-6aae8a0 e-grid e-con-full e-con e-child\" data-id=\"6aae8a0\" data-element_type=\"container\" data-e-type=\"container\">\n\t\t\t\t<div class=\"elementor-element elementor-element-2be61ed elementor-align-justify elementor-widget elementor-widget-button\" data-id=\"2be61ed\" data-element_type=\"widget\" data-e-type=\"widget\" data-widget_type=\"button.default\">\n\t\t\t\t<div class=\"elementor-widget-container\">\n\t\t\t\t\t\t\t\t\t<div class=\"elementor-button-wrapper\">\n\t\t\t\t\t<a class=\"elementor-button elementor-button-link elementor-size-sm\" href=\"https:\/\/www.gehealthcare.es\/products\/bone-and-metabolic-health\/prodigy\" target=\"_blank\">\n\t\t\t\t\t\t<span class=\"elementor-button-content-wrapper\">\n\t\t\t\t\t\t\t\t\t<span class=\"elementor-button-text\">Discover more<\/span>\n\t\t\t\t\t<\/span>\n\t\t\t\t\t<\/a>\n\t\t\t\t<\/div>\n\t\t\t\t\t\t\t\t<\/div>\n\t\t\t\t<\/div>\n\t\t\t\t<\/div>\n\t\t\t\t<\/div>\n\t\t<div class=\"elementor-element elementor-element-bfcd96f e-con-full e-flex e-con e-child\" data-id=\"bfcd96f\" data-element_type=\"container\" data-e-type=\"container\">\n\t\t\t\t<div class=\"elementor-element elementor-element-2d81fc5 elementor-widget__width-auto elementor-widget elementor-widget-image\" data-id=\"2d81fc5\" data-element_type=\"widget\" data-e-type=\"widget\" data-widget_type=\"image.default\">\n\t\t\t\t<div class=\"elementor-widget-container\">\n\t\t\t\t\t\t\t\t\t\t\t\t\t\t\t<img decoding=\"async\" width=\"144\" height=\"32\" src=\"https:\/\/gevenmed.net\/wp-content\/uploads\/2025\/09\/logo-ge.png\" class=\"attachment-full size-full wp-image-3416\" alt=\"\" srcset=\"https:\/\/gevenmed.net\/wp-content\/uploads\/2025\/09\/logo-ge.png 144w, https:\/\/gevenmed.net\/wp-content\/uploads\/2025\/09\/logo-ge-18x4.png 18w\" sizes=\"(max-width: 144px) 100vw, 144px\" \/>\t\t\t\t\t\t\t\t\t\t\t\t\t\t\t<\/div>\n\t\t\t\t<\/div>\n\t\t\t\t<div class=\"elementor-element elementor-element-e8d7810 elementor-widget elementor-widget-image\" data-id=\"e8d7810\" data-element_type=\"widget\" data-e-type=\"widget\" data-widget_type=\"image.default\">\n\t\t\t\t<div class=\"elementor-widget-container\">\n\t\t\t\t\t\t\t\t\t\t\t\t\t\t\t<img fetchpriority=\"high\" decoding=\"async\" width=\"828\" height=\"352\" src=\"https:\/\/gevenmed.net\/wp-content\/uploads\/2025\/09\/Prodigy-Supine-Patient-Dual-Femur-Ov.jpg\" class=\"attachment-full size-full wp-image-3437\" alt=\"\" srcset=\"https:\/\/gevenmed.net\/wp-content\/uploads\/2025\/09\/Prodigy-Supine-Patient-Dual-Femur-Ov.jpg 828w, https:\/\/gevenmed.net\/wp-content\/uploads\/2025\/09\/Prodigy-Supine-Patient-Dual-Femur-Ov-300x128.jpg 300w, https:\/\/gevenmed.net\/wp-content\/uploads\/2025\/09\/Prodigy-Supine-Patient-Dual-Femur-Ov-768x326.jpg 768w, https:\/\/gevenmed.net\/wp-content\/uploads\/2025\/09\/Prodigy-Supine-Patient-Dual-Femur-Ov-18x8.jpg 18w, https:\/\/gevenmed.net\/wp-content\/uploads\/2025\/09\/Prodigy-Supine-Patient-Dual-Femur-Ov-600x255.jpg 600w\" sizes=\"(max-width: 828px) 100vw, 828px\" \/>\t\t\t\t\t\t\t\t\t\t\t\t\t\t\t<\/div>\n\t\t\t\t<\/div>\n\t\t\t\t<\/div>\n\t\t\t\t\t<\/div>\n\t\t\t\t<\/div>\n\t\t<div class=\"elementor-element elementor-element-a7d3889 e-flex e-con-boxed e-con e-parent\" data-id=\"a7d3889\" data-element_type=\"container\" data-e-type=\"container\">\n\t\t\t\t\t<div class=\"e-con-inner\">\n\t\t\t\t<div class=\"elementor-element elementor-element-8d51d77 elementor-widget elementor-widget-spacer\" data-id=\"8d51d77\" data-element_type=\"widget\" data-e-type=\"widget\" data-widget_type=\"spacer.default\">\n\t\t\t\t<div class=\"elementor-widget-container\">\n\t\t\t\t\t\t\t<div class=\"elementor-spacer\">\n\t\t\t<div class=\"elementor-spacer-inner\"><\/div>\n\t\t<\/div>\n\t\t\t\t\t\t<\/div>\n\t\t\t\t<\/div>\n\t\t\t\t\t<\/div>\n\t\t\t\t<\/div>\n\t\t\t\t<\/div>","protected":false},"excerpt":{"rendered":"<p>DENSITOMETR\u00cdA OSEA Las mujeres tienen un mayor riesgo de desarrollar osteoporosis y fracturas de huesos. La osteoporosis afecta a 200 millones de mujeres en todo el mundo. Esta enfermedad causa m\u00e1s de 8,9 millones de fracturas anualmente que resultan en una fractura osteopor\u00f3tica cada 3 segundos en todo el mundo. Las fracturas osteopor\u00f3ticas ocurren con [&hellip;]<\/p>\n","protected":false},"author":3,"featured_media":0,"parent":3337,"menu_order":10,"comment_status":"closed","ping_status":"closed","template":"","meta":{"footnotes":""},"class_list":["post-3405","page","type-page","status-publish","hentry"],"_links":{"self":[{"href":"https:\/\/gevenmed.net\/en\/wp-json\/wp\/v2\/pages\/3405","targetHints":{"allow":["GET"]}}],"collection":[{"href":"https:\/\/gevenmed.net\/en\/wp-json\/wp\/v2\/pages"}],"about":[{"href":"https:\/\/gevenmed.net\/en\/wp-json\/wp\/v2\/types\/page"}],"author":[{"embeddable":true,"href":"https:\/\/gevenmed.net\/en\/wp-json\/wp\/v2\/users\/3"}],"replies":[{"embeddable":true,"href":"https:\/\/gevenmed.net\/en\/wp-json\/wp\/v2\/comments?post=3405"}],"version-history":[{"count":14,"href":"https:\/\/gevenmed.net\/en\/wp-json\/wp\/v2\/pages\/3405\/revisions"}],"predecessor-version":[{"id":4001,"href":"https:\/\/gevenmed.net\/en\/wp-json\/wp\/v2\/pages\/3405\/revisions\/4001"}],"up":[{"embeddable":true,"href":"https:\/\/gevenmed.net\/en\/wp-json\/wp\/v2\/pages\/3337"}],"wp:attachment":[{"href":"https:\/\/gevenmed.net\/en\/wp-json\/wp\/v2\/media?parent=3405"}],"curies":[{"name":"wp","href":"https:\/\/api.w.org\/{rel}","templated":true}]}}