{"id":3349,"date":"2025-09-09T15:13:42","date_gmt":"2025-09-09T15:13:42","guid":{"rendered":"https:\/\/globalmedica.lemachi.de\/?page_id=3349"},"modified":"2025-09-10T13:20:25","modified_gmt":"2025-09-10T13:20:25","slug":"ortopedia","status":"publish","type":"page","link":"https:\/\/gevenmed.net\/en\/especialidades\/ortopedia\/","title":{"rendered":"Orthopedics"},"content":{"rendered":"<div data-elementor-type=\"wp-page\" data-elementor-id=\"3349\" class=\"elementor elementor-3349\" data-elementor-post-type=\"page\">\n\t\t\t\t<div class=\"elementor-element elementor-element-f66bca5 e-flex e-con-boxed elementor-invisible e-con e-parent\" data-id=\"f66bca5\" data-element_type=\"container\" data-e-type=\"container\" data-settings=\"{&quot;animation&quot;:&quot;fadeIn&quot;}\">\n\t\t\t\t\t<div class=\"e-con-inner\">\n\t\t<div class=\"elementor-element elementor-element-cb28317 e-con-full e-flex e-con e-child\" data-id=\"cb28317\" data-element_type=\"container\" data-e-type=\"container\">\n\t\t\t\t<div class=\"elementor-element elementor-element-eeb772c elementor-widget elementor-widget-heading\" data-id=\"eeb772c\" data-element_type=\"widget\" data-e-type=\"widget\" data-widget_type=\"heading.default\">\n\t\t\t\t<div class=\"elementor-widget-container\">\n\t\t\t\t\t<h2 class=\"elementor-heading-title elementor-size-default\">Orthopedics<\/h2>\t\t\t\t<\/div>\n\t\t\t\t<\/div>\n\t\t\t\t<div class=\"elementor-element elementor-element-4b123c5 elementor-widget elementor-widget-text-editor\" data-id=\"4b123c5\" data-element_type=\"widget\" data-e-type=\"widget\" data-widget_type=\"text-editor.default\">\n\t\t\t\t<div class=\"elementor-widget-container\">\n\t\t\t\t\t\t\t\t\tTry the wide range of injuries and diseases of bones, joints, ligaments, tendons, muscles and nerves of the body is a challenge intrinsically complex.\n\nWe offer a broad portfolio of tools and technologies to help you at every stage of patient care, from initial assessment and diagnosis to treatment and follow-up, so that you can determine the best personalized treatment that is optimal for each of their patients.\t\t\t\t\t\t\t\t<\/div>\n\t\t\t\t<\/div>\n\t\t<div class=\"elementor-element elementor-element-3eccf79 e-grid e-con-full e-con e-child\" data-id=\"3eccf79\" data-element_type=\"container\" data-e-type=\"container\">\n\t\t\t\t<div class=\"elementor-element elementor-element-cd7a299 elementor-align-justify elementor-widget elementor-widget-button\" data-id=\"cd7a299\" data-element_type=\"widget\" data-e-type=\"widget\" data-widget_type=\"button.default\">\n\t\t\t\t<div class=\"elementor-widget-container\">\n\t\t\t\t\t\t\t\t\t<div class=\"elementor-button-wrapper\">\n\t\t\t\t\t<a class=\"elementor-button elementor-button-link elementor-size-sm\" href=\"\/en\/especialidades\/c-arms\/\">\n\t\t\t\t\t\t<span class=\"elementor-button-content-wrapper\">\n\t\t\t\t\t\t\t\t\t<span class=\"elementor-button-text\">C-ARMS<\/span>\n\t\t\t\t\t<\/span>\n\t\t\t\t\t<\/a>\n\t\t\t\t<\/div>\n\t\t\t\t\t\t\t\t<\/div>\n\t\t\t\t<\/div>\n\t\t\t\t<div class=\"elementor-element elementor-element-1c6dde7 elementor-align-justify elementor-widget elementor-widget-button\" data-id=\"1c6dde7\" data-element_type=\"widget\" data-e-type=\"widget\" data-widget_type=\"button.default\">\n\t\t\t\t<div class=\"elementor-widget-container\">\n\t\t\t\t\t\t\t\t\t<div class=\"elementor-button-wrapper\">\n\t\t\t\t\t<a class=\"elementor-button elementor-button-link elementor-size-sm\" href=\"\/en\/especialidades\/resonancia-magnetica\/\">\n\t\t\t\t\t\t<span class=\"elementor-button-content-wrapper\">\n\t\t\t\t\t\t\t\t\t<span class=\"elementor-button-text\">MRI<\/span>\n\t\t\t\t\t<\/span>\n\t\t\t\t\t<\/a>\n\t\t\t\t<\/div>\n\t\t\t\t\t\t\t\t<\/div>\n\t\t\t\t<\/div>\n\t\t\t\t<div class=\"elementor-element elementor-element-3aa7eb4 elementor-align-justify elementor-widget elementor-widget-button\" data-id=\"3aa7eb4\" data-element_type=\"widget\" data-e-type=\"widget\" data-widget_type=\"button.default\">\n\t\t\t\t<div class=\"elementor-widget-container\">\n\t\t\t\t\t\t\t\t\t<div class=\"elementor-button-wrapper\">\n\t\t\t\t\t<a class=\"elementor-button elementor-button-link elementor-size-sm\" href=\"\/en\/especialidades\/ultrasonido\/\">\n\t\t\t\t\t\t<span class=\"elementor-button-content-wrapper\">\n\t\t\t\t\t\t\t\t\t<span class=\"elementor-button-text\">ULTRASOUND<\/span>\n\t\t\t\t\t<\/span>\n\t\t\t\t\t<\/a>\n\t\t\t\t<\/div>\n\t\t\t\t\t\t\t\t<\/div>\n\t\t\t\t<\/div>\n\t\t\t\t<\/div>\n\t\t\t\t<\/div>\n\t\t<div class=\"elementor-element elementor-element-994cb33 e-con-full e-flex e-con e-child\" data-id=\"994cb33\" data-element_type=\"container\" data-e-type=\"container\">\n\t\t\t\t<div class=\"elementor-element elementor-element-23ccf04 elementor-widget elementor-widget-image\" data-id=\"23ccf04\" data-element_type=\"widget\" data-e-type=\"widget\" data-widget_type=\"image.default\">\n\t\t\t\t<div class=\"elementor-widget-container\">\n\t\t\t\t\t\t\t\t\t\t\t\t\t\t\t<img fetchpriority=\"high\" decoding=\"async\" width=\"450\" height=\"480\" src=\"https:\/\/gevenmed.net\/wp-content\/uploads\/2025\/09\/orthopedic.avif\" class=\"attachment-full size-full wp-image-3699\" alt=\"\" srcset=\"https:\/\/gevenmed.net\/wp-content\/uploads\/2025\/09\/orthopedic.avif 450w, https:\/\/gevenmed.net\/wp-content\/uploads\/2025\/09\/orthopedic-281x300.avif 281w, https:\/\/gevenmed.net\/wp-content\/uploads\/2025\/09\/orthopedic-11x12.avif 11w\" sizes=\"(max-width: 450px) 100vw, 450px\" \/>\t\t\t\t\t\t\t\t\t\t\t\t\t\t\t<\/div>\n\t\t\t\t<\/div>\n\t\t\t\t<\/div>\n\t\t\t\t\t<\/div>\n\t\t\t\t<\/div>\n\t\t<div class=\"elementor-element elementor-element-19ad95c e-flex e-con-boxed elementor-invisible e-con e-parent\" data-id=\"19ad95c\" data-element_type=\"container\" data-e-type=\"container\" data-settings=\"{&quot;animation&quot;:&quot;fadeIn&quot;}\">\n\t\t\t\t\t<div class=\"e-con-inner\">\n\t\t\t\t<div class=\"elementor-element elementor-element-df93d03 elementor-widget elementor-widget-button\" data-id=\"df93d03\" data-element_type=\"widget\" data-e-type=\"widget\" data-widget_type=\"button.default\">\n\t\t\t\t<div class=\"elementor-widget-container\">\n\t\t\t\t\t\t\t\t\t<div class=\"elementor-button-wrapper\">\n\t\t\t\t\t<a class=\"elementor-button elementor-button-link elementor-size-sm\" href=\"\/en\/especialidades\/\">\n\t\t\t\t\t\t<span class=\"elementor-button-content-wrapper\">\n\t\t\t\t\t\t<span class=\"elementor-button-icon\">\n\t\t\t\t<svg aria-hidden=\"true\" class=\"e-font-icon-svg e-fas-arrow-left\" viewbox=\"0 0 448 512\" xmlns=\"http:\/\/www.w3.org\/2000\/svg\"><path d=\"M257.5 445.1l-22.2 22.2c-9.4 9.4-24.6 9.4-33.9 0L7 273c-9.4-9.4-9.4-24.6 0-33.9L201.4 44.7c9.4-9.4 24.6-9.4 33.9 0l22.2 22.2c9.5 9.5 9.3 25-.4 34.3L136.6 216H424c13.3 0 24 10.7 24 24v32c0 13.3-10.7 24-24 24H136.6l120.5 114.8c9.8 9.3 10 24.8.4 34.3z\"><\/path><\/svg>\t\t\t<\/span>\n\t\t\t\t\t\t\t\t\t<span class=\"elementor-button-text\">Back<\/span>\n\t\t\t\t\t<\/span>\n\t\t\t\t\t<\/a>\n\t\t\t\t<\/div>\n\t\t\t\t\t\t\t\t<\/div>\n\t\t\t\t<\/div>\n\t\t\t\t\t<\/div>\n\t\t\t\t<\/div>\n\t\t\t\t<\/div>","protected":false},"excerpt":{"rendered":"<p>Tratar la amplia gama de lesiones y enfermedades de los huesos, articulaciones, ligamentos, tendones, m\u00fasculos y nervios del cuerpo es un desaf\u00edo intr\u00ednsecamente complejo. Ofrecemos una amplia cartera de herramientas y tecnolog\u00edas para ayudarlo en cada etapa de la atenci\u00f3n al paciente, desde la evaluaci\u00f3n inicial y el diagn\u00f3stico hasta el tratamiento y el seguimiento, [&hellip;]<\/p>\n","protected":false},"author":3,"featured_media":0,"parent":3337,"menu_order":4,"comment_status":"closed","ping_status":"closed","template":"","meta":{"footnotes":""},"class_list":["post-3349","page","type-page","status-publish","hentry"],"_links":{"self":[{"href":"https:\/\/gevenmed.net\/en\/wp-json\/wp\/v2\/pages\/3349","targetHints":{"allow":["GET"]}}],"collection":[{"href":"https:\/\/gevenmed.net\/en\/wp-json\/wp\/v2\/pages"}],"about":[{"href":"https:\/\/gevenmed.net\/en\/wp-json\/wp\/v2\/types\/page"}],"author":[{"embeddable":true,"href":"https:\/\/gevenmed.net\/en\/wp-json\/wp\/v2\/users\/3"}],"replies":[{"embeddable":true,"href":"https:\/\/gevenmed.net\/en\/wp-json\/wp\/v2\/comments?post=3349"}],"version-history":[{"count":22,"href":"https:\/\/gevenmed.net\/en\/wp-json\/wp\/v2\/pages\/3349\/revisions"}],"predecessor-version":[{"id":3747,"href":"https:\/\/gevenmed.net\/en\/wp-json\/wp\/v2\/pages\/3349\/revisions\/3747"}],"up":[{"embeddable":true,"href":"https:\/\/gevenmed.net\/en\/wp-json\/wp\/v2\/pages\/3337"}],"wp:attachment":[{"href":"https:\/\/gevenmed.net\/en\/wp-json\/wp\/v2\/media?parent=3349"}],"curies":[{"name":"wp","href":"https:\/\/api.w.org\/{rel}","templated":true}]}}