{"id":3347,"date":"2025-09-09T15:13:11","date_gmt":"2025-09-09T15:13:11","guid":{"rendered":"https:\/\/globalmedica.lemachi.de\/?page_id=3347"},"modified":"2025-09-10T13:21:27","modified_gmt":"2025-09-10T13:21:27","slug":"cardiologia","status":"publish","type":"page","link":"https:\/\/gevenmed.net\/en\/especialidades\/cardiologia\/","title":{"rendered":"Cardiology"},"content":{"rendered":"<div data-elementor-type=\"wp-page\" data-elementor-id=\"3347\" class=\"elementor elementor-3347\" data-elementor-post-type=\"page\">\n\t\t\t\t<div class=\"elementor-element elementor-element-2ba14dd e-flex e-con-boxed elementor-invisible e-con e-parent\" data-id=\"2ba14dd\" data-element_type=\"container\" data-e-type=\"container\" data-settings=\"{&quot;animation&quot;:&quot;fadeIn&quot;}\">\n\t\t\t\t\t<div class=\"e-con-inner\">\n\t\t<div class=\"elementor-element elementor-element-f7ad5e0 e-con-full e-flex e-con e-child\" data-id=\"f7ad5e0\" data-element_type=\"container\" data-e-type=\"container\">\n\t\t\t\t<div class=\"elementor-element elementor-element-b2b94d6 elementor-widget elementor-widget-heading\" data-id=\"b2b94d6\" data-element_type=\"widget\" data-e-type=\"widget\" data-widget_type=\"heading.default\">\n\t\t\t\t<div class=\"elementor-widget-container\">\n\t\t\t\t\t<h2 class=\"elementor-heading-title elementor-size-default\">Cardiology<\/h2>\t\t\t\t<\/div>\n\t\t\t\t<\/div>\n\t\t\t\t<div class=\"elementor-element elementor-element-8f791f2 elementor-widget elementor-widget-text-editor\" data-id=\"8f791f2\" data-element_type=\"widget\" data-e-type=\"widget\" data-widget_type=\"text-editor.default\">\n\t\t\t\t<div class=\"elementor-widget-container\">\n\t\t\t\t\t\t\t\t\t<p>The solutions of cardiology GE HealthCare seamlessly integrated medical technologies powered by artificial intelligence to help teams of cardiac care in decision making on diagnosis and accurate to operate with maximum efficiency while providing patient care of high quality. Our vision of Precision Health into the care of cardiology includes the use of diagnostic accuracy, therapies, precision and monitoring of accuracy to help improve the results of each patient and each condition.<\/p><p>Our solutions work together and support them in the care of multiple conditions, cardiological, such as: atrial fibrillation, coronary artery disease (CAD), heart structural, heart failure, and congenital.<\/p>\t\t\t\t\t\t\t\t<\/div>\n\t\t\t\t<\/div>\n\t\t<div class=\"elementor-element elementor-element-aa11fdb e-grid e-con-full e-con e-child\" data-id=\"aa11fdb\" data-element_type=\"container\" data-e-type=\"container\">\n\t\t\t\t<div class=\"elementor-element elementor-element-89fe654 elementor-align-justify elementor-widget elementor-widget-button\" data-id=\"89fe654\" data-element_type=\"widget\" data-e-type=\"widget\" data-widget_type=\"button.default\">\n\t\t\t\t<div class=\"elementor-widget-container\">\n\t\t\t\t\t\t\t\t\t<div class=\"elementor-button-wrapper\">\n\t\t\t\t\t<a class=\"elementor-button elementor-button-link elementor-size-sm\" href=\"\/en\/especialidades\/tomografia\/\">\n\t\t\t\t\t\t<span class=\"elementor-button-content-wrapper\">\n\t\t\t\t\t\t\t\t\t<span class=\"elementor-button-text\">CT-Heart<\/span>\n\t\t\t\t\t<\/span>\n\t\t\t\t\t<\/a>\n\t\t\t\t<\/div>\n\t\t\t\t\t\t\t\t<\/div>\n\t\t\t\t<\/div>\n\t\t\t\t<div class=\"elementor-element elementor-element-15ec394 elementor-align-justify elementor-widget elementor-widget-button\" data-id=\"15ec394\" data-element_type=\"widget\" data-e-type=\"widget\" data-widget_type=\"button.default\">\n\t\t\t\t<div class=\"elementor-widget-container\">\n\t\t\t\t\t\t\t\t\t<div class=\"elementor-button-wrapper\">\n\t\t\t\t\t<a class=\"elementor-button elementor-button-link elementor-size-sm\" href=\"\/en\/especialidades\/imagen-molecular\/\">\n\t\t\t\t\t\t<span class=\"elementor-button-content-wrapper\">\n\t\t\t\t\t\t\t\t\t<span class=\"elementor-button-text\">MOLECULAR IMAGING<\/span>\n\t\t\t\t\t<\/span>\n\t\t\t\t\t<\/a>\n\t\t\t\t<\/div>\n\t\t\t\t\t\t\t\t<\/div>\n\t\t\t\t<\/div>\n\t\t\t\t<div class=\"elementor-element elementor-element-abcb7fc elementor-align-justify elementor-widget elementor-widget-button\" data-id=\"abcb7fc\" data-element_type=\"widget\" data-e-type=\"widget\" data-widget_type=\"button.default\">\n\t\t\t\t<div class=\"elementor-widget-container\">\n\t\t\t\t\t\t\t\t\t<div class=\"elementor-button-wrapper\">\n\t\t\t\t\t<a class=\"elementor-button elementor-button-link elementor-size-sm\" href=\"\/en\/especialidades\/ecocardiografia\/\">\n\t\t\t\t\t\t<span class=\"elementor-button-content-wrapper\">\n\t\t\t\t\t\t\t\t\t<span class=\"elementor-button-text\">Echocardiography<\/span>\n\t\t\t\t\t<\/span>\n\t\t\t\t\t<\/a>\n\t\t\t\t<\/div>\n\t\t\t\t\t\t\t\t<\/div>\n\t\t\t\t<\/div>\n\t\t\t\t<div class=\"elementor-element elementor-element-7853c33 elementor-align-justify elementor-widget elementor-widget-button\" data-id=\"7853c33\" data-element_type=\"widget\" data-e-type=\"widget\" data-widget_type=\"button.default\">\n\t\t\t\t<div class=\"elementor-widget-container\">\n\t\t\t\t\t\t\t\t\t<div class=\"elementor-button-wrapper\">\n\t\t\t\t\t<a class=\"elementor-button elementor-button-link elementor-size-sm\" href=\"\/en\/especialidades\/angiografia\/\">\n\t\t\t\t\t\t<span class=\"elementor-button-content-wrapper\">\n\t\t\t\t\t\t\t\t\t<span class=\"elementor-button-text\">Angiography<\/span>\n\t\t\t\t\t<\/span>\n\t\t\t\t\t<\/a>\n\t\t\t\t<\/div>\n\t\t\t\t\t\t\t\t<\/div>\n\t\t\t\t<\/div>\n\t\t\t\t<div class=\"elementor-element elementor-element-ecec0cf elementor-align-justify elementor-widget elementor-widget-button\" data-id=\"ecec0cf\" data-element_type=\"widget\" data-e-type=\"widget\" data-widget_type=\"button.default\">\n\t\t\t\t<div class=\"elementor-widget-container\">\n\t\t\t\t\t\t\t\t\t<div class=\"elementor-button-wrapper\">\n\t\t\t\t\t<a class=\"elementor-button elementor-button-link elementor-size-sm\" href=\"\/en\/especialidades\/medios-de-contraste\/\">\n\t\t\t\t\t\t<span class=\"elementor-button-content-wrapper\">\n\t\t\t\t\t\t\t\t\t<span class=\"elementor-button-text\">CONTRAST MEDIA<\/span>\n\t\t\t\t\t<\/span>\n\t\t\t\t\t<\/a>\n\t\t\t\t<\/div>\n\t\t\t\t\t\t\t\t<\/div>\n\t\t\t\t<\/div>\n\t\t\t\t<div class=\"elementor-element elementor-element-80db4b8 elementor-align-justify elementor-widget elementor-widget-button\" data-id=\"80db4b8\" data-element_type=\"widget\" data-e-type=\"widget\" data-widget_type=\"button.default\">\n\t\t\t\t<div class=\"elementor-widget-container\">\n\t\t\t\t\t\t\t\t\t<div class=\"elementor-button-wrapper\">\n\t\t\t\t\t<a class=\"elementor-button elementor-button-link elementor-size-sm\" href=\"\/en\/especialidades\/cardiologia-diagnostica\/\">\n\t\t\t\t\t\t<span class=\"elementor-button-content-wrapper\">\n\t\t\t\t\t\t\t\t\t<span class=\"elementor-button-text\">Cardiology Diagnostic<\/span>\n\t\t\t\t\t<\/span>\n\t\t\t\t\t<\/a>\n\t\t\t\t<\/div>\n\t\t\t\t\t\t\t\t<\/div>\n\t\t\t\t<\/div>\n\t\t\t\t<\/div>\n\t\t\t\t<\/div>\n\t\t<div class=\"elementor-element elementor-element-eaf7649 e-con-full e-flex e-con e-child\" data-id=\"eaf7649\" data-element_type=\"container\" data-e-type=\"container\">\n\t\t\t\t<div class=\"elementor-element elementor-element-1024d34 elementor-widget elementor-widget-image\" data-id=\"1024d34\" data-element_type=\"widget\" data-e-type=\"widget\" data-widget_type=\"image.default\">\n\t\t\t\t<div class=\"elementor-widget-container\">\n\t\t\t\t\t\t\t\t\t\t\t\t\t\t\t<img fetchpriority=\"high\" decoding=\"async\" width=\"473\" height=\"669\" src=\"https:\/\/gevenmed.net\/wp-content\/uploads\/2025\/09\/cardio.avif\" class=\"attachment-full size-full wp-image-3597\" alt=\"\" srcset=\"https:\/\/gevenmed.net\/wp-content\/uploads\/2025\/09\/cardio.avif 473w, https:\/\/gevenmed.net\/wp-content\/uploads\/2025\/09\/cardio-212x300.avif 212w, https:\/\/gevenmed.net\/wp-content\/uploads\/2025\/09\/cardio-8x12.avif 8w\" sizes=\"(max-width: 473px) 100vw, 473px\" \/>\t\t\t\t\t\t\t\t\t\t\t\t\t\t\t<\/div>\n\t\t\t\t<\/div>\n\t\t\t\t<\/div>\n\t\t\t\t\t<\/div>\n\t\t\t\t<\/div>\n\t\t<div class=\"elementor-element elementor-element-9037b52 e-flex e-con-boxed elementor-invisible e-con e-parent\" data-id=\"9037b52\" data-element_type=\"container\" data-e-type=\"container\" data-settings=\"{&quot;animation&quot;:&quot;fadeIn&quot;}\">\n\t\t\t\t\t<div class=\"e-con-inner\">\n\t\t\t\t<div class=\"elementor-element elementor-element-8c62ef8 elementor-widget elementor-widget-button\" data-id=\"8c62ef8\" data-element_type=\"widget\" data-e-type=\"widget\" data-widget_type=\"button.default\">\n\t\t\t\t<div class=\"elementor-widget-container\">\n\t\t\t\t\t\t\t\t\t<div class=\"elementor-button-wrapper\">\n\t\t\t\t\t<a class=\"elementor-button elementor-button-link elementor-size-sm\" href=\"\/en\/especialidades\/\">\n\t\t\t\t\t\t<span class=\"elementor-button-content-wrapper\">\n\t\t\t\t\t\t<span class=\"elementor-button-icon\">\n\t\t\t\t<svg aria-hidden=\"true\" class=\"e-font-icon-svg e-fas-arrow-left\" viewbox=\"0 0 448 512\" xmlns=\"http:\/\/www.w3.org\/2000\/svg\"><path d=\"M257.5 445.1l-22.2 22.2c-9.4 9.4-24.6 9.4-33.9 0L7 273c-9.4-9.4-9.4-24.6 0-33.9L201.4 44.7c9.4-9.4 24.6-9.4 33.9 0l22.2 22.2c9.5 9.5 9.3 25-.4 34.3L136.6 216H424c13.3 0 24 10.7 24 24v32c0 13.3-10.7 24-24 24H136.6l120.5 114.8c9.8 9.3 10 24.8.4 34.3z\"><\/path><\/svg>\t\t\t<\/span>\n\t\t\t\t\t\t\t\t\t<span class=\"elementor-button-text\">Back<\/span>\n\t\t\t\t\t<\/span>\n\t\t\t\t\t<\/a>\n\t\t\t\t<\/div>\n\t\t\t\t\t\t\t\t<\/div>\n\t\t\t\t<\/div>\n\t\t\t\t\t<\/div>\n\t\t\t\t<\/div>\n\t\t\t\t<\/div>","protected":false},"excerpt":{"rendered":"<p>Las soluciones de cardiolog\u00eda de GE HealthCare integran a la perfecci\u00f3n tecnolog\u00edas m\u00e9dicas impulsadas por inteligencia artificial para ayudar a los equipos de atenci\u00f3n card\u00edaca a tomar decisiones de diagn\u00f3stico acertadas y operar con la m\u00e1xima eficiencia mientras brindan atenci\u00f3n al paciente de alta calidad. Nuestra visi\u00f3n de Precision Health en el cuidado de cardiolog\u00eda [&hellip;]<\/p>\n","protected":false},"author":3,"featured_media":0,"parent":3337,"menu_order":3,"comment_status":"closed","ping_status":"closed","template":"","meta":{"footnotes":""},"class_list":["post-3347","page","type-page","status-publish","hentry"],"_links":{"self":[{"href":"https:\/\/gevenmed.net\/en\/wp-json\/wp\/v2\/pages\/3347","targetHints":{"allow":["GET"]}}],"collection":[{"href":"https:\/\/gevenmed.net\/en\/wp-json\/wp\/v2\/pages"}],"about":[{"href":"https:\/\/gevenmed.net\/en\/wp-json\/wp\/v2\/types\/page"}],"author":[{"embeddable":true,"href":"https:\/\/gevenmed.net\/en\/wp-json\/wp\/v2\/users\/3"}],"replies":[{"embeddable":true,"href":"https:\/\/gevenmed.net\/en\/wp-json\/wp\/v2\/comments?post=3347"}],"version-history":[{"count":19,"href":"https:\/\/gevenmed.net\/en\/wp-json\/wp\/v2\/pages\/3347\/revisions"}],"predecessor-version":[{"id":3750,"href":"https:\/\/gevenmed.net\/en\/wp-json\/wp\/v2\/pages\/3347\/revisions\/3750"}],"up":[{"embeddable":true,"href":"https:\/\/gevenmed.net\/en\/wp-json\/wp\/v2\/pages\/3337"}],"wp:attachment":[{"href":"https:\/\/gevenmed.net\/en\/wp-json\/wp\/v2\/media?parent=3347"}],"curies":[{"name":"wp","href":"https:\/\/api.w.org\/{rel}","templated":true}]}}